{"id":992,"date":"2024-12-15T10:54:17","date_gmt":"2024-12-15T07:54:17","guid":{"rendered":"https:\/\/nngenergy.com\/?page_id=992"},"modified":"2025-08-04T17:05:21","modified_gmt":"2025-08-04T14:05:21","slug":"dnm-detayli-proje-analizi","status":"publish","type":"page","link":"https:\/\/nngenergy.com\/tr\/secili-projeler\/dnm-detayli-proje-analizi\/","title":{"rendered":"DNM Detayl\u0131 Proje Analizi"},"content":{"rendered":"<div data-elementor-type=\"wp-page\" data-elementor-id=\"992\" class=\"elementor elementor-992\" data-elementor-post-type=\"page\">\n\t\t\t\t<div class=\"elementor-element elementor-element-76731675 e-flex e-con-boxed e-con e-parent\" data-id=\"76731675\" data-element_type=\"container\" data-e-type=\"container\" data-settings=\"{&quot;background_background&quot;:&quot;classic&quot;}\">\n\t\t\t\t\t<div class=\"e-con-inner\">\n\t\t\t\t<div class=\"elementor-element elementor-element-5aba38ce elementor-widget elementor-widget-heading\" data-id=\"5aba38ce\" data-element_type=\"widget\" data-e-type=\"widget\" data-widget_type=\"heading.default\">\n\t\t\t\t<div class=\"elementor-widget-container\">\n\t\t\t\t\t<h1 class=\"elementor-heading-title elementor-size-default\">SE\u00c7\u0130L\u0130 PROJELER<\/h1>\t\t\t\t<\/div>\n\t\t\t\t<\/div>\n\t\t\t\t<div class=\"elementor-element elementor-element-25a01420 elementor-widget elementor-widget-heading\" data-id=\"25a01420\" data-element_type=\"widget\" data-e-type=\"widget\" data-widget_type=\"heading.default\">\n\t\t\t\t<div class=\"elementor-widget-container\">\n\t\t\t\t\t<h2 class=\"elementor-heading-title elementor-size-default\"><\/h2>\t\t\t\t<\/div>\n\t\t\t\t<\/div>\n\t\t\t\t\t<\/div>\n\t\t\t\t<\/div>\n\t\t<div class=\"elementor-element elementor-element-2d14a7ff e-flex e-con-boxed e-con e-parent\" data-id=\"2d14a7ff\" data-element_type=\"container\" data-e-type=\"container\">\n\t\t\t\t\t<div class=\"e-con-inner\">\n\t\t\t\t<div class=\"elementor-element elementor-element-138f94fe elementor-widget elementor-widget-hfe-breadcrumbs-widget\" data-id=\"138f94fe\" data-element_type=\"widget\" data-e-type=\"widget\" data-widget_type=\"hfe-breadcrumbs-widget.default\">\n\t\t\t\t<div class=\"elementor-widget-container\">\n\t\t\t\t\t<nav aria-label=\"Breadcrumb\"><ul class=\"hfe-breadcrumbs hfe-breadcrumbs-show-home\"><li class=\"hfe-breadcrumbs-item hfe-breadcrumbs-first\"><span class=\"hfe-breadcrumbs-home-icon\"><\/span><a href=\"https:\/\/nngenergy.com\/tr\"><span class=\"hfe-breadcrumbs-text\">Ana Sayfa<\/span><\/a><\/li><\/ul><\/nav>\t\t\t\t<\/div>\n\t\t\t\t<\/div>\n\t\t\t\t\t<\/div>\n\t\t\t\t<\/div>\n\t\t<div class=\"elementor-element elementor-element-94ab4c2 e-flex e-con-boxed e-con e-parent\" data-id=\"94ab4c2\" data-element_type=\"container\" data-e-type=\"container\">\n\t\t\t\t\t<div class=\"e-con-inner\">\n\t\t\t\t<div class=\"elementor-element elementor-element-e8e5b75 elementor-widget elementor-widget-image\" data-id=\"e8e5b75\" data-element_type=\"widget\" data-e-type=\"widget\" data-widget_type=\"image.default\">\n\t\t\t\t<div class=\"elementor-widget-container\">\n\t\t\t\t\t\t\t\t\t\t\t\t\t\t\t<img fetchpriority=\"high\" decoding=\"async\" width=\"900\" height=\"900\" src=\"https:\/\/nngenergy.com\/wp-content\/uploads\/2024\/12\/Taurus60_Egypt.jpg?t=1777536832\" class=\"attachment-full size-full wp-image-986\" alt=\"DNM Detayl\u0131 Proje Analizi\" srcset=\"https:\/\/nngenergy.com\/wp-content\/uploads\/2024\/12\/Taurus60_Egypt.jpg?t=1777536832 900w, https:\/\/nngenergy.com\/wp-content\/uploads\/2024\/12\/Taurus60_Egypt-300x300.jpg?t=1777536832 300w, https:\/\/nngenergy.com\/wp-content\/uploads\/2024\/12\/Taurus60_Egypt-150x150.jpg?t=1777536832 150w, https:\/\/nngenergy.com\/wp-content\/uploads\/2024\/12\/Taurus60_Egypt-768x768.jpg?t=1777536832 768w, https:\/\/nngenergy.com\/wp-content\/uploads\/2024\/12\/Taurus60_Egypt-12x12.jpg?t=1777536832 12w, https:\/\/nngenergy.com\/wp-content\/uploads\/2024\/12\/Taurus60_Egypt-200x200.jpg?t=1777536832 200w\" sizes=\"(max-width: 900px) 100vw, 900px\" \/>\t\t\t\t\t\t\t\t\t\t\t\t\t\t\t<\/div>\n\t\t\t\t<\/div>\n\t\t\t\t\t<\/div>\n\t\t\t\t<\/div>\n\t\t<div class=\"elementor-element elementor-element-a606ffa e-flex e-con-boxed e-con e-parent\" data-id=\"a606ffa\" data-element_type=\"container\" data-e-type=\"container\" data-settings=\"{&quot;background_background&quot;:&quot;classic&quot;}\">\n\t\t\t\t\t<div class=\"e-con-inner\">\n\t\t<div class=\"elementor-element elementor-element-34ad944 e-con-full e-flex e-con e-child\" data-id=\"34ad944\" data-element_type=\"container\" data-e-type=\"container\" data-settings=\"{&quot;background_background&quot;:&quot;classic&quot;}\">\n\t\t\t\t<div class=\"elementor-element elementor-element-f522cbe elementor-widget elementor-widget-text-editor\" data-id=\"f522cbe\" data-element_type=\"widget\" data-e-type=\"widget\" data-widget_type=\"text-editor.default\">\n\t\t\t\t<div class=\"elementor-widget-container\">\n\t\t\t\t\t\t\t\t\t<p><b>Projeye Genel Bak\u0131\u015f<br \/><\/b><\/p><p><span style=\"font-weight: 400;\">DNM Tekstil 2011 y\u0131l\u0131nda kurulmu\u015f olup denim \u00fcretiminde uzmanla\u015fm\u0131\u015f yerli lider bir firmad\u0131r. DNM ile NNG Energy aras\u0131ndaki i\u015fbirli\u011fi, DNM'nin M\u0131s\u0131r'daki fabrikas\u0131 i\u00e7in bir gaz t\u00fcrbini \u00e7\u00f6z\u00fcm\u00fcne ihtiya\u00e7 duyuldu\u011funda ba\u015flad\u0131. Yerel elektrik \u015febekesindeki s\u0131k s\u0131k ya\u015fanan dalgalanmalar, kesintisiz operasyonlar\u0131 sa\u011flamak i\u00e7in g\u00fcvenilir bir enerji kayna\u011f\u0131na olan ihtiyac\u0131n alt\u0131n\u0131 \u00e7izdi.<\/span><\/p>\t\t\t\t\t\t\t\t<\/div>\n\t\t\t\t<\/div>\n\t\t\t\t<\/div>\n\t\t\t\t\t<\/div>\n\t\t\t\t<\/div>\n\t\t<div class=\"elementor-element elementor-element-cd1c216 e-flex e-con-boxed e-con e-parent\" data-id=\"cd1c216\" data-element_type=\"container\" data-e-type=\"container\" data-settings=\"{&quot;background_background&quot;:&quot;classic&quot;}\">\n\t\t\t\t\t<div class=\"e-con-inner\">\n\t\t<div class=\"elementor-element elementor-element-f7ec036 e-con-full e-flex e-con e-child\" data-id=\"f7ec036\" data-element_type=\"container\" data-e-type=\"container\" data-settings=\"{&quot;background_background&quot;:&quot;classic&quot;}\">\n\t\t\t\t<div class=\"elementor-element elementor-element-1618a45 elementor-widget elementor-widget-text-editor\" data-id=\"1618a45\" data-element_type=\"widget\" data-e-type=\"widget\" data-widget_type=\"text-editor.default\">\n\t\t\t\t<div class=\"elementor-widget-container\">\n\t\t\t\t\t\t\t\t\t<p><b>Temel zorluklar<\/b><\/p><ul><li style=\"font-weight: 400;\" aria-level=\"4\"><span style=\"font-weight: 400;\">M\u0131s\u0131r'\u0131n elektrik \u015febekesinde s\u0131k s\u0131k g\u00fc\u00e7 dalgalanmalar\u0131.<\/span><\/li><li style=\"font-weight: 400;\" aria-level=\"4\"><span style=\"font-weight: 400;\">Fabrika s\u00fcre\u00e7lerini desteklemek i\u00e7in istikrarl\u0131, verimli ve g\u00fcvenilir bir enerji kayna\u011f\u0131na duyulan ihtiya\u00e7.<\/span><\/li><\/ul>\t\t\t\t\t\t\t\t<\/div>\n\t\t\t\t<\/div>\n\t\t\t\t<\/div>\n\t\t\t\t\t<\/div>\n\t\t\t\t<\/div>\n\t\t<div class=\"elementor-element elementor-element-cb52002 e-flex e-con-boxed e-con e-parent\" data-id=\"cb52002\" data-element_type=\"container\" data-e-type=\"container\" data-settings=\"{&quot;background_background&quot;:&quot;classic&quot;}\">\n\t\t\t\t\t<div class=\"e-con-inner\">\n\t\t<div class=\"elementor-element elementor-element-3976f87 e-con-full e-flex e-con e-child\" data-id=\"3976f87\" data-element_type=\"container\" data-e-type=\"container\" data-settings=\"{&quot;background_background&quot;:&quot;classic&quot;}\">\n\t\t\t\t<div class=\"elementor-element elementor-element-cf86bc7 elementor-widget elementor-widget-text-editor\" data-id=\"cf86bc7\" data-element_type=\"widget\" data-e-type=\"widget\" data-widget_type=\"text-editor.default\">\n\t\t\t\t<div class=\"elementor-widget-container\">\n\t\t\t\t\t\t\t\t\t<p><b>\u00c7\u00f6z\u00fcm<\/b><\/p><p><span style=\"font-weight: 400;\">NNG Energy, saha ziyaretleri ve derinlemesine analizlerin ard\u0131ndan M\u0131s\u0131r fabrikas\u0131nda bir kojenerasyon (Cogen) sistemi \u00f6nerdi ve kurdu. Fabrikan\u0131n enerji ihtiyac\u0131n\u0131 kar\u015f\u0131layan ve t\u00fcrbinlerin \u00fcretti\u011fi \u0131s\u0131y\u0131 verimli bir \u015fekilde kullanan iki adet Taurus 60 T7301 gaz t\u00fcrbini devreye al\u0131nd\u0131.<\/span><\/p>\t\t\t\t\t\t\t\t<\/div>\n\t\t\t\t<\/div>\n\t\t\t\t<\/div>\n\t\t\t\t\t<\/div>\n\t\t\t\t<\/div>\n\t\t<div class=\"elementor-element elementor-element-9bdae41 e-flex e-con-boxed e-con e-parent\" data-id=\"9bdae41\" data-element_type=\"container\" data-e-type=\"container\" data-settings=\"{&quot;background_background&quot;:&quot;classic&quot;}\">\n\t\t\t\t\t<div class=\"e-con-inner\">\n\t\t<div class=\"elementor-element elementor-element-9f439eb e-con-full e-flex e-con e-child\" data-id=\"9f439eb\" data-element_type=\"container\" data-e-type=\"container\" data-settings=\"{&quot;background_background&quot;:&quot;classic&quot;}\">\n\t\t\t\t<div class=\"elementor-element elementor-element-ba08317 elementor-widget elementor-widget-text-editor\" data-id=\"ba08317\" data-element_type=\"widget\" data-e-type=\"widget\" data-widget_type=\"text-editor.default\">\n\t\t\t\t<div class=\"elementor-widget-container\">\n\t\t\t\t\t\t\t\t\t<p><b>\u00d6ne \u00c7\u0131kan Sonu\u00e7lar<\/b><\/p><ul><li><span style=\"font-weight: 400;\">Fabrika i\u00e7in istikrarl\u0131 ve g\u00fcvenilir bir enerji tedari\u011fi sa\u011fland\u0131.<\/span><\/li><li><span style=\"font-weight: 400;\">A\u015f\u0131r\u0131 \u0131s\u0131n\u0131n etkili bir \u015fekilde kullan\u0131lmas\u0131yla kojenerasyon yoluyla art\u0131r\u0131lm\u0131\u015f enerji verimlili\u011fi.<\/span><\/li><li><span style=\"font-weight: 400;\">DNM Tekstil'in b\u00fcy\u00fcme ve \u00fcretim hedeflerine uygun, s\u00fcrekli ve emniyetli operasyonlar.<\/span><\/li><li style=\"list-style-type: none;\">\u00a0<\/li><\/ul>\t\t\t\t\t\t\t\t<\/div>\n\t\t\t\t<\/div>\n\t\t\t\t<\/div>\n\t\t\t\t\t<\/div>\n\t\t\t\t<\/div>\n\t\t\t\t<\/div>","protected":false},"excerpt":{"rendered":"<p>CASE STUDY Home Project Overview DNM Tekstil, established in 2011, is a leading domestic company specializing in denim production. The [&hellip;]<\/p>","protected":false},"author":1,"featured_media":0,"parent":984,"menu_order":7,"comment_status":"closed","ping_status":"closed","template":"","meta":{"site-sidebar-layout":"no-sidebar","site-content-layout":"","ast-site-content-layout":"full-width-container","site-content-style":"default","site-sidebar-style":"default","ast-global-header-display":"","ast-banner-title-visibility":"","ast-main-header-display":"","ast-hfb-above-header-display":"","ast-hfb-below-header-display":"","ast-hfb-mobile-header-display":"","site-post-title":"disabled","ast-breadcrumbs-content":"","ast-featured-img":"disabled","footer-sml-layout":"","ast-disable-related-posts":"","theme-transparent-header-meta":"default","adv-header-id-meta":"","stick-header-meta":"","header-above-stick-meta":"","header-main-stick-meta":"","header-below-stick-meta":"","astra-migrate-meta-layouts":"set","ast-page-background-enabled":"default","ast-page-background-meta":{"desktop":{"background-color":"var(--ast-global-color-4)","background-image":"","background-repeat":"repeat","background-position":"center center","background-size":"auto","background-attachment":"scroll","background-type":"","background-media":"","overlay-type":"","overlay-color":"","overlay-opacity":"","overlay-gradient":""},"tablet":{"background-color":"","background-image":"","background-repeat":"repeat","background-position":"center center","background-size":"auto","background-attachment":"scroll","background-type":"","background-media":"","overlay-type":"","overlay-color":"","overlay-opacity":"","overlay-gradient":""},"mobile":{"background-color":"","background-image":"","background-repeat":"repeat","background-position":"center center","background-size":"auto","background-attachment":"scroll","background-type":"","background-media":"","overlay-type":"","overlay-color":"","overlay-opacity":"","overlay-gradient":""}},"ast-content-background-meta":{"desktop":{"background-color":"var(--ast-global-color-5)","background-image":"","background-repeat":"repeat","background-position":"center center","background-size":"auto","background-attachment":"scroll","background-type":"","background-media":"","overlay-type":"","overlay-color":"","overlay-opacity":"","overlay-gradient":""},"tablet":{"background-color":"var(--ast-global-color-5)","background-image":"","background-repeat":"repeat","background-position":"center center","background-size":"auto","background-attachment":"scroll","background-type":"","background-media":"","overlay-type":"","overlay-color":"","overlay-opacity":"","overlay-gradient":""},"mobile":{"background-color":"var(--ast-global-color-5)","background-image":"","background-repeat":"repeat","background-position":"center center","background-size":"auto","background-attachment":"scroll","background-type":"","background-media":"","overlay-type":"","overlay-color":"","overlay-opacity":"","overlay-gradient":""}},"footnotes":""},"class_list":["post-992","page","type-page","status-publish","hentry"],"yoast_head":"<!-- This site is optimized with the Yoast SEO plugin v26.4 - https:\/\/yoast.com\/wordpress\/plugins\/seo\/ -->\r\n<title>DNM Tekstil Case Study - NNG Energy<\/title>\r\n<meta name=\"description\" content=\"See how NNG Energy helped DNM Tekstil boost efficiency and cut energy costs with a customized CHP power solution.\" \/>\r\n<meta name=\"robots\" content=\"index, follow, max-snippet:-1, max-image-preview:large, max-video-preview:-1\" \/>\r\n<link rel=\"canonical\" href=\"https:\/\/nngenergy.com\/tr\/secili-projeler\/dnm-detayli-proje-analizi\/\" \/>\r\n<meta property=\"og:locale\" content=\"tr_TR\" \/>\r\n<meta property=\"og:type\" content=\"article\" \/>\r\n<meta property=\"og:title\" content=\"DNM Tekstil Case Study - NNG Energy\" \/>\r\n<meta property=\"og:description\" content=\"See how NNG Energy helped DNM Tekstil boost efficiency and cut energy costs with a customized CHP power solution.\" \/>\r\n<meta property=\"og:url\" content=\"https:\/\/nngenergy.com\/tr\/secili-projeler\/dnm-detayli-proje-analizi\/\" \/>\r\n<meta property=\"og:site_name\" content=\"NNG Energy\" \/>\r\n<meta property=\"article:publisher\" content=\"https:\/\/www.facebook.com\/profile.php?id=61560874295001\" \/>\r\n<meta property=\"article:modified_time\" content=\"2025-08-04T14:05:21+00:00\" \/>\r\n<meta property=\"og:image\" content=\"https:\/\/nngenergy.com\/wp-content\/uploads\/2024\/12\/Taurus60_Egypt.jpg\" \/>\r\n<meta name=\"twitter:card\" content=\"summary_large_image\" \/>\r\n<meta name=\"twitter:label1\" content=\"Tahmini okuma s\u00fcresi\" \/>\n\t<meta name=\"twitter:data1\" content=\"2 dakika\" \/>\r\n<script type=\"application\/ld+json\" class=\"yoast-schema-graph\">{\"@context\":\"https:\/\/schema.org\",\"@graph\":[{\"@type\":\"WebPage\",\"@id\":\"https:\/\/nngenergy.com\/es\/case-studies\/dnm-tekstil-case-study\/\",\"url\":\"https:\/\/nngenergy.com\/es\/case-studies\/dnm-tekstil-case-study\/\",\"name\":\"DNM Tekstil Case Study - NNG Energy\",\"isPartOf\":{\"@id\":\"https:\/\/nngenergy.com\/#website\"},\"primaryImageOfPage\":{\"@id\":\"https:\/\/nngenergy.com\/es\/case-studies\/dnm-tekstil-case-study\/#primaryimage\"},\"image\":{\"@id\":\"https:\/\/nngenergy.com\/es\/case-studies\/dnm-tekstil-case-study\/#primaryimage\"},\"thumbnailUrl\":\"https:\/\/nngenergy.com\/wp-content\/uploads\/2024\/12\/Taurus60_Egypt.jpg\",\"datePublished\":\"2024-12-15T07:54:17+00:00\",\"dateModified\":\"2025-08-04T14:05:21+00:00\",\"description\":\"See how NNG Energy helped DNM Tekstil boost efficiency and cut energy costs with a customized CHP power solution.\",\"breadcrumb\":{\"@id\":\"https:\/\/nngenergy.com\/es\/case-studies\/dnm-tekstil-case-study\/#breadcrumb\"},\"inLanguage\":\"tr\",\"potentialAction\":[{\"@type\":\"ReadAction\",\"target\":[\"https:\/\/nngenergy.com\/es\/case-studies\/dnm-tekstil-case-study\/\"]}]},{\"@type\":\"ImageObject\",\"inLanguage\":\"tr\",\"@id\":\"https:\/\/nngenergy.com\/es\/case-studies\/dnm-tekstil-case-study\/#primaryimage\",\"url\":\"https:\/\/nngenergy.com\/wp-content\/uploads\/2024\/12\/Taurus60_Egypt.jpg\",\"contentUrl\":\"https:\/\/nngenergy.com\/wp-content\/uploads\/2024\/12\/Taurus60_Egypt.jpg\"},{\"@type\":\"BreadcrumbList\",\"@id\":\"https:\/\/nngenergy.com\/es\/case-studies\/dnm-tekstil-case-study\/#breadcrumb\",\"itemListElement\":[{\"@type\":\"ListItem\",\"position\":1,\"name\":\"Home\",\"item\":\"https:\/\/nngenergy.com\/\"},{\"@type\":\"ListItem\",\"position\":2,\"name\":\"Case Studies\",\"item\":\"https:\/\/nngenergy.com\/tr\/secili-projeler\/\"},{\"@type\":\"ListItem\",\"position\":3,\"name\":\"DNM Tekstil Case Study\"}]},{\"@type\":\"WebSite\",\"@id\":\"https:\/\/nngenergy.com\/#website\",\"url\":\"https:\/\/nngenergy.com\/\",\"name\":\"NNG Enerji\",\"description\":\"\",\"publisher\":{\"@id\":\"https:\/\/nngenergy.com\/#organization\"},\"potentialAction\":[{\"@type\":\"SearchAction\",\"target\":{\"@type\":\"EntryPoint\",\"urlTemplate\":\"https:\/\/nngenergy.com\/?s={search_term_string}\"},\"query-input\":{\"@type\":\"PropertyValueSpecification\",\"valueRequired\":true,\"valueName\":\"search_term_string\"}}],\"inLanguage\":\"tr\"},{\"@type\":\"Organization\",\"@id\":\"https:\/\/nngenergy.com\/#organization\",\"name\":\"NNG Enerji\",\"url\":\"https:\/\/nngenergy.com\/\",\"logo\":{\"@type\":\"ImageObject\",\"inLanguage\":\"tr\",\"@id\":\"https:\/\/nngenergy.com\/#\/schema\/logo\/image\/\",\"url\":\"https:\/\/nngenergy.com\/wp-content\/uploads\/2024\/09\/logo-disi.png\",\"contentUrl\":\"https:\/\/nngenergy.com\/wp-content\/uploads\/2024\/09\/logo-disi.png\",\"width\":566,\"height\":289,\"caption\":\"NNG Enerji\"},\"image\":{\"@id\":\"https:\/\/nngenergy.com\/#\/schema\/logo\/image\/\"},\"sameAs\":[\"https:\/\/www.facebook.com\/profile.php?id=61560874295001\",\"https:\/\/www.youtube.com\/@nng.energy\",\"https:\/\/www.linkedin.com\/company\/nng-enerji-teknoloji\/\",\"https:\/\/www.instagram.com\/nng.energy?igsh=c3FqZmVnbmhuaDRh\"]}]}<\/script>\r\n<!-- \/ Yoast SEO plugin. -->","yoast_head_json":{"title":"DNM Tekstil Detayl\u0131 Proje Analizi","description":"DNM Tekstil'in \u00f6zelle\u015ftirilmi\u015f bir CHP g\u00fc\u00e7 \u00e7\u00f6z\u00fcm\u00fcyle verimlili\u011fi art\u0131rmas\u0131na ve enerji maliyetlerini d\u00fc\u015f\u00fcrmesine nas\u0131l yard\u0131mc\u0131 oldu\u011funu g\u00f6r\u00fcn.","robots":{"index":"index","follow":"follow","max-snippet":"max-snippet:-1","max-image-preview":"max-image-preview:large","max-video-preview":"max-video-preview:-1"},"canonical":"https:\/\/nngenergy.com\/tr\/secili-projeler\/dnm-detayli-proje-analizi\/","og_locale":"tr_TR","og_type":"article","og_title":"DNM Tekstil Case Study - NNG Energy","og_description":"See how NNG Energy helped DNM Tekstil boost efficiency and cut energy costs with a customized CHP power solution.","og_url":"https:\/\/nngenergy.com\/tr\/secili-projeler\/dnm-detayli-proje-analizi\/","og_site_name":"NNG Energy","article_publisher":"https:\/\/www.facebook.com\/profile.php?id=61560874295001","article_modified_time":"2025-08-04T14:05:21+00:00","og_image":[{"url":"https:\/\/nngenergy.com\/wp-content\/uploads\/2024\/12\/Taurus60_Egypt.jpg","type":"","width":"","height":""}],"twitter_card":"summary_large_image","twitter_misc":{"Tahmini okuma s\u00fcresi":"2 dakika"},"schema":{"@context":"https:\/\/schema.org","@graph":[{"@type":"WebPage","@id":"https:\/\/nngenergy.com\/es\/case-studies\/dnm-tekstil-case-study\/","url":"https:\/\/nngenergy.com\/es\/case-studies\/dnm-tekstil-case-study\/","name":"DNM Tekstil Detayl\u0131 Proje Analizi","isPartOf":{"@id":"https:\/\/nngenergy.com\/#website"},"primaryImageOfPage":{"@id":"https:\/\/nngenergy.com\/es\/case-studies\/dnm-tekstil-case-study\/#primaryimage"},"image":{"@id":"https:\/\/nngenergy.com\/es\/case-studies\/dnm-tekstil-case-study\/#primaryimage"},"thumbnailUrl":"https:\/\/nngenergy.com\/wp-content\/uploads\/2024\/12\/Taurus60_Egypt.jpg","datePublished":"2024-12-15T07:54:17+00:00","dateModified":"2025-08-04T14:05:21+00:00","description":"DNM Tekstil'in \u00f6zelle\u015ftirilmi\u015f bir CHP g\u00fc\u00e7 \u00e7\u00f6z\u00fcm\u00fcyle verimlili\u011fi art\u0131rmas\u0131na ve enerji maliyetlerini d\u00fc\u015f\u00fcrmesine nas\u0131l yard\u0131mc\u0131 oldu\u011funu g\u00f6r\u00fcn.","breadcrumb":{"@id":"https:\/\/nngenergy.com\/es\/case-studies\/dnm-tekstil-case-study\/#breadcrumb"},"inLanguage":"tr","potentialAction":[{"@type":"ReadAction","target":["https:\/\/nngenergy.com\/es\/case-studies\/dnm-tekstil-case-study\/"]}]},{"@type":"ImageObject","inLanguage":"tr","@id":"https:\/\/nngenergy.com\/es\/case-studies\/dnm-tekstil-case-study\/#primaryimage","url":"https:\/\/nngenergy.com\/wp-content\/uploads\/2024\/12\/Taurus60_Egypt.jpg","contentUrl":"https:\/\/nngenergy.com\/wp-content\/uploads\/2024\/12\/Taurus60_Egypt.jpg"},{"@type":"BreadcrumbList","@id":"https:\/\/nngenergy.com\/es\/case-studies\/dnm-tekstil-case-study\/#breadcrumb","itemListElement":[{"@type":"ListItem","position":1,"name":"Home","item":"https:\/\/nngenergy.com\/"},{"@type":"ListItem","position":2,"name":"Case Studies","item":"https:\/\/nngenergy.com\/tr\/secili-projeler\/"},{"@type":"ListItem","position":3,"name":"DNM Tekstil Case Study"}]},{"@type":"WebSite","@id":"https:\/\/nngenergy.com\/#website","url":"https:\/\/nngenergy.com\/","name":"NNG Enerji","description":"","publisher":{"@id":"https:\/\/nngenergy.com\/#organization"},"potentialAction":[{"@type":"SearchAction","target":{"@type":"EntryPoint","urlTemplate":"https:\/\/nngenergy.com\/?s={search_term_string}"},"query-input":{"@type":"PropertyValueSpecification","valueRequired":true,"valueName":"search_term_string"}}],"inLanguage":"tr"},{"@type":"Organization","@id":"https:\/\/nngenergy.com\/#organization","name":"NNG Enerji","url":"https:\/\/nngenergy.com\/","logo":{"@type":"ImageObject","inLanguage":"tr","@id":"https:\/\/nngenergy.com\/#\/schema\/logo\/image\/","url":"https:\/\/nngenergy.com\/wp-content\/uploads\/2024\/09\/logo-disi.png","contentUrl":"https:\/\/nngenergy.com\/wp-content\/uploads\/2024\/09\/logo-disi.png","width":566,"height":289,"caption":"NNG Enerji"},"image":{"@id":"https:\/\/nngenergy.com\/#\/schema\/logo\/image\/"},"sameAs":["https:\/\/www.facebook.com\/profile.php?id=61560874295001","https:\/\/www.youtube.com\/@nng.energy","https:\/\/www.linkedin.com\/company\/nng-enerji-teknoloji\/","https:\/\/www.instagram.com\/nng.energy?igsh=c3FqZmVnbmhuaDRh"]}]}},"_links":{"self":[{"href":"https:\/\/nngenergy.com\/tr\/wp-json\/wp\/v2\/pages\/992","targetHints":{"allow":["GET"]}}],"collection":[{"href":"https:\/\/nngenergy.com\/tr\/wp-json\/wp\/v2\/pages"}],"about":[{"href":"https:\/\/nngenergy.com\/tr\/wp-json\/wp\/v2\/types\/page"}],"author":[{"embeddable":true,"href":"https:\/\/nngenergy.com\/tr\/wp-json\/wp\/v2\/users\/1"}],"replies":[{"embeddable":true,"href":"https:\/\/nngenergy.com\/tr\/wp-json\/wp\/v2\/comments?post=992"}],"version-history":[{"count":14,"href":"https:\/\/nngenergy.com\/tr\/wp-json\/wp\/v2\/pages\/992\/revisions"}],"predecessor-version":[{"id":2131,"href":"https:\/\/nngenergy.com\/tr\/wp-json\/wp\/v2\/pages\/992\/revisions\/2131"}],"up":[{"embeddable":true,"href":"https:\/\/nngenergy.com\/tr\/wp-json\/wp\/v2\/pages\/984"}],"wp:attachment":[{"href":"https:\/\/nngenergy.com\/tr\/wp-json\/wp\/v2\/media?parent=992"}],"curies":[{"name":"wp","href":"https:\/\/api.w.org\/{rel}","templated":true}]}}