{"id":647,"date":"2024-11-20T11:56:50","date_gmt":"2024-11-20T08:56:50","guid":{"rendered":"https:\/\/nngenergy.com\/?page_id=647"},"modified":"2025-08-14T19:35:18","modified_gmt":"2025-08-14T16:35:18","slug":"ozmert-cezayir-projesi","status":"publish","type":"page","link":"https:\/\/nngenergy.com\/tr\/secili-projeler\/ozmert-cezayir-projesi\/","title":{"rendered":"\u00d6zmert Cezayir Projesi"},"content":{"rendered":"<div data-elementor-type=\"wp-page\" data-elementor-id=\"647\" class=\"elementor elementor-647\" data-elementor-post-type=\"page\">\n\t\t\t\t<div class=\"elementor-element elementor-element-128617fc e-flex e-con-boxed e-con e-parent\" data-id=\"128617fc\" data-element_type=\"container\" data-e-type=\"container\" data-settings=\"{&quot;background_background&quot;:&quot;classic&quot;}\">\n\t\t\t\t\t<div class=\"e-con-inner\">\n\t\t\t\t<div class=\"elementor-element elementor-element-75e266ad elementor-widget elementor-widget-heading\" data-id=\"75e266ad\" data-element_type=\"widget\" data-e-type=\"widget\" data-widget_type=\"heading.default\">\n\t\t\t\t<div class=\"elementor-widget-container\">\n\t\t\t\t\t<h1 class=\"elementor-heading-title elementor-size-default\">SE\u00c7\u0130L\u0130 PROJELER<\/h1>\t\t\t\t<\/div>\n\t\t\t\t<\/div>\n\t\t\t\t<div class=\"elementor-element elementor-element-d977657 elementor-widget elementor-widget-heading\" data-id=\"d977657\" data-element_type=\"widget\" data-e-type=\"widget\" data-widget_type=\"heading.default\">\n\t\t\t\t<div class=\"elementor-widget-container\">\n\t\t\t\t\t<h2 class=\"elementor-heading-title elementor-size-default\"><\/h2>\t\t\t\t<\/div>\n\t\t\t\t<\/div>\n\t\t\t\t\t<\/div>\n\t\t\t\t<\/div>\n\t\t<div class=\"elementor-element elementor-element-1ad8ba8c e-flex e-con-boxed e-con e-parent\" data-id=\"1ad8ba8c\" data-element_type=\"container\" data-e-type=\"container\">\n\t\t\t\t\t<div class=\"e-con-inner\">\n\t\t\t\t<div class=\"elementor-element elementor-element-379dd3de elementor-widget elementor-widget-hfe-breadcrumbs-widget\" data-id=\"379dd3de\" data-element_type=\"widget\" data-e-type=\"widget\" data-widget_type=\"hfe-breadcrumbs-widget.default\">\n\t\t\t\t<div class=\"elementor-widget-container\">\n\t\t\t\t\t<nav aria-label=\"Breadcrumb\"><ul class=\"hfe-breadcrumbs hfe-breadcrumbs-show-home\"><li class=\"hfe-breadcrumbs-item hfe-breadcrumbs-first\"><span class=\"hfe-breadcrumbs-home-icon\"><\/span><a href=\"https:\/\/nngenergy.com\/tr\"><span class=\"hfe-breadcrumbs-text\">Ana Sayfa<\/span><\/a><\/li><\/ul><\/nav>\t\t\t\t<\/div>\n\t\t\t\t<\/div>\n\t\t\t\t\t<\/div>\n\t\t\t\t<\/div>\n\t\t<div class=\"elementor-element elementor-element-94ab4c2 e-flex e-con-boxed e-con e-parent\" data-id=\"94ab4c2\" data-element_type=\"container\" data-e-type=\"container\">\n\t\t\t\t\t<div class=\"e-con-inner\">\n\t\t\t\t<div class=\"elementor-element elementor-element-e8e5b75 elementor-widget elementor-widget-image\" data-id=\"e8e5b75\" data-element_type=\"widget\" data-e-type=\"widget\" data-widget_type=\"image.default\">\n\t\t\t\t<div class=\"elementor-widget-container\">\n\t\t\t\t\t\t\t\t\t\t\t\t\t\t\t<img fetchpriority=\"high\" decoding=\"async\" width=\"900\" height=\"953\" src=\"https:\/\/nngenergy.com\/wp-content\/uploads\/2024\/11\/OZMERT.jpg\" class=\"attachment-full size-full wp-image-752\" alt=\"\u00d6zmert Cezayir Projesi\" srcset=\"https:\/\/nngenergy.com\/wp-content\/uploads\/2024\/11\/OZMERT.jpg 900w, https:\/\/nngenergy.com\/wp-content\/uploads\/2024\/11\/OZMERT-283x300.jpg 283w, https:\/\/nngenergy.com\/wp-content\/uploads\/2024\/11\/OZMERT-768x813.jpg 768w, https:\/\/nngenergy.com\/wp-content\/uploads\/2024\/11\/OZMERT-200x212.jpg 200w\" sizes=\"(max-width: 900px) 100vw, 900px\" \/>\t\t\t\t\t\t\t\t\t\t\t\t\t\t\t<\/div>\n\t\t\t\t<\/div>\n\t\t\t\t\t<\/div>\n\t\t\t\t<\/div>\n\t\t<div class=\"elementor-element elementor-element-a606ffa e-flex e-con-boxed e-con e-parent\" data-id=\"a606ffa\" data-element_type=\"container\" data-e-type=\"container\" data-settings=\"{&quot;background_background&quot;:&quot;classic&quot;}\">\n\t\t\t\t\t<div class=\"e-con-inner\">\n\t\t<div class=\"elementor-element elementor-element-34ad944 e-con-full e-flex e-con e-child\" data-id=\"34ad944\" data-element_type=\"container\" data-e-type=\"container\" data-settings=\"{&quot;background_background&quot;:&quot;classic&quot;}\">\n\t\t\t\t<div class=\"elementor-element elementor-element-f522cbe elementor-widget elementor-widget-text-editor\" data-id=\"f522cbe\" data-element_type=\"widget\" data-e-type=\"widget\" data-widget_type=\"text-editor.default\">\n\t\t\t\t<div class=\"elementor-widget-container\">\n\t\t\t\t\t\t\t\t\t<p><b>Projeye Genel Bak\u0131\u015f<br \/><\/b><\/p><p>Madencilik ve demir-\u00e7elik sekt\u00f6r\u00fcn\u00fcn lider firmalar\u0131ndan \u00d6zmert Cezayir, Cezayir'deki fabrikas\u0131 i\u00e7in g\u00fcvenilir enerji \u00e7\u00f6z\u00fcm\u00fc arad\u0131. Yerel \u015febekeden elektrik tedarik etme konusunda zorluklarla kar\u015f\u0131la\u015fan \u00d6zmert, end\u00fcstriyel enerji \u00e7\u00f6z\u00fcmlerini ke\u015ffetmek i\u00e7in NNG Energy ile ileti\u015fime ge\u00e7ti. Ayr\u0131nt\u0131l\u0131 g\u00f6r\u00fc\u015fmelerin ard\u0131ndan enerji taleplerini verimli bir \u015fekilde kar\u015f\u0131layacak bir gaz t\u00fcrbini \u00e7\u00f6z\u00fcm\u00fc \u00f6nerildi<\/p>\t\t\t\t\t\t\t\t<\/div>\n\t\t\t\t<\/div>\n\t\t\t\t<\/div>\n\t\t\t\t\t<\/div>\n\t\t\t\t<\/div>\n\t\t<div class=\"elementor-element elementor-element-cd1c216 e-flex e-con-boxed e-con e-parent\" data-id=\"cd1c216\" data-element_type=\"container\" data-e-type=\"container\" data-settings=\"{&quot;background_background&quot;:&quot;classic&quot;}\">\n\t\t\t\t\t<div class=\"e-con-inner\">\n\t\t<div class=\"elementor-element elementor-element-f7ec036 e-con-full e-flex e-con e-child\" data-id=\"f7ec036\" data-element_type=\"container\" data-e-type=\"container\" data-settings=\"{&quot;background_background&quot;:&quot;classic&quot;}\">\n\t\t\t\t<div class=\"elementor-element elementor-element-1618a45 elementor-widget elementor-widget-text-editor\" data-id=\"1618a45\" data-element_type=\"widget\" data-e-type=\"widget\" data-widget_type=\"text-editor.default\">\n\t\t\t\t<div class=\"elementor-widget-container\">\n\t\t\t\t\t\t\t\t\t<p><b>Temel zorluklar<\/b><\/p><ul><li>B\u00f6lgede maksimum 10 MW arza izin veren s\u0131n\u0131rl\u0131 \u015febeke kapasitesi.<\/li><li>Fabrika operasyonlar\u0131n\u0131 desteklemek i\u00e7in s\u00fcrd\u00fcr\u00fclebilir ve y\u00fcksek kapasiteli bir enerji kayna\u011f\u0131na duyulan ihtiya\u00e7.<\/li><\/ul>\t\t\t\t\t\t\t\t<\/div>\n\t\t\t\t<\/div>\n\t\t\t\t<\/div>\n\t\t\t\t\t<\/div>\n\t\t\t\t<\/div>\n\t\t<div class=\"elementor-element elementor-element-cb52002 e-flex e-con-boxed e-con e-parent\" data-id=\"cb52002\" data-element_type=\"container\" data-e-type=\"container\" data-settings=\"{&quot;background_background&quot;:&quot;classic&quot;}\">\n\t\t\t\t\t<div class=\"e-con-inner\">\n\t\t<div class=\"elementor-element elementor-element-3976f87 e-con-full e-flex e-con e-child\" data-id=\"3976f87\" data-element_type=\"container\" data-e-type=\"container\" data-settings=\"{&quot;background_background&quot;:&quot;classic&quot;}\">\n\t\t\t\t<div class=\"elementor-element elementor-element-cf86bc7 elementor-widget elementor-widget-text-editor\" data-id=\"cf86bc7\" data-element_type=\"widget\" data-e-type=\"widget\" data-widget_type=\"text-editor.default\">\n\t\t\t\t<div class=\"elementor-widget-container\">\n\t\t\t\t\t\t\t\t\t<p><b>\u00c7\u00f6z\u00fcm<\/b><\/p><p>NNG Energy, yerinde de\u011ferlendirme yaparak \u00d6zmert Cezayir fabrikas\u0131n\u0131n enerji ihtiyac\u0131n\u0131 belirledi. Bu de\u011ferlendirmeye g\u00f6re 4 adet Taurus 60 T7301 (20,8 MW) gaz t\u00fcrbini se\u00e7ilerek kurulumu yap\u0131ld\u0131. Bu \u00e7\u00f6z\u00fcm, fabrikan\u0131n enerji kapasitesini 120 MW'a \u00e7\u0131kararak operasyonel ihtiya\u00e7lar\u0131n\u0131 etkin bir \u015fekilde kar\u015f\u0131lad\u0131.<\/p>\t\t\t\t\t\t\t\t<\/div>\n\t\t\t\t<\/div>\n\t\t\t\t<\/div>\n\t\t\t\t\t<\/div>\n\t\t\t\t<\/div>\n\t\t<div class=\"elementor-element elementor-element-9bdae41 e-flex e-con-boxed e-con e-parent\" data-id=\"9bdae41\" data-element_type=\"container\" data-e-type=\"container\" data-settings=\"{&quot;background_background&quot;:&quot;classic&quot;}\">\n\t\t\t\t\t<div class=\"e-con-inner\">\n\t\t<div class=\"elementor-element elementor-element-9f439eb e-con-full e-flex e-con e-child\" data-id=\"9f439eb\" data-element_type=\"container\" data-e-type=\"container\" data-settings=\"{&quot;background_background&quot;:&quot;classic&quot;}\">\n\t\t\t\t<div class=\"elementor-element elementor-element-ba08317 elementor-widget elementor-widget-text-editor\" data-id=\"ba08317\" data-element_type=\"widget\" data-e-type=\"widget\" data-widget_type=\"text-editor.default\">\n\t\t\t\t<div class=\"elementor-widget-container\">\n\t\t\t\t\t\t\t\t\t<p><b>\u00d6ne \u00c7\u0131kan Sonu\u00e7lar<\/b><\/p><ul><li>Fabrikaya 120 MW'l\u0131k g\u00fcvenilir enerji tedari\u011fi sa\u011fland\u0131.<\/li><li>Operasyonlar i\u00e7in s\u00fcrd\u00fcr\u00fclebilir ve kesintisiz g\u00fc\u00e7 sa\u011fland\u0131.<\/li><li>Enerji kapasitesinin daha da art\u0131r\u0131lmas\u0131 amac\u0131yla ilave 4\u00d75 MW t\u00fcrbin kurulumu i\u00e7in g\u00f6r\u00fc\u015fmelere ba\u015fland\u0131.<\/li><\/ul>\t\t\t\t\t\t\t\t<\/div>\n\t\t\t\t<\/div>\n\t\t\t\t<\/div>\n\t\t\t\t\t<\/div>\n\t\t\t\t<\/div>\n\t\t\t\t<\/div>","protected":false},"excerpt":{"rendered":"<p>CASE STUDY Home Project Overview \u00d6zmert Algeria, a leading company in the mining and iron-steel sectors, sought a reliable energy [&hellip;]<\/p>","protected":false},"author":1,"featured_media":0,"parent":984,"menu_order":9,"comment_status":"closed","ping_status":"closed","template":"","meta":{"site-sidebar-layout":"no-sidebar","site-content-layout":"","ast-site-content-layout":"full-width-container","site-content-style":"default","site-sidebar-style":"default","ast-global-header-display":"","ast-banner-title-visibility":"","ast-main-header-display":"","ast-hfb-above-header-display":"","ast-hfb-below-header-display":"","ast-hfb-mobile-header-display":"","site-post-title":"disabled","ast-breadcrumbs-content":"","ast-featured-img":"disabled","footer-sml-layout":"","ast-disable-related-posts":"","theme-transparent-header-meta":"default","adv-header-id-meta":"","stick-header-meta":"","header-above-stick-meta":"","header-main-stick-meta":"","header-below-stick-meta":"","astra-migrate-meta-layouts":"set","ast-page-background-enabled":"default","ast-page-background-meta":{"desktop":{"background-color":"var(--ast-global-color-4)","background-image":"","background-repeat":"repeat","background-position":"center center","background-size":"auto","background-attachment":"scroll","background-type":"","background-media":"","overlay-type":"","overlay-color":"","overlay-opacity":"","overlay-gradient":""},"tablet":{"background-color":"","background-image":"","background-repeat":"repeat","background-position":"center center","background-size":"auto","background-attachment":"scroll","background-type":"","background-media":"","overlay-type":"","overlay-color":"","overlay-opacity":"","overlay-gradient":""},"mobile":{"background-color":"","background-image":"","background-repeat":"repeat","background-position":"center center","background-size":"auto","background-attachment":"scroll","background-type":"","background-media":"","overlay-type":"","overlay-color":"","overlay-opacity":"","overlay-gradient":""}},"ast-content-background-meta":{"desktop":{"background-color":"var(--ast-global-color-5)","background-image":"","background-repeat":"repeat","background-position":"center center","background-size":"auto","background-attachment":"scroll","background-type":"","background-media":"","overlay-type":"","overlay-color":"","overlay-opacity":"","overlay-gradient":""},"tablet":{"background-color":"var(--ast-global-color-5)","background-image":"","background-repeat":"repeat","background-position":"center center","background-size":"auto","background-attachment":"scroll","background-type":"","background-media":"","overlay-type":"","overlay-color":"","overlay-opacity":"","overlay-gradient":""},"mobile":{"background-color":"var(--ast-global-color-5)","background-image":"","background-repeat":"repeat","background-position":"center center","background-size":"auto","background-attachment":"scroll","background-type":"","background-media":"","overlay-type":"","overlay-color":"","overlay-opacity":"","overlay-gradient":""}},"footnotes":""},"class_list":["post-647","page","type-page","status-publish","hentry"],"yoast_head":"<!-- This site is optimized with the Yoast SEO plugin v26.4 - https:\/\/yoast.com\/wordpress\/plugins\/seo\/ -->\r\n<title>\u00d6zmert Algeria Project - NNG Energy<\/title>\r\n<meta name=\"description\" content=\"NNG Energy installed four Taurus 60 gas turbines in Algeria, boosting factory power from 10 MW grid limit to reliable, sustainable 120 MW capacity\" \/>\r\n<meta name=\"robots\" content=\"index, follow, max-snippet:-1, max-image-preview:large, max-video-preview:-1\" \/>\r\n<link rel=\"canonical\" href=\"https:\/\/nngenergy.com\/tr\/secili-projeler\/ozmert-cezayir-projesi\/\" \/>\r\n<meta property=\"og:locale\" content=\"tr_TR\" \/>\r\n<meta property=\"og:type\" content=\"article\" \/>\r\n<meta property=\"og:title\" content=\"\u00d6zmert Algeria Project - NNG Energy\" \/>\r\n<meta property=\"og:description\" content=\"NNG Energy installed four Taurus 60 gas turbines in Algeria, boosting factory power from 10 MW grid limit to reliable, sustainable 120 MW capacity\" \/>\r\n<meta property=\"og:url\" content=\"https:\/\/nngenergy.com\/tr\/secili-projeler\/ozmert-cezayir-projesi\/\" \/>\r\n<meta property=\"og:site_name\" content=\"NNG Energy\" \/>\r\n<meta property=\"article:publisher\" content=\"https:\/\/www.facebook.com\/profile.php?id=61560874295001\" \/>\r\n<meta property=\"article:modified_time\" content=\"2025-08-14T16:35:18+00:00\" \/>\r\n<meta property=\"og:image\" content=\"https:\/\/nngenergy.com\/wp-content\/uploads\/2024\/11\/OZMERT.jpg\" \/>\r\n<meta name=\"twitter:card\" content=\"summary_large_image\" \/>\r\n<meta name=\"twitter:label1\" content=\"Tahmini okuma s\u00fcresi\" \/>\n\t<meta name=\"twitter:data1\" content=\"2 dakika\" \/>\r\n<script type=\"application\/ld+json\" class=\"yoast-schema-graph\">{\"@context\":\"https:\/\/schema.org\",\"@graph\":[{\"@type\":\"WebPage\",\"@id\":\"https:\/\/nngenergy.com\/tr\/secili-projeler\/ozmert-cezayir-projesi\/\",\"url\":\"https:\/\/nngenergy.com\/tr\/secili-projeler\/ozmert-cezayir-projesi\/\",\"name\":\"\u00d6zmert Algeria Project - NNG Energy\",\"isPartOf\":{\"@id\":\"https:\/\/nngenergy.com\/#website\"},\"primaryImageOfPage\":{\"@id\":\"https:\/\/nngenergy.com\/tr\/secili-projeler\/ozmert-cezayir-projesi\/#primaryimage\"},\"image\":{\"@id\":\"https:\/\/nngenergy.com\/tr\/secili-projeler\/ozmert-cezayir-projesi\/#primaryimage\"},\"thumbnailUrl\":\"https:\/\/nngenergy.com\/wp-content\/uploads\/2024\/11\/OZMERT.jpg\",\"datePublished\":\"2024-11-20T08:56:50+00:00\",\"dateModified\":\"2025-08-14T16:35:18+00:00\",\"description\":\"NNG Energy installed four Taurus 60 gas turbines in Algeria, boosting factory power from 10 MW grid limit to reliable, sustainable 120 MW capacity\",\"breadcrumb\":{\"@id\":\"https:\/\/nngenergy.com\/tr\/secili-projeler\/ozmert-cezayir-projesi\/#breadcrumb\"},\"inLanguage\":\"tr\",\"potentialAction\":[{\"@type\":\"ReadAction\",\"target\":[\"https:\/\/nngenergy.com\/tr\/secili-projeler\/ozmert-cezayir-projesi\/\"]}]},{\"@type\":\"ImageObject\",\"inLanguage\":\"tr\",\"@id\":\"https:\/\/nngenergy.com\/tr\/secili-projeler\/ozmert-cezayir-projesi\/#primaryimage\",\"url\":\"https:\/\/nngenergy.com\/wp-content\/uploads\/2024\/11\/OZMERT.jpg\",\"contentUrl\":\"https:\/\/nngenergy.com\/wp-content\/uploads\/2024\/11\/OZMERT.jpg\"},{\"@type\":\"BreadcrumbList\",\"@id\":\"https:\/\/nngenergy.com\/tr\/secili-projeler\/ozmert-cezayir-projesi\/#breadcrumb\",\"itemListElement\":[{\"@type\":\"ListItem\",\"position\":1,\"name\":\"Home\",\"item\":\"https:\/\/nngenergy.com\/\"},{\"@type\":\"ListItem\",\"position\":2,\"name\":\"Case Studies\",\"item\":\"https:\/\/nngenergy.com\/tr\/secili-projeler\/\"},{\"@type\":\"ListItem\",\"position\":3,\"name\":\"\u00d6zmert Algeria Project\"}]},{\"@type\":\"WebSite\",\"@id\":\"https:\/\/nngenergy.com\/#website\",\"url\":\"https:\/\/nngenergy.com\/\",\"name\":\"NNG Enerji\",\"description\":\"\",\"publisher\":{\"@id\":\"https:\/\/nngenergy.com\/#organization\"},\"potentialAction\":[{\"@type\":\"SearchAction\",\"target\":{\"@type\":\"EntryPoint\",\"urlTemplate\":\"https:\/\/nngenergy.com\/?s={search_term_string}\"},\"query-input\":{\"@type\":\"PropertyValueSpecification\",\"valueRequired\":true,\"valueName\":\"search_term_string\"}}],\"inLanguage\":\"tr\"},{\"@type\":\"Organization\",\"@id\":\"https:\/\/nngenergy.com\/#organization\",\"name\":\"NNG Enerji\",\"url\":\"https:\/\/nngenergy.com\/\",\"logo\":{\"@type\":\"ImageObject\",\"inLanguage\":\"tr\",\"@id\":\"https:\/\/nngenergy.com\/#\/schema\/logo\/image\/\",\"url\":\"https:\/\/nngenergy.com\/wp-content\/uploads\/2024\/09\/logo-disi.png\",\"contentUrl\":\"https:\/\/nngenergy.com\/wp-content\/uploads\/2024\/09\/logo-disi.png\",\"width\":566,\"height\":289,\"caption\":\"NNG Enerji\"},\"image\":{\"@id\":\"https:\/\/nngenergy.com\/#\/schema\/logo\/image\/\"},\"sameAs\":[\"https:\/\/www.facebook.com\/profile.php?id=61560874295001\",\"https:\/\/www.youtube.com\/@nng.energy\",\"https:\/\/www.linkedin.com\/company\/nng-enerji-teknoloji\/\",\"https:\/\/www.instagram.com\/nng.energy?igsh=c3FqZmVnbmhuaDRh\"]}]}<\/script>\r\n<!-- \/ Yoast SEO plugin. -->","yoast_head_json":{"title":"\u00d6zmert Cezayir Projesi","description":"NNG Energy installed four Taurus 60 gas turbines in Algeria, boosting factory power from 10 MW grid limit to reliable, sustainable 120 MW capacity","robots":{"index":"index","follow":"follow","max-snippet":"max-snippet:-1","max-image-preview":"max-image-preview:large","max-video-preview":"max-video-preview:-1"},"canonical":"https:\/\/nngenergy.com\/tr\/secili-projeler\/ozmert-cezayir-projesi\/","og_locale":"tr_TR","og_type":"article","og_title":"\u00d6zmert Algeria Project - NNG Energy","og_description":"NNG Energy installed four Taurus 60 gas turbines in Algeria, boosting factory power from 10 MW grid limit to reliable, sustainable 120 MW capacity","og_url":"https:\/\/nngenergy.com\/tr\/secili-projeler\/ozmert-cezayir-projesi\/","og_site_name":"NNG Energy","article_publisher":"https:\/\/www.facebook.com\/profile.php?id=61560874295001","article_modified_time":"2025-08-14T16:35:18+00:00","og_image":[{"url":"https:\/\/nngenergy.com\/wp-content\/uploads\/2024\/11\/OZMERT.jpg","type":"","width":"","height":""}],"twitter_card":"summary_large_image","twitter_misc":{"Tahmini okuma s\u00fcresi":"2 dakika"},"schema":{"@context":"https:\/\/schema.org","@graph":[{"@type":"WebPage","@id":"https:\/\/nngenergy.com\/tr\/secili-projeler\/ozmert-cezayir-projesi\/","url":"https:\/\/nngenergy.com\/tr\/secili-projeler\/ozmert-cezayir-projesi\/","name":"\u00d6zmert Cezayir Projesi","isPartOf":{"@id":"https:\/\/nngenergy.com\/#website"},"primaryImageOfPage":{"@id":"https:\/\/nngenergy.com\/tr\/secili-projeler\/ozmert-cezayir-projesi\/#primaryimage"},"image":{"@id":"https:\/\/nngenergy.com\/tr\/secili-projeler\/ozmert-cezayir-projesi\/#primaryimage"},"thumbnailUrl":"https:\/\/nngenergy.com\/wp-content\/uploads\/2024\/11\/OZMERT.jpg","datePublished":"2024-11-20T08:56:50+00:00","dateModified":"2025-08-14T16:35:18+00:00","description":"NNG Energy installed four Taurus 60 gas turbines in Algeria, boosting factory power from 10 MW grid limit to reliable, sustainable 120 MW capacity","breadcrumb":{"@id":"https:\/\/nngenergy.com\/tr\/secili-projeler\/ozmert-cezayir-projesi\/#breadcrumb"},"inLanguage":"tr","potentialAction":[{"@type":"ReadAction","target":["https:\/\/nngenergy.com\/tr\/secili-projeler\/ozmert-cezayir-projesi\/"]}]},{"@type":"ImageObject","inLanguage":"tr","@id":"https:\/\/nngenergy.com\/tr\/secili-projeler\/ozmert-cezayir-projesi\/#primaryimage","url":"https:\/\/nngenergy.com\/wp-content\/uploads\/2024\/11\/OZMERT.jpg","contentUrl":"https:\/\/nngenergy.com\/wp-content\/uploads\/2024\/11\/OZMERT.jpg"},{"@type":"BreadcrumbList","@id":"https:\/\/nngenergy.com\/tr\/secili-projeler\/ozmert-cezayir-projesi\/#breadcrumb","itemListElement":[{"@type":"ListItem","position":1,"name":"Home","item":"https:\/\/nngenergy.com\/"},{"@type":"ListItem","position":2,"name":"Case Studies","item":"https:\/\/nngenergy.com\/tr\/secili-projeler\/"},{"@type":"ListItem","position":3,"name":"\u00d6zmert Algeria Project"}]},{"@type":"WebSite","@id":"https:\/\/nngenergy.com\/#website","url":"https:\/\/nngenergy.com\/","name":"NNG Enerji","description":"","publisher":{"@id":"https:\/\/nngenergy.com\/#organization"},"potentialAction":[{"@type":"SearchAction","target":{"@type":"EntryPoint","urlTemplate":"https:\/\/nngenergy.com\/?s={search_term_string}"},"query-input":{"@type":"PropertyValueSpecification","valueRequired":true,"valueName":"search_term_string"}}],"inLanguage":"tr"},{"@type":"Organization","@id":"https:\/\/nngenergy.com\/#organization","name":"NNG Enerji","url":"https:\/\/nngenergy.com\/","logo":{"@type":"ImageObject","inLanguage":"tr","@id":"https:\/\/nngenergy.com\/#\/schema\/logo\/image\/","url":"https:\/\/nngenergy.com\/wp-content\/uploads\/2024\/09\/logo-disi.png","contentUrl":"https:\/\/nngenergy.com\/wp-content\/uploads\/2024\/09\/logo-disi.png","width":566,"height":289,"caption":"NNG Enerji"},"image":{"@id":"https:\/\/nngenergy.com\/#\/schema\/logo\/image\/"},"sameAs":["https:\/\/www.facebook.com\/profile.php?id=61560874295001","https:\/\/www.youtube.com\/@nng.energy","https:\/\/www.linkedin.com\/company\/nng-enerji-teknoloji\/","https:\/\/www.instagram.com\/nng.energy?igsh=c3FqZmVnbmhuaDRh"]}]}},"_links":{"self":[{"href":"https:\/\/nngenergy.com\/tr\/wp-json\/wp\/v2\/pages\/647","targetHints":{"allow":["GET"]}}],"collection":[{"href":"https:\/\/nngenergy.com\/tr\/wp-json\/wp\/v2\/pages"}],"about":[{"href":"https:\/\/nngenergy.com\/tr\/wp-json\/wp\/v2\/types\/page"}],"author":[{"embeddable":true,"href":"https:\/\/nngenergy.com\/tr\/wp-json\/wp\/v2\/users\/1"}],"replies":[{"embeddable":true,"href":"https:\/\/nngenergy.com\/tr\/wp-json\/wp\/v2\/comments?post=647"}],"version-history":[{"count":14,"href":"https:\/\/nngenergy.com\/tr\/wp-json\/wp\/v2\/pages\/647\/revisions"}],"predecessor-version":[{"id":2225,"href":"https:\/\/nngenergy.com\/tr\/wp-json\/wp\/v2\/pages\/647\/revisions\/2225"}],"up":[{"embeddable":true,"href":"https:\/\/nngenergy.com\/tr\/wp-json\/wp\/v2\/pages\/984"}],"wp:attachment":[{"href":"https:\/\/nngenergy.com\/tr\/wp-json\/wp\/v2\/media?parent=647"}],"curies":[{"name":"wp","href":"https:\/\/api.w.org\/{rel}","templated":true}]}}