{"id":545,"date":"2024-11-20T09:19:40","date_gmt":"2024-11-20T06:19:40","guid":{"rendered":"https:\/\/nngenergy.com\/?page_id=545"},"modified":"2025-07-30T17:57:39","modified_gmt":"2025-07-30T14:57:39","slug":"bakim-hizmetleri","status":"publish","type":"page","link":"https:\/\/nngenergy.com\/tr\/cozumler\/bakim-hizmetleri\/","title":{"rendered":"Bak\u0131m Hizmetleri"},"content":{"rendered":"<div data-elementor-type=\"wp-page\" data-elementor-id=\"545\" class=\"elementor elementor-545\" data-elementor-post-type=\"page\">\n\t\t\t\t<div class=\"elementor-element elementor-element-bb6c53f e-flex e-con-boxed e-con e-parent\" data-id=\"bb6c53f\" data-element_type=\"container\" data-settings=\"{&quot;background_background&quot;:&quot;classic&quot;}\">\n\t\t\t\t\t<div class=\"e-con-inner\">\n\t\t\t\t<div class=\"elementor-element elementor-element-d29c95d elementor-widget elementor-widget-heading\" data-id=\"d29c95d\" data-element_type=\"widget\" data-widget_type=\"heading.default\">\n\t\t\t\t<div class=\"elementor-widget-container\">\n\t\t\t\t\t<h1 class=\"elementor-heading-title elementor-size-default\">\u00c7\u00d6Z\u00dcMLER<\/h1>\t\t\t\t<\/div>\n\t\t\t\t<\/div>\n\t\t\t\t<div class=\"elementor-element elementor-element-b4d87fb elementor-widget elementor-widget-heading\" data-id=\"b4d87fb\" data-element_type=\"widget\" data-widget_type=\"heading.default\">\n\t\t\t\t<div class=\"elementor-widget-container\">\n\t\t\t\t\t<h2 class=\"elementor-heading-title elementor-size-default\"><\/h2>\t\t\t\t<\/div>\n\t\t\t\t<\/div>\n\t\t\t\t\t<\/div>\n\t\t\t\t<\/div>\n\t\t<div class=\"elementor-element elementor-element-264a05d e-flex e-con-boxed e-con e-parent\" data-id=\"264a05d\" data-element_type=\"container\">\n\t\t\t\t\t<div class=\"e-con-inner\">\n\t\t\t\t<div class=\"elementor-element elementor-element-3f4100c elementor-widget elementor-widget-hfe-breadcrumbs-widget\" data-id=\"3f4100c\" data-element_type=\"widget\" data-widget_type=\"hfe-breadcrumbs-widget.default\">\n\t\t\t\t<div class=\"elementor-widget-container\">\n\t\t\t\t\t<nav aria-label=\"Breadcrumb\"><ul class=\"hfe-breadcrumbs hfe-breadcrumbs-show-home\"><li class=\"hfe-breadcrumbs-item hfe-breadcrumbs-first\"><span class=\"hfe-breadcrumbs-home-icon\"><\/span><a href=\"https:\/\/nngenergy.com\/tr\"><span class=\"hfe-breadcrumbs-text\">Ana Sayfa<\/span><\/a><\/li><\/ul><\/nav>\t\t\t\t<\/div>\n\t\t\t\t<\/div>\n\t\t\t\t\t<\/div>\n\t\t\t\t<\/div>\n\t\t<div class=\"elementor-element elementor-element-382801d elementor-hidden-desktop e-flex e-con-boxed e-con e-parent\" data-id=\"382801d\" data-element_type=\"container\">\n\t\t\t\t\t<div class=\"e-con-inner\">\n\t\t\t\t<div class=\"elementor-element elementor-element-619c85c elementor-widget elementor-widget-shortcode\" data-id=\"619c85c\" data-element_type=\"widget\" data-widget_type=\"shortcode.default\">\n\t\t\t\t<div class=\"elementor-widget-container\">\n\t\t\t\t\t\t\t<div class=\"elementor-shortcode\"><ul class=\"child-pages-list\"><li><a href=\"https:\/\/nngenergy.com\/tr\/cozumler\/kojenerasyon-isi-ve-guc-birlesik-uretimi-tesisleri\/\">Kojenerasyon (Is\u0131 ve G\u00fc\u00e7 Birle\u015fik \u00dcretimi) Tesisleri<\/a><\/li><li><a href=\"https:\/\/nngenergy.com\/tr\/cozumler\/paket\/\">Paket<\/a><\/li><li><a href=\"https:\/\/nngenergy.com\/tr\/cozumler\/kontrol-sistem-servisi\/\">Kontrol Sistem Servisi<\/a><\/li><li><a href=\"https:\/\/nngenergy.com\/tr\/cozumler\/jenerator-bakim-revizyon\/\">Jenerat\u00f6r Bak\u0131m &amp; Revizyon<\/a><\/li><li><a href=\"https:\/\/nngenergy.com\/tr\/cozumler\/paketleme-revizyon-guclendirme-ve-kontrol-yukseltmeleri\/\">Paketleme, Revizyon, G\u00fc\u00e7lendirme ve Kontrol Y\u00fckseltmeleri<\/a><\/li><li><a href=\"https:\/\/nngenergy.com\/tr\/cozumler\/bakim-hizmetleri\/\">Bak\u0131m Hizmetleri<\/a><\/li><li><a href=\"https:\/\/nngenergy.com\/tr\/cozumler\/dunya-capinda-7-24-servis\/\">\u0130htiyac\u0131n\u0131z halinde 7\/24 destek<\/a><\/li><li><a href=\"https:\/\/nngenergy.com\/tr\/cozumler\/tamamlayici-hizmetler\/\">Tamamlay\u0131c\u0131 Hizmetler<\/a><\/li><\/ul><\/div>\n\t\t\t\t\t\t<\/div>\n\t\t\t\t<\/div>\n\t\t\t\t\t<\/div>\n\t\t\t\t<\/div>\n\t\t<div class=\"elementor-element elementor-element-063912d elementor-hidden-tablet elementor-hidden-mobile e-flex e-con-boxed e-con e-parent\" data-id=\"063912d\" data-element_type=\"container\">\n\t\t\t\t\t<div class=\"e-con-inner\">\n\t\t\t\t<div class=\"elementor-element elementor-element-add02b3 elementor-widget elementor-widget-shortcode\" data-id=\"add02b3\" data-element_type=\"widget\" data-widget_type=\"shortcode.default\">\n\t\t\t\t<div class=\"elementor-widget-container\">\n\t\t\t\t\t\t\t<div class=\"elementor-shortcode\"><div class=\"child-pages-container\"><div class=\"child-page-item\"><a href=\"https:\/\/nngenergy.com\/tr\/cozumler\/kojenerasyon-isi-ve-guc-birlesik-uretimi-tesisleri\/\"><span style=\"font-size:14px\">Kojenerasyon Tesisleri<\/span><\/a><\/div><div class=\"child-page-item\"><a href=\"https:\/\/nngenergy.com\/tr\/cozumler\/paket\/\"><span style=\"font-size:14px\">Paket<\/span><\/a><\/div><div class=\"child-page-item\"><a href=\"https:\/\/nngenergy.com\/tr\/cozumler\/kontrol-sistem-servisi\/\"><span style=\"font-size:14px\">Kontrol Sistem Servisi<\/span><\/a><\/div><div class=\"child-page-item\"><a href=\"https:\/\/nngenergy.com\/tr\/cozumler\/jenerator-bakim-revizyon\/\"><span style=\"font-size:14px\">Jenerat\u00f6r Bak\u0131m &amp; Revizyon<\/span><\/a><\/div><div class=\"child-page-item\"><a href=\"https:\/\/nngenergy.com\/tr\/cozumler\/paketleme-revizyon-guclendirme-ve-kontrol-yukseltmeleri\/\"><span style=\"font-size:14px\">Ambalajlama, Revizyon, Yenileme ve Kontrol G\u00fcncelleme<\/span><\/a><\/div><div class=\"child-page-item\"><a href=\"https:\/\/nngenergy.com\/tr\/cozumler\/bakim-hizmetleri\/\"><span style=\"font-size:14px\">Bak\u0131m Hizmetleri<\/span><\/a><\/div><div class=\"child-page-item\"><a href=\"https:\/\/nngenergy.com\/tr\/cozumler\/dunya-capinda-7-24-servis\/\"><span style=\"font-size:14px\">\u0130htiyac\u0131n\u0131z halinde 7\/24 destek<\/span><\/a><\/div><div class=\"child-page-item current-page\"><a href=\"https:\/\/nngenergy.com\/tr\/cozumler\/tamamlayici-hizmetler\/\"><span style=\"font-size:14px\">Tamamlay\u0131c\u0131 Hizmetler<\/span><\/a><\/div><\/div><\/div>\n\t\t\t\t\t\t<\/div>\n\t\t\t\t<\/div>\n\t\t\t\t\t<\/div>\n\t\t\t\t<\/div>\n\t\t<div class=\"elementor-element elementor-element-30f0d7f e-flex e-con-boxed e-con e-parent\" data-id=\"30f0d7f\" data-element_type=\"container\">\n\t\t\t\t\t<div class=\"e-con-inner\">\n\t\t<div class=\"elementor-element elementor-element-15a167a e-con-full e-flex e-con e-child\" data-id=\"15a167a\" data-element_type=\"container\">\n\t\t\t\t<div class=\"elementor-element elementor-element-7fe2db5 elementor-widget elementor-widget-image\" data-id=\"7fe2db5\" data-element_type=\"widget\" data-widget_type=\"image.default\">\n\t\t\t\t<div class=\"elementor-widget-container\">\n\t\t\t\t\t\t\t\t\t\t\t\t\t\t\t<img fetchpriority=\"high\" decoding=\"async\" width=\"849\" height=\"683\" src=\"https:\/\/nngenergy.com\/wp-content\/uploads\/2024\/10\/Rectangle-3464146.jpg\" class=\"attachment-large size-large wp-image-328\" alt=\"Kojenerasyon Tesisleri\" srcset=\"https:\/\/nngenergy.com\/wp-content\/uploads\/2024\/10\/Rectangle-3464146.jpg 849w, https:\/\/nngenergy.com\/wp-content\/uploads\/2024\/10\/Rectangle-3464146-300x241.jpg 300w, https:\/\/nngenergy.com\/wp-content\/uploads\/2024\/10\/Rectangle-3464146-768x618.jpg 768w, https:\/\/nngenergy.com\/wp-content\/uploads\/2024\/10\/Rectangle-3464146-15x12.jpg 15w, https:\/\/nngenergy.com\/wp-content\/uploads\/2024\/10\/Rectangle-3464146-200x161.jpg 200w\" sizes=\"(max-width: 849px) 100vw, 849px\" \/>\t\t\t\t\t\t\t\t\t\t\t\t\t\t\t<\/div>\n\t\t\t\t<\/div>\n\t\t\t\t<\/div>\n\t\t<div class=\"elementor-element elementor-element-ed3f019 e-con-full e-flex e-con e-child\" data-id=\"ed3f019\" data-element_type=\"container\">\n\t\t\t\t<div class=\"elementor-element elementor-element-bde11c5 elementor-widget elementor-widget-heading\" data-id=\"bde11c5\" data-element_type=\"widget\" data-widget_type=\"heading.default\">\n\t\t\t\t<div class=\"elementor-widget-container\">\n\t\t\t\t\t<h3 class=\"elementor-heading-title elementor-size-default\"><\/h3>\t\t\t\t<\/div>\n\t\t\t\t<\/div>\n\t\t\t\t<div class=\"elementor-element elementor-element-2610c73 elementor-widget elementor-widget-text-editor\" data-id=\"2610c73\" data-element_type=\"widget\" data-widget_type=\"text-editor.default\">\n\t\t\t\t<div class=\"elementor-widget-container\">\n\t\t\t\t\t\t\t\t\t<p>NNG Energy, her m\u00fc\u015fterinin \u00f6zel gereksinimlerine uygun olarak tasarlanm\u0131\u015f k\u0131sa ve uzun vadeli planlarla kapsaml\u0131 bak\u0131m hizmetleri sunar. Gaz t\u00fcrbinleri, gaz motorlar\u0131 ve Leroy-Somer jenerat\u00f6rlerinin bak\u0131m\u0131 konusunda geni\u015f deneyime sahip ekibimiz, d\u00fcnya \u00e7ap\u0131ndaki m\u00fc\u015fterilere \u00fcst d\u00fczey destek sa\u011flar. Geli\u015fmi\u015f te\u015fhis ara\u00e7lar\u0131yla donat\u0131lm\u0131\u015f ekibimiz, sistem verimlili\u011fini ve g\u00fcvenilirli\u011fini korumak i\u00e7in boroskop incelemeleri, hizalama do\u011frulamas\u0131, titre\u015fim te\u015fhisi, k\u0131smi de\u015farj analizi ve elektriksel testler** gibi kritik de\u011ferlendirmeleri ger\u00e7ekle\u015ftirir.<\/p>\t\t\t\t\t\t\t\t<\/div>\n\t\t\t\t<\/div>\n\t\t\t\t<\/div>\n\t\t\t\t\t<\/div>\n\t\t\t\t<\/div>\n\t\t<div class=\"elementor-element elementor-element-38cc8cb e-flex e-con-boxed e-con e-parent\" data-id=\"38cc8cb\" data-element_type=\"container\">\n\t\t\t\t\t<div class=\"e-con-inner\">\n\t\t<div class=\"elementor-element elementor-element-1fb309b e-con-full e-flex e-con e-child\" data-id=\"1fb309b\" data-element_type=\"container\">\n\t\t\t\t<div class=\"elementor-element elementor-element-a7e681e elementor-widget elementor-widget-text-editor\" data-id=\"a7e681e\" data-element_type=\"widget\" data-widget_type=\"text-editor.default\">\n\t\t\t\t<div class=\"elementor-widget-container\">\n\t\t\t\t\t\t\t\t\t<p>Recognizing the impact of unexpected downtimes, our dedicated, fully-equipped team is on standby 24\/7 to deliver prompt, dependable troubleshooting and repairs. Whether on-site or remotely, our expert engineers and technicians provide swift solutions to minimize disruptions, ensuring seamless operations with high-quality support and technology.<\/p>\t\t\t\t\t\t\t\t<\/div>\n\t\t\t\t<\/div>\n\t\t\t\t<\/div>\n\t\t<div class=\"elementor-element elementor-element-996bf6c e-con-full e-flex e-con e-child\" data-id=\"996bf6c\" data-element_type=\"container\">\n\t\t\t\t<div class=\"elementor-element elementor-element-78a3687 elementor-widget elementor-widget-image\" data-id=\"78a3687\" data-element_type=\"widget\" data-widget_type=\"image.default\">\n\t\t\t\t<div class=\"elementor-widget-container\">\n\t\t\t\t\t\t\t\t\t\t\t\t\t\t\t<img decoding=\"async\" width=\"667\" height=\"1000\" data-src=\"https:\/\/nngenergy.com\/wp-content\/uploads\/2024\/11\/DSC08206.jpg\" class=\"attachment-large size-large wp-image-574 lazyload\" alt=\"Bak\u0131m Hizmetleri\" data-srcset=\"https:\/\/nngenergy.com\/wp-content\/uploads\/2024\/11\/DSC08206.jpg 667w, https:\/\/nngenergy.com\/wp-content\/uploads\/2024\/11\/DSC08206-200x300.jpg 200w\" data-sizes=\"(max-width: 667px) 100vw, 667px\" src=\"data:image\/svg+xml;base64,PHN2ZyB3aWR0aD0iMSIgaGVpZ2h0PSIxIiB4bWxucz0iaHR0cDovL3d3dy53My5vcmcvMjAwMC9zdmciPjwvc3ZnPg==\" style=\"--smush-placeholder-width: 667px; --smush-placeholder-aspect-ratio: 667\/1000;\" \/>\t\t\t\t\t\t\t\t\t\t\t\t\t\t\t<\/div>\n\t\t\t\t<\/div>\n\t\t\t\t<\/div>\n\t\t\t\t\t<\/div>\n\t\t\t\t<\/div>\n\t\t<div class=\"elementor-element elementor-element-79a86d3 e-flex e-con-boxed e-con e-parent\" data-id=\"79a86d3\" data-element_type=\"container\">\n\t\t\t\t\t<div class=\"e-con-inner\">\n\t\t\t\t<div class=\"elementor-element elementor-element-ae96a83 elementor-widget elementor-widget-text-editor\" data-id=\"ae96a83\" data-element_type=\"widget\" data-widget_type=\"text-editor.default\">\n\t\t\t\t<div class=\"elementor-widget-container\">\n\t\t\t\t\t\t\t\t\t<p class=\"translation-block\">Enerji ihtiya\u00e7lar\u0131n\u0131z\u0131 kar\u015f\u0131lamaya y\u00f6nelik kapsaml\u0131 \u00e7\u00f6z\u00fcmlerimizi ke\u015ffetmek i\u00e7in kapsaml\u0131 <strong>Ne Sunuyoruz<\/strong> b\u00f6l\u00fcm\u00fcm\u00fcz\u00fc ke\u015ffedin. Y\u00fcksek performansl\u0131 gaz t\u00fcrbinleri ve jenerat\u00f6rlerden k\u00fcresel bak\u0131m ve deste\u011fe kadar, hizmetlerimiz ve \u00fcr\u00fcnlerimiz benzersiz g\u00fcvenilirlik ve verimlilik sa\u011flamak \u00fczere tasarlanm\u0131\u015ft\u0131r. Sunduklar\u0131m\u0131z ve operasyonel performans\u0131n\u0131z\u0131 nas\u0131l art\u0131rabilece\u011fimiz hakk\u0131nda daha fazla bilgi edinmek i\u00e7in a\u015fa\u011f\u0131daki se\u00e7eneklerden birini se\u00e7in.<\/p>\t\t\t\t\t\t\t\t<\/div>\n\t\t\t\t<\/div>\n\t\t\t\t<div class=\"elementor-element elementor-element-d02ffba elementor-widget elementor-widget-shortcode\" data-id=\"d02ffba\" data-element_type=\"widget\" data-widget_type=\"shortcode.default\">\n\t\t\t\t<div class=\"elementor-widget-container\">\n\t\t\t\t\t\t\t<div class=\"elementor-shortcode\"><ul class=\"child-pages-list\"><li><a href=\"https:\/\/nngenergy.com\/tr\/neler-sunuyoruz\/gaz-turbinleri\/\">Gaz T\u00fcrbinleri<\/a><\/li><li><a href=\"https:\/\/nngenergy.com\/tr\/neler-sunuyoruz\/gaz-turbini-gaz-motorlari-paket-ve-kontrol-sistemi-guncellemesi\/\">Gas Turbine\/Engines Package &#038; Control System<\/a><\/li><li><a href=\"https:\/\/nngenergy.com\/tr\/neler-sunuyoruz\/jeneratorler-bakim-revizyon\/\">Jenerat\u00f6rler Bak\u0131m &amp; Revizyon<\/a><\/li><li><a href=\"https:\/\/nngenergy.com\/tr\/neler-sunuyoruz\/benzinli-motorlar-paket-ve-bilesenleri\/\">Benzinli Motorlar Paket ve Bile\u015fenleri<\/a><\/li><li><a href=\"https:\/\/nngenergy.com\/tr\/neler-sunuyoruz\/bakim-ve-sorun-giderme-hizmetleri\/\">Bak\u0131m ve Sorun Giderme Hizmetleri<\/a><\/li><li><a href=\"https:\/\/nngenergy.com\/tr\/neler-sunuyoruz\/dunya-capinda-7-24-servis-2\/\">D\u00fcnya \u00c7ap\u0131nda 7\/24 Servis<\/a><\/li><li><a href=\"https:\/\/nngenergy.com\/tr\/neler-sunuyoruz\/desteklenen-hizmetler-ve-urunler\/\">Desteklenen Hizmetler ve \u00dcr\u00fcnler<\/a><\/li><\/ul><\/div>\n\t\t\t\t\t\t<\/div>\n\t\t\t\t<\/div>\n\t\t\t\t\t<\/div>\n\t\t\t\t<\/div>\n\t\t\t\t<\/div>","protected":false},"excerpt":{"rendered":"<p>SOLUTIONS Home NNG Energy provides a full suite of maintenance services, offering both short-term and long-term plans specifically designed to [&hellip;]<\/p>","protected":false},"author":1,"featured_media":0,"parent":1181,"menu_order":31,"comment_status":"closed","ping_status":"closed","template":"","meta":{"site-sidebar-layout":"no-sidebar","site-content-layout":"","ast-site-content-layout":"full-width-container","site-content-style":"default","site-sidebar-style":"default","ast-global-header-display":"","ast-banner-title-visibility":"","ast-main-header-display":"","ast-hfb-above-header-display":"","ast-hfb-below-header-display":"","ast-hfb-mobile-header-display":"","site-post-title":"disabled","ast-breadcrumbs-content":"","ast-featured-img":"disabled","footer-sml-layout":"","ast-disable-related-posts":"","theme-transparent-header-meta":"default","adv-header-id-meta":"","stick-header-meta":"","header-above-stick-meta":"","header-main-stick-meta":"","header-below-stick-meta":"","astra-migrate-meta-layouts":"set","ast-page-background-enabled":"default","ast-page-background-meta":{"desktop":{"background-color":"var(--ast-global-color-4)","background-image":"","background-repeat":"repeat","background-position":"center center","background-size":"auto","background-attachment":"scroll","background-type":"","background-media":"","overlay-type":"","overlay-color":"","overlay-opacity":"","overlay-gradient":""},"tablet":{"background-color":"","background-image":"","background-repeat":"repeat","background-position":"center center","background-size":"auto","background-attachment":"scroll","background-type":"","background-media":"","overlay-type":"","overlay-color":"","overlay-opacity":"","overlay-gradient":""},"mobile":{"background-color":"","background-image":"","background-repeat":"repeat","background-position":"center center","background-size":"auto","background-attachment":"scroll","background-type":"","background-media":"","overlay-type":"","overlay-color":"","overlay-opacity":"","overlay-gradient":""}},"ast-content-background-meta":{"desktop":{"background-color":"var(--ast-global-color-5)","background-image":"","background-repeat":"repeat","background-position":"center center","background-size":"auto","background-attachment":"scroll","background-type":"","background-media":"","overlay-type":"","overlay-color":"","overlay-opacity":"","overlay-gradient":""},"tablet":{"background-color":"var(--ast-global-color-5)","background-image":"","background-repeat":"repeat","background-position":"center center","background-size":"auto","background-attachment":"scroll","background-type":"","background-media":"","overlay-type":"","overlay-color":"","overlay-opacity":"","overlay-gradient":""},"mobile":{"background-color":"var(--ast-global-color-5)","background-image":"","background-repeat":"repeat","background-position":"center center","background-size":"auto","background-attachment":"scroll","background-type":"","background-media":"","overlay-type":"","overlay-color":"","overlay-opacity":"","overlay-gradient":""}},"footnotes":""},"class_list":["post-545","page","type-page","status-publish","hentry"],"yoast_head":"<!-- This site is optimized with the Yoast SEO plugin v26.4 - https:\/\/yoast.com\/wordpress\/plugins\/seo\/ -->\r\n<title>Maintenance Services - NNG Energy<\/title>\r\n<meta name=\"description\" content=\"Increase your system efficiency with NNG Energy&#039;s maintenance services. Our expert team is always at your service.\" \/>\r\n<meta name=\"robots\" content=\"index, follow, max-snippet:-1, max-image-preview:large, max-video-preview:-1\" \/>\r\n<link rel=\"canonical\" href=\"https:\/\/nngenergy.com\/tr\/cozumler\/bakim-hizmetleri\/\" \/>\r\n<meta property=\"og:locale\" content=\"tr_TR\" \/>\r\n<meta property=\"og:type\" content=\"article\" \/>\r\n<meta property=\"og:title\" content=\"Maintenance Services - NNG Energy\" \/>\r\n<meta property=\"og:description\" content=\"Increase your system efficiency with NNG Energy&#039;s maintenance services. Our expert team is always at your service.\" \/>\r\n<meta property=\"og:url\" content=\"https:\/\/nngenergy.com\/tr\/cozumler\/bakim-hizmetleri\/\" \/>\r\n<meta property=\"og:site_name\" content=\"NNG Energy\" \/>\r\n<meta property=\"article:publisher\" content=\"https:\/\/www.facebook.com\/profile.php?id=61560874295001\" \/>\r\n<meta property=\"article:modified_time\" content=\"2025-07-30T14:57:39+00:00\" \/>\r\n<meta property=\"og:image\" content=\"https:\/\/nngenergy.com\/wp-content\/uploads\/2024\/10\/Rectangle-3464146.jpg\" \/>\r\n<meta name=\"twitter:card\" content=\"summary_large_image\" \/>\r\n<meta name=\"twitter:label1\" content=\"Tahmini okuma s\u00fcresi\" \/>\n\t<meta name=\"twitter:data1\" content=\"2 dakika\" \/>\r\n<script type=\"application\/ld+json\" class=\"yoast-schema-graph\">{\"@context\":\"https:\/\/schema.org\",\"@graph\":[{\"@type\":\"WebPage\",\"@id\":\"https:\/\/nngenergy.com\/es\/solutions\/maintenance-services\/\",\"url\":\"https:\/\/nngenergy.com\/es\/solutions\/maintenance-services\/\",\"name\":\"Maintenance Services - NNG Energy\",\"isPartOf\":{\"@id\":\"https:\/\/nngenergy.com\/#website\"},\"primaryImageOfPage\":{\"@id\":\"https:\/\/nngenergy.com\/es\/solutions\/maintenance-services\/#primaryimage\"},\"image\":{\"@id\":\"https:\/\/nngenergy.com\/es\/solutions\/maintenance-services\/#primaryimage\"},\"thumbnailUrl\":\"https:\/\/nngenergy.com\/wp-content\/uploads\/2024\/10\/Rectangle-3464146.jpg\",\"datePublished\":\"2024-11-20T06:19:40+00:00\",\"dateModified\":\"2025-07-30T14:57:39+00:00\",\"description\":\"Increase your system efficiency with NNG Energy's maintenance services. Our expert team is always at your service.\",\"breadcrumb\":{\"@id\":\"https:\/\/nngenergy.com\/es\/solutions\/maintenance-services\/#breadcrumb\"},\"inLanguage\":\"tr\",\"potentialAction\":[{\"@type\":\"ReadAction\",\"target\":[\"https:\/\/nngenergy.com\/es\/solutions\/maintenance-services\/\"]}]},{\"@type\":\"ImageObject\",\"inLanguage\":\"tr\",\"@id\":\"https:\/\/nngenergy.com\/es\/solutions\/maintenance-services\/#primaryimage\",\"url\":\"https:\/\/nngenergy.com\/wp-content\/uploads\/2024\/10\/Rectangle-3464146.jpg\",\"contentUrl\":\"https:\/\/nngenergy.com\/wp-content\/uploads\/2024\/10\/Rectangle-3464146.jpg\"},{\"@type\":\"BreadcrumbList\",\"@id\":\"https:\/\/nngenergy.com\/es\/solutions\/maintenance-services\/#breadcrumb\",\"itemListElement\":[{\"@type\":\"ListItem\",\"position\":1,\"name\":\"Home\",\"item\":\"https:\/\/nngenergy.com\/\"},{\"@type\":\"ListItem\",\"position\":2,\"name\":\"Solutions\",\"item\":\"https:\/\/nngenergy.com\/solutions\/\"},{\"@type\":\"ListItem\",\"position\":3,\"name\":\"Maintenance Services\"}]},{\"@type\":\"WebSite\",\"@id\":\"https:\/\/nngenergy.com\/#website\",\"url\":\"https:\/\/nngenergy.com\/\",\"name\":\"NNG Enerji\",\"description\":\"\",\"publisher\":{\"@id\":\"https:\/\/nngenergy.com\/#organization\"},\"potentialAction\":[{\"@type\":\"SearchAction\",\"target\":{\"@type\":\"EntryPoint\",\"urlTemplate\":\"https:\/\/nngenergy.com\/?s={search_term_string}\"},\"query-input\":{\"@type\":\"PropertyValueSpecification\",\"valueRequired\":true,\"valueName\":\"search_term_string\"}}],\"inLanguage\":\"tr\"},{\"@type\":\"Organization\",\"@id\":\"https:\/\/nngenergy.com\/#organization\",\"name\":\"NNG Enerji\",\"url\":\"https:\/\/nngenergy.com\/\",\"logo\":{\"@type\":\"ImageObject\",\"inLanguage\":\"tr\",\"@id\":\"https:\/\/nngenergy.com\/#\/schema\/logo\/image\/\",\"url\":\"https:\/\/nngenergy.com\/wp-content\/uploads\/2024\/09\/logo-disi.png\",\"contentUrl\":\"https:\/\/nngenergy.com\/wp-content\/uploads\/2024\/09\/logo-disi.png\",\"width\":566,\"height\":289,\"caption\":\"NNG Enerji\"},\"image\":{\"@id\":\"https:\/\/nngenergy.com\/#\/schema\/logo\/image\/\"},\"sameAs\":[\"https:\/\/www.facebook.com\/profile.php?id=61560874295001\",\"https:\/\/www.youtube.com\/@nng.energy\",\"https:\/\/www.linkedin.com\/company\/nng-enerji-teknoloji\/\",\"https:\/\/www.instagram.com\/nng.energy?igsh=c3FqZmVnbmhuaDRh\"]}]}<\/script>\r\n<!-- \/ Yoast SEO plugin. -->","yoast_head_json":{"title":"M\u00fc\u015fterilere uygun olarak tasarlanm\u0131\u015f bak\u0131m hizmetleri","description":"Increase your system efficiency with NNG Energy's maintenance services. Our expert team is always at your service.","robots":{"index":"index","follow":"follow","max-snippet":"max-snippet:-1","max-image-preview":"max-image-preview:large","max-video-preview":"max-video-preview:-1"},"canonical":"https:\/\/nngenergy.com\/tr\/cozumler\/bakim-hizmetleri\/","og_locale":"tr_TR","og_type":"article","og_title":"Maintenance Services - NNG Energy","og_description":"Increase your system efficiency with NNG Energy's maintenance services. Our expert team is always at your service.","og_url":"https:\/\/nngenergy.com\/tr\/cozumler\/bakim-hizmetleri\/","og_site_name":"NNG Energy","article_publisher":"https:\/\/www.facebook.com\/profile.php?id=61560874295001","article_modified_time":"2025-07-30T14:57:39+00:00","og_image":[{"url":"https:\/\/nngenergy.com\/wp-content\/uploads\/2024\/10\/Rectangle-3464146.jpg","type":"","width":"","height":""}],"twitter_card":"summary_large_image","twitter_misc":{"Tahmini okuma s\u00fcresi":"2 dakika"},"schema":{"@context":"https:\/\/schema.org","@graph":[{"@type":"WebPage","@id":"https:\/\/nngenergy.com\/es\/solutions\/maintenance-services\/","url":"https:\/\/nngenergy.com\/es\/solutions\/maintenance-services\/","name":"M\u00fc\u015fterilere uygun olarak tasarlanm\u0131\u015f bak\u0131m hizmetleri","isPartOf":{"@id":"https:\/\/nngenergy.com\/#website"},"primaryImageOfPage":{"@id":"https:\/\/nngenergy.com\/es\/solutions\/maintenance-services\/#primaryimage"},"image":{"@id":"https:\/\/nngenergy.com\/es\/solutions\/maintenance-services\/#primaryimage"},"thumbnailUrl":"https:\/\/nngenergy.com\/wp-content\/uploads\/2024\/10\/Rectangle-3464146.jpg","datePublished":"2024-11-20T06:19:40+00:00","dateModified":"2025-07-30T14:57:39+00:00","description":"Increase your system efficiency with NNG Energy's maintenance services. Our expert team is always at your service.","breadcrumb":{"@id":"https:\/\/nngenergy.com\/es\/solutions\/maintenance-services\/#breadcrumb"},"inLanguage":"tr","potentialAction":[{"@type":"ReadAction","target":["https:\/\/nngenergy.com\/es\/solutions\/maintenance-services\/"]}]},{"@type":"ImageObject","inLanguage":"tr","@id":"https:\/\/nngenergy.com\/es\/solutions\/maintenance-services\/#primaryimage","url":"https:\/\/nngenergy.com\/wp-content\/uploads\/2024\/10\/Rectangle-3464146.jpg","contentUrl":"https:\/\/nngenergy.com\/wp-content\/uploads\/2024\/10\/Rectangle-3464146.jpg"},{"@type":"BreadcrumbList","@id":"https:\/\/nngenergy.com\/es\/solutions\/maintenance-services\/#breadcrumb","itemListElement":[{"@type":"ListItem","position":1,"name":"Home","item":"https:\/\/nngenergy.com\/"},{"@type":"ListItem","position":2,"name":"Solutions","item":"https:\/\/nngenergy.com\/solutions\/"},{"@type":"ListItem","position":3,"name":"Maintenance Services"}]},{"@type":"WebSite","@id":"https:\/\/nngenergy.com\/#website","url":"https:\/\/nngenergy.com\/","name":"NNG Enerji","description":"","publisher":{"@id":"https:\/\/nngenergy.com\/#organization"},"potentialAction":[{"@type":"SearchAction","target":{"@type":"EntryPoint","urlTemplate":"https:\/\/nngenergy.com\/?s={search_term_string}"},"query-input":{"@type":"PropertyValueSpecification","valueRequired":true,"valueName":"search_term_string"}}],"inLanguage":"tr"},{"@type":"Organization","@id":"https:\/\/nngenergy.com\/#organization","name":"NNG Enerji","url":"https:\/\/nngenergy.com\/","logo":{"@type":"ImageObject","inLanguage":"tr","@id":"https:\/\/nngenergy.com\/#\/schema\/logo\/image\/","url":"https:\/\/nngenergy.com\/wp-content\/uploads\/2024\/09\/logo-disi.png","contentUrl":"https:\/\/nngenergy.com\/wp-content\/uploads\/2024\/09\/logo-disi.png","width":566,"height":289,"caption":"NNG Enerji"},"image":{"@id":"https:\/\/nngenergy.com\/#\/schema\/logo\/image\/"},"sameAs":["https:\/\/www.facebook.com\/profile.php?id=61560874295001","https:\/\/www.youtube.com\/@nng.energy","https:\/\/www.linkedin.com\/company\/nng-enerji-teknoloji\/","https:\/\/www.instagram.com\/nng.energy?igsh=c3FqZmVnbmhuaDRh"]}]}},"_links":{"self":[{"href":"https:\/\/nngenergy.com\/tr\/wp-json\/wp\/v2\/pages\/545","targetHints":{"allow":["GET"]}}],"collection":[{"href":"https:\/\/nngenergy.com\/tr\/wp-json\/wp\/v2\/pages"}],"about":[{"href":"https:\/\/nngenergy.com\/tr\/wp-json\/wp\/v2\/types\/page"}],"author":[{"embeddable":true,"href":"https:\/\/nngenergy.com\/tr\/wp-json\/wp\/v2\/users\/1"}],"replies":[{"embeddable":true,"href":"https:\/\/nngenergy.com\/tr\/wp-json\/wp\/v2\/comments?post=545"}],"version-history":[{"count":20,"href":"https:\/\/nngenergy.com\/tr\/wp-json\/wp\/v2\/pages\/545\/revisions"}],"predecessor-version":[{"id":2101,"href":"https:\/\/nngenergy.com\/tr\/wp-json\/wp\/v2\/pages\/545\/revisions\/2101"}],"up":[{"embeddable":true,"href":"https:\/\/nngenergy.com\/tr\/wp-json\/wp\/v2\/pages\/1181"}],"wp:attachment":[{"href":"https:\/\/nngenergy.com\/tr\/wp-json\/wp\/v2\/media?parent=545"}],"curies":[{"name":"wp","href":"https:\/\/api.w.org\/{rel}","templated":true}]}}