{"id":477,"date":"2024-11-19T21:21:32","date_gmt":"2024-11-19T18:21:32","guid":{"rendered":"https:\/\/nngenergy.com\/?page_id=477"},"modified":"2025-08-19T14:47:05","modified_gmt":"2025-08-19T11:47:05","slug":"paket","status":"publish","type":"page","link":"https:\/\/nngenergy.com\/tr\/cozumler\/paket\/","title":{"rendered":"Paket"},"content":{"rendered":"<div data-elementor-type=\"wp-page\" data-elementor-id=\"477\" class=\"elementor elementor-477\" data-elementor-post-type=\"page\">\n\t\t\t\t<div class=\"elementor-element elementor-element-c395bb1 e-flex e-con-boxed e-con e-parent\" data-id=\"c395bb1\" data-element_type=\"container\" data-e-type=\"container\" data-settings=\"{&quot;background_background&quot;:&quot;classic&quot;}\">\n\t\t\t\t\t<div class=\"e-con-inner\">\n\t\t\t\t<div class=\"elementor-element elementor-element-aaf987e elementor-widget elementor-widget-heading\" data-id=\"aaf987e\" data-element_type=\"widget\" data-e-type=\"widget\" data-widget_type=\"heading.default\">\n\t\t\t\t<div class=\"elementor-widget-container\">\n\t\t\t\t\t<h1 class=\"elementor-heading-title elementor-size-default\">\u00c7\u00d6Z\u00dcMLER<\/h1>\t\t\t\t<\/div>\n\t\t\t\t<\/div>\n\t\t\t\t<div class=\"elementor-element elementor-element-d27c4fb elementor-widget elementor-widget-heading\" data-id=\"d27c4fb\" data-element_type=\"widget\" data-e-type=\"widget\" data-widget_type=\"heading.default\">\n\t\t\t\t<div class=\"elementor-widget-container\">\n\t\t\t\t\t<h2 class=\"elementor-heading-title elementor-size-default\"><\/h2>\t\t\t\t<\/div>\n\t\t\t\t<\/div>\n\t\t\t\t\t<\/div>\n\t\t\t\t<\/div>\n\t\t<div class=\"elementor-element elementor-element-7a63a60 e-flex e-con-boxed e-con e-parent\" data-id=\"7a63a60\" data-element_type=\"container\" data-e-type=\"container\">\n\t\t\t\t\t<div class=\"e-con-inner\">\n\t\t\t\t<div class=\"elementor-element elementor-element-6c4e50d elementor-widget elementor-widget-hfe-breadcrumbs-widget\" data-id=\"6c4e50d\" data-element_type=\"widget\" data-e-type=\"widget\" data-widget_type=\"hfe-breadcrumbs-widget.default\">\n\t\t\t\t<div class=\"elementor-widget-container\">\n\t\t\t\t\t<nav aria-label=\"Breadcrumb\"><ul class=\"hfe-breadcrumbs hfe-breadcrumbs-show-home\"><li class=\"hfe-breadcrumbs-item hfe-breadcrumbs-first\"><span class=\"hfe-breadcrumbs-home-icon\"><\/span><a href=\"https:\/\/nngenergy.com\/tr\"><span class=\"hfe-breadcrumbs-text\">Ana Sayfa<\/span><\/a><\/li><\/ul><\/nav>\t\t\t\t<\/div>\n\t\t\t\t<\/div>\n\t\t\t\t\t<\/div>\n\t\t\t\t<\/div>\n\t\t<div class=\"elementor-element elementor-element-1b74e8d elementor-hidden-tablet elementor-hidden-mobile e-flex e-con-boxed e-con e-parent\" data-id=\"1b74e8d\" data-element_type=\"container\" data-e-type=\"container\">\n\t\t\t\t\t<div class=\"e-con-inner\">\n\t\t\t\t<div class=\"elementor-element elementor-element-fe04b51 elementor-widget elementor-widget-shortcode\" data-id=\"fe04b51\" data-element_type=\"widget\" data-e-type=\"widget\" data-widget_type=\"shortcode.default\">\n\t\t\t\t<div class=\"elementor-widget-container\">\n\t\t\t\t\t\t\t<div class=\"elementor-shortcode\"><div class=\"child-pages-container\"><div class=\"child-page-item\"><a href=\"https:\/\/nngenergy.com\/tr\/cozumler\/kojenerasyon-isi-ve-guc-birlesik-uretimi-tesisleri\/\"><span style=\"font-size:14px\">Kojenerasyon Tesisleri<\/span><\/a><\/div><div class=\"child-page-item current-page\"><a href=\"https:\/\/nngenergy.com\/tr\/cozumler\/paket\/\"><span style=\"font-size:14px\">Paket<\/span><\/a><\/div><div class=\"child-page-item\"><a href=\"https:\/\/nngenergy.com\/tr\/cozumler\/kontrol-sistem-servisi\/\"><span style=\"font-size:14px\">Kontrol Sistem Servisi<\/span><\/a><\/div><div class=\"child-page-item\"><a href=\"https:\/\/nngenergy.com\/tr\/cozumler\/jenerator-bakim-revizyon\/\"><span style=\"font-size:14px\">Jenerat\u00f6r Bak\u0131m &amp; Revizyon<\/span><\/a><\/div><div class=\"child-page-item\"><a href=\"https:\/\/nngenergy.com\/tr\/cozumler\/paketleme-revizyon-guclendirme-ve-kontrol-yukseltmeleri\/\"><span style=\"font-size:14px\">Ambalajlama, Revizyon, Yenileme ve Kontrol G\u00fcncelleme<\/span><\/a><\/div><div class=\"child-page-item\"><a href=\"https:\/\/nngenergy.com\/tr\/cozumler\/bakim-hizmetleri\/\"><span style=\"font-size:14px\">Bak\u0131m Hizmetleri<\/span><\/a><\/div><div class=\"child-page-item\"><a href=\"https:\/\/nngenergy.com\/tr\/cozumler\/dunya-capinda-7-24-servis\/\"><span style=\"font-size:14px\">\u0130htiyac\u0131n\u0131z halinde 7\/24 destek<\/span><\/a><\/div><div class=\"child-page-item\"><a href=\"https:\/\/nngenergy.com\/tr\/cozumler\/tamamlayici-hizmetler\/\"><span style=\"font-size:14px\">Tamamlay\u0131c\u0131 Hizmetler<\/span><\/a><\/div><\/div><\/div>\n\t\t\t\t\t\t<\/div>\n\t\t\t\t<\/div>\n\t\t\t\t\t<\/div>\n\t\t\t\t<\/div>\n\t\t<div class=\"elementor-element elementor-element-c92284c e-flex e-con-boxed e-con e-parent\" data-id=\"c92284c\" data-element_type=\"container\" data-e-type=\"container\">\n\t\t\t\t\t<div class=\"e-con-inner\">\n\t\t<div class=\"elementor-element elementor-element-d532ab3 e-con-full e-flex e-con e-child\" data-id=\"d532ab3\" data-element_type=\"container\" data-e-type=\"container\">\n\t\t\t\t<div class=\"elementor-element elementor-element-7fba24c elementor-widget elementor-widget-image\" data-id=\"7fba24c\" data-element_type=\"widget\" data-e-type=\"widget\" data-widget_type=\"image.default\">\n\t\t\t\t<div class=\"elementor-widget-container\">\n\t\t\t\t\t\t\t\t\t\t\t\t\t\t\t<img fetchpriority=\"high\" decoding=\"async\" width=\"1000\" height=\"667\" src=\"https:\/\/nngenergy.com\/wp-content\/uploads\/2024\/11\/NNG-PACKAGE-1.jpg\" class=\"attachment-large size-large wp-image-504\" alt=\"Paketleme, revizyon, g\u00fc\u00e7lendirme ve kontrol y\u00fckseltmeleri\" srcset=\"https:\/\/nngenergy.com\/wp-content\/uploads\/2024\/11\/NNG-PACKAGE-1.jpg 1000w, https:\/\/nngenergy.com\/wp-content\/uploads\/2024\/11\/NNG-PACKAGE-1-300x200.jpg 300w, https:\/\/nngenergy.com\/wp-content\/uploads\/2024\/11\/NNG-PACKAGE-1-768x512.jpg 768w, https:\/\/nngenergy.com\/wp-content\/uploads\/2024\/11\/NNG-PACKAGE-1-200x133.jpg 200w\" sizes=\"(max-width: 1000px) 100vw, 1000px\" \/>\t\t\t\t\t\t\t\t\t\t\t\t\t\t\t<\/div>\n\t\t\t\t<\/div>\n\t\t\t\t<\/div>\n\t\t<div class=\"elementor-element elementor-element-d57c30f e-con-full e-flex e-con e-child\" data-id=\"d57c30f\" data-element_type=\"container\" data-e-type=\"container\">\n\t\t\t\t<div class=\"elementor-element elementor-element-0fb551f elementor-widget elementor-widget-heading\" data-id=\"0fb551f\" data-element_type=\"widget\" data-e-type=\"widget\" data-widget_type=\"heading.default\">\n\t\t\t\t<div class=\"elementor-widget-container\">\n\t\t\t\t\t<h3 class=\"elementor-heading-title elementor-size-default\"><\/h3>\t\t\t\t<\/div>\n\t\t\t\t<\/div>\n\t\t\t\t<div class=\"elementor-element elementor-element-75456f8 elementor-widget elementor-widget-text-editor\" data-id=\"75456f8\" data-element_type=\"widget\" data-e-type=\"widget\" data-widget_type=\"text-editor.default\">\n\t\t\t\t<div class=\"elementor-widget-container\">\n\t\t\t\t\t\t\t\t\t<p>NNG Energy, gaz t\u00fcrbini paketlerinizi ba\u015ftan a\u015fa\u011f\u0131 yenileyerek \u201cs\u0131f\u0131r-saat\u201d durumuna getirir. Bu s\u00fcre\u00e7 t\u00fcm boyama, kaynak, mekanik montaj, elektrik montaj\u0131 ve paketlemeyi i\u00e7erir. M\u00fchendislik hizmetlerimiz gerekli t\u00fcm bile\u015fenleri belirler ve yenileriyle de\u011fi\u015ftirir ve en son standartlar\u0131 kar\u015f\u0131lad\u0131\u011f\u0131ndan emin olmak i\u00e7in kontrol sistemini revize ederiz. Yenileme s\u00fcrecini m\u00fc\u015fterilerimizin \u00f6zel ihtiya\u00e7lar\u0131n\u0131 kar\u015f\u0131layacak \u015fekilde uyarl\u0131yor, Solar Turbines'ten temin edilen d\u00fc\u015f\u00fck saatlik t\u00fcrbinler veya s\u0131f\u0131r saatlik t\u00fcrbinlerle donat\u0131lm\u0131\u015f gaz t\u00fcrbini paketleri sunuyoruz.<\/p>\t\t\t\t\t\t\t\t<\/div>\n\t\t\t\t<\/div>\n\t\t\t\t<\/div>\n\t\t\t\t\t<\/div>\n\t\t\t\t<\/div>\n\t\t<div class=\"elementor-element elementor-element-7c25d84 e-flex e-con-boxed e-con e-parent\" data-id=\"7c25d84\" data-element_type=\"container\" data-e-type=\"container\">\n\t\t\t\t\t<div class=\"e-con-inner\">\n\t\t<div class=\"elementor-element elementor-element-0ca509a e-con-full e-flex e-con e-child\" data-id=\"0ca509a\" data-element_type=\"container\" data-e-type=\"container\">\n\t\t\t\t<div class=\"elementor-element elementor-element-5cb8912 elementor-widget elementor-widget-text-editor\" data-id=\"5cb8912\" data-element_type=\"widget\" data-e-type=\"widget\" data-widget_type=\"text-editor.default\">\n\t\t\t\t<div class=\"elementor-widget-container\">\n\t\t\t\t\t\t\t\t\t<p>Gaz motorlar\u0131 i\u00e7in de benzer kapsaml\u0131 yenileme hizmetleri sunuyoruz. S\u0131f\u0131r saatlik gaz motorlar\u0131n\u0131 konteynerlerde paketliyoruz ve ikinci el motorlar i\u00e7in komple revizyonlar ger\u00e7ekle\u015ftiriyoruz. Buna k\u0131zak grubunun, ya\u011f hatt\u0131n\u0131n ve kontrol panellerinin revizyonu ile gerekti\u011finde yap\u0131lan de\u011fi\u015fiklikler de dahildir. Talep \u00fczerine, m\u00fc\u015fterinin tam gereksinimlerini kar\u015f\u0131lamak \u00fczere \u00f6zelle\u015ftirilmi\u015f, tamamen \u201cs\u0131f\u0131r-saatlik\u201d bir sistem sa\u011flayabiliriz.<\/p>\t\t\t\t\t\t\t\t<\/div>\n\t\t\t\t<\/div>\n\t\t\t\t<\/div>\n\t\t<div class=\"elementor-element elementor-element-1f246a9 e-con-full e-flex e-con e-child\" data-id=\"1f246a9\" data-element_type=\"container\" data-e-type=\"container\">\n\t\t\t\t<div class=\"elementor-element elementor-element-c53a5b4 elementor-widget elementor-widget-image\" data-id=\"c53a5b4\" data-element_type=\"widget\" data-e-type=\"widget\" data-widget_type=\"image.default\">\n\t\t\t\t<div class=\"elementor-widget-container\">\n\t\t\t\t\t\t\t\t\t\t\t\t\t\t\t<img decoding=\"async\" width=\"1000\" height=\"667\" data-src=\"https:\/\/nngenergy.com\/wp-content\/uploads\/2024\/11\/NNG-PACKAGE-2.jpg\" class=\"attachment-large size-large wp-image-503 lazyload\" alt=\"Gaz motorlar\u0131 i\u00e7in kapsaml\u0131 yenileme hizmetleri sunuyoruz.\" data-srcset=\"https:\/\/nngenergy.com\/wp-content\/uploads\/2024\/11\/NNG-PACKAGE-2.jpg 1000w, https:\/\/nngenergy.com\/wp-content\/uploads\/2024\/11\/NNG-PACKAGE-2-300x200.jpg 300w, https:\/\/nngenergy.com\/wp-content\/uploads\/2024\/11\/NNG-PACKAGE-2-768x512.jpg 768w, https:\/\/nngenergy.com\/wp-content\/uploads\/2024\/11\/NNG-PACKAGE-2-200x133.jpg 200w\" data-sizes=\"(max-width: 1000px) 100vw, 1000px\" src=\"data:image\/svg+xml;base64,PHN2ZyB3aWR0aD0iMSIgaGVpZ2h0PSIxIiB4bWxucz0iaHR0cDovL3d3dy53My5vcmcvMjAwMC9zdmciPjwvc3ZnPg==\" style=\"--smush-placeholder-width: 1000px; --smush-placeholder-aspect-ratio: 1000\/667;\" \/>\t\t\t\t\t\t\t\t\t\t\t\t\t\t\t<\/div>\n\t\t\t\t<\/div>\n\t\t\t\t<\/div>\n\t\t\t\t\t<\/div>\n\t\t\t\t<\/div>\n\t\t<div class=\"elementor-element elementor-element-95e3ecd e-flex e-con-boxed e-con e-parent\" data-id=\"95e3ecd\" data-element_type=\"container\" data-e-type=\"container\">\n\t\t\t\t\t<div class=\"e-con-inner\">\n\t\t\t\t<div class=\"elementor-element elementor-element-ce0a8c4 elementor-widget elementor-widget-text-editor\" data-id=\"ce0a8c4\" data-element_type=\"widget\" data-e-type=\"widget\" data-widget_type=\"text-editor.default\">\n\t\t\t\t<div class=\"elementor-widget-container\">\n\t\t\t\t\t\t\t\t\t<p class=\"translation-block\">Enerji ihtiya\u00e7lar\u0131n\u0131z\u0131 kar\u015f\u0131lamaya y\u00f6nelik kapsaml\u0131 \u00e7\u00f6z\u00fcmlerimizi ke\u015ffetmek i\u00e7in kapsaml\u0131 <strong>Ne Sunuyoruz<\/strong> b\u00f6l\u00fcm\u00fcm\u00fcz\u00fc ke\u015ffedin. Y\u00fcksek performansl\u0131 gaz t\u00fcrbinleri ve jenerat\u00f6rlerden k\u00fcresel bak\u0131m ve deste\u011fe kadar, hizmetlerimiz ve \u00fcr\u00fcnlerimiz benzersiz g\u00fcvenilirlik ve verimlilik sa\u011flamak \u00fczere tasarlanm\u0131\u015ft\u0131r. Sunduklar\u0131m\u0131z ve operasyonel performans\u0131n\u0131z\u0131 nas\u0131l art\u0131rabilece\u011fimiz hakk\u0131nda daha fazla bilgi edinmek i\u00e7in a\u015fa\u011f\u0131daki se\u00e7eneklerden birini se\u00e7in.<\/p>\t\t\t\t\t\t\t\t<\/div>\n\t\t\t\t<\/div>\n\t\t\t\t<div class=\"elementor-element elementor-element-81b13bb elementor-widget elementor-widget-shortcode\" data-id=\"81b13bb\" data-element_type=\"widget\" data-e-type=\"widget\" data-widget_type=\"shortcode.default\">\n\t\t\t\t<div class=\"elementor-widget-container\">\n\t\t\t\t\t\t\t<div class=\"elementor-shortcode\"><ul class=\"child-pages-list\"><li><a href=\"https:\/\/nngenergy.com\/tr\/neler-sunuyoruz\/gaz-turbinleri\/\">Gaz T\u00fcrbinleri<\/a><\/li><li><a href=\"https:\/\/nngenergy.com\/tr\/neler-sunuyoruz\/gaz-turbini-gaz-motorlari-paket-ve-kontrol-sistemi-guncellemesi\/\">Gas Turbine\/Engines Package &#038; Control System<\/a><\/li><li><a href=\"https:\/\/nngenergy.com\/tr\/neler-sunuyoruz\/jeneratorler-bakim-revizyon\/\">Jenerat\u00f6rler Bak\u0131m &amp; Revizyon<\/a><\/li><li><a href=\"https:\/\/nngenergy.com\/tr\/neler-sunuyoruz\/benzinli-motorlar-paket-ve-bilesenleri\/\">Benzinli Motorlar Paket ve Bile\u015fenleri<\/a><\/li><li><a href=\"https:\/\/nngenergy.com\/tr\/neler-sunuyoruz\/bakim-ve-sorun-giderme-hizmetleri\/\">Bak\u0131m ve Sorun Giderme Hizmetleri<\/a><\/li><li><a href=\"https:\/\/nngenergy.com\/tr\/neler-sunuyoruz\/dunya-capinda-7-24-servis-2\/\">D\u00fcnya \u00c7ap\u0131nda 7\/24 Servis<\/a><\/li><li><a href=\"https:\/\/nngenergy.com\/tr\/neler-sunuyoruz\/desteklenen-hizmetler-ve-urunler\/\">Desteklenen Hizmetler ve \u00dcr\u00fcnler<\/a><\/li><\/ul><\/div>\n\t\t\t\t\t\t<\/div>\n\t\t\t\t<\/div>\n\t\t\t\t\t<\/div>\n\t\t\t\t<\/div>\n\t\t\t\t<\/div>","protected":false},"excerpt":{"rendered":"<p>SOLUTIONS Home NNG Energy refurbishes your gas turbine packages from top to bottom, restoring them to a &#8220;zero-hour&#8221; condition. This [&hellip;]<\/p>","protected":false},"author":1,"featured_media":0,"parent":1181,"menu_order":27,"comment_status":"closed","ping_status":"closed","template":"","meta":{"site-sidebar-layout":"no-sidebar","site-content-layout":"","ast-site-content-layout":"full-width-container","site-content-style":"default","site-sidebar-style":"default","ast-global-header-display":"","ast-banner-title-visibility":"","ast-main-header-display":"","ast-hfb-above-header-display":"","ast-hfb-below-header-display":"","ast-hfb-mobile-header-display":"","site-post-title":"disabled","ast-breadcrumbs-content":"","ast-featured-img":"disabled","footer-sml-layout":"","ast-disable-related-posts":"","theme-transparent-header-meta":"default","adv-header-id-meta":"","stick-header-meta":"","header-above-stick-meta":"","header-main-stick-meta":"","header-below-stick-meta":"","astra-migrate-meta-layouts":"set","ast-page-background-enabled":"default","ast-page-background-meta":{"desktop":{"background-color":"var(--ast-global-color-4)","background-image":"","background-repeat":"repeat","background-position":"center center","background-size":"auto","background-attachment":"scroll","background-type":"","background-media":"","overlay-type":"","overlay-color":"","overlay-opacity":"","overlay-gradient":""},"tablet":{"background-color":"","background-image":"","background-repeat":"repeat","background-position":"center center","background-size":"auto","background-attachment":"scroll","background-type":"","background-media":"","overlay-type":"","overlay-color":"","overlay-opacity":"","overlay-gradient":""},"mobile":{"background-color":"","background-image":"","background-repeat":"repeat","background-position":"center center","background-size":"auto","background-attachment":"scroll","background-type":"","background-media":"","overlay-type":"","overlay-color":"","overlay-opacity":"","overlay-gradient":""}},"ast-content-background-meta":{"desktop":{"background-color":"var(--ast-global-color-5)","background-image":"","background-repeat":"repeat","background-position":"center center","background-size":"auto","background-attachment":"scroll","background-type":"","background-media":"","overlay-type":"","overlay-color":"","overlay-opacity":"","overlay-gradient":""},"tablet":{"background-color":"var(--ast-global-color-5)","background-image":"","background-repeat":"repeat","background-position":"center center","background-size":"auto","background-attachment":"scroll","background-type":"","background-media":"","overlay-type":"","overlay-color":"","overlay-opacity":"","overlay-gradient":""},"mobile":{"background-color":"var(--ast-global-color-5)","background-image":"","background-repeat":"repeat","background-position":"center center","background-size":"auto","background-attachment":"scroll","background-type":"","background-media":"","overlay-type":"","overlay-color":"","overlay-opacity":"","overlay-gradient":""}},"footnotes":""},"class_list":["post-477","page","type-page","status-publish","hentry"],"yoast_head":"<!-- This site is optimized with the Yoast SEO plugin v26.4 - https:\/\/yoast.com\/wordpress\/plugins\/seo\/ -->\r\n<title>Completely refurbishes your gas turbine packages - NNG Energy<\/title>\r\n<meta name=\"description\" content=\"NNG Energy ensures that gas turbine packages, accompanied by expertise, are renewed to suit all your needs.\" \/>\r\n<meta name=\"robots\" content=\"index, follow, max-snippet:-1, max-image-preview:large, max-video-preview:-1\" \/>\r\n<link rel=\"canonical\" href=\"https:\/\/nngenergy.com\/tr\/cozumler\/paket\/\" \/>\r\n<meta property=\"og:locale\" content=\"tr_TR\" \/>\r\n<meta property=\"og:type\" content=\"article\" \/>\r\n<meta property=\"og:title\" content=\"Completely refurbishes your gas turbine packages - NNG Energy\" \/>\r\n<meta property=\"og:description\" content=\"NNG Energy ensures that gas turbine packages, accompanied by expertise, are renewed to suit all your needs.\" \/>\r\n<meta property=\"og:url\" content=\"https:\/\/nngenergy.com\/tr\/cozumler\/paket\/\" \/>\r\n<meta property=\"og:site_name\" content=\"NNG Energy\" \/>\r\n<meta property=\"article:publisher\" content=\"https:\/\/www.facebook.com\/profile.php?id=61560874295001\" \/>\r\n<meta property=\"article:modified_time\" content=\"2025-08-19T11:47:05+00:00\" \/>\r\n<meta property=\"og:image\" content=\"https:\/\/nngenergy.com\/wp-content\/uploads\/2024\/11\/NNG-PACKAGE-1.jpg\" \/>\r\n<meta name=\"twitter:card\" content=\"summary_large_image\" \/>\r\n<meta name=\"twitter:label1\" content=\"Tahmini okuma s\u00fcresi\" \/>\n\t<meta name=\"twitter:data1\" content=\"2 dakika\" \/>\r\n<script type=\"application\/ld+json\" class=\"yoast-schema-graph\">{\"@context\":\"https:\/\/schema.org\",\"@graph\":[{\"@type\":\"WebPage\",\"@id\":\"https:\/\/nngenergy.com\/solutions\/package\/\",\"url\":\"https:\/\/nngenergy.com\/solutions\/package\/\",\"name\":\"Completely refurbishes your gas turbine packages - NNG Energy\",\"isPartOf\":{\"@id\":\"https:\/\/nngenergy.com\/#website\"},\"primaryImageOfPage\":{\"@id\":\"https:\/\/nngenergy.com\/solutions\/package\/#primaryimage\"},\"image\":{\"@id\":\"https:\/\/nngenergy.com\/solutions\/package\/#primaryimage\"},\"thumbnailUrl\":\"https:\/\/nngenergy.com\/wp-content\/uploads\/2024\/11\/NNG-PACKAGE-1.jpg\",\"datePublished\":\"2024-11-19T18:21:32+00:00\",\"dateModified\":\"2025-08-19T11:47:05+00:00\",\"description\":\"NNG Energy ensures that gas turbine packages, accompanied by expertise, are renewed to suit all your needs.\",\"breadcrumb\":{\"@id\":\"https:\/\/nngenergy.com\/solutions\/package\/#breadcrumb\"},\"inLanguage\":\"tr\",\"potentialAction\":[{\"@type\":\"ReadAction\",\"target\":[\"https:\/\/nngenergy.com\/solutions\/package\/\"]}]},{\"@type\":\"ImageObject\",\"inLanguage\":\"tr\",\"@id\":\"https:\/\/nngenergy.com\/solutions\/package\/#primaryimage\",\"url\":\"https:\/\/nngenergy.com\/wp-content\/uploads\/2024\/11\/NNG-PACKAGE-1.jpg\",\"contentUrl\":\"https:\/\/nngenergy.com\/wp-content\/uploads\/2024\/11\/NNG-PACKAGE-1.jpg\"},{\"@type\":\"BreadcrumbList\",\"@id\":\"https:\/\/nngenergy.com\/solutions\/package\/#breadcrumb\",\"itemListElement\":[{\"@type\":\"ListItem\",\"position\":1,\"name\":\"Home\",\"item\":\"https:\/\/nngenergy.com\/\"},{\"@type\":\"ListItem\",\"position\":2,\"name\":\"Solutions\",\"item\":\"https:\/\/nngenergy.com\/solutions\/\"},{\"@type\":\"ListItem\",\"position\":3,\"name\":\"Completely refurbishes your gas turbine packages\"}]},{\"@type\":\"WebSite\",\"@id\":\"https:\/\/nngenergy.com\/#website\",\"url\":\"https:\/\/nngenergy.com\/\",\"name\":\"NNG Enerji\",\"description\":\"\",\"publisher\":{\"@id\":\"https:\/\/nngenergy.com\/#organization\"},\"potentialAction\":[{\"@type\":\"SearchAction\",\"target\":{\"@type\":\"EntryPoint\",\"urlTemplate\":\"https:\/\/nngenergy.com\/?s={search_term_string}\"},\"query-input\":{\"@type\":\"PropertyValueSpecification\",\"valueRequired\":true,\"valueName\":\"search_term_string\"}}],\"inLanguage\":\"tr\"},{\"@type\":\"Organization\",\"@id\":\"https:\/\/nngenergy.com\/#organization\",\"name\":\"NNG Enerji\",\"url\":\"https:\/\/nngenergy.com\/\",\"logo\":{\"@type\":\"ImageObject\",\"inLanguage\":\"tr\",\"@id\":\"https:\/\/nngenergy.com\/#\/schema\/logo\/image\/\",\"url\":\"https:\/\/nngenergy.com\/wp-content\/uploads\/2024\/09\/logo-disi.png\",\"contentUrl\":\"https:\/\/nngenergy.com\/wp-content\/uploads\/2024\/09\/logo-disi.png\",\"width\":566,\"height\":289,\"caption\":\"NNG Enerji\"},\"image\":{\"@id\":\"https:\/\/nngenergy.com\/#\/schema\/logo\/image\/\"},\"sameAs\":[\"https:\/\/www.facebook.com\/profile.php?id=61560874295001\",\"https:\/\/www.youtube.com\/@nng.energy\",\"https:\/\/www.linkedin.com\/company\/nng-enerji-teknoloji\/\",\"https:\/\/www.instagram.com\/nng.energy?igsh=c3FqZmVnbmhuaDRh\"]}]}<\/script>\r\n<!-- \/ Yoast SEO plugin. -->","yoast_head_json":{"title":"Completely refurbishes your gas turbine packages - NNG Energy","description":"NNG Energy, uzmanl\u0131kla refakat edilen gaz t\u00fcrbini paketlerinin t\u00fcm ihtiya\u00e7lar\u0131n\u0131za uygun olarak yenilenmesini sa\u011flar.","robots":{"index":"index","follow":"follow","max-snippet":"max-snippet:-1","max-image-preview":"max-image-preview:large","max-video-preview":"max-video-preview:-1"},"canonical":"https:\/\/nngenergy.com\/tr\/cozumler\/paket\/","og_locale":"tr_TR","og_type":"article","og_title":"Completely refurbishes your gas turbine packages - NNG Energy","og_description":"NNG Energy ensures that gas turbine packages, accompanied by expertise, are renewed to suit all your needs.","og_url":"https:\/\/nngenergy.com\/tr\/cozumler\/paket\/","og_site_name":"NNG Energy","article_publisher":"https:\/\/www.facebook.com\/profile.php?id=61560874295001","article_modified_time":"2025-08-19T11:47:05+00:00","og_image":[{"url":"https:\/\/nngenergy.com\/wp-content\/uploads\/2024\/11\/NNG-PACKAGE-1.jpg","type":"","width":"","height":""}],"twitter_card":"summary_large_image","twitter_misc":{"Tahmini okuma s\u00fcresi":"2 dakika"},"schema":{"@context":"https:\/\/schema.org","@graph":[{"@type":"WebPage","@id":"https:\/\/nngenergy.com\/solutions\/package\/","url":"https:\/\/nngenergy.com\/solutions\/package\/","name":"Completely refurbishes your gas turbine packages - NNG Energy","isPartOf":{"@id":"https:\/\/nngenergy.com\/#website"},"primaryImageOfPage":{"@id":"https:\/\/nngenergy.com\/solutions\/package\/#primaryimage"},"image":{"@id":"https:\/\/nngenergy.com\/solutions\/package\/#primaryimage"},"thumbnailUrl":"https:\/\/nngenergy.com\/wp-content\/uploads\/2024\/11\/NNG-PACKAGE-1.jpg","datePublished":"2024-11-19T18:21:32+00:00","dateModified":"2025-08-19T11:47:05+00:00","description":"NNG Energy, uzmanl\u0131kla refakat edilen gaz t\u00fcrbini paketlerinin t\u00fcm ihtiya\u00e7lar\u0131n\u0131za uygun olarak yenilenmesini sa\u011flar.","breadcrumb":{"@id":"https:\/\/nngenergy.com\/solutions\/package\/#breadcrumb"},"inLanguage":"tr","potentialAction":[{"@type":"ReadAction","target":["https:\/\/nngenergy.com\/solutions\/package\/"]}]},{"@type":"ImageObject","inLanguage":"tr","@id":"https:\/\/nngenergy.com\/solutions\/package\/#primaryimage","url":"https:\/\/nngenergy.com\/wp-content\/uploads\/2024\/11\/NNG-PACKAGE-1.jpg","contentUrl":"https:\/\/nngenergy.com\/wp-content\/uploads\/2024\/11\/NNG-PACKAGE-1.jpg"},{"@type":"BreadcrumbList","@id":"https:\/\/nngenergy.com\/solutions\/package\/#breadcrumb","itemListElement":[{"@type":"ListItem","position":1,"name":"Home","item":"https:\/\/nngenergy.com\/"},{"@type":"ListItem","position":2,"name":"Solutions","item":"https:\/\/nngenergy.com\/solutions\/"},{"@type":"ListItem","position":3,"name":"Completely refurbishes your gas turbine packages"}]},{"@type":"WebSite","@id":"https:\/\/nngenergy.com\/#website","url":"https:\/\/nngenergy.com\/","name":"NNG Enerji","description":"","publisher":{"@id":"https:\/\/nngenergy.com\/#organization"},"potentialAction":[{"@type":"SearchAction","target":{"@type":"EntryPoint","urlTemplate":"https:\/\/nngenergy.com\/?s={search_term_string}"},"query-input":{"@type":"PropertyValueSpecification","valueRequired":true,"valueName":"search_term_string"}}],"inLanguage":"tr"},{"@type":"Organization","@id":"https:\/\/nngenergy.com\/#organization","name":"NNG Enerji","url":"https:\/\/nngenergy.com\/","logo":{"@type":"ImageObject","inLanguage":"tr","@id":"https:\/\/nngenergy.com\/#\/schema\/logo\/image\/","url":"https:\/\/nngenergy.com\/wp-content\/uploads\/2024\/09\/logo-disi.png","contentUrl":"https:\/\/nngenergy.com\/wp-content\/uploads\/2024\/09\/logo-disi.png","width":566,"height":289,"caption":"NNG Enerji"},"image":{"@id":"https:\/\/nngenergy.com\/#\/schema\/logo\/image\/"},"sameAs":["https:\/\/www.facebook.com\/profile.php?id=61560874295001","https:\/\/www.youtube.com\/@nng.energy","https:\/\/www.linkedin.com\/company\/nng-enerji-teknoloji\/","https:\/\/www.instagram.com\/nng.energy?igsh=c3FqZmVnbmhuaDRh"]}]}},"_links":{"self":[{"href":"https:\/\/nngenergy.com\/tr\/wp-json\/wp\/v2\/pages\/477","targetHints":{"allow":["GET"]}}],"collection":[{"href":"https:\/\/nngenergy.com\/tr\/wp-json\/wp\/v2\/pages"}],"about":[{"href":"https:\/\/nngenergy.com\/tr\/wp-json\/wp\/v2\/types\/page"}],"author":[{"embeddable":true,"href":"https:\/\/nngenergy.com\/tr\/wp-json\/wp\/v2\/users\/1"}],"replies":[{"embeddable":true,"href":"https:\/\/nngenergy.com\/tr\/wp-json\/wp\/v2\/comments?post=477"}],"version-history":[{"count":35,"href":"https:\/\/nngenergy.com\/tr\/wp-json\/wp\/v2\/pages\/477\/revisions"}],"predecessor-version":[{"id":2293,"href":"https:\/\/nngenergy.com\/tr\/wp-json\/wp\/v2\/pages\/477\/revisions\/2293"}],"up":[{"embeddable":true,"href":"https:\/\/nngenergy.com\/tr\/wp-json\/wp\/v2\/pages\/1181"}],"wp:attachment":[{"href":"https:\/\/nngenergy.com\/tr\/wp-json\/wp\/v2\/media?parent=477"}],"curies":[{"name":"wp","href":"https:\/\/api.w.org\/{rel}","templated":true}]}}