{"id":1714,"date":"2025-04-08T19:47:41","date_gmt":"2025-04-08T16:47:41","guid":{"rendered":"https:\/\/nngenergy.com\/?page_id=1714"},"modified":"2025-08-04T17:06:17","modified_gmt":"2025-08-04T14:06:17","slug":"altinmarka-detayli-proje-analizi","status":"publish","type":"page","link":"https:\/\/nngenergy.com\/tr\/secili-projeler\/altinmarka-detayli-proje-analizi\/","title":{"rendered":"ALTINMARKA Detayl\u0131 Proje Analizi"},"content":{"rendered":"<div data-elementor-type=\"wp-page\" data-elementor-id=\"1714\" class=\"elementor elementor-1714\" data-elementor-post-type=\"page\">\n\t\t\t\t<div class=\"elementor-element elementor-element-76731675 e-flex e-con-boxed e-con e-parent\" data-id=\"76731675\" data-element_type=\"container\" data-e-type=\"container\" data-settings=\"{&quot;background_background&quot;:&quot;classic&quot;}\">\n\t\t\t\t\t<div class=\"e-con-inner\">\n\t\t\t\t<div class=\"elementor-element elementor-element-5aba38ce elementor-widget elementor-widget-heading\" data-id=\"5aba38ce\" data-element_type=\"widget\" data-e-type=\"widget\" data-widget_type=\"heading.default\">\n\t\t\t\t<div class=\"elementor-widget-container\">\n\t\t\t\t\t<h1 class=\"elementor-heading-title elementor-size-default\">SE\u00c7\u0130L\u0130 PROJELER<\/h1>\t\t\t\t<\/div>\n\t\t\t\t<\/div>\n\t\t\t\t<div class=\"elementor-element elementor-element-25a01420 elementor-widget elementor-widget-heading\" data-id=\"25a01420\" data-element_type=\"widget\" data-e-type=\"widget\" data-widget_type=\"heading.default\">\n\t\t\t\t<div class=\"elementor-widget-container\">\n\t\t\t\t\t<h2 class=\"elementor-heading-title elementor-size-default\"><\/h2>\t\t\t\t<\/div>\n\t\t\t\t<\/div>\n\t\t\t\t\t<\/div>\n\t\t\t\t<\/div>\n\t\t<div class=\"elementor-element elementor-element-2d14a7ff e-flex e-con-boxed e-con e-parent\" data-id=\"2d14a7ff\" data-element_type=\"container\" data-e-type=\"container\">\n\t\t\t\t\t<div class=\"e-con-inner\">\n\t\t\t\t<div class=\"elementor-element elementor-element-138f94fe elementor-widget elementor-widget-hfe-breadcrumbs-widget\" data-id=\"138f94fe\" data-element_type=\"widget\" data-e-type=\"widget\" data-widget_type=\"hfe-breadcrumbs-widget.default\">\n\t\t\t\t<div class=\"elementor-widget-container\">\n\t\t\t\t\t<nav aria-label=\"Breadcrumb\"><ul class=\"hfe-breadcrumbs hfe-breadcrumbs-show-home\"><li class=\"hfe-breadcrumbs-item hfe-breadcrumbs-first\"><span class=\"hfe-breadcrumbs-home-icon\"><\/span><a href=\"https:\/\/nngenergy.com\/tr\"><span class=\"hfe-breadcrumbs-text\">Ana Sayfa<\/span><\/a><\/li><\/ul><\/nav>\t\t\t\t<\/div>\n\t\t\t\t<\/div>\n\t\t\t\t\t<\/div>\n\t\t\t\t<\/div>\n\t\t<div class=\"elementor-element elementor-element-94ab4c2 e-flex e-con-boxed e-con e-parent\" data-id=\"94ab4c2\" data-element_type=\"container\" data-e-type=\"container\">\n\t\t\t\t\t<div class=\"e-con-inner\">\n\t\t\t\t<div class=\"elementor-element elementor-element-e8e5b75 elementor-widget elementor-widget-image\" data-id=\"e8e5b75\" data-element_type=\"widget\" data-e-type=\"widget\" data-widget_type=\"image.default\">\n\t\t\t\t<div class=\"elementor-widget-container\">\n\t\t\t\t\t\t\t\t\t\t\t\t\t\t\t<img fetchpriority=\"high\" decoding=\"async\" width=\"587\" height=\"587\" src=\"https:\/\/nngenergy.com\/wp-content\/uploads\/2025\/04\/altinmarka.jpg\" class=\"attachment-full size-full wp-image-1710\" alt=\"Alt\u0131nmarka Detayl\u0131 Proje Analizi\" srcset=\"https:\/\/nngenergy.com\/wp-content\/uploads\/2025\/04\/altinmarka.jpg 587w, https:\/\/nngenergy.com\/wp-content\/uploads\/2025\/04\/altinmarka-300x300.jpg 300w, https:\/\/nngenergy.com\/wp-content\/uploads\/2025\/04\/altinmarka-150x150.jpg 150w, https:\/\/nngenergy.com\/wp-content\/uploads\/2025\/04\/altinmarka-12x12.jpg 12w, https:\/\/nngenergy.com\/wp-content\/uploads\/2025\/04\/altinmarka-200x200.jpg 200w\" sizes=\"(max-width: 587px) 100vw, 587px\" \/>\t\t\t\t\t\t\t\t\t\t\t\t\t\t\t<\/div>\n\t\t\t\t<\/div>\n\t\t\t\t\t<\/div>\n\t\t\t\t<\/div>\n\t\t<div class=\"elementor-element elementor-element-a606ffa e-flex e-con-boxed e-con e-parent\" data-id=\"a606ffa\" data-element_type=\"container\" data-e-type=\"container\" data-settings=\"{&quot;background_background&quot;:&quot;classic&quot;}\">\n\t\t\t\t\t<div class=\"e-con-inner\">\n\t\t<div class=\"elementor-element elementor-element-34ad944 e-con-full e-flex e-con e-child\" data-id=\"34ad944\" data-element_type=\"container\" data-e-type=\"container\" data-settings=\"{&quot;background_background&quot;:&quot;classic&quot;}\">\n\t\t\t\t<div class=\"elementor-element elementor-element-f522cbe elementor-widget elementor-widget-text-editor\" data-id=\"f522cbe\" data-element_type=\"widget\" data-e-type=\"widget\" data-widget_type=\"text-editor.default\">\n\t\t\t\t<div class=\"elementor-widget-container\">\n\t\t\t\t\t\t\t\t\t<p><b>Projeye Genel Bak\u0131\u015f<br \/><\/b><\/p><p><span style=\"font-weight: 400;\">D\u00fcnyan\u0131n \u00f6nde gelen end\u00fcstriyel kakao ve \u00e7ikolata \u00fcreticilerinden biri olan Alt\u0131nmarka, s\u00fcrd\u00fcr\u00fclebilir \u00fcretime olan ba\u011fl\u0131l\u0131\u011f\u0131n\u0131 korurken enerji verimlili\u011fini art\u0131rmay\u0131 hedefledi. Bu do\u011frultuda, Esenyurt\/\u0130stanbul\/T\u00fcrkiye\u2019deki \u00fcretim tesisine y\u00fcksek verimli bir kojenerasyon sistemi entegre etmek i\u00e7in NNG Energy ile i\u015f birli\u011fi yapt\u0131. Bu sistem, g\u00fcvenilir ve maliyet etkin bir enerji kayna\u011f\u0131 sa\u011flarken \u00e7evresel etkiyi en aza indirmek i\u00e7in tasarland\u0131.<\/span><\/p>\t\t\t\t\t\t\t\t<\/div>\n\t\t\t\t<\/div>\n\t\t\t\t<\/div>\n\t\t\t\t\t<\/div>\n\t\t\t\t<\/div>\n\t\t<div class=\"elementor-element elementor-element-cd1c216 e-flex e-con-boxed e-con e-parent\" data-id=\"cd1c216\" data-element_type=\"container\" data-e-type=\"container\" data-settings=\"{&quot;background_background&quot;:&quot;classic&quot;}\">\n\t\t\t\t\t<div class=\"e-con-inner\">\n\t\t<div class=\"elementor-element elementor-element-f7ec036 e-con-full e-flex e-con e-child\" data-id=\"f7ec036\" data-element_type=\"container\" data-e-type=\"container\" data-settings=\"{&quot;background_background&quot;:&quot;classic&quot;}\">\n\t\t\t\t<div class=\"elementor-element elementor-element-1618a45 elementor-widget elementor-widget-text-editor\" data-id=\"1618a45\" data-element_type=\"widget\" data-e-type=\"widget\" data-widget_type=\"text-editor.default\">\n\t\t\t\t<div class=\"elementor-widget-container\">\n\t\t\t\t\t\t\t\t\t<p><b>Temel zorluklar<\/b><\/p><ul><li style=\"font-weight: 400;\" aria-level=\"1\"><span style=\"font-weight: 400;\">Y\u00fcksek kapasiteli \u00fcretimi destekleyecek verimli ve s\u00fcrd\u00fcr\u00fclebilir bir enerji \u00e7\u00f6z\u00fcm\u00fcne duyulan ihtiya\u00e7.<\/span><\/li><li style=\"font-weight: 400;\" aria-level=\"1\"><span style=\"font-weight: 400;\">\u00c7evresel sorumluluktan \u00f6d\u00fcn vermeden operasyonel maliyetleri azaltma gereklili\u011fi.<\/span><\/li><li style=\"font-weight: 400;\" aria-level=\"1\"><span style=\"font-weight: 400;\">De\u011fi\u015fen \u00fcretim taleplerine uyum sa\u011flayacak esnek bir enerji \u00fcretim sisteminin sa\u011flanmas\u0131.<\/span><\/li><\/ul>\t\t\t\t\t\t\t\t<\/div>\n\t\t\t\t<\/div>\n\t\t\t\t<\/div>\n\t\t\t\t\t<\/div>\n\t\t\t\t<\/div>\n\t\t<div class=\"elementor-element elementor-element-cb52002 e-flex e-con-boxed e-con e-parent\" data-id=\"cb52002\" data-element_type=\"container\" data-e-type=\"container\" data-settings=\"{&quot;background_background&quot;:&quot;classic&quot;}\">\n\t\t\t\t\t<div class=\"e-con-inner\">\n\t\t<div class=\"elementor-element elementor-element-3976f87 e-con-full e-flex e-con e-child\" data-id=\"3976f87\" data-element_type=\"container\" data-e-type=\"container\" data-settings=\"{&quot;background_background&quot;:&quot;classic&quot;}\">\n\t\t\t\t<div class=\"elementor-element elementor-element-cf86bc7 elementor-widget elementor-widget-text-editor\" data-id=\"cf86bc7\" data-element_type=\"widget\" data-e-type=\"widget\" data-widget_type=\"text-editor.default\">\n\t\t\t\t<div class=\"elementor-widget-container\">\n\t\t\t\t\t\t\t\t\t<p><b>\u00c7\u00f6z\u00fcm<\/b><\/p><p><span style=\"font-weight: 400;\">NNG Energy developed and installed a <\/span><b>4.7 MWh gas turbine unit<\/b><span style=\"font-weight: 400;\"> with an <\/span><b>11-ton\/hour steam capacity<\/b><span style=\"font-weight: 400;\"> NNG Enerji, Alt\u0131nmarka\u2019n\u0131n Esenyurt tesisinde <strong>4,7 MWh kapasiteli bir gaz t\u00fcrbini \u00fcnitesi ve saatte 11 ton buhar \u00fcretme kapasitesine sahip<\/strong> ileri teknoloji bir kojenerasyon sistemi geli\u015ftirdi ve kurdu. Bu sistem, do\u011falgaz\u0131 y\u00fcksek verimlilikle elektri\u011fe d\u00f6n\u00fc\u015ft\u00fcr\u00fcrken, ayn\u0131 anda end\u00fcstriyel kullan\u0131m i\u00e7in buhar ve tesis operasyonlar\u0131 i\u00e7in \u0131s\u0131 \u00fcretimini sa\u011flad\u0131. Mevcut enerji altyap\u0131s\u0131na entegre edilen bu \u00e7\u00f6z\u00fcm, Alt\u0131nmarka\u2019n\u0131n enerji verimlili\u011fini en \u00fcst seviyeye \u00e7\u0131kard\u0131. <\/span><b>natural gas into electricity<\/b><span style=\"font-weight: 400;\"> while simultaneously generating steam for industrial use and heat for facility operations. By integrating this system into the existing energy infrastructure, Alt\u0131nmarka optimized its overall energy efficiency.<\/span><\/p>\t\t\t\t\t\t\t\t<\/div>\n\t\t\t\t<\/div>\n\t\t\t\t<\/div>\n\t\t\t\t\t<\/div>\n\t\t\t\t<\/div>\n\t\t<div class=\"elementor-element elementor-element-9bdae41 e-flex e-con-boxed e-con e-parent\" data-id=\"9bdae41\" data-element_type=\"container\" data-e-type=\"container\" data-settings=\"{&quot;background_background&quot;:&quot;classic&quot;}\">\n\t\t\t\t\t<div class=\"e-con-inner\">\n\t\t<div class=\"elementor-element elementor-element-9f439eb e-con-full e-flex e-con e-child\" data-id=\"9f439eb\" data-element_type=\"container\" data-e-type=\"container\" data-settings=\"{&quot;background_background&quot;:&quot;classic&quot;}\">\n\t\t\t\t<div class=\"elementor-element elementor-element-ba08317 elementor-widget elementor-widget-text-editor\" data-id=\"ba08317\" data-element_type=\"widget\" data-e-type=\"widget\" data-widget_type=\"text-editor.default\">\n\t\t\t\t<div class=\"elementor-widget-container\">\n\t\t\t\t\t\t\t\t\t<p><b>\u00d6ne \u00c7\u0131kan Sonu\u00e7lar<\/b><\/p><ul><li><p class=\"translation-block\"><b>Artan Enerji Verimlili\u011fi:<\/b> Elektrik, buhar ve \u0131s\u0131 \u00fcretiminin entegre edilmesiyle toplam enerji kullan\u0131m\u0131nda iyile\u015fme sa\u011fland\u0131.<\/p><\/li><li><p class=\"translation-block\"><b>S\u00fcrd\u00fcr\u00fclebilir Enerji Kullan\u0131m\u0131:<\/b> Do\u011falgaz kullan\u0131m\u0131n\u0131 en verimli \u015fekilde de\u011ferlendirerek \u00e7evresel etki minimize edildi.<\/p><\/li><li><p class=\"translation-block\"><b>Operasyonel Esneklik:<\/b> \u00dcretim s\u00fcre\u00e7lerinde maliyet tasarrufu ve g\u00fcvenilirlik sa\u011flayan, ihtiyaca g\u00f6re uyarlanabilir enerji \u00fcretimi<\/p><p><span style=\"font-weight: 400;\">m\u00fcmk\u00fcn hale getirildi.<br>\nAlt\u0131nmarka\u2019n\u0131n yenilik\u00e7ili\u011fe ve \u00e7evresel sorumlulu\u011fa olan ba\u011fl\u0131l\u0131\u011f\u0131, NNG Energy\u2019nin uzmanl\u0131\u011f\u0131 ile birle\u015ferek \u015firketi s\u00fcrd\u00fcr\u00fclebilir end\u00fcstriyel enerji \u00e7\u00f6z\u00fcmlerinde lider konumuna ta\u015f\u0131d\u0131.<\/span><\/p><\/li><\/ul>\t\t\t\t\t\t\t\t<\/div>\n\t\t\t\t<\/div>\n\t\t\t\t<\/div>\n\t\t\t\t\t<\/div>\n\t\t\t\t<\/div>\n\t\t\t\t<\/div>","protected":false},"excerpt":{"rendered":"<p>CASE STUDY Home Project Overview Alt\u0131nmarka, one of the world\u2019s leading industrial cocoa and chocolate manufacturers, aimed to enhance its [&hellip;]<\/p>","protected":false},"author":1,"featured_media":0,"parent":984,"menu_order":8,"comment_status":"closed","ping_status":"closed","template":"","meta":{"site-sidebar-layout":"no-sidebar","site-content-layout":"","ast-site-content-layout":"full-width-container","site-content-style":"default","site-sidebar-style":"default","ast-global-header-display":"","ast-banner-title-visibility":"","ast-main-header-display":"","ast-hfb-above-header-display":"","ast-hfb-below-header-display":"","ast-hfb-mobile-header-display":"","site-post-title":"disabled","ast-breadcrumbs-content":"","ast-featured-img":"disabled","footer-sml-layout":"","ast-disable-related-posts":"","theme-transparent-header-meta":"default","adv-header-id-meta":"","stick-header-meta":"","header-above-stick-meta":"","header-main-stick-meta":"","header-below-stick-meta":"","astra-migrate-meta-layouts":"set","ast-page-background-enabled":"default","ast-page-background-meta":{"desktop":{"background-color":"var(--ast-global-color-4)","background-image":"","background-repeat":"repeat","background-position":"center center","background-size":"auto","background-attachment":"scroll","background-type":"","background-media":"","overlay-type":"","overlay-color":"","overlay-opacity":"","overlay-gradient":""},"tablet":{"background-color":"","background-image":"","background-repeat":"repeat","background-position":"center center","background-size":"auto","background-attachment":"scroll","background-type":"","background-media":"","overlay-type":"","overlay-color":"","overlay-opacity":"","overlay-gradient":""},"mobile":{"background-color":"","background-image":"","background-repeat":"repeat","background-position":"center center","background-size":"auto","background-attachment":"scroll","background-type":"","background-media":"","overlay-type":"","overlay-color":"","overlay-opacity":"","overlay-gradient":""}},"ast-content-background-meta":{"desktop":{"background-color":"var(--ast-global-color-5)","background-image":"","background-repeat":"repeat","background-position":"center center","background-size":"auto","background-attachment":"scroll","background-type":"","background-media":"","overlay-type":"","overlay-color":"","overlay-opacity":"","overlay-gradient":""},"tablet":{"background-color":"var(--ast-global-color-5)","background-image":"","background-repeat":"repeat","background-position":"center center","background-size":"auto","background-attachment":"scroll","background-type":"","background-media":"","overlay-type":"","overlay-color":"","overlay-opacity":"","overlay-gradient":""},"mobile":{"background-color":"var(--ast-global-color-5)","background-image":"","background-repeat":"repeat","background-position":"center center","background-size":"auto","background-attachment":"scroll","background-type":"","background-media":"","overlay-type":"","overlay-color":"","overlay-opacity":"","overlay-gradient":""}},"footnotes":""},"class_list":["post-1714","page","type-page","status-publish","hentry"],"yoast_head":"<!-- This site is optimized with the Yoast SEO plugin v26.4 - https:\/\/yoast.com\/wordpress\/plugins\/seo\/ -->\r\n<title>Alt\u0131nmarka Case Study - NNG Energy<\/title>\r\n<meta name=\"description\" content=\"Discover how NNG Energy optimized Alt\u0131nmarka\u2019s energy use with a high-efficiency CHP system tailored to their production needs.\" \/>\r\n<meta name=\"robots\" content=\"index, follow, max-snippet:-1, max-image-preview:large, max-video-preview:-1\" \/>\r\n<link rel=\"canonical\" href=\"https:\/\/nngenergy.com\/tr\/secili-projeler\/altinmarka-detayli-proje-analizi\/\" \/>\r\n<meta property=\"og:locale\" content=\"tr_TR\" \/>\r\n<meta property=\"og:type\" content=\"article\" \/>\r\n<meta property=\"og:title\" content=\"Alt\u0131nmarka Case Study - NNG Energy\" \/>\r\n<meta property=\"og:description\" content=\"Discover how NNG Energy optimized Alt\u0131nmarka\u2019s energy use with a high-efficiency CHP system tailored to their production needs.\" \/>\r\n<meta property=\"og:url\" content=\"https:\/\/nngenergy.com\/tr\/secili-projeler\/altinmarka-detayli-proje-analizi\/\" \/>\r\n<meta property=\"og:site_name\" content=\"NNG Energy\" \/>\r\n<meta property=\"article:publisher\" content=\"https:\/\/www.facebook.com\/profile.php?id=61560874295001\" \/>\r\n<meta property=\"article:modified_time\" content=\"2025-08-04T14:06:17+00:00\" \/>\r\n<meta property=\"og:image\" content=\"https:\/\/nngenergy.com\/wp-content\/uploads\/2025\/04\/altinmarka.jpg\" \/>\r\n<meta name=\"twitter:card\" content=\"summary_large_image\" \/>\r\n<meta name=\"twitter:label1\" content=\"Tahmini okuma s\u00fcresi\" \/>\n\t<meta name=\"twitter:data1\" content=\"2 dakika\" \/>\r\n<script type=\"application\/ld+json\" class=\"yoast-schema-graph\">{\"@context\":\"https:\/\/schema.org\",\"@graph\":[{\"@type\":\"WebPage\",\"@id\":\"https:\/\/nngenergy.com\/fr\/case-studies\/altinmarka-case-study\/\",\"url\":\"https:\/\/nngenergy.com\/fr\/case-studies\/altinmarka-case-study\/\",\"name\":\"Alt\u0131nmarka Case Study - NNG Energy\",\"isPartOf\":{\"@id\":\"https:\/\/nngenergy.com\/#website\"},\"primaryImageOfPage\":{\"@id\":\"https:\/\/nngenergy.com\/fr\/case-studies\/altinmarka-case-study\/#primaryimage\"},\"image\":{\"@id\":\"https:\/\/nngenergy.com\/fr\/case-studies\/altinmarka-case-study\/#primaryimage\"},\"thumbnailUrl\":\"https:\/\/nngenergy.com\/wp-content\/uploads\/2025\/04\/altinmarka.jpg\",\"datePublished\":\"2025-04-08T16:47:41+00:00\",\"dateModified\":\"2025-08-04T14:06:17+00:00\",\"description\":\"Discover how NNG Energy optimized Alt\u0131nmarka\u2019s energy use with a high-efficiency CHP system tailored to their production needs.\",\"breadcrumb\":{\"@id\":\"https:\/\/nngenergy.com\/fr\/case-studies\/altinmarka-case-study\/#breadcrumb\"},\"inLanguage\":\"tr\",\"potentialAction\":[{\"@type\":\"ReadAction\",\"target\":[\"https:\/\/nngenergy.com\/fr\/case-studies\/altinmarka-case-study\/\"]}]},{\"@type\":\"ImageObject\",\"inLanguage\":\"tr\",\"@id\":\"https:\/\/nngenergy.com\/fr\/case-studies\/altinmarka-case-study\/#primaryimage\",\"url\":\"https:\/\/nngenergy.com\/wp-content\/uploads\/2025\/04\/altinmarka.jpg\",\"contentUrl\":\"https:\/\/nngenergy.com\/wp-content\/uploads\/2025\/04\/altinmarka.jpg\"},{\"@type\":\"BreadcrumbList\",\"@id\":\"https:\/\/nngenergy.com\/fr\/case-studies\/altinmarka-case-study\/#breadcrumb\",\"itemListElement\":[{\"@type\":\"ListItem\",\"position\":1,\"name\":\"Home\",\"item\":\"https:\/\/nngenergy.com\/\"},{\"@type\":\"ListItem\",\"position\":2,\"name\":\"Case Studies\",\"item\":\"https:\/\/nngenergy.com\/tr\/secili-projeler\/\"},{\"@type\":\"ListItem\",\"position\":3,\"name\":\"Alt\u0131nmarka Case Study\"}]},{\"@type\":\"WebSite\",\"@id\":\"https:\/\/nngenergy.com\/#website\",\"url\":\"https:\/\/nngenergy.com\/\",\"name\":\"NNG Enerji\",\"description\":\"\",\"publisher\":{\"@id\":\"https:\/\/nngenergy.com\/#organization\"},\"potentialAction\":[{\"@type\":\"SearchAction\",\"target\":{\"@type\":\"EntryPoint\",\"urlTemplate\":\"https:\/\/nngenergy.com\/?s={search_term_string}\"},\"query-input\":{\"@type\":\"PropertyValueSpecification\",\"valueRequired\":true,\"valueName\":\"search_term_string\"}}],\"inLanguage\":\"tr\"},{\"@type\":\"Organization\",\"@id\":\"https:\/\/nngenergy.com\/#organization\",\"name\":\"NNG Enerji\",\"url\":\"https:\/\/nngenergy.com\/\",\"logo\":{\"@type\":\"ImageObject\",\"inLanguage\":\"tr\",\"@id\":\"https:\/\/nngenergy.com\/#\/schema\/logo\/image\/\",\"url\":\"https:\/\/nngenergy.com\/wp-content\/uploads\/2024\/09\/logo-disi.png\",\"contentUrl\":\"https:\/\/nngenergy.com\/wp-content\/uploads\/2024\/09\/logo-disi.png\",\"width\":566,\"height\":289,\"caption\":\"NNG Enerji\"},\"image\":{\"@id\":\"https:\/\/nngenergy.com\/#\/schema\/logo\/image\/\"},\"sameAs\":[\"https:\/\/www.facebook.com\/profile.php?id=61560874295001\",\"https:\/\/www.youtube.com\/@nng.energy\",\"https:\/\/www.linkedin.com\/company\/nng-enerji-teknoloji\/\",\"https:\/\/www.instagram.com\/nng.energy?igsh=c3FqZmVnbmhuaDRh\"]}]}<\/script>\r\n<!-- \/ Yoast SEO plugin. -->","yoast_head_json":{"title":"ALTINMARKA Detayl\u0131 Proje Analizi","description":"Alt\u0131nmarka'n\u0131n \u00fcretim ihtiya\u00e7lar\u0131na g\u00f6re \u00f6zel olarak tasarlanm\u0131\u015f y\u00fcksek verimli bir CHP sistemi ile enerji kullan\u0131m\u0131n\u0131 nas\u0131l optimize etti\u011fini ke\u015ffedin.","robots":{"index":"index","follow":"follow","max-snippet":"max-snippet:-1","max-image-preview":"max-image-preview:large","max-video-preview":"max-video-preview:-1"},"canonical":"https:\/\/nngenergy.com\/tr\/secili-projeler\/altinmarka-detayli-proje-analizi\/","og_locale":"tr_TR","og_type":"article","og_title":"Alt\u0131nmarka Case Study - NNG Energy","og_description":"Discover how NNG Energy optimized Alt\u0131nmarka\u2019s energy use with a high-efficiency CHP system tailored to their production needs.","og_url":"https:\/\/nngenergy.com\/tr\/secili-projeler\/altinmarka-detayli-proje-analizi\/","og_site_name":"NNG Energy","article_publisher":"https:\/\/www.facebook.com\/profile.php?id=61560874295001","article_modified_time":"2025-08-04T14:06:17+00:00","og_image":[{"url":"https:\/\/nngenergy.com\/wp-content\/uploads\/2025\/04\/altinmarka.jpg","type":"","width":"","height":""}],"twitter_card":"summary_large_image","twitter_misc":{"Tahmini okuma s\u00fcresi":"2 dakika"},"schema":{"@context":"https:\/\/schema.org","@graph":[{"@type":"WebPage","@id":"https:\/\/nngenergy.com\/fr\/case-studies\/altinmarka-case-study\/","url":"https:\/\/nngenergy.com\/fr\/case-studies\/altinmarka-case-study\/","name":"ALTINMARKA Detayl\u0131 Proje Analizi","isPartOf":{"@id":"https:\/\/nngenergy.com\/#website"},"primaryImageOfPage":{"@id":"https:\/\/nngenergy.com\/fr\/case-studies\/altinmarka-case-study\/#primaryimage"},"image":{"@id":"https:\/\/nngenergy.com\/fr\/case-studies\/altinmarka-case-study\/#primaryimage"},"thumbnailUrl":"https:\/\/nngenergy.com\/wp-content\/uploads\/2025\/04\/altinmarka.jpg","datePublished":"2025-04-08T16:47:41+00:00","dateModified":"2025-08-04T14:06:17+00:00","description":"Alt\u0131nmarka'n\u0131n \u00fcretim ihtiya\u00e7lar\u0131na g\u00f6re \u00f6zel olarak tasarlanm\u0131\u015f y\u00fcksek verimli bir CHP sistemi ile enerji kullan\u0131m\u0131n\u0131 nas\u0131l optimize etti\u011fini ke\u015ffedin.","breadcrumb":{"@id":"https:\/\/nngenergy.com\/fr\/case-studies\/altinmarka-case-study\/#breadcrumb"},"inLanguage":"tr","potentialAction":[{"@type":"ReadAction","target":["https:\/\/nngenergy.com\/fr\/case-studies\/altinmarka-case-study\/"]}]},{"@type":"ImageObject","inLanguage":"tr","@id":"https:\/\/nngenergy.com\/fr\/case-studies\/altinmarka-case-study\/#primaryimage","url":"https:\/\/nngenergy.com\/wp-content\/uploads\/2025\/04\/altinmarka.jpg","contentUrl":"https:\/\/nngenergy.com\/wp-content\/uploads\/2025\/04\/altinmarka.jpg"},{"@type":"BreadcrumbList","@id":"https:\/\/nngenergy.com\/fr\/case-studies\/altinmarka-case-study\/#breadcrumb","itemListElement":[{"@type":"ListItem","position":1,"name":"Home","item":"https:\/\/nngenergy.com\/"},{"@type":"ListItem","position":2,"name":"Case Studies","item":"https:\/\/nngenergy.com\/tr\/secili-projeler\/"},{"@type":"ListItem","position":3,"name":"Alt\u0131nmarka Case Study"}]},{"@type":"WebSite","@id":"https:\/\/nngenergy.com\/#website","url":"https:\/\/nngenergy.com\/","name":"NNG Enerji","description":"","publisher":{"@id":"https:\/\/nngenergy.com\/#organization"},"potentialAction":[{"@type":"SearchAction","target":{"@type":"EntryPoint","urlTemplate":"https:\/\/nngenergy.com\/?s={search_term_string}"},"query-input":{"@type":"PropertyValueSpecification","valueRequired":true,"valueName":"search_term_string"}}],"inLanguage":"tr"},{"@type":"Organization","@id":"https:\/\/nngenergy.com\/#organization","name":"NNG Enerji","url":"https:\/\/nngenergy.com\/","logo":{"@type":"ImageObject","inLanguage":"tr","@id":"https:\/\/nngenergy.com\/#\/schema\/logo\/image\/","url":"https:\/\/nngenergy.com\/wp-content\/uploads\/2024\/09\/logo-disi.png","contentUrl":"https:\/\/nngenergy.com\/wp-content\/uploads\/2024\/09\/logo-disi.png","width":566,"height":289,"caption":"NNG Enerji"},"image":{"@id":"https:\/\/nngenergy.com\/#\/schema\/logo\/image\/"},"sameAs":["https:\/\/www.facebook.com\/profile.php?id=61560874295001","https:\/\/www.youtube.com\/@nng.energy","https:\/\/www.linkedin.com\/company\/nng-enerji-teknoloji\/","https:\/\/www.instagram.com\/nng.energy?igsh=c3FqZmVnbmhuaDRh"]}]}},"_links":{"self":[{"href":"https:\/\/nngenergy.com\/tr\/wp-json\/wp\/v2\/pages\/1714","targetHints":{"allow":["GET"]}}],"collection":[{"href":"https:\/\/nngenergy.com\/tr\/wp-json\/wp\/v2\/pages"}],"about":[{"href":"https:\/\/nngenergy.com\/tr\/wp-json\/wp\/v2\/types\/page"}],"author":[{"embeddable":true,"href":"https:\/\/nngenergy.com\/tr\/wp-json\/wp\/v2\/users\/1"}],"replies":[{"embeddable":true,"href":"https:\/\/nngenergy.com\/tr\/wp-json\/wp\/v2\/comments?post=1714"}],"version-history":[{"count":11,"href":"https:\/\/nngenergy.com\/tr\/wp-json\/wp\/v2\/pages\/1714\/revisions"}],"predecessor-version":[{"id":2132,"href":"https:\/\/nngenergy.com\/tr\/wp-json\/wp\/v2\/pages\/1714\/revisions\/2132"}],"up":[{"embeddable":true,"href":"https:\/\/nngenergy.com\/tr\/wp-json\/wp\/v2\/pages\/984"}],"wp:attachment":[{"href":"https:\/\/nngenergy.com\/tr\/wp-json\/wp\/v2\/media?parent=1714"}],"curies":[{"name":"wp","href":"https:\/\/api.w.org\/{rel}","templated":true}]}}