{"id":1121,"date":"2024-12-15T15:52:52","date_gmt":"2024-12-15T12:52:52","guid":{"rendered":"https:\/\/nngenergy.com\/?page_id=1121"},"modified":"2025-07-31T16:58:55","modified_gmt":"2025-07-31T13:58:55","slug":"desteklenen-hizmetler-ve-urunler","status":"publish","type":"page","link":"https:\/\/nngenergy.com\/tr\/neler-sunuyoruz\/desteklenen-hizmetler-ve-urunler\/","title":{"rendered":"Desteklenen Hizmetler ve \u00dcr\u00fcnler"},"content":{"rendered":"<div data-elementor-type=\"wp-page\" data-elementor-id=\"1121\" class=\"elementor elementor-1121\" data-elementor-post-type=\"page\">\n\t\t\t\t<div class=\"elementor-element elementor-element-5721897 e-flex e-con-boxed e-con e-parent\" data-id=\"5721897\" data-element_type=\"container\" data-e-type=\"container\" data-settings=\"{&quot;background_background&quot;:&quot;classic&quot;}\">\n\t\t\t\t\t<div class=\"e-con-inner\">\n\t\t\t\t<div class=\"elementor-element elementor-element-4fa624d elementor-widget elementor-widget-heading\" data-id=\"4fa624d\" data-element_type=\"widget\" data-e-type=\"widget\" data-widget_type=\"heading.default\">\n\t\t\t\t<div class=\"elementor-widget-container\">\n\t\t\t\t\t<h1 class=\"elementor-heading-title elementor-size-default\">NELER SUNUYORUZ<\/h1>\t\t\t\t<\/div>\n\t\t\t\t<\/div>\n\t\t\t\t<div class=\"elementor-element elementor-element-06d4063 elementor-widget elementor-widget-heading\" data-id=\"06d4063\" data-element_type=\"widget\" data-e-type=\"widget\" data-widget_type=\"heading.default\">\n\t\t\t\t<div class=\"elementor-widget-container\">\n\t\t\t\t\t<h2 class=\"elementor-heading-title elementor-size-default\"><\/h2>\t\t\t\t<\/div>\n\t\t\t\t<\/div>\n\t\t\t\t\t<\/div>\n\t\t\t\t<\/div>\n\t\t<div class=\"elementor-element elementor-element-c992df1 e-flex e-con-boxed e-con e-parent\" data-id=\"c992df1\" data-element_type=\"container\" data-e-type=\"container\">\n\t\t\t\t\t<div class=\"e-con-inner\">\n\t\t\t\t<div class=\"elementor-element elementor-element-bc72b66 elementor-widget elementor-widget-global elementor-global-1177 elementor-widget-hfe-breadcrumbs-widget\" data-id=\"bc72b66\" data-element_type=\"widget\" data-e-type=\"widget\" data-widget_type=\"hfe-breadcrumbs-widget.default\">\n\t\t\t\t<div class=\"elementor-widget-container\">\n\t\t\t\t\t<nav aria-label=\"Breadcrumb\"><ul class=\"hfe-breadcrumbs hfe-breadcrumbs-show-home\"><li class=\"hfe-breadcrumbs-item hfe-breadcrumbs-first\"><span class=\"hfe-breadcrumbs-home-icon\"><\/span><a href=\"https:\/\/nngenergy.com\/tr\"><span class=\"hfe-breadcrumbs-text\">Ana Sayfa<\/span><\/a><\/li><\/ul><\/nav>\t\t\t\t<\/div>\n\t\t\t\t<\/div>\n\t\t\t\t\t<\/div>\n\t\t\t\t<\/div>\n\t\t<div class=\"elementor-element elementor-element-de00b40 elementor-hidden-desktop e-flex e-con-boxed e-con e-parent\" data-id=\"de00b40\" data-element_type=\"container\" data-e-type=\"container\">\n\t\t\t\t\t<div class=\"e-con-inner\">\n\t\t\t\t<div class=\"elementor-element elementor-element-02e15b7 elementor-widget elementor-widget-html\" data-id=\"02e15b7\" data-element_type=\"widget\" data-e-type=\"widget\" data-widget_type=\"html.default\">\n\t\t\t\t<div class=\"elementor-widget-container\">\n\t\t\t\t\t<style>\n    .child-pages-container a {\n        font-size: 18px;\n    }\n<\/style>\t\t\t\t<\/div>\n\t\t\t\t<\/div>\n\t\t\t\t<div class=\"elementor-element elementor-element-4626f53 elementor-widget elementor-widget-shortcode\" data-id=\"4626f53\" data-element_type=\"widget\" data-e-type=\"widget\" data-widget_type=\"shortcode.default\">\n\t\t\t\t<div class=\"elementor-widget-container\">\n\t\t\t\t\t\t\t<div class=\"elementor-shortcode\"><ul class=\"child-pages-list\"><li><a href=\"https:\/\/nngenergy.com\/tr\/neler-sunuyoruz\/gaz-turbinleri\/\">Gaz T\u00fcrbinleri<\/a><\/li><li><a href=\"https:\/\/nngenergy.com\/tr\/neler-sunuyoruz\/gaz-turbini-gaz-motorlari-paket-ve-kontrol-sistemi-guncellemesi\/\">Gas Turbine\/Engines Package &#038; Control System<\/a><\/li><li><a href=\"https:\/\/nngenergy.com\/tr\/neler-sunuyoruz\/jeneratorler-bakim-revizyon\/\">Jenerat\u00f6rler Bak\u0131m &amp; Revizyon<\/a><\/li><li><a href=\"https:\/\/nngenergy.com\/tr\/neler-sunuyoruz\/benzinli-motorlar-paket-ve-bilesenleri\/\">Benzinli Motorlar Paket ve Bile\u015fenleri<\/a><\/li><li><a href=\"https:\/\/nngenergy.com\/tr\/neler-sunuyoruz\/bakim-ve-sorun-giderme-hizmetleri\/\">Bak\u0131m ve Sorun Giderme Hizmetleri<\/a><\/li><li><a href=\"https:\/\/nngenergy.com\/tr\/neler-sunuyoruz\/dunya-capinda-7-24-servis-2\/\">D\u00fcnya \u00c7ap\u0131nda 7\/24 Servis<\/a><\/li><li><a href=\"https:\/\/nngenergy.com\/tr\/neler-sunuyoruz\/desteklenen-hizmetler-ve-urunler\/\">Desteklenen Hizmetler ve \u00dcr\u00fcnler<\/a><\/li><\/ul><\/div>\n\t\t\t\t\t\t<\/div>\n\t\t\t\t<\/div>\n\t\t\t\t\t<\/div>\n\t\t\t\t<\/div>\n\t\t<div class=\"elementor-element elementor-element-da05d8f elementor-hidden-tablet elementor-hidden-mobile e-flex e-con-boxed e-con e-parent\" data-id=\"da05d8f\" data-element_type=\"container\" data-e-type=\"container\">\n\t\t\t\t\t<div class=\"e-con-inner\">\n\t\t\t\t<div class=\"elementor-element elementor-element-855acb7 elementor-widget elementor-widget-html\" data-id=\"855acb7\" data-element_type=\"widget\" data-e-type=\"widget\" data-widget_type=\"html.default\">\n\t\t\t\t<div class=\"elementor-widget-container\">\n\t\t\t\t\t<style>\n    .child-pages-container a {\n        font-size: 18px;\n    }\n<\/style>\t\t\t\t<\/div>\n\t\t\t\t<\/div>\n\t\t\t\t<div class=\"elementor-element elementor-element-c49c973 elementor-widget elementor-widget-shortcode\" data-id=\"c49c973\" data-element_type=\"widget\" data-e-type=\"widget\" data-widget_type=\"shortcode.default\">\n\t\t\t\t<div class=\"elementor-widget-container\">\n\t\t\t\t\t\t\t<div class=\"elementor-shortcode\"><div class=\"child-pages-container\"><div class=\"child-page-item\"><a href=\"https:\/\/nngenergy.com\/tr\/neler-sunuyoruz\/gaz-turbinleri\/\"><span style=\"font-size:14px\">Gaz T\u00fcrbinleri<\/span><\/a><\/div><div class=\"child-page-item\"><a href=\"https:\/\/nngenergy.com\/tr\/neler-sunuyoruz\/gaz-turbini-gaz-motorlari-paket-ve-kontrol-sistemi-guncellemesi\/\"><span style=\"font-size:14px\">Gas Turbine\/Engines Package & Control System<\/span><\/a><\/div><div class=\"child-page-item\"><a href=\"https:\/\/nngenergy.com\/tr\/neler-sunuyoruz\/jeneratorler-bakim-revizyon\/\"><span style=\"font-size:14px\">Jenerat\u00f6r Bak\u0131m &amp; Revizyon<\/span><\/a><\/div><div class=\"child-page-item\"><a href=\"https:\/\/nngenergy.com\/tr\/neler-sunuyoruz\/benzinli-motorlar-paket-ve-bilesenleri\/\"><span style=\"font-size:14px\">Benzinli Motorlar Paket ve Bile\u015fenleri<\/span><\/a><\/div><div class=\"child-page-item\"><a href=\"https:\/\/nngenergy.com\/tr\/neler-sunuyoruz\/bakim-ve-sorun-giderme-hizmetleri\/\"><span style=\"font-size:14px\">Bak\u0131m ve Sorun Giderme Hizmetleri<\/span><\/a><\/div><div class=\"child-page-item\"><a href=\"https:\/\/nngenergy.com\/tr\/neler-sunuyoruz\/dunya-capinda-7-24-servis-2\/\"><span style=\"font-size:14px\">D\u00fcnya \u00c7ap\u0131nda 7\/24 Servis<\/span><\/a><\/div><div class=\"child-page-item current-page\"><a href=\"https:\/\/nngenergy.com\/tr\/neler-sunuyoruz\/desteklenen-hizmetler-ve-urunler\/\"><span style=\"font-size:14px\">Desteklenen Hizmetler ve \u00dcr\u00fcnler<\/span><\/a><\/div><\/div><\/div>\n\t\t\t\t\t\t<\/div>\n\t\t\t\t<\/div>\n\t\t\t\t\t<\/div>\n\t\t\t\t<\/div>\n\t\t<div class=\"elementor-element elementor-element-fe9a0fe e-flex e-con-boxed e-con e-parent\" data-id=\"fe9a0fe\" data-element_type=\"container\" data-e-type=\"container\">\n\t\t\t\t\t<div class=\"e-con-inner\">\n\t\t<div class=\"elementor-element elementor-element-984fd88 e-con-full e-flex e-con e-child\" data-id=\"984fd88\" data-element_type=\"container\" data-e-type=\"container\">\n\t\t\t\t<div class=\"elementor-element elementor-element-07431ee elementor-widget elementor-widget-image\" data-id=\"07431ee\" data-element_type=\"widget\" data-e-type=\"widget\" data-widget_type=\"image.default\">\n\t\t\t\t<div class=\"elementor-widget-container\">\n\t\t\t\t\t\t\t\t\t\t\t\t\t\t\t<img fetchpriority=\"high\" decoding=\"async\" width=\"1000\" height=\"666\" src=\"https:\/\/nngenergy.com\/wp-content\/uploads\/2024\/12\/Supported-Services-Products.jpg?t=1777428008\" class=\"attachment-large size-large wp-image-1124\" alt=\"We provide a comprehensive range of supported services\" srcset=\"https:\/\/nngenergy.com\/wp-content\/uploads\/2024\/12\/Supported-Services-Products.jpg?t=1777428008 1000w, https:\/\/nngenergy.com\/wp-content\/uploads\/2024\/12\/Supported-Services-Products-300x200.jpg?t=1777428008 300w, https:\/\/nngenergy.com\/wp-content\/uploads\/2024\/12\/Supported-Services-Products-768x511.jpg?t=1777428008 768w, https:\/\/nngenergy.com\/wp-content\/uploads\/2024\/12\/Supported-Services-Products-18x12.jpg?t=1777428008 18w, https:\/\/nngenergy.com\/wp-content\/uploads\/2024\/12\/Supported-Services-Products-200x133.jpg?t=1777428008 200w\" sizes=\"(max-width: 1000px) 100vw, 1000px\" \/>\t\t\t\t\t\t\t\t\t\t\t\t\t\t\t<\/div>\n\t\t\t\t<\/div>\n\t\t\t\t<div class=\"elementor-element elementor-element-8dead12 elementor-widget elementor-widget-image\" data-id=\"8dead12\" data-element_type=\"widget\" data-e-type=\"widget\" data-widget_type=\"image.default\">\n\t\t\t\t<div class=\"elementor-widget-container\">\n\t\t\t\t\t\t\t\t\t\t\t\t\t\t\t<img decoding=\"async\" width=\"1024\" height=\"682\" data-src=\"https:\/\/nngenergy.com\/wp-content\/uploads\/2024\/12\/Supported-Services-Products-2-1024x682.jpg\" class=\"attachment-large size-large wp-image-1123 lazyload\" alt=\"Size geli\u015fmi\u015f \u00e7\u00f6z\u00fcmler sunuyoruz.\" data-srcset=\"https:\/\/nngenergy.com\/wp-content\/uploads\/2024\/12\/Supported-Services-Products-2-1024x682.jpg 1024w, https:\/\/nngenergy.com\/wp-content\/uploads\/2024\/12\/Supported-Services-Products-2-300x200.jpg 300w, https:\/\/nngenergy.com\/wp-content\/uploads\/2024\/12\/Supported-Services-Products-2-768x512.jpg 768w, https:\/\/nngenergy.com\/wp-content\/uploads\/2024\/12\/Supported-Services-Products-2-200x133.jpg 200w, https:\/\/nngenergy.com\/wp-content\/uploads\/2024\/12\/Supported-Services-Products-2.jpg 1100w\" data-sizes=\"(max-width: 1024px) 100vw, 1024px\" src=\"data:image\/svg+xml;base64,PHN2ZyB3aWR0aD0iMSIgaGVpZ2h0PSIxIiB4bWxucz0iaHR0cDovL3d3dy53My5vcmcvMjAwMC9zdmciPjwvc3ZnPg==\" style=\"--smush-placeholder-width: 1024px; --smush-placeholder-aspect-ratio: 1024\/682;\" \/>\t\t\t\t\t\t\t\t\t\t\t\t\t\t\t<\/div>\n\t\t\t\t<\/div>\n\t\t\t\t<\/div>\n\t\t<div class=\"elementor-element elementor-element-f77bf12 e-con-full e-flex e-con e-child\" data-id=\"f77bf12\" data-element_type=\"container\" data-e-type=\"container\">\n\t\t\t\t<div class=\"elementor-element elementor-element-5e080a2 elementor-widget elementor-widget-text-editor\" data-id=\"5e080a2\" data-element_type=\"widget\" data-e-type=\"widget\" data-widget_type=\"text-editor.default\">\n\t\t\t\t<div class=\"elementor-widget-container\">\n\t\t\t\t\t\t\t\t\t<p>NNG Energy olarak, \u00e7e\u015fitli enerji ihtiya\u00e7lar\u0131n\u0131 verimlilik ve g\u00fcvenilirlikle kar\u015f\u0131lamak i\u00e7in kapsaml\u0131 bir desteklenen hizmet ve \u00fcr\u00fcn yelpazesi sunuyoruz. 7\/24 kullan\u0131labilirli\u011fimiz, h\u0131zl\u0131 yan\u0131t s\u00fcrelerimiz ve tam donan\u0131ml\u0131 uzman ekibimiz, m\u00fc\u015fterilerimiz i\u00e7in minimum kesinti ve kesintisiz operasyon sa\u011flar. Buhar t\u00fcrbinleri ve kazanlardan \u00f6zel yedek par\u00e7alara ve mobil g\u00fc\u00e7 \u00fcnitelerine kadar tekliflerimiz optimum performans\u0131 destekleyecek \u015fekilde tasarlanm\u0131\u015ft\u0131r. Leroy Somer'in yetkili orta\u011f\u0131 ve PowerUP, Mikropor ve Kawasaki yedek par\u00e7a distrib\u00fct\u00f6rleri olarak, size do\u011frudan geli\u015fmi\u015f \u00e7\u00f6z\u00fcmler ve g\u00fcvenilir ortakl\u0131klar getiriyoruz.<\/p><ul><li><strong>Buhar T\u00fcrbinleri<\/strong><\/li><li><strong>Buhar Kazanlar\u0131<\/strong><\/li><li><strong>Yedek Par\u00e7a<\/strong><ul><li>G\u00fcne\u015f T\u00fcrbinleri Yedek Par\u00e7alar\u0131<\/li><li>Distrib\u00fct\u00f6rl\u00fck: PowerUP Yedek Par\u00e7alar\u0131<\/li><li>Distrib\u00fct\u00f6rl\u00fck: Mikropor Yedek Par\u00e7alar\u0131<\/li><li>Distrib\u00fct\u00f6rl\u00fck: Kawasaki Yedek Par\u00e7alar\u0131<\/li><\/ul><\/li><li><strong>Mobil g\u00fc\u00e7 \u00fcniteleri<\/strong><\/li><li><strong>Hidrolik \u00e7al\u0131\u015ft\u0131rma sistemleri<\/strong><\/li><li><strong>Ya\u011f Sistemleri<\/strong><\/li><li><strong>Ana Hizmet Orta\u011f\u0131<\/strong><ul><li>Leroy Somer<\/li><\/ul><\/li><\/ul>\t\t\t\t\t\t\t\t<\/div>\n\t\t\t\t<\/div>\n\t\t\t\t<\/div>\n\t\t\t\t\t<\/div>\n\t\t\t\t<\/div>\n\t\t<div class=\"elementor-element elementor-element-4b274ec e-flex e-con-boxed e-con e-parent\" data-id=\"4b274ec\" data-element_type=\"container\" data-e-type=\"container\">\n\t\t\t\t\t<div class=\"e-con-inner\">\n\t\t\t\t\t<\/div>\n\t\t\t\t<\/div>\n\t\t\t\t<\/div>","protected":false},"excerpt":{"rendered":"<p>WHAT WE OFFER Home At NNG Energy, we provide a comprehensive range of supported services and products to meet diverse [&hellip;]<\/p>","protected":false},"author":1,"featured_media":0,"parent":452,"menu_order":41,"comment_status":"closed","ping_status":"closed","template":"","meta":{"site-sidebar-layout":"no-sidebar","site-content-layout":"","ast-site-content-layout":"full-width-container","site-content-style":"default","site-sidebar-style":"default","ast-global-header-display":"","ast-banner-title-visibility":"","ast-main-header-display":"","ast-hfb-above-header-display":"","ast-hfb-below-header-display":"","ast-hfb-mobile-header-display":"","site-post-title":"disabled","ast-breadcrumbs-content":"","ast-featured-img":"disabled","footer-sml-layout":"","ast-disable-related-posts":"","theme-transparent-header-meta":"default","adv-header-id-meta":"","stick-header-meta":"","header-above-stick-meta":"","header-main-stick-meta":"","header-below-stick-meta":"","astra-migrate-meta-layouts":"set","ast-page-background-enabled":"default","ast-page-background-meta":{"desktop":{"background-color":"var(--ast-global-color-4)","background-image":"","background-repeat":"repeat","background-position":"center center","background-size":"auto","background-attachment":"scroll","background-type":"","background-media":"","overlay-type":"","overlay-color":"","overlay-opacity":"","overlay-gradient":""},"tablet":{"background-color":"","background-image":"","background-repeat":"repeat","background-position":"center center","background-size":"auto","background-attachment":"scroll","background-type":"","background-media":"","overlay-type":"","overlay-color":"","overlay-opacity":"","overlay-gradient":""},"mobile":{"background-color":"","background-image":"","background-repeat":"repeat","background-position":"center center","background-size":"auto","background-attachment":"scroll","background-type":"","background-media":"","overlay-type":"","overlay-color":"","overlay-opacity":"","overlay-gradient":""}},"ast-content-background-meta":{"desktop":{"background-color":"var(--ast-global-color-5)","background-image":"","background-repeat":"repeat","background-position":"center center","background-size":"auto","background-attachment":"scroll","background-type":"","background-media":"","overlay-type":"","overlay-color":"","overlay-opacity":"","overlay-gradient":""},"tablet":{"background-color":"var(--ast-global-color-5)","background-image":"","background-repeat":"repeat","background-position":"center center","background-size":"auto","background-attachment":"scroll","background-type":"","background-media":"","overlay-type":"","overlay-color":"","overlay-opacity":"","overlay-gradient":""},"mobile":{"background-color":"var(--ast-global-color-5)","background-image":"","background-repeat":"repeat","background-position":"center center","background-size":"auto","background-attachment":"scroll","background-type":"","background-media":"","overlay-type":"","overlay-color":"","overlay-opacity":"","overlay-gradient":""}},"footnotes":""},"class_list":["post-1121","page","type-page","status-publish","hentry"],"yoast_head":"<!-- This site is optimized with the Yoast SEO plugin v26.4 - https:\/\/yoast.com\/wordpress\/plugins\/seo\/ -->\r\n<title>Supported Services &amp; Products - NNG Energy<\/title>\r\n<meta name=\"description\" content=\"We support a wide range of energy systems, offering expert services &amp; quality products for gas turbines, generators, control systems.\" \/>\r\n<meta name=\"robots\" content=\"index, follow, max-snippet:-1, max-image-preview:large, max-video-preview:-1\" \/>\r\n<link rel=\"canonical\" href=\"https:\/\/nngenergy.com\/tr\/neler-sunuyoruz\/desteklenen-hizmetler-ve-urunler\/\" \/>\r\n<meta property=\"og:locale\" content=\"tr_TR\" \/>\r\n<meta property=\"og:type\" content=\"article\" \/>\r\n<meta property=\"og:title\" content=\"Supported Services &amp; Products - NNG Energy\" \/>\r\n<meta property=\"og:description\" content=\"We support a wide range of energy systems, offering expert services &amp; quality products for gas turbines, generators, control systems.\" \/>\r\n<meta property=\"og:url\" content=\"https:\/\/nngenergy.com\/tr\/neler-sunuyoruz\/desteklenen-hizmetler-ve-urunler\/\" \/>\r\n<meta property=\"og:site_name\" content=\"NNG Energy\" \/>\r\n<meta property=\"article:publisher\" content=\"https:\/\/www.facebook.com\/profile.php?id=61560874295001\" \/>\r\n<meta property=\"article:modified_time\" content=\"2025-07-31T13:58:55+00:00\" \/>\r\n<meta property=\"og:image\" content=\"https:\/\/nngenergy.com\/wp-content\/uploads\/2024\/12\/Supported-Services-Products-1024x682.jpg\" \/>\r\n<meta name=\"twitter:card\" content=\"summary_large_image\" \/>\r\n<meta name=\"twitter:label1\" content=\"Tahmini okuma s\u00fcresi\" \/>\n\t<meta name=\"twitter:data1\" content=\"2 dakika\" \/>\r\n<script type=\"application\/ld+json\" class=\"yoast-schema-graph\">{\"@context\":\"https:\/\/schema.org\",\"@graph\":[{\"@type\":\"WebPage\",\"@id\":\"https:\/\/nngenergy.com\/ru\/what-we-offer\/supported-services-products\/\",\"url\":\"https:\/\/nngenergy.com\/ru\/what-we-offer\/supported-services-products\/\",\"name\":\"Supported Services & Products - NNG Energy\",\"isPartOf\":{\"@id\":\"https:\/\/nngenergy.com\/#website\"},\"primaryImageOfPage\":{\"@id\":\"https:\/\/nngenergy.com\/ru\/what-we-offer\/supported-services-products\/#primaryimage\"},\"image\":{\"@id\":\"https:\/\/nngenergy.com\/ru\/what-we-offer\/supported-services-products\/#primaryimage\"},\"thumbnailUrl\":\"https:\/\/nngenergy.com\/wp-content\/uploads\/2024\/12\/Supported-Services-Products-1024x682.jpg\",\"datePublished\":\"2024-12-15T12:52:52+00:00\",\"dateModified\":\"2025-07-31T13:58:55+00:00\",\"description\":\"We support a wide range of energy systems, offering expert services & quality products for gas turbines, generators, control systems.\",\"breadcrumb\":{\"@id\":\"https:\/\/nngenergy.com\/ru\/what-we-offer\/supported-services-products\/#breadcrumb\"},\"inLanguage\":\"tr\",\"potentialAction\":[{\"@type\":\"ReadAction\",\"target\":[\"https:\/\/nngenergy.com\/ru\/what-we-offer\/supported-services-products\/\"]}]},{\"@type\":\"ImageObject\",\"inLanguage\":\"tr\",\"@id\":\"https:\/\/nngenergy.com\/ru\/what-we-offer\/supported-services-products\/#primaryimage\",\"url\":\"https:\/\/nngenergy.com\/wp-content\/uploads\/2024\/12\/Supported-Services-Products-1024x682.jpg\",\"contentUrl\":\"https:\/\/nngenergy.com\/wp-content\/uploads\/2024\/12\/Supported-Services-Products-1024x682.jpg\"},{\"@type\":\"BreadcrumbList\",\"@id\":\"https:\/\/nngenergy.com\/ru\/what-we-offer\/supported-services-products\/#breadcrumb\",\"itemListElement\":[{\"@type\":\"ListItem\",\"position\":1,\"name\":\"Home\",\"item\":\"https:\/\/nngenergy.com\/\"},{\"@type\":\"ListItem\",\"position\":2,\"name\":\"What we offer\",\"item\":\"https:\/\/nngenergy.com\/what-we-offer\/\"},{\"@type\":\"ListItem\",\"position\":3,\"name\":\"Supported Services &#038; Products\"}]},{\"@type\":\"WebSite\",\"@id\":\"https:\/\/nngenergy.com\/#website\",\"url\":\"https:\/\/nngenergy.com\/\",\"name\":\"NNG Enerji\",\"description\":\"\",\"publisher\":{\"@id\":\"https:\/\/nngenergy.com\/#organization\"},\"potentialAction\":[{\"@type\":\"SearchAction\",\"target\":{\"@type\":\"EntryPoint\",\"urlTemplate\":\"https:\/\/nngenergy.com\/?s={search_term_string}\"},\"query-input\":{\"@type\":\"PropertyValueSpecification\",\"valueRequired\":true,\"valueName\":\"search_term_string\"}}],\"inLanguage\":\"tr\"},{\"@type\":\"Organization\",\"@id\":\"https:\/\/nngenergy.com\/#organization\",\"name\":\"NNG Enerji\",\"url\":\"https:\/\/nngenergy.com\/\",\"logo\":{\"@type\":\"ImageObject\",\"inLanguage\":\"tr\",\"@id\":\"https:\/\/nngenergy.com\/#\/schema\/logo\/image\/\",\"url\":\"https:\/\/nngenergy.com\/wp-content\/uploads\/2024\/09\/logo-disi.png\",\"contentUrl\":\"https:\/\/nngenergy.com\/wp-content\/uploads\/2024\/09\/logo-disi.png\",\"width\":566,\"height\":289,\"caption\":\"NNG Enerji\"},\"image\":{\"@id\":\"https:\/\/nngenergy.com\/#\/schema\/logo\/image\/\"},\"sameAs\":[\"https:\/\/www.facebook.com\/profile.php?id=61560874295001\",\"https:\/\/www.youtube.com\/@nng.energy\",\"https:\/\/www.linkedin.com\/company\/nng-enerji-teknoloji\/\",\"https:\/\/www.instagram.com\/nng.energy?igsh=c3FqZmVnbmhuaDRh\"]}]}<\/script>\r\n<!-- \/ Yoast SEO plugin. -->","yoast_head_json":{"title":"Desteklenen Hizmetler ve \u00dcr\u00fcnler","description":"Geni\u015f bir yelpazede enerji sistemlerini destekliyor, gaz t\u00fcrbinleri, jenerat\u00f6rler ve kontrol sistemleri i\u00e7in uzman hizmetler ve kaliteli \u00fcr\u00fcnler sunuyoruz.","robots":{"index":"index","follow":"follow","max-snippet":"max-snippet:-1","max-image-preview":"max-image-preview:large","max-video-preview":"max-video-preview:-1"},"canonical":"https:\/\/nngenergy.com\/tr\/neler-sunuyoruz\/desteklenen-hizmetler-ve-urunler\/","og_locale":"tr_TR","og_type":"article","og_title":"Supported Services & Products - NNG Energy","og_description":"We support a wide range of energy systems, offering expert services & quality products for gas turbines, generators, control systems.","og_url":"https:\/\/nngenergy.com\/tr\/neler-sunuyoruz\/desteklenen-hizmetler-ve-urunler\/","og_site_name":"NNG Energy","article_publisher":"https:\/\/www.facebook.com\/profile.php?id=61560874295001","article_modified_time":"2025-07-31T13:58:55+00:00","og_image":[{"url":"https:\/\/nngenergy.com\/wp-content\/uploads\/2024\/12\/Supported-Services-Products-1024x682.jpg","type":"","width":"","height":""}],"twitter_card":"summary_large_image","twitter_misc":{"Tahmini okuma s\u00fcresi":"2 dakika"},"schema":{"@context":"https:\/\/schema.org","@graph":[{"@type":"WebPage","@id":"https:\/\/nngenergy.com\/ru\/what-we-offer\/supported-services-products\/","url":"https:\/\/nngenergy.com\/ru\/what-we-offer\/supported-services-products\/","name":"Desteklenen Hizmetler ve \u00dcr\u00fcnler","isPartOf":{"@id":"https:\/\/nngenergy.com\/#website"},"primaryImageOfPage":{"@id":"https:\/\/nngenergy.com\/ru\/what-we-offer\/supported-services-products\/#primaryimage"},"image":{"@id":"https:\/\/nngenergy.com\/ru\/what-we-offer\/supported-services-products\/#primaryimage"},"thumbnailUrl":"https:\/\/nngenergy.com\/wp-content\/uploads\/2024\/12\/Supported-Services-Products-1024x682.jpg","datePublished":"2024-12-15T12:52:52+00:00","dateModified":"2025-07-31T13:58:55+00:00","description":"Geni\u015f bir yelpazede enerji sistemlerini destekliyor, gaz t\u00fcrbinleri, jenerat\u00f6rler ve kontrol sistemleri i\u00e7in uzman hizmetler ve kaliteli \u00fcr\u00fcnler sunuyoruz.","breadcrumb":{"@id":"https:\/\/nngenergy.com\/ru\/what-we-offer\/supported-services-products\/#breadcrumb"},"inLanguage":"tr","potentialAction":[{"@type":"ReadAction","target":["https:\/\/nngenergy.com\/ru\/what-we-offer\/supported-services-products\/"]}]},{"@type":"ImageObject","inLanguage":"tr","@id":"https:\/\/nngenergy.com\/ru\/what-we-offer\/supported-services-products\/#primaryimage","url":"https:\/\/nngenergy.com\/wp-content\/uploads\/2024\/12\/Supported-Services-Products-1024x682.jpg","contentUrl":"https:\/\/nngenergy.com\/wp-content\/uploads\/2024\/12\/Supported-Services-Products-1024x682.jpg"},{"@type":"BreadcrumbList","@id":"https:\/\/nngenergy.com\/ru\/what-we-offer\/supported-services-products\/#breadcrumb","itemListElement":[{"@type":"ListItem","position":1,"name":"Home","item":"https:\/\/nngenergy.com\/"},{"@type":"ListItem","position":2,"name":"What we offer","item":"https:\/\/nngenergy.com\/what-we-offer\/"},{"@type":"ListItem","position":3,"name":"Supported Services &#038; Products"}]},{"@type":"WebSite","@id":"https:\/\/nngenergy.com\/#website","url":"https:\/\/nngenergy.com\/","name":"NNG Enerji","description":"","publisher":{"@id":"https:\/\/nngenergy.com\/#organization"},"potentialAction":[{"@type":"SearchAction","target":{"@type":"EntryPoint","urlTemplate":"https:\/\/nngenergy.com\/?s={search_term_string}"},"query-input":{"@type":"PropertyValueSpecification","valueRequired":true,"valueName":"search_term_string"}}],"inLanguage":"tr"},{"@type":"Organization","@id":"https:\/\/nngenergy.com\/#organization","name":"NNG Enerji","url":"https:\/\/nngenergy.com\/","logo":{"@type":"ImageObject","inLanguage":"tr","@id":"https:\/\/nngenergy.com\/#\/schema\/logo\/image\/","url":"https:\/\/nngenergy.com\/wp-content\/uploads\/2024\/09\/logo-disi.png","contentUrl":"https:\/\/nngenergy.com\/wp-content\/uploads\/2024\/09\/logo-disi.png","width":566,"height":289,"caption":"NNG Enerji"},"image":{"@id":"https:\/\/nngenergy.com\/#\/schema\/logo\/image\/"},"sameAs":["https:\/\/www.facebook.com\/profile.php?id=61560874295001","https:\/\/www.youtube.com\/@nng.energy","https:\/\/www.linkedin.com\/company\/nng-enerji-teknoloji\/","https:\/\/www.instagram.com\/nng.energy?igsh=c3FqZmVnbmhuaDRh"]}]}},"_links":{"self":[{"href":"https:\/\/nngenergy.com\/tr\/wp-json\/wp\/v2\/pages\/1121","targetHints":{"allow":["GET"]}}],"collection":[{"href":"https:\/\/nngenergy.com\/tr\/wp-json\/wp\/v2\/pages"}],"about":[{"href":"https:\/\/nngenergy.com\/tr\/wp-json\/wp\/v2\/types\/page"}],"author":[{"embeddable":true,"href":"https:\/\/nngenergy.com\/tr\/wp-json\/wp\/v2\/users\/1"}],"replies":[{"embeddable":true,"href":"https:\/\/nngenergy.com\/tr\/wp-json\/wp\/v2\/comments?post=1121"}],"version-history":[{"count":17,"href":"https:\/\/nngenergy.com\/tr\/wp-json\/wp\/v2\/pages\/1121\/revisions"}],"predecessor-version":[{"id":2111,"href":"https:\/\/nngenergy.com\/tr\/wp-json\/wp\/v2\/pages\/1121\/revisions\/2111"}],"up":[{"embeddable":true,"href":"https:\/\/nngenergy.com\/tr\/wp-json\/wp\/v2\/pages\/452"}],"wp:attachment":[{"href":"https:\/\/nngenergy.com\/tr\/wp-json\/wp\/v2\/media?parent=1121"}],"curies":[{"name":"wp","href":"https:\/\/api.w.org\/{rel}","templated":true}]}}