{"id":1112,"date":"2024-12-15T15:48:48","date_gmt":"2024-12-15T12:48:48","guid":{"rendered":"https:\/\/nngenergy.com\/?page_id=1112"},"modified":"2025-07-31T16:57:06","modified_gmt":"2025-07-31T13:57:06","slug":"dunya-capinda-7-24-servis-2","status":"publish","type":"page","link":"https:\/\/nngenergy.com\/tr\/neler-sunuyoruz\/dunya-capinda-7-24-servis-2\/","title":{"rendered":"D\u00fcnya \u00c7ap\u0131nda 7\/24 Servis"},"content":{"rendered":"<div data-elementor-type=\"wp-page\" data-elementor-id=\"1112\" class=\"elementor elementor-1112\" data-elementor-post-type=\"page\">\n\t\t\t\t<div class=\"elementor-element elementor-element-cc60dc0 e-flex e-con-boxed e-con e-parent\" data-id=\"cc60dc0\" data-element_type=\"container\" data-e-type=\"container\" data-settings=\"{&quot;background_background&quot;:&quot;classic&quot;}\">\n\t\t\t\t\t<div class=\"e-con-inner\">\n\t\t\t\t<div class=\"elementor-element elementor-element-7677089 elementor-widget elementor-widget-heading\" data-id=\"7677089\" data-element_type=\"widget\" data-e-type=\"widget\" data-widget_type=\"heading.default\">\n\t\t\t\t<div class=\"elementor-widget-container\">\n\t\t\t\t\t<h1 class=\"elementor-heading-title elementor-size-default\">NELER SUNUYORUZ<\/h1>\t\t\t\t<\/div>\n\t\t\t\t<\/div>\n\t\t\t\t<div class=\"elementor-element elementor-element-2a179d2 elementor-widget elementor-widget-heading\" data-id=\"2a179d2\" data-element_type=\"widget\" data-e-type=\"widget\" data-widget_type=\"heading.default\">\n\t\t\t\t<div class=\"elementor-widget-container\">\n\t\t\t\t\t<h2 class=\"elementor-heading-title elementor-size-default\"><\/h2>\t\t\t\t<\/div>\n\t\t\t\t<\/div>\n\t\t\t\t\t<\/div>\n\t\t\t\t<\/div>\n\t\t<div class=\"elementor-element elementor-element-7f6b429 e-flex e-con-boxed e-con e-parent\" data-id=\"7f6b429\" data-element_type=\"container\" data-e-type=\"container\">\n\t\t\t\t\t<div class=\"e-con-inner\">\n\t\t\t\t<div class=\"elementor-element elementor-element-9fd4a5f elementor-widget elementor-widget-global elementor-global-1177 elementor-widget-hfe-breadcrumbs-widget\" data-id=\"9fd4a5f\" data-element_type=\"widget\" data-e-type=\"widget\" data-widget_type=\"hfe-breadcrumbs-widget.default\">\n\t\t\t\t<div class=\"elementor-widget-container\">\n\t\t\t\t\t<nav aria-label=\"Breadcrumb\"><ul class=\"hfe-breadcrumbs hfe-breadcrumbs-show-home\"><li class=\"hfe-breadcrumbs-item hfe-breadcrumbs-first\"><span class=\"hfe-breadcrumbs-home-icon\"><\/span><a href=\"https:\/\/nngenergy.com\/tr\"><span class=\"hfe-breadcrumbs-text\">Ana Sayfa<\/span><\/a><\/li><\/ul><\/nav>\t\t\t\t<\/div>\n\t\t\t\t<\/div>\n\t\t\t\t\t<\/div>\n\t\t\t\t<\/div>\n\t\t<div class=\"elementor-element elementor-element-920c2ce elementor-hidden-desktop e-flex e-con-boxed e-con e-parent\" data-id=\"920c2ce\" data-element_type=\"container\" data-e-type=\"container\">\n\t\t\t\t\t<div class=\"e-con-inner\">\n\t\t\t\t<div class=\"elementor-element elementor-element-80c928d elementor-widget elementor-widget-html\" data-id=\"80c928d\" data-element_type=\"widget\" data-e-type=\"widget\" data-widget_type=\"html.default\">\n\t\t\t\t<div class=\"elementor-widget-container\">\n\t\t\t\t\t<style>\n    .child-pages-container a {\n        font-size: 18px;\n    }\n<\/style>\t\t\t\t<\/div>\n\t\t\t\t<\/div>\n\t\t\t\t<div class=\"elementor-element elementor-element-4b35bcb elementor-widget elementor-widget-shortcode\" data-id=\"4b35bcb\" data-element_type=\"widget\" data-e-type=\"widget\" data-widget_type=\"shortcode.default\">\n\t\t\t\t<div class=\"elementor-widget-container\">\n\t\t\t\t\t\t\t<div class=\"elementor-shortcode\"><ul class=\"child-pages-list\"><li><a href=\"https:\/\/nngenergy.com\/tr\/neler-sunuyoruz\/gaz-turbinleri\/\">Gaz T\u00fcrbinleri<\/a><\/li><li><a href=\"https:\/\/nngenergy.com\/tr\/neler-sunuyoruz\/gaz-turbini-gaz-motorlari-paket-ve-kontrol-sistemi-guncellemesi\/\">Gas Turbine\/Engines Package &#038; Control System<\/a><\/li><li><a href=\"https:\/\/nngenergy.com\/tr\/neler-sunuyoruz\/jeneratorler-bakim-revizyon\/\">Jenerat\u00f6rler Bak\u0131m &amp; Revizyon<\/a><\/li><li><a href=\"https:\/\/nngenergy.com\/tr\/neler-sunuyoruz\/benzinli-motorlar-paket-ve-bilesenleri\/\">Benzinli Motorlar Paket ve Bile\u015fenleri<\/a><\/li><li><a href=\"https:\/\/nngenergy.com\/tr\/neler-sunuyoruz\/bakim-ve-sorun-giderme-hizmetleri\/\">Bak\u0131m ve Sorun Giderme Hizmetleri<\/a><\/li><li><a href=\"https:\/\/nngenergy.com\/tr\/neler-sunuyoruz\/dunya-capinda-7-24-servis-2\/\">D\u00fcnya \u00c7ap\u0131nda 7\/24 Servis<\/a><\/li><li><a href=\"https:\/\/nngenergy.com\/tr\/neler-sunuyoruz\/desteklenen-hizmetler-ve-urunler\/\">Desteklenen Hizmetler ve \u00dcr\u00fcnler<\/a><\/li><\/ul><\/div>\n\t\t\t\t\t\t<\/div>\n\t\t\t\t<\/div>\n\t\t\t\t\t<\/div>\n\t\t\t\t<\/div>\n\t\t<div class=\"elementor-element elementor-element-850a434 elementor-hidden-tablet elementor-hidden-mobile e-flex e-con-boxed e-con e-parent\" data-id=\"850a434\" data-element_type=\"container\" data-e-type=\"container\">\n\t\t\t\t\t<div class=\"e-con-inner\">\n\t\t\t\t<div class=\"elementor-element elementor-element-219d9d9 elementor-widget elementor-widget-html\" data-id=\"219d9d9\" data-element_type=\"widget\" data-e-type=\"widget\" data-widget_type=\"html.default\">\n\t\t\t\t<div class=\"elementor-widget-container\">\n\t\t\t\t\t<style>\n    .child-pages-container a {\n        font-size: 18px;\n    }\n<\/style>\t\t\t\t<\/div>\n\t\t\t\t<\/div>\n\t\t\t\t<div class=\"elementor-element elementor-element-e8435c9 elementor-widget elementor-widget-shortcode\" data-id=\"e8435c9\" data-element_type=\"widget\" data-e-type=\"widget\" data-widget_type=\"shortcode.default\">\n\t\t\t\t<div class=\"elementor-widget-container\">\n\t\t\t\t\t\t\t<div class=\"elementor-shortcode\"><div class=\"child-pages-container\"><div class=\"child-page-item\"><a href=\"https:\/\/nngenergy.com\/tr\/neler-sunuyoruz\/gaz-turbinleri\/\"><span style=\"font-size:14px\">Gaz T\u00fcrbinleri<\/span><\/a><\/div><div class=\"child-page-item\"><a href=\"https:\/\/nngenergy.com\/tr\/neler-sunuyoruz\/gaz-turbini-gaz-motorlari-paket-ve-kontrol-sistemi-guncellemesi\/\"><span style=\"font-size:14px\">Gas Turbine\/Engines Package & Control System<\/span><\/a><\/div><div class=\"child-page-item\"><a href=\"https:\/\/nngenergy.com\/tr\/neler-sunuyoruz\/jeneratorler-bakim-revizyon\/\"><span style=\"font-size:14px\">Jenerat\u00f6r Bak\u0131m &amp; Revizyon<\/span><\/a><\/div><div class=\"child-page-item\"><a href=\"https:\/\/nngenergy.com\/tr\/neler-sunuyoruz\/benzinli-motorlar-paket-ve-bilesenleri\/\"><span style=\"font-size:14px\">Benzinli Motorlar Paket ve Bile\u015fenleri<\/span><\/a><\/div><div class=\"child-page-item\"><a href=\"https:\/\/nngenergy.com\/tr\/neler-sunuyoruz\/bakim-ve-sorun-giderme-hizmetleri\/\"><span style=\"font-size:14px\">Bak\u0131m ve Sorun Giderme Hizmetleri<\/span><\/a><\/div><div class=\"child-page-item\"><a href=\"https:\/\/nngenergy.com\/tr\/neler-sunuyoruz\/dunya-capinda-7-24-servis-2\/\"><span style=\"font-size:14px\">D\u00fcnya \u00c7ap\u0131nda 7\/24 Servis<\/span><\/a><\/div><div class=\"child-page-item current-page\"><a href=\"https:\/\/nngenergy.com\/tr\/neler-sunuyoruz\/desteklenen-hizmetler-ve-urunler\/\"><span style=\"font-size:14px\">Desteklenen Hizmetler ve \u00dcr\u00fcnler<\/span><\/a><\/div><\/div><\/div>\n\t\t\t\t\t\t<\/div>\n\t\t\t\t<\/div>\n\t\t\t\t\t<\/div>\n\t\t\t\t<\/div>\n\t\t<div class=\"elementor-element elementor-element-7913fe2 e-flex e-con-boxed e-con e-parent\" data-id=\"7913fe2\" data-element_type=\"container\" data-e-type=\"container\">\n\t\t\t\t\t<div class=\"e-con-inner\">\n\t\t<div class=\"elementor-element elementor-element-8c3b423 e-con-full e-flex e-con e-child\" data-id=\"8c3b423\" data-element_type=\"container\" data-e-type=\"container\">\n\t\t\t\t<div class=\"elementor-element elementor-element-d923c87 elementor-widget elementor-widget-image\" data-id=\"d923c87\" data-element_type=\"widget\" data-e-type=\"widget\" data-widget_type=\"image.default\">\n\t\t\t\t<div class=\"elementor-widget-container\">\n\t\t\t\t\t\t\t\t\t\t\t\t\t\t\t<img fetchpriority=\"high\" decoding=\"async\" width=\"1024\" height=\"682\" src=\"https:\/\/nngenergy.com\/wp-content\/uploads\/2024\/12\/27-4-1024x682.jpg\" class=\"attachment-large size-large wp-image-1114\" alt=\"24\/7 Availability, Quick Response Time, Fully Equipped Personnel\" srcset=\"https:\/\/nngenergy.com\/wp-content\/uploads\/2024\/12\/27-4-1024x682.jpg 1024w, https:\/\/nngenergy.com\/wp-content\/uploads\/2024\/12\/27-4-300x200.jpg 300w, https:\/\/nngenergy.com\/wp-content\/uploads\/2024\/12\/27-4-768x512.jpg 768w, https:\/\/nngenergy.com\/wp-content\/uploads\/2024\/12\/27-4-200x133.jpg 200w, https:\/\/nngenergy.com\/wp-content\/uploads\/2024\/12\/27-4.jpg 1100w\" sizes=\"(max-width: 1024px) 100vw, 1024px\" \/>\t\t\t\t\t\t\t\t\t\t\t\t\t\t\t<\/div>\n\t\t\t\t<\/div>\n\t\t\t\t<\/div>\n\t\t<div class=\"elementor-element elementor-element-11443dc e-con-full e-flex e-con e-child\" data-id=\"11443dc\" data-element_type=\"container\" data-e-type=\"container\">\n\t\t\t\t<div class=\"elementor-element elementor-element-5e080a2 elementor-widget elementor-widget-text-editor\" data-id=\"5e080a2\" data-element_type=\"widget\" data-e-type=\"widget\" data-widget_type=\"text-editor.default\">\n\t\t\t\t<div class=\"elementor-widget-container\">\n\t\t\t\t\t\t\t\t\t<ul><li class=\"translation-block\"><strong>7\/24 Eri\u015filebilirlik:<\/strong>\u00a0Hizmet ekibimiz g\u00fcn\u00fcn her saati haz\u0131r olup, ihtiyac\u0131n\u0131z oldu\u011funda destek sa\u011flar.<\/li><li class=\"translation-block\"><strong>H\u0131zl\u0131 Yan\u0131t S\u00fcresi:<\/strong>\u00a0Kesinti s\u00fcresini en aza indirmek ve operasyonlar\u0131n\u0131z\u0131n sorunsuz kalmas\u0131n\u0131 sa\u011flamak i\u00e7in h\u0131zl\u0131 yan\u0131ta \u00f6ncelik veriyoruz.<\/li><li class=\"translation-block\"><strong>Tam Donan\u0131ml\u0131 Personel:<\/strong>\u00a0Teknisyenlerimiz ve m\u00fchendislerimiz, yerinde etkili \u00e7\u00f6z\u00fcmler sunmak i\u00e7in gereken ara\u00e7 ve teknolojiyle birlikte gelir.<\/li><li class=\"translation-block\"><strong>Uzman Servis Ekibi:<\/strong>\u00a0Kapsaml\u0131 e\u011fitim ve uzmanl\u0131\u011fa sahip ekibimiz g\u00fcvenilir sorun giderme ve onar\u0131m hizmetleri sunar.<\/li><li class=\"translation-block\"><strong>Yerinde ve Uzaktan Destek:<\/strong>\u00a0\u0130ster tesisinizde ister uzaktan yard\u0131m arac\u0131l\u0131\u011f\u0131yla ihtiya\u00e7lar\u0131n\u0131za g\u00f6re uyarlanm\u0131\u015f esnek \u00e7\u00f6z\u00fcmler sunuyoruz.<\/li><li class=\"translation-block\"><strong>Geli\u015fmi\u015f Ekipman:<\/strong>\u00a0Y\u00fcksek kalitede bak\u0131m ve onar\u0131mlar ger\u00e7ekle\u015ftirmek, optimum performans ve verimlilik sa\u011flamak i\u00e7in en son teknolojiye sahip ekipmanlardan yararlan\u0131yoruz.<\/li><\/ul>\t\t\t\t\t\t\t\t<\/div>\n\t\t\t\t<\/div>\n\t\t\t\t<\/div>\n\t\t\t\t\t<\/div>\n\t\t\t\t<\/div>\n\t\t\t\t<\/div>","protected":false},"excerpt":{"rendered":"<p>WHAT WE OFFER Home 24\/7 Availability:\u00a0Our service team is on standby around the clock, ensuring support whenever you need it. [&hellip;]<\/p>","protected":false},"author":1,"featured_media":0,"parent":452,"menu_order":40,"comment_status":"closed","ping_status":"closed","template":"","meta":{"site-sidebar-layout":"no-sidebar","site-content-layout":"","ast-site-content-layout":"full-width-container","site-content-style":"default","site-sidebar-style":"default","ast-global-header-display":"","ast-banner-title-visibility":"","ast-main-header-display":"","ast-hfb-above-header-display":"","ast-hfb-below-header-display":"","ast-hfb-mobile-header-display":"","site-post-title":"disabled","ast-breadcrumbs-content":"","ast-featured-img":"disabled","footer-sml-layout":"","ast-disable-related-posts":"","theme-transparent-header-meta":"default","adv-header-id-meta":"","stick-header-meta":"","header-above-stick-meta":"","header-main-stick-meta":"","header-below-stick-meta":"","astra-migrate-meta-layouts":"set","ast-page-background-enabled":"default","ast-page-background-meta":{"desktop":{"background-color":"var(--ast-global-color-4)","background-image":"","background-repeat":"repeat","background-position":"center center","background-size":"auto","background-attachment":"scroll","background-type":"","background-media":"","overlay-type":"","overlay-color":"","overlay-opacity":"","overlay-gradient":""},"tablet":{"background-color":"","background-image":"","background-repeat":"repeat","background-position":"center center","background-size":"auto","background-attachment":"scroll","background-type":"","background-media":"","overlay-type":"","overlay-color":"","overlay-opacity":"","overlay-gradient":""},"mobile":{"background-color":"","background-image":"","background-repeat":"repeat","background-position":"center center","background-size":"auto","background-attachment":"scroll","background-type":"","background-media":"","overlay-type":"","overlay-color":"","overlay-opacity":"","overlay-gradient":""}},"ast-content-background-meta":{"desktop":{"background-color":"var(--ast-global-color-5)","background-image":"","background-repeat":"repeat","background-position":"center center","background-size":"auto","background-attachment":"scroll","background-type":"","background-media":"","overlay-type":"","overlay-color":"","overlay-opacity":"","overlay-gradient":""},"tablet":{"background-color":"var(--ast-global-color-5)","background-image":"","background-repeat":"repeat","background-position":"center center","background-size":"auto","background-attachment":"scroll","background-type":"","background-media":"","overlay-type":"","overlay-color":"","overlay-opacity":"","overlay-gradient":""},"mobile":{"background-color":"var(--ast-global-color-5)","background-image":"","background-repeat":"repeat","background-position":"center center","background-size":"auto","background-attachment":"scroll","background-type":"","background-media":"","overlay-type":"","overlay-color":"","overlay-opacity":"","overlay-gradient":""}},"footnotes":""},"class_list":["post-1112","page","type-page","status-publish","hentry"],"yoast_head":"<!-- This site is optimized with the Yoast SEO plugin v26.4 - https:\/\/yoast.com\/wordpress\/plugins\/seo\/ -->\r\n<title>Worldwide 24\/7 Services - NNG Energy<\/title>\r\n<meta name=\"description\" content=\"We offer 24\/7 worldwide support and emergency response to ensure continuous operation and fast service wherever your systems are located.\" \/>\r\n<meta name=\"robots\" content=\"index, follow, max-snippet:-1, max-image-preview:large, max-video-preview:-1\" \/>\r\n<link rel=\"canonical\" href=\"https:\/\/nngenergy.com\/tr\/neler-sunuyoruz\/dunya-capinda-7-24-servis-2\/\" \/>\r\n<meta property=\"og:locale\" content=\"tr_TR\" \/>\r\n<meta property=\"og:type\" content=\"article\" \/>\r\n<meta property=\"og:title\" content=\"Worldwide 24\/7 Services - NNG Energy\" \/>\r\n<meta property=\"og:description\" content=\"We offer 24\/7 worldwide support and emergency response to ensure continuous operation and fast service wherever your systems are located.\" \/>\r\n<meta property=\"og:url\" content=\"https:\/\/nngenergy.com\/tr\/neler-sunuyoruz\/dunya-capinda-7-24-servis-2\/\" \/>\r\n<meta property=\"og:site_name\" content=\"NNG Energy\" \/>\r\n<meta property=\"article:publisher\" content=\"https:\/\/www.facebook.com\/profile.php?id=61560874295001\" \/>\r\n<meta property=\"article:modified_time\" content=\"2025-07-31T13:57:06+00:00\" \/>\r\n<meta property=\"og:image\" content=\"https:\/\/nngenergy.com\/wp-content\/uploads\/2024\/12\/27-4-1024x682.jpg\" \/>\r\n<meta name=\"twitter:card\" content=\"summary_large_image\" \/>\r\n<meta name=\"twitter:label1\" content=\"Tahmini okuma s\u00fcresi\" \/>\n\t<meta name=\"twitter:data1\" content=\"1 dakika\" \/>\r\n<script type=\"application\/ld+json\" class=\"yoast-schema-graph\">{\"@context\":\"https:\/\/schema.org\",\"@graph\":[{\"@type\":\"WebPage\",\"@id\":\"https:\/\/nngenergy.com\/ru\/what-we-offer\/worldwide-24-7-services\/\",\"url\":\"https:\/\/nngenergy.com\/ru\/what-we-offer\/worldwide-24-7-services\/\",\"name\":\"Worldwide 24\/7 Services - NNG Energy\",\"isPartOf\":{\"@id\":\"https:\/\/nngenergy.com\/#website\"},\"primaryImageOfPage\":{\"@id\":\"https:\/\/nngenergy.com\/ru\/what-we-offer\/worldwide-24-7-services\/#primaryimage\"},\"image\":{\"@id\":\"https:\/\/nngenergy.com\/ru\/what-we-offer\/worldwide-24-7-services\/#primaryimage\"},\"thumbnailUrl\":\"https:\/\/nngenergy.com\/wp-content\/uploads\/2024\/12\/27-4-1024x682.jpg\",\"datePublished\":\"2024-12-15T12:48:48+00:00\",\"dateModified\":\"2025-07-31T13:57:06+00:00\",\"description\":\"We offer 24\/7 worldwide support and emergency response to ensure continuous operation and fast service wherever your systems are located.\",\"breadcrumb\":{\"@id\":\"https:\/\/nngenergy.com\/ru\/what-we-offer\/worldwide-24-7-services\/#breadcrumb\"},\"inLanguage\":\"tr\",\"potentialAction\":[{\"@type\":\"ReadAction\",\"target\":[\"https:\/\/nngenergy.com\/ru\/what-we-offer\/worldwide-24-7-services\/\"]}]},{\"@type\":\"ImageObject\",\"inLanguage\":\"tr\",\"@id\":\"https:\/\/nngenergy.com\/ru\/what-we-offer\/worldwide-24-7-services\/#primaryimage\",\"url\":\"https:\/\/nngenergy.com\/wp-content\/uploads\/2024\/12\/27-4-1024x682.jpg\",\"contentUrl\":\"https:\/\/nngenergy.com\/wp-content\/uploads\/2024\/12\/27-4-1024x682.jpg\"},{\"@type\":\"BreadcrumbList\",\"@id\":\"https:\/\/nngenergy.com\/ru\/what-we-offer\/worldwide-24-7-services\/#breadcrumb\",\"itemListElement\":[{\"@type\":\"ListItem\",\"position\":1,\"name\":\"Home\",\"item\":\"https:\/\/nngenergy.com\/\"},{\"@type\":\"ListItem\",\"position\":2,\"name\":\"What we offer\",\"item\":\"https:\/\/nngenergy.com\/what-we-offer\/\"},{\"@type\":\"ListItem\",\"position\":3,\"name\":\"Worldwide 24\/7 Services\"}]},{\"@type\":\"WebSite\",\"@id\":\"https:\/\/nngenergy.com\/#website\",\"url\":\"https:\/\/nngenergy.com\/\",\"name\":\"NNG Enerji\",\"description\":\"\",\"publisher\":{\"@id\":\"https:\/\/nngenergy.com\/#organization\"},\"potentialAction\":[{\"@type\":\"SearchAction\",\"target\":{\"@type\":\"EntryPoint\",\"urlTemplate\":\"https:\/\/nngenergy.com\/?s={search_term_string}\"},\"query-input\":{\"@type\":\"PropertyValueSpecification\",\"valueRequired\":true,\"valueName\":\"search_term_string\"}}],\"inLanguage\":\"tr\"},{\"@type\":\"Organization\",\"@id\":\"https:\/\/nngenergy.com\/#organization\",\"name\":\"NNG Enerji\",\"url\":\"https:\/\/nngenergy.com\/\",\"logo\":{\"@type\":\"ImageObject\",\"inLanguage\":\"tr\",\"@id\":\"https:\/\/nngenergy.com\/#\/schema\/logo\/image\/\",\"url\":\"https:\/\/nngenergy.com\/wp-content\/uploads\/2024\/09\/logo-disi.png\",\"contentUrl\":\"https:\/\/nngenergy.com\/wp-content\/uploads\/2024\/09\/logo-disi.png\",\"width\":566,\"height\":289,\"caption\":\"NNG Enerji\"},\"image\":{\"@id\":\"https:\/\/nngenergy.com\/#\/schema\/logo\/image\/\"},\"sameAs\":[\"https:\/\/www.facebook.com\/profile.php?id=61560874295001\",\"https:\/\/www.youtube.com\/@nng.energy\",\"https:\/\/www.linkedin.com\/company\/nng-enerji-teknoloji\/\",\"https:\/\/www.instagram.com\/nng.energy?igsh=c3FqZmVnbmhuaDRh\"]}]}<\/script>\r\n<!-- \/ Yoast SEO plugin. -->","yoast_head_json":{"title":"7\/24 ekibimiz g\u00fcn\u00fcn her saati haz\u0131r olup destek sa\u011flar.","description":"Sistemlerinizin ba\u011f\u0131ms\u0131z olarak kesintisiz \u00e7al\u0131\u015fma ve h\u0131zl\u0131 hizmet sa\u011flamak i\u00e7in 7\/24 d\u00fcnya \u00e7ap\u0131nda destek ve acil durum m\u00fcdahalesi sunuyoruz.","robots":{"index":"index","follow":"follow","max-snippet":"max-snippet:-1","max-image-preview":"max-image-preview:large","max-video-preview":"max-video-preview:-1"},"canonical":"https:\/\/nngenergy.com\/tr\/neler-sunuyoruz\/dunya-capinda-7-24-servis-2\/","og_locale":"tr_TR","og_type":"article","og_title":"Worldwide 24\/7 Services - NNG Energy","og_description":"We offer 24\/7 worldwide support and emergency response to ensure continuous operation and fast service wherever your systems are located.","og_url":"https:\/\/nngenergy.com\/tr\/neler-sunuyoruz\/dunya-capinda-7-24-servis-2\/","og_site_name":"NNG Energy","article_publisher":"https:\/\/www.facebook.com\/profile.php?id=61560874295001","article_modified_time":"2025-07-31T13:57:06+00:00","og_image":[{"url":"https:\/\/nngenergy.com\/wp-content\/uploads\/2024\/12\/27-4-1024x682.jpg","type":"","width":"","height":""}],"twitter_card":"summary_large_image","twitter_misc":{"Tahmini okuma s\u00fcresi":"1 dakika"},"schema":{"@context":"https:\/\/schema.org","@graph":[{"@type":"WebPage","@id":"https:\/\/nngenergy.com\/ru\/what-we-offer\/worldwide-24-7-services\/","url":"https:\/\/nngenergy.com\/ru\/what-we-offer\/worldwide-24-7-services\/","name":"7\/24 ekibimiz g\u00fcn\u00fcn her saati haz\u0131r olup destek sa\u011flar.","isPartOf":{"@id":"https:\/\/nngenergy.com\/#website"},"primaryImageOfPage":{"@id":"https:\/\/nngenergy.com\/ru\/what-we-offer\/worldwide-24-7-services\/#primaryimage"},"image":{"@id":"https:\/\/nngenergy.com\/ru\/what-we-offer\/worldwide-24-7-services\/#primaryimage"},"thumbnailUrl":"https:\/\/nngenergy.com\/wp-content\/uploads\/2024\/12\/27-4-1024x682.jpg","datePublished":"2024-12-15T12:48:48+00:00","dateModified":"2025-07-31T13:57:06+00:00","description":"Sistemlerinizin ba\u011f\u0131ms\u0131z olarak kesintisiz \u00e7al\u0131\u015fma ve h\u0131zl\u0131 hizmet sa\u011flamak i\u00e7in 7\/24 d\u00fcnya \u00e7ap\u0131nda destek ve acil durum m\u00fcdahalesi sunuyoruz.","breadcrumb":{"@id":"https:\/\/nngenergy.com\/ru\/what-we-offer\/worldwide-24-7-services\/#breadcrumb"},"inLanguage":"tr","potentialAction":[{"@type":"ReadAction","target":["https:\/\/nngenergy.com\/ru\/what-we-offer\/worldwide-24-7-services\/"]}]},{"@type":"ImageObject","inLanguage":"tr","@id":"https:\/\/nngenergy.com\/ru\/what-we-offer\/worldwide-24-7-services\/#primaryimage","url":"https:\/\/nngenergy.com\/wp-content\/uploads\/2024\/12\/27-4-1024x682.jpg","contentUrl":"https:\/\/nngenergy.com\/wp-content\/uploads\/2024\/12\/27-4-1024x682.jpg"},{"@type":"BreadcrumbList","@id":"https:\/\/nngenergy.com\/ru\/what-we-offer\/worldwide-24-7-services\/#breadcrumb","itemListElement":[{"@type":"ListItem","position":1,"name":"Home","item":"https:\/\/nngenergy.com\/"},{"@type":"ListItem","position":2,"name":"What we offer","item":"https:\/\/nngenergy.com\/what-we-offer\/"},{"@type":"ListItem","position":3,"name":"Worldwide 24\/7 Services"}]},{"@type":"WebSite","@id":"https:\/\/nngenergy.com\/#website","url":"https:\/\/nngenergy.com\/","name":"NNG Enerji","description":"","publisher":{"@id":"https:\/\/nngenergy.com\/#organization"},"potentialAction":[{"@type":"SearchAction","target":{"@type":"EntryPoint","urlTemplate":"https:\/\/nngenergy.com\/?s={search_term_string}"},"query-input":{"@type":"PropertyValueSpecification","valueRequired":true,"valueName":"search_term_string"}}],"inLanguage":"tr"},{"@type":"Organization","@id":"https:\/\/nngenergy.com\/#organization","name":"NNG Enerji","url":"https:\/\/nngenergy.com\/","logo":{"@type":"ImageObject","inLanguage":"tr","@id":"https:\/\/nngenergy.com\/#\/schema\/logo\/image\/","url":"https:\/\/nngenergy.com\/wp-content\/uploads\/2024\/09\/logo-disi.png","contentUrl":"https:\/\/nngenergy.com\/wp-content\/uploads\/2024\/09\/logo-disi.png","width":566,"height":289,"caption":"NNG Enerji"},"image":{"@id":"https:\/\/nngenergy.com\/#\/schema\/logo\/image\/"},"sameAs":["https:\/\/www.facebook.com\/profile.php?id=61560874295001","https:\/\/www.youtube.com\/@nng.energy","https:\/\/www.linkedin.com\/company\/nng-enerji-teknoloji\/","https:\/\/www.instagram.com\/nng.energy?igsh=c3FqZmVnbmhuaDRh"]}]}},"_links":{"self":[{"href":"https:\/\/nngenergy.com\/tr\/wp-json\/wp\/v2\/pages\/1112","targetHints":{"allow":["GET"]}}],"collection":[{"href":"https:\/\/nngenergy.com\/tr\/wp-json\/wp\/v2\/pages"}],"about":[{"href":"https:\/\/nngenergy.com\/tr\/wp-json\/wp\/v2\/types\/page"}],"author":[{"embeddable":true,"href":"https:\/\/nngenergy.com\/tr\/wp-json\/wp\/v2\/users\/1"}],"replies":[{"embeddable":true,"href":"https:\/\/nngenergy.com\/tr\/wp-json\/wp\/v2\/comments?post=1112"}],"version-history":[{"count":17,"href":"https:\/\/nngenergy.com\/tr\/wp-json\/wp\/v2\/pages\/1112\/revisions"}],"predecessor-version":[{"id":2110,"href":"https:\/\/nngenergy.com\/tr\/wp-json\/wp\/v2\/pages\/1112\/revisions\/2110"}],"up":[{"embeddable":true,"href":"https:\/\/nngenergy.com\/tr\/wp-json\/wp\/v2\/pages\/452"}],"wp:attachment":[{"href":"https:\/\/nngenergy.com\/tr\/wp-json\/wp\/v2\/media?parent=1112"}],"curies":[{"name":"wp","href":"https:\/\/api.w.org\/{rel}","templated":true}]}}