{"id":547,"date":"2024-11-20T09:20:45","date_gmt":"2024-11-20T06:20:45","guid":{"rendered":"https:\/\/nngenergy.com\/?page_id=547"},"modified":"2025-08-19T14:40:33","modified_gmt":"2025-08-19T11:40:33","slug":"24-7-service-worldwide","status":"publish","type":"page","link":"https:\/\/nngenergy.com\/fr\/solutions\/24-7-service-worldwide\/","title":{"rendered":"Service mondial 24\/7"},"content":{"rendered":"<div data-elementor-type=\"wp-page\" data-elementor-id=\"547\" class=\"elementor elementor-547\" data-elementor-post-type=\"page\">\n\t\t\t\t<div class=\"elementor-element elementor-element-3dca810 e-flex e-con-boxed e-con e-parent\" data-id=\"3dca810\" data-element_type=\"container\" data-e-type=\"container\" data-settings=\"{&quot;background_background&quot;:&quot;classic&quot;}\">\n\t\t\t\t\t<div class=\"e-con-inner\">\n\t\t\t\t<div class=\"elementor-element elementor-element-d1087f4 elementor-widget elementor-widget-heading\" data-id=\"d1087f4\" data-element_type=\"widget\" data-e-type=\"widget\" data-widget_type=\"heading.default\">\n\t\t\t\t<div class=\"elementor-widget-container\">\n\t\t\t\t\t<h1 class=\"elementor-heading-title elementor-size-default\">SOLUTIONS<\/h1>\t\t\t\t<\/div>\n\t\t\t\t<\/div>\n\t\t\t\t<div class=\"elementor-element elementor-element-98b244e elementor-widget elementor-widget-heading\" data-id=\"98b244e\" data-element_type=\"widget\" data-e-type=\"widget\" data-widget_type=\"heading.default\">\n\t\t\t\t<div class=\"elementor-widget-container\">\n\t\t\t\t\t<h2 class=\"elementor-heading-title elementor-size-default\"><\/h2>\t\t\t\t<\/div>\n\t\t\t\t<\/div>\n\t\t\t\t\t<\/div>\n\t\t\t\t<\/div>\n\t\t<div class=\"elementor-element elementor-element-2634e63 e-flex e-con-boxed e-con e-parent\" data-id=\"2634e63\" data-element_type=\"container\" data-e-type=\"container\">\n\t\t\t\t\t<div class=\"e-con-inner\">\n\t\t\t\t<div class=\"elementor-element elementor-element-da882d1 elementor-widget elementor-widget-hfe-breadcrumbs-widget\" data-id=\"da882d1\" data-element_type=\"widget\" data-e-type=\"widget\" data-widget_type=\"hfe-breadcrumbs-widget.default\">\n\t\t\t\t<div class=\"elementor-widget-container\">\n\t\t\t\t\t<nav aria-label=\"Breadcrumb\"><ul class=\"hfe-breadcrumbs hfe-breadcrumbs-show-home\"><li class=\"hfe-breadcrumbs-item hfe-breadcrumbs-first\"><span class=\"hfe-breadcrumbs-home-icon\"><\/span><a href=\"https:\/\/nngenergy.com\/fr\"><span class=\"hfe-breadcrumbs-text\">Page d'accueil<\/span><\/a><\/li><\/ul><\/nav>\t\t\t\t<\/div>\n\t\t\t\t<\/div>\n\t\t\t\t\t<\/div>\n\t\t\t\t<\/div>\n\t\t<div class=\"elementor-element elementor-element-6b0f8a0 elementor-hidden-desktop e-flex e-con-boxed e-con e-parent\" data-id=\"6b0f8a0\" data-element_type=\"container\" data-e-type=\"container\">\n\t\t\t\t\t<div class=\"e-con-inner\">\n\t\t\t\t<div class=\"elementor-element elementor-element-efdc1b4 elementor-widget elementor-widget-shortcode\" data-id=\"efdc1b4\" data-element_type=\"widget\" data-e-type=\"widget\" data-widget_type=\"shortcode.default\">\n\t\t\t\t<div class=\"elementor-widget-container\">\n\t\t\t\t\t\t\t<div class=\"elementor-shortcode\"><ul class=\"child-pages-list\"><li><a href=\"https:\/\/nngenergy.com\/fr\/solutions\/combine-heat-power-co-generation-plants\/\">Installations combin\u00e9es de production de chaleur et d'\u00e9lectricit\u00e9\u00a0<\/a><\/li><li><a href=\"https:\/\/nngenergy.com\/fr\/solutions\/package\/\">Mises \u00e0 niveau de conditionnement, de r\u00e9vision, de renforcement et de contr\u00f4le<\/a><\/li><li><a href=\"https:\/\/nngenergy.com\/fr\/solutions\/control-system-upgrade\/\">Service du syst\u00e8me de contr\u00f4le<\/a><\/li><li><a href=\"https:\/\/nngenergy.com\/fr\/solutions\/overhaul-maintenance-for-generators\/\">Entretien et r\u00e9vision de g\u00e9n\u00e9rateur<\/a><\/li><li><a href=\"https:\/\/nngenergy.com\/fr\/solutions\/packaging-overhaul-retrofit-control-upgrades\/\">Mises \u00e0 niveau du conditionnement, de la r\u00e9vision, du renforcement et du contr\u00f4le<\/a><\/li><li><a href=\"https:\/\/nngenergy.com\/fr\/solutions\/maintenance-services\/\">Services d'entretien<\/a><\/li><li><a href=\"https:\/\/nngenergy.com\/fr\/solutions\/24-7-service-worldwide\/\">Service mondial 24\/7<\/a><\/li><li><a href=\"https:\/\/nngenergy.com\/fr\/solutions\/complementary-services\/\">Services compl\u00e9mentaires<\/a><\/li><\/ul><\/div>\n\t\t\t\t\t\t<\/div>\n\t\t\t\t<\/div>\n\t\t\t\t\t<\/div>\n\t\t\t\t<\/div>\n\t\t<div class=\"elementor-element elementor-element-7f82406 elementor-hidden-tablet elementor-hidden-mobile e-flex e-con-boxed e-con e-parent\" data-id=\"7f82406\" data-element_type=\"container\" data-e-type=\"container\">\n\t\t\t\t\t<div class=\"e-con-inner\">\n\t\t\t\t<div class=\"elementor-element elementor-element-238517f elementor-widget elementor-widget-shortcode\" data-id=\"238517f\" data-element_type=\"widget\" data-e-type=\"widget\" data-widget_type=\"shortcode.default\">\n\t\t\t\t<div class=\"elementor-widget-container\">\n\t\t\t\t\t\t\t<div class=\"elementor-shortcode\"><div class=\"child-pages-container\"><div class=\"child-page-item\"><a href=\"https:\/\/nngenergy.com\/fr\/solutions\/combine-heat-power-co-generation-plants\/\"><span style=\"font-size:14px\">Installations combin\u00e9es de production de chaleur et d'\u00e9lectricit\u00e9\u00a0<\/span><\/a><\/div><div class=\"child-page-item\"><a href=\"https:\/\/nngenergy.com\/fr\/solutions\/package\/\"><span style=\"font-size:14px\">Mises \u00e0 niveau de conditionnement, de r\u00e9vision, de renforcement et de contr\u00f4le<\/span><\/a><\/div><div class=\"child-page-item\"><a href=\"https:\/\/nngenergy.com\/fr\/solutions\/control-system-upgrade\/\"><span style=\"font-size:14px\">Service du syst\u00e8me de contr\u00f4le<\/span><\/a><\/div><div class=\"child-page-item\"><a href=\"https:\/\/nngenergy.com\/fr\/solutions\/overhaul-maintenance-for-generators\/\"><span style=\"font-size:14px\">Entretien et r\u00e9vision de g\u00e9n\u00e9rateur<\/span><\/a><\/div><div class=\"child-page-item\"><a href=\"https:\/\/nngenergy.com\/fr\/solutions\/packaging-overhaul-retrofit-control-upgrades\/\"><span style=\"font-size:14px\">Mises \u00e0 niveau du conditionnement, de la r\u00e9vision, du renforcement et du contr\u00f4le<\/span><\/a><\/div><div class=\"child-page-item\"><a href=\"https:\/\/nngenergy.com\/fr\/solutions\/maintenance-services\/\"><span style=\"font-size:14px\">Services d'entretien<\/span><\/a><\/div><div class=\"child-page-item\"><a href=\"https:\/\/nngenergy.com\/fr\/solutions\/24-7-service-worldwide\/\"><span style=\"font-size:14px\">Service mondial 24\/7<\/span><\/a><\/div><div class=\"child-page-item current-page\"><a href=\"https:\/\/nngenergy.com\/fr\/solutions\/complementary-services\/\"><span style=\"font-size:14px\">Services compl\u00e9mentaires<\/span><\/a><\/div><\/div><\/div>\n\t\t\t\t\t\t<\/div>\n\t\t\t\t<\/div>\n\t\t\t\t\t<\/div>\n\t\t\t\t<\/div>\n\t\t<div class=\"elementor-element elementor-element-30f0d7f e-flex e-con-boxed e-con e-parent\" data-id=\"30f0d7f\" data-element_type=\"container\" data-e-type=\"container\">\n\t\t\t\t\t<div class=\"e-con-inner\">\n\t\t<div class=\"elementor-element elementor-element-15a167a e-con-full e-flex e-con e-child\" data-id=\"15a167a\" data-element_type=\"container\" data-e-type=\"container\">\n\t\t\t\t<div class=\"elementor-element elementor-element-7fe2db5 elementor-widget elementor-widget-image\" data-id=\"7fe2db5\" data-element_type=\"widget\" data-e-type=\"widget\" data-widget_type=\"image.default\">\n\t\t\t\t<div class=\"elementor-widget-container\">\n\t\t\t\t\t\t\t\t\t\t\t\t\t\t\t<img fetchpriority=\"high\" decoding=\"async\" width=\"1000\" height=\"667\" src=\"https:\/\/nngenergy.com\/wp-content\/uploads\/2024\/11\/DSC08298.jpg\" class=\"attachment-large size-large wp-image-593\" alt=\"We\u2019re committed to offering\u00a024\/7 availability, ensuring support whenever you need it.\" srcset=\"https:\/\/nngenergy.com\/wp-content\/uploads\/2024\/11\/DSC08298.jpg 1000w, https:\/\/nngenergy.com\/wp-content\/uploads\/2024\/11\/DSC08298-300x200.jpg 300w, https:\/\/nngenergy.com\/wp-content\/uploads\/2024\/11\/DSC08298-768x512.jpg 768w, https:\/\/nngenergy.com\/wp-content\/uploads\/2024\/11\/DSC08298-200x133.jpg 200w\" sizes=\"(max-width: 1000px) 100vw, 1000px\" \/>\t\t\t\t\t\t\t\t\t\t\t\t\t\t\t<\/div>\n\t\t\t\t<\/div>\n\t\t\t\t<\/div>\n\t\t<div class=\"elementor-element elementor-element-ed3f019 e-con-full e-flex e-con e-child\" data-id=\"ed3f019\" data-element_type=\"container\" data-e-type=\"container\">\n\t\t\t\t<div class=\"elementor-element elementor-element-bde11c5 elementor-widget elementor-widget-heading\" data-id=\"bde11c5\" data-element_type=\"widget\" data-e-type=\"widget\" data-widget_type=\"heading.default\">\n\t\t\t\t<div class=\"elementor-widget-container\">\n\t\t\t\t\t<h3 class=\"elementor-heading-title elementor-size-default\"><\/h3>\t\t\t\t<\/div>\n\t\t\t\t<\/div>\n\t\t\t\t<div class=\"elementor-element elementor-element-185f931 elementor-widget elementor-widget-text-editor\" data-id=\"185f931\" data-element_type=\"widget\" data-e-type=\"widget\" data-widget_type=\"text-editor.default\">\n\t\t\t\t<div class=\"elementor-widget-container\">\n\t\t\t\t\t\t\t\t\t<p class=\"translation-block\">Gr\u00e2ce \u00e0 notre approche de service 24\/7, nous nous engageons \u00e0 fournir une assistance chaque fois que vous en avez besoin.\u00a0Gr\u00e2ce \u00e0 nos d\u00e9lais de r\u00e9ponse rapides, nous minimisons les temps d'arr\u00eat et assurons le bon d\u00e9roulement de vos op\u00e9rations.\u00a0Notre \u00e9quipe d'experts hautement qualifi\u00e9es est \u00e9quip\u00e9e d'outils et de technologies de pointe, pr\u00eats \u00e0 r\u00e9soudre les probl\u00e8mes efficacement.\u00a0Nous nous adaptons \u00e0 vos besoins en vous proposant des solutions flexibles allant de l'assistance sur site \u00e0 la d\u00e9tection des pannes \u00e0 distance.\u00a0Notre \u00e9quipe hautement qualifi\u00e9e assure un fonctionnement efficace et sans probl\u00e8me de vos syst\u00e8mes en effectuant des diagnostics et des r\u00e9parations fiables avec des \u00e9quipements de pointe.<\/p>\t\t\t\t\t\t\t\t<\/div>\n\t\t\t\t<\/div>\n\t\t\t\t<\/div>\n\t\t\t\t\t<\/div>\n\t\t\t\t<\/div>\n\t\t<div class=\"elementor-element elementor-element-79a86d3 e-flex e-con-boxed e-con e-parent\" data-id=\"79a86d3\" data-element_type=\"container\" data-e-type=\"container\">\n\t\t\t\t\t<div class=\"e-con-inner\">\n\t\t\t\t<div class=\"elementor-element elementor-element-ae96a83 elementor-widget elementor-widget-text-editor\" data-id=\"ae96a83\" data-element_type=\"widget\" data-e-type=\"widget\" data-widget_type=\"text-editor.default\">\n\t\t\t\t<div class=\"elementor-widget-container\">\n\t\t\t\t\t\t\t\t\t<p class=\"translation-block\">Explorez notre section compl\u00e8te\u00a0Ce que nous offrons\u00a0pour d\u00e9couvrir nos solutions compl\u00e8tes pour r\u00e9pondre \u00e0 vos besoins \u00e9nerg\u00e9tiques. Allant des turbines \u00e0 gaz et g\u00e9n\u00e9rateurs haute performance \u00e0 la maintenance et au support mondial, nos services et produits sont con\u00e7us pour offrir une fiabilit\u00e9 et une productivit\u00e9 in\u00e9gal\u00e9es. S\u00e9lectionnez l'une des options ci-dessous pour en savoir plus sur ce que nous offrons et sur la fa\u00e7on dont nous pouvons am\u00e9liorer votre performance op\u00e9rationnelle.<\/p>\t\t\t\t\t\t\t\t<\/div>\n\t\t\t\t<\/div>\n\t\t\t\t<div class=\"elementor-element elementor-element-d02ffba elementor-widget elementor-widget-shortcode\" data-id=\"d02ffba\" data-element_type=\"widget\" data-e-type=\"widget\" data-widget_type=\"shortcode.default\">\n\t\t\t\t<div class=\"elementor-widget-container\">\n\t\t\t\t\t\t\t<div class=\"elementor-shortcode\"><ul class=\"child-pages-list\"><li><a href=\"https:\/\/nngenergy.com\/fr\/what-we-offer\/gas-turbines\/\">Turbines \u00e0 gaz\u00a0<\/a><\/li><li><a href=\"https:\/\/nngenergy.com\/fr\/what-we-offer\/gas-turbine-gas-engines-package-control-system-upgrade\/\">Mise \u00e0 jour de l'ensemble Turbine \u00e0 gaz\/Moteurs \u00e0 gaz et du syst\u00e8me de contr\u00f4le<\/a><\/li><li><a href=\"https:\/\/nngenergy.com\/fr\/what-we-offer\/generators-maintenance-overhaul\/\">Entretien et r\u00e9vision des g\u00e9n\u00e9rateurs<\/a><\/li><li><a href=\"https:\/\/nngenergy.com\/fr\/what-we-offer\/gas-engines-package-components\/\">Ensembles et composants des moteurs \u00e0 gaz<\/a><\/li><li><a href=\"https:\/\/nngenergy.com\/fr\/what-we-offer\/maintenance-troubleshooting-services\/\">Services de maintenance et de d\u00e9pannage<\/a><\/li><li><a href=\"https:\/\/nngenergy.com\/fr\/what-we-offer\/worldwide-24-7-services\/\">Service 24\/7 dans le monde entier\u00a0<\/a><\/li><li><a href=\"https:\/\/nngenergy.com\/fr\/what-we-offer\/supported-services-products\/\">Services et produits fournis<\/a><\/li><\/ul><\/div>\n\t\t\t\t\t\t<\/div>\n\t\t\t\t<\/div>\n\t\t\t\t\t<\/div>\n\t\t\t\t<\/div>\n\t\t\t\t<\/div>","protected":false},"excerpt":{"rendered":"<p>SOLUTIONS Home We\u2019re committed to offering\u00a024\/7 availability, ensuring support whenever you need it. With\u00a0quick response times, we minimize downtime and [&hellip;]<\/p>","protected":false},"author":1,"featured_media":0,"parent":1181,"menu_order":32,"comment_status":"closed","ping_status":"closed","template":"","meta":{"site-sidebar-layout":"no-sidebar","site-content-layout":"","ast-site-content-layout":"full-width-container","site-content-style":"default","site-sidebar-style":"default","ast-global-header-display":"","ast-banner-title-visibility":"","ast-main-header-display":"","ast-hfb-above-header-display":"","ast-hfb-below-header-display":"","ast-hfb-mobile-header-display":"","site-post-title":"disabled","ast-breadcrumbs-content":"","ast-featured-img":"disabled","footer-sml-layout":"","ast-disable-related-posts":"","theme-transparent-header-meta":"default","adv-header-id-meta":"","stick-header-meta":"","header-above-stick-meta":"","header-main-stick-meta":"","header-below-stick-meta":"","astra-migrate-meta-layouts":"set","ast-page-background-enabled":"default","ast-page-background-meta":{"desktop":{"background-color":"var(--ast-global-color-4)","background-image":"","background-repeat":"repeat","background-position":"center center","background-size":"auto","background-attachment":"scroll","background-type":"","background-media":"","overlay-type":"","overlay-color":"","overlay-opacity":"","overlay-gradient":""},"tablet":{"background-color":"","background-image":"","background-repeat":"repeat","background-position":"center center","background-size":"auto","background-attachment":"scroll","background-type":"","background-media":"","overlay-type":"","overlay-color":"","overlay-opacity":"","overlay-gradient":""},"mobile":{"background-color":"","background-image":"","background-repeat":"repeat","background-position":"center center","background-size":"auto","background-attachment":"scroll","background-type":"","background-media":"","overlay-type":"","overlay-color":"","overlay-opacity":"","overlay-gradient":""}},"ast-content-background-meta":{"desktop":{"background-color":"var(--ast-global-color-5)","background-image":"","background-repeat":"repeat","background-position":"center center","background-size":"auto","background-attachment":"scroll","background-type":"","background-media":"","overlay-type":"","overlay-color":"","overlay-opacity":"","overlay-gradient":""},"tablet":{"background-color":"var(--ast-global-color-5)","background-image":"","background-repeat":"repeat","background-position":"center center","background-size":"auto","background-attachment":"scroll","background-type":"","background-media":"","overlay-type":"","overlay-color":"","overlay-opacity":"","overlay-gradient":""},"mobile":{"background-color":"var(--ast-global-color-5)","background-image":"","background-repeat":"repeat","background-position":"center center","background-size":"auto","background-attachment":"scroll","background-type":"","background-media":"","overlay-type":"","overlay-color":"","overlay-opacity":"","overlay-gradient":""}},"footnotes":""},"class_list":["post-547","page","type-page","status-publish","hentry"],"yoast_head":"<!-- This site is optimized with the Yoast SEO plugin v26.4 - https:\/\/yoast.com\/wordpress\/plugins\/seo\/ -->\r\n<title>24\/7 availability, ensuring support whenever you need it - NNG Energy<\/title>\r\n<meta name=\"description\" content=\"NNG Energy provides 24\/7 global support and emergency services to ensure uninterrupted operation of your energy systems\u2014anytime, anywhere.\" \/>\r\n<meta name=\"robots\" content=\"index, follow, max-snippet:-1, max-image-preview:large, max-video-preview:-1\" \/>\r\n<link rel=\"canonical\" href=\"https:\/\/nngenergy.com\/fr\/solutions\/24-7-service-worldwide\/\" \/>\r\n<meta property=\"og:locale\" content=\"fr_FR\" \/>\r\n<meta property=\"og:type\" content=\"article\" \/>\r\n<meta property=\"og:title\" content=\"24\/7 availability, ensuring support whenever you need it - NNG Energy\" \/>\r\n<meta property=\"og:description\" content=\"NNG Energy provides 24\/7 global support and emergency services to ensure uninterrupted operation of your energy systems\u2014anytime, anywhere.\" \/>\r\n<meta property=\"og:url\" content=\"https:\/\/nngenergy.com\/fr\/solutions\/24-7-service-worldwide\/\" \/>\r\n<meta property=\"og:site_name\" content=\"NNG Energy\" \/>\r\n<meta property=\"article:publisher\" content=\"https:\/\/www.facebook.com\/profile.php?id=61560874295001\" \/>\r\n<meta property=\"article:modified_time\" content=\"2025-08-19T11:40:33+00:00\" \/>\r\n<meta property=\"og:image\" content=\"https:\/\/nngenergy.com\/wp-content\/uploads\/2024\/11\/DSC08298.jpg\" \/>\r\n<meta name=\"twitter:card\" content=\"summary_large_image\" \/>\r\n<meta name=\"twitter:label1\" content=\"Dur\u00e9e de lecture estim\u00e9e\" \/>\n\t<meta name=\"twitter:data1\" content=\"2 minutes\" \/>\r\n<script type=\"application\/ld+json\" class=\"yoast-schema-graph\">{\"@context\":\"https:\/\/schema.org\",\"@graph\":[{\"@type\":\"WebPage\",\"@id\":\"https:\/\/nngenergy.com\/solutions\/24-7-service-worldwide\/\",\"url\":\"https:\/\/nngenergy.com\/solutions\/24-7-service-worldwide\/\",\"name\":\"24\/7 availability, ensuring support whenever you need it - NNG Energy\",\"isPartOf\":{\"@id\":\"https:\/\/nngenergy.com\/#website\"},\"primaryImageOfPage\":{\"@id\":\"https:\/\/nngenergy.com\/solutions\/24-7-service-worldwide\/#primaryimage\"},\"image\":{\"@id\":\"https:\/\/nngenergy.com\/solutions\/24-7-service-worldwide\/#primaryimage\"},\"thumbnailUrl\":\"https:\/\/nngenergy.com\/wp-content\/uploads\/2024\/11\/DSC08298.jpg\",\"datePublished\":\"2024-11-20T06:20:45+00:00\",\"dateModified\":\"2025-08-19T11:40:33+00:00\",\"description\":\"NNG Energy provides 24\/7 global support and emergency services to ensure uninterrupted operation of your energy systems\u2014anytime, anywhere.\",\"breadcrumb\":{\"@id\":\"https:\/\/nngenergy.com\/solutions\/24-7-service-worldwide\/#breadcrumb\"},\"inLanguage\":\"fr-FR\",\"potentialAction\":[{\"@type\":\"ReadAction\",\"target\":[\"https:\/\/nngenergy.com\/solutions\/24-7-service-worldwide\/\"]}]},{\"@type\":\"ImageObject\",\"inLanguage\":\"fr-FR\",\"@id\":\"https:\/\/nngenergy.com\/solutions\/24-7-service-worldwide\/#primaryimage\",\"url\":\"https:\/\/nngenergy.com\/wp-content\/uploads\/2024\/11\/DSC08298.jpg\",\"contentUrl\":\"https:\/\/nngenergy.com\/wp-content\/uploads\/2024\/11\/DSC08298.jpg\"},{\"@type\":\"BreadcrumbList\",\"@id\":\"https:\/\/nngenergy.com\/solutions\/24-7-service-worldwide\/#breadcrumb\",\"itemListElement\":[{\"@type\":\"ListItem\",\"position\":1,\"name\":\"Home\",\"item\":\"https:\/\/nngenergy.com\/\"},{\"@type\":\"ListItem\",\"position\":2,\"name\":\"Solutions\",\"item\":\"https:\/\/nngenergy.com\/solutions\/\"},{\"@type\":\"ListItem\",\"position\":3,\"name\":\"24\/7 availability, ensuring support whenever you need it\"}]},{\"@type\":\"WebSite\",\"@id\":\"https:\/\/nngenergy.com\/#website\",\"url\":\"https:\/\/nngenergy.com\/\",\"name\":\"NNG Enerji\",\"description\":\"\",\"publisher\":{\"@id\":\"https:\/\/nngenergy.com\/#organization\"},\"potentialAction\":[{\"@type\":\"SearchAction\",\"target\":{\"@type\":\"EntryPoint\",\"urlTemplate\":\"https:\/\/nngenergy.com\/?s={search_term_string}\"},\"query-input\":{\"@type\":\"PropertyValueSpecification\",\"valueRequired\":true,\"valueName\":\"search_term_string\"}}],\"inLanguage\":\"fr-FR\"},{\"@type\":\"Organization\",\"@id\":\"https:\/\/nngenergy.com\/#organization\",\"name\":\"NNG Enerji\",\"url\":\"https:\/\/nngenergy.com\/\",\"logo\":{\"@type\":\"ImageObject\",\"inLanguage\":\"fr-FR\",\"@id\":\"https:\/\/nngenergy.com\/#\/schema\/logo\/image\/\",\"url\":\"https:\/\/nngenergy.com\/wp-content\/uploads\/2024\/09\/logo-disi.png\",\"contentUrl\":\"https:\/\/nngenergy.com\/wp-content\/uploads\/2024\/09\/logo-disi.png\",\"width\":566,\"height\":289,\"caption\":\"NNG Enerji\"},\"image\":{\"@id\":\"https:\/\/nngenergy.com\/#\/schema\/logo\/image\/\"},\"sameAs\":[\"https:\/\/www.facebook.com\/profile.php?id=61560874295001\",\"https:\/\/www.youtube.com\/@nng.energy\",\"https:\/\/www.linkedin.com\/company\/nng-enerji-teknoloji\/\",\"https:\/\/www.instagram.com\/nng.energy?igsh=c3FqZmVnbmhuaDRh\"]}]}<\/script>\r\n<!-- \/ Yoast SEO plugin. -->","yoast_head_json":{"title":"24\/7 availability, ensuring support whenever you need it - NNG Energy","description":"NNG Energy provides 24\/7 global support and emergency services to ensure uninterrupted operation of your energy systems\u2014anytime, anywhere.","robots":{"index":"index","follow":"follow","max-snippet":"max-snippet:-1","max-image-preview":"max-image-preview:large","max-video-preview":"max-video-preview:-1"},"canonical":"https:\/\/nngenergy.com\/fr\/solutions\/24-7-service-worldwide\/","og_locale":"fr_FR","og_type":"article","og_title":"24\/7 availability, ensuring support whenever you need it - NNG Energy","og_description":"NNG Energy provides 24\/7 global support and emergency services to ensure uninterrupted operation of your energy systems\u2014anytime, anywhere.","og_url":"https:\/\/nngenergy.com\/fr\/solutions\/24-7-service-worldwide\/","og_site_name":"NNG Energy","article_publisher":"https:\/\/www.facebook.com\/profile.php?id=61560874295001","article_modified_time":"2025-08-19T11:40:33+00:00","og_image":[{"url":"https:\/\/nngenergy.com\/wp-content\/uploads\/2024\/11\/DSC08298.jpg","type":"","width":"","height":""}],"twitter_card":"summary_large_image","twitter_misc":{"Dur\u00e9e de lecture estim\u00e9e":"2 minutes"},"schema":{"@context":"https:\/\/schema.org","@graph":[{"@type":"WebPage","@id":"https:\/\/nngenergy.com\/solutions\/24-7-service-worldwide\/","url":"https:\/\/nngenergy.com\/solutions\/24-7-service-worldwide\/","name":"24\/7 availability, ensuring support whenever you need it - NNG Energy","isPartOf":{"@id":"https:\/\/nngenergy.com\/#website"},"primaryImageOfPage":{"@id":"https:\/\/nngenergy.com\/solutions\/24-7-service-worldwide\/#primaryimage"},"image":{"@id":"https:\/\/nngenergy.com\/solutions\/24-7-service-worldwide\/#primaryimage"},"thumbnailUrl":"https:\/\/nngenergy.com\/wp-content\/uploads\/2024\/11\/DSC08298.jpg","datePublished":"2024-11-20T06:20:45+00:00","dateModified":"2025-08-19T11:40:33+00:00","description":"NNG Energy provides 24\/7 global support and emergency services to ensure uninterrupted operation of your energy systems\u2014anytime, anywhere.","breadcrumb":{"@id":"https:\/\/nngenergy.com\/solutions\/24-7-service-worldwide\/#breadcrumb"},"inLanguage":"fr-FR","potentialAction":[{"@type":"ReadAction","target":["https:\/\/nngenergy.com\/solutions\/24-7-service-worldwide\/"]}]},{"@type":"ImageObject","inLanguage":"fr-FR","@id":"https:\/\/nngenergy.com\/solutions\/24-7-service-worldwide\/#primaryimage","url":"https:\/\/nngenergy.com\/wp-content\/uploads\/2024\/11\/DSC08298.jpg","contentUrl":"https:\/\/nngenergy.com\/wp-content\/uploads\/2024\/11\/DSC08298.jpg"},{"@type":"BreadcrumbList","@id":"https:\/\/nngenergy.com\/solutions\/24-7-service-worldwide\/#breadcrumb","itemListElement":[{"@type":"ListItem","position":1,"name":"Home","item":"https:\/\/nngenergy.com\/"},{"@type":"ListItem","position":2,"name":"Solutions","item":"https:\/\/nngenergy.com\/solutions\/"},{"@type":"ListItem","position":3,"name":"24\/7 availability, ensuring support whenever you need it"}]},{"@type":"WebSite","@id":"https:\/\/nngenergy.com\/#website","url":"https:\/\/nngenergy.com\/","name":"NNG Enerji","description":"","publisher":{"@id":"https:\/\/nngenergy.com\/#organization"},"potentialAction":[{"@type":"SearchAction","target":{"@type":"EntryPoint","urlTemplate":"https:\/\/nngenergy.com\/?s={search_term_string}"},"query-input":{"@type":"PropertyValueSpecification","valueRequired":true,"valueName":"search_term_string"}}],"inLanguage":"fr-FR"},{"@type":"Organization","@id":"https:\/\/nngenergy.com\/#organization","name":"NNG Enerji","url":"https:\/\/nngenergy.com\/","logo":{"@type":"ImageObject","inLanguage":"fr-FR","@id":"https:\/\/nngenergy.com\/#\/schema\/logo\/image\/","url":"https:\/\/nngenergy.com\/wp-content\/uploads\/2024\/09\/logo-disi.png","contentUrl":"https:\/\/nngenergy.com\/wp-content\/uploads\/2024\/09\/logo-disi.png","width":566,"height":289,"caption":"NNG Enerji"},"image":{"@id":"https:\/\/nngenergy.com\/#\/schema\/logo\/image\/"},"sameAs":["https:\/\/www.facebook.com\/profile.php?id=61560874295001","https:\/\/www.youtube.com\/@nng.energy","https:\/\/www.linkedin.com\/company\/nng-enerji-teknoloji\/","https:\/\/www.instagram.com\/nng.energy?igsh=c3FqZmVnbmhuaDRh"]}]}},"_links":{"self":[{"href":"https:\/\/nngenergy.com\/fr\/wp-json\/wp\/v2\/pages\/547","targetHints":{"allow":["GET"]}}],"collection":[{"href":"https:\/\/nngenergy.com\/fr\/wp-json\/wp\/v2\/pages"}],"about":[{"href":"https:\/\/nngenergy.com\/fr\/wp-json\/wp\/v2\/types\/page"}],"author":[{"embeddable":true,"href":"https:\/\/nngenergy.com\/fr\/wp-json\/wp\/v2\/users\/1"}],"replies":[{"embeddable":true,"href":"https:\/\/nngenergy.com\/fr\/wp-json\/wp\/v2\/comments?post=547"}],"version-history":[{"count":23,"href":"https:\/\/nngenergy.com\/fr\/wp-json\/wp\/v2\/pages\/547\/revisions"}],"predecessor-version":[{"id":2290,"href":"https:\/\/nngenergy.com\/fr\/wp-json\/wp\/v2\/pages\/547\/revisions\/2290"}],"up":[{"embeddable":true,"href":"https:\/\/nngenergy.com\/fr\/wp-json\/wp\/v2\/pages\/1181"}],"wp:attachment":[{"href":"https:\/\/nngenergy.com\/fr\/wp-json\/wp\/v2\/media?parent=547"}],"curies":[{"name":"wp","href":"https:\/\/api.w.org\/{rel}","templated":true}]}}