{"id":538,"date":"2024-11-20T09:18:10","date_gmt":"2024-11-20T06:18:10","guid":{"rendered":"https:\/\/nngenergy.com\/?page_id=538"},"modified":"2025-08-03T15:46:13","modified_gmt":"2025-08-03T12:46:13","slug":"overhaul-maintenance-for-generators","status":"publish","type":"page","link":"https:\/\/nngenergy.com\/fr\/solutions\/overhaul-maintenance-for-generators\/","title":{"rendered":"Entretien et r\u00e9vision de g\u00e9n\u00e9rateur"},"content":{"rendered":"<div data-elementor-type=\"wp-page\" data-elementor-id=\"538\" class=\"elementor elementor-538\" data-elementor-post-type=\"page\">\n\t\t\t\t<div class=\"elementor-element elementor-element-bdffb80 e-flex e-con-boxed e-con e-parent\" data-id=\"bdffb80\" data-element_type=\"container\" data-e-type=\"container\" data-settings=\"{&quot;background_background&quot;:&quot;classic&quot;}\">\n\t\t\t\t\t<div class=\"e-con-inner\">\n\t\t\t\t<div class=\"elementor-element elementor-element-8321e02 elementor-widget elementor-widget-heading\" data-id=\"8321e02\" data-element_type=\"widget\" data-e-type=\"widget\" data-widget_type=\"heading.default\">\n\t\t\t\t<div class=\"elementor-widget-container\">\n\t\t\t\t\t<h1 class=\"elementor-heading-title elementor-size-default\">SOLUTIONS<\/h1>\t\t\t\t<\/div>\n\t\t\t\t<\/div>\n\t\t\t\t<div class=\"elementor-element elementor-element-1389c65 elementor-widget elementor-widget-heading\" data-id=\"1389c65\" data-element_type=\"widget\" data-e-type=\"widget\" data-widget_type=\"heading.default\">\n\t\t\t\t<div class=\"elementor-widget-container\">\n\t\t\t\t\t<h2 class=\"elementor-heading-title elementor-size-default\"><\/h2>\t\t\t\t<\/div>\n\t\t\t\t<\/div>\n\t\t\t\t\t<\/div>\n\t\t\t\t<\/div>\n\t\t<div class=\"elementor-element elementor-element-53af40f e-flex e-con-boxed e-con e-parent\" data-id=\"53af40f\" data-element_type=\"container\" data-e-type=\"container\">\n\t\t\t\t\t<div class=\"e-con-inner\">\n\t\t\t\t<div class=\"elementor-element elementor-element-3973be7 elementor-widget elementor-widget-hfe-breadcrumbs-widget\" data-id=\"3973be7\" data-element_type=\"widget\" data-e-type=\"widget\" data-widget_type=\"hfe-breadcrumbs-widget.default\">\n\t\t\t\t<div class=\"elementor-widget-container\">\n\t\t\t\t\t<nav aria-label=\"Breadcrumb\"><ul class=\"hfe-breadcrumbs hfe-breadcrumbs-show-home\"><li class=\"hfe-breadcrumbs-item hfe-breadcrumbs-first\"><span class=\"hfe-breadcrumbs-home-icon\"><\/span><a href=\"https:\/\/nngenergy.com\/fr\"><span class=\"hfe-breadcrumbs-text\">Page d'accueil<\/span><\/a><\/li><\/ul><\/nav>\t\t\t\t<\/div>\n\t\t\t\t<\/div>\n\t\t\t\t\t<\/div>\n\t\t\t\t<\/div>\n\t\t<div class=\"elementor-element elementor-element-ca70a70 elementor-hidden-desktop e-flex e-con-boxed e-con e-parent\" data-id=\"ca70a70\" data-element_type=\"container\" data-e-type=\"container\">\n\t\t\t\t\t<div class=\"e-con-inner\">\n\t\t\t\t<div class=\"elementor-element elementor-element-82e8e87 elementor-widget elementor-widget-shortcode\" data-id=\"82e8e87\" data-element_type=\"widget\" data-e-type=\"widget\" data-widget_type=\"shortcode.default\">\n\t\t\t\t<div class=\"elementor-widget-container\">\n\t\t\t\t\t\t\t<div class=\"elementor-shortcode\"><ul class=\"child-pages-list\"><li><a href=\"https:\/\/nngenergy.com\/fr\/solutions\/combine-heat-power-co-generation-plants\/\">Installations combin\u00e9es de production de chaleur et d'\u00e9lectricit\u00e9\u00a0<\/a><\/li><li><a href=\"https:\/\/nngenergy.com\/fr\/solutions\/package\/\">Mises \u00e0 niveau de conditionnement, de r\u00e9vision, de renforcement et de contr\u00f4le<\/a><\/li><li><a href=\"https:\/\/nngenergy.com\/fr\/solutions\/control-system-upgrade\/\">Service du syst\u00e8me de contr\u00f4le<\/a><\/li><li><a href=\"https:\/\/nngenergy.com\/fr\/solutions\/overhaul-maintenance-for-generators\/\">Entretien et r\u00e9vision de g\u00e9n\u00e9rateur<\/a><\/li><li><a href=\"https:\/\/nngenergy.com\/fr\/solutions\/packaging-overhaul-retrofit-control-upgrades\/\">Mises \u00e0 niveau du conditionnement, de la r\u00e9vision, du renforcement et du contr\u00f4le<\/a><\/li><li><a href=\"https:\/\/nngenergy.com\/fr\/solutions\/maintenance-services\/\">Services d'entretien<\/a><\/li><li><a href=\"https:\/\/nngenergy.com\/fr\/solutions\/24-7-service-worldwide\/\">Service mondial 24\/7<\/a><\/li><li><a href=\"https:\/\/nngenergy.com\/fr\/solutions\/complementary-services\/\">Services compl\u00e9mentaires<\/a><\/li><\/ul><\/div>\n\t\t\t\t\t\t<\/div>\n\t\t\t\t<\/div>\n\t\t\t\t\t<\/div>\n\t\t\t\t<\/div>\n\t\t<div class=\"elementor-element elementor-element-5dfe127 elementor-hidden-tablet elementor-hidden-mobile e-flex e-con-boxed e-con e-parent\" data-id=\"5dfe127\" data-element_type=\"container\" data-e-type=\"container\">\n\t\t\t\t\t<div class=\"e-con-inner\">\n\t\t\t\t<div class=\"elementor-element elementor-element-eb8d16a elementor-widget elementor-widget-shortcode\" data-id=\"eb8d16a\" data-element_type=\"widget\" data-e-type=\"widget\" data-widget_type=\"shortcode.default\">\n\t\t\t\t<div class=\"elementor-widget-container\">\n\t\t\t\t\t\t\t<div class=\"elementor-shortcode\"><div class=\"child-pages-container\"><div class=\"child-page-item\"><a href=\"https:\/\/nngenergy.com\/fr\/solutions\/combine-heat-power-co-generation-plants\/\"><span style=\"font-size:14px\">Installations combin\u00e9es de production de chaleur et d'\u00e9lectricit\u00e9\u00a0<\/span><\/a><\/div><div class=\"child-page-item\"><a href=\"https:\/\/nngenergy.com\/fr\/solutions\/package\/\"><span style=\"font-size:14px\">Mises \u00e0 niveau de conditionnement, de r\u00e9vision, de renforcement et de contr\u00f4le<\/span><\/a><\/div><div class=\"child-page-item\"><a href=\"https:\/\/nngenergy.com\/fr\/solutions\/control-system-upgrade\/\"><span style=\"font-size:14px\">Service du syst\u00e8me de contr\u00f4le<\/span><\/a><\/div><div class=\"child-page-item\"><a href=\"https:\/\/nngenergy.com\/fr\/solutions\/overhaul-maintenance-for-generators\/\"><span style=\"font-size:14px\">Entretien et r\u00e9vision de g\u00e9n\u00e9rateur<\/span><\/a><\/div><div class=\"child-page-item\"><a href=\"https:\/\/nngenergy.com\/fr\/solutions\/packaging-overhaul-retrofit-control-upgrades\/\"><span style=\"font-size:14px\">Mises \u00e0 niveau du conditionnement, de la r\u00e9vision, du renforcement et du contr\u00f4le<\/span><\/a><\/div><div class=\"child-page-item\"><a href=\"https:\/\/nngenergy.com\/fr\/solutions\/maintenance-services\/\"><span style=\"font-size:14px\">Services d'entretien<\/span><\/a><\/div><div class=\"child-page-item\"><a href=\"https:\/\/nngenergy.com\/fr\/solutions\/24-7-service-worldwide\/\"><span style=\"font-size:14px\">Service mondial 24\/7<\/span><\/a><\/div><div class=\"child-page-item current-page\"><a href=\"https:\/\/nngenergy.com\/fr\/solutions\/complementary-services\/\"><span style=\"font-size:14px\">Services compl\u00e9mentaires<\/span><\/a><\/div><\/div><\/div>\n\t\t\t\t\t\t<\/div>\n\t\t\t\t<\/div>\n\t\t\t\t\t<\/div>\n\t\t\t\t<\/div>\n\t\t<div class=\"elementor-element elementor-element-30f0d7f e-flex e-con-boxed e-con e-parent\" data-id=\"30f0d7f\" data-element_type=\"container\" data-e-type=\"container\">\n\t\t\t\t\t<div class=\"e-con-inner\">\n\t\t<div class=\"elementor-element elementor-element-15a167a e-con-full e-flex e-con e-child\" data-id=\"15a167a\" data-element_type=\"container\" data-e-type=\"container\">\n\t\t\t\t<div class=\"elementor-element elementor-element-7fe2db5 elementor-widget elementor-widget-image\" data-id=\"7fe2db5\" data-element_type=\"widget\" data-e-type=\"widget\" data-widget_type=\"image.default\">\n\t\t\t\t<div class=\"elementor-widget-container\">\n\t\t\t\t\t\t\t\t\t\t\t\t\t\t\t<img fetchpriority=\"high\" decoding=\"async\" width=\"667\" height=\"1001\" src=\"https:\/\/nngenergy.com\/wp-content\/uploads\/2024\/11\/DSC08181.jpg\" class=\"attachment-large size-large wp-image-581\" alt=\"Entretien et r\u00e9vision de g\u00e9n\u00e9rateur\" srcset=\"https:\/\/nngenergy.com\/wp-content\/uploads\/2024\/11\/DSC08181.jpg 667w, https:\/\/nngenergy.com\/wp-content\/uploads\/2024\/11\/DSC08181-200x300.jpg 200w\" sizes=\"(max-width: 667px) 100vw, 667px\" \/>\t\t\t\t\t\t\t\t\t\t\t\t\t\t\t<\/div>\n\t\t\t\t<\/div>\n\t\t\t\t<\/div>\n\t\t<div class=\"elementor-element elementor-element-ed3f019 e-con-full e-flex e-con e-child\" data-id=\"ed3f019\" data-element_type=\"container\" data-e-type=\"container\">\n\t\t\t\t<div class=\"elementor-element elementor-element-bde11c5 elementor-widget elementor-widget-heading\" data-id=\"bde11c5\" data-element_type=\"widget\" data-e-type=\"widget\" data-widget_type=\"heading.default\">\n\t\t\t\t<div class=\"elementor-widget-container\">\n\t\t\t\t\t<h3 class=\"elementor-heading-title elementor-size-default\"><\/h3>\t\t\t\t<\/div>\n\t\t\t\t<\/div>\n\t\t\t\t<div class=\"elementor-element elementor-element-5225ca0 elementor-widget elementor-widget-text-editor\" data-id=\"5225ca0\" data-element_type=\"widget\" data-e-type=\"widget\" data-widget_type=\"text-editor.default\">\n\t\t\t\t<div class=\"elementor-widget-container\">\n\t\t\t\t\t\t\t\t\t<p>NNG Energy offre une gamme compl\u00e8te de services de r\u00e9vision et de maintenance pour les g\u00e9n\u00e9rateurs, y compris les mod\u00e8les des s\u00e9ries LSA, LSAM et TAL, tous con\u00e7us pour optimiser l'efficacit\u00e9 et la long\u00e9vit\u00e9 de la production d'\u00e9nergie. En tant que fournisseur de services agr\u00e9\u00e9 de Nidec Power Leroy-Somer en Turquie et en G\u00e9orgie, nous nous sp\u00e9cialisons dans la maintenance compl\u00e8te, la fourniture de pi\u00e8ces de rechange et la r\u00e9vision compl\u00e8te. Notre vaste expertise et nos installations de test avanc\u00e9es positionnent NNG Energy comme un partenaire de confiance d\u00e9di\u00e9 \u00e0 la maximisation des performances et de la durabilit\u00e9 de chaque groupe \u00e9lectrog\u00e8ne.<\/p>\t\t\t\t\t\t\t\t<\/div>\n\t\t\t\t<\/div>\n\t\t\t\t<div class=\"elementor-element elementor-element-85a2044 elementor-widget elementor-widget-heading\" data-id=\"85a2044\" data-element_type=\"widget\" data-e-type=\"widget\" data-widget_type=\"heading.default\">\n\t\t\t\t<div class=\"elementor-widget-container\">\n\t\t\t\t\t<h3 class=\"elementor-heading-title elementor-size-default\">Nouvelles unit\u00e9s<\/h3>\t\t\t\t<\/div>\n\t\t\t\t<\/div>\n\t\t\t\t<div class=\"elementor-element elementor-element-13516ce elementor-widget elementor-widget-text-editor\" data-id=\"13516ce\" data-element_type=\"widget\" data-e-type=\"widget\" data-widget_type=\"text-editor.default\">\n\t\t\t\t<div class=\"elementor-widget-container\">\n\t\t\t\t\t\t\t\t\t<p>Nos g\u00e9n\u00e9rateurs haute performance, y compris les s\u00e9ries LSA, LSAM et TAL, sont con\u00e7us pour la fiabilit\u00e9 et la productivit\u00e9 dans une vari\u00e9t\u00e9 d'applications. Chaque mod\u00e8le est soutenu par des catalogues complets pour permettre aux clients de choisir celui qui convient le mieux \u00e0 leurs besoins \u00e9nerg\u00e9tiques sp\u00e9cifiques, et l'engagement de NNG Energy en mati\u00e8re de qualit\u00e9 et d'innovation fournit des solutions fiables.<\/p>\t\t\t\t\t\t\t\t<\/div>\n\t\t\t\t<\/div>\n\t\t\t\t<\/div>\n\t\t\t\t\t<\/div>\n\t\t\t\t<\/div>\n\t\t<div class=\"elementor-element elementor-element-79a86d3 e-flex e-con-boxed e-con e-parent\" data-id=\"79a86d3\" data-element_type=\"container\" data-e-type=\"container\">\n\t\t\t\t\t<div class=\"e-con-inner\">\n\t\t\t\t<div class=\"elementor-element elementor-element-ae96a83 elementor-widget elementor-widget-text-editor\" data-id=\"ae96a83\" data-element_type=\"widget\" data-e-type=\"widget\" data-widget_type=\"text-editor.default\">\n\t\t\t\t<div class=\"elementor-widget-container\">\n\t\t\t\t\t\t\t\t\t<p class=\"translation-block\">Explorez notre section compl\u00e8te\u00a0Ce que nous offrons\u00a0pour d\u00e9couvrir nos solutions compl\u00e8tes pour r\u00e9pondre \u00e0 vos besoins \u00e9nerg\u00e9tiques. Allant des turbines \u00e0 gaz et g\u00e9n\u00e9rateurs haute performance \u00e0 la maintenance et au support mondial, nos services et produits sont con\u00e7us pour offrir une fiabilit\u00e9 et une productivit\u00e9 in\u00e9gal\u00e9es. S\u00e9lectionnez l'une des options ci-dessous pour en savoir plus sur ce que nous offrons et sur la fa\u00e7on dont nous pouvons am\u00e9liorer votre performance op\u00e9rationnelle.<\/p>\t\t\t\t\t\t\t\t<\/div>\n\t\t\t\t<\/div>\n\t\t\t\t<div class=\"elementor-element elementor-element-d02ffba elementor-widget elementor-widget-shortcode\" data-id=\"d02ffba\" data-element_type=\"widget\" data-e-type=\"widget\" data-widget_type=\"shortcode.default\">\n\t\t\t\t<div class=\"elementor-widget-container\">\n\t\t\t\t\t\t\t<div class=\"elementor-shortcode\"><ul class=\"child-pages-list\"><li><a href=\"https:\/\/nngenergy.com\/fr\/what-we-offer\/gas-turbines\/\">Turbines \u00e0 gaz\u00a0<\/a><\/li><li><a href=\"https:\/\/nngenergy.com\/fr\/what-we-offer\/gas-turbine-gas-engines-package-control-system-upgrade\/\">Mise \u00e0 jour de l'ensemble Turbine \u00e0 gaz\/Moteurs \u00e0 gaz et du syst\u00e8me de contr\u00f4le<\/a><\/li><li><a href=\"https:\/\/nngenergy.com\/fr\/what-we-offer\/generators-maintenance-overhaul\/\">Entretien et r\u00e9vision des g\u00e9n\u00e9rateurs<\/a><\/li><li><a href=\"https:\/\/nngenergy.com\/fr\/what-we-offer\/gas-engines-package-components\/\">Ensembles et composants des moteurs \u00e0 gaz<\/a><\/li><li><a href=\"https:\/\/nngenergy.com\/fr\/what-we-offer\/maintenance-troubleshooting-services\/\">Services de maintenance et de d\u00e9pannage<\/a><\/li><li><a href=\"https:\/\/nngenergy.com\/fr\/what-we-offer\/worldwide-24-7-services\/\">Service 24\/7 dans le monde entier\u00a0<\/a><\/li><li><a href=\"https:\/\/nngenergy.com\/fr\/what-we-offer\/supported-services-products\/\">Services et produits fournis<\/a><\/li><\/ul><\/div>\n\t\t\t\t\t\t<\/div>\n\t\t\t\t<\/div>\n\t\t\t\t\t<\/div>\n\t\t\t\t<\/div>\n\t\t\t\t<\/div>","protected":false},"excerpt":{"rendered":"<p>SOLUTIONS Home NNG Energy offers a comprehensive range of overhaul and maintenance services for generators, including models in the LSA, [&hellip;]<\/p>","protected":false},"author":1,"featured_media":0,"parent":1181,"menu_order":29,"comment_status":"closed","ping_status":"closed","template":"","meta":{"site-sidebar-layout":"no-sidebar","site-content-layout":"","ast-site-content-layout":"full-width-container","site-content-style":"default","site-sidebar-style":"default","ast-global-header-display":"","ast-banner-title-visibility":"","ast-main-header-display":"","ast-hfb-above-header-display":"","ast-hfb-below-header-display":"","ast-hfb-mobile-header-display":"","site-post-title":"disabled","ast-breadcrumbs-content":"","ast-featured-img":"disabled","footer-sml-layout":"","ast-disable-related-posts":"","theme-transparent-header-meta":"default","adv-header-id-meta":"","stick-header-meta":"","header-above-stick-meta":"","header-main-stick-meta":"","header-below-stick-meta":"","astra-migrate-meta-layouts":"set","ast-page-background-enabled":"default","ast-page-background-meta":{"desktop":{"background-color":"var(--ast-global-color-4)","background-image":"","background-repeat":"repeat","background-position":"center center","background-size":"auto","background-attachment":"scroll","background-type":"","background-media":"","overlay-type":"","overlay-color":"","overlay-opacity":"","overlay-gradient":""},"tablet":{"background-color":"","background-image":"","background-repeat":"repeat","background-position":"center center","background-size":"auto","background-attachment":"scroll","background-type":"","background-media":"","overlay-type":"","overlay-color":"","overlay-opacity":"","overlay-gradient":""},"mobile":{"background-color":"","background-image":"","background-repeat":"repeat","background-position":"center center","background-size":"auto","background-attachment":"scroll","background-type":"","background-media":"","overlay-type":"","overlay-color":"","overlay-opacity":"","overlay-gradient":""}},"ast-content-background-meta":{"desktop":{"background-color":"var(--ast-global-color-5)","background-image":"","background-repeat":"repeat","background-position":"center center","background-size":"auto","background-attachment":"scroll","background-type":"","background-media":"","overlay-type":"","overlay-color":"","overlay-opacity":"","overlay-gradient":""},"tablet":{"background-color":"var(--ast-global-color-5)","background-image":"","background-repeat":"repeat","background-position":"center center","background-size":"auto","background-attachment":"scroll","background-type":"","background-media":"","overlay-type":"","overlay-color":"","overlay-opacity":"","overlay-gradient":""},"mobile":{"background-color":"var(--ast-global-color-5)","background-image":"","background-repeat":"repeat","background-position":"center center","background-size":"auto","background-attachment":"scroll","background-type":"","background-media":"","overlay-type":"","overlay-color":"","overlay-opacity":"","overlay-gradient":""}},"footnotes":""},"class_list":["post-538","page","type-page","status-publish","hentry"],"yoast_head":"<!-- This site is optimized with the Yoast SEO plugin v26.4 - https:\/\/yoast.com\/wordpress\/plugins\/seo\/ -->\r\n<title>Overhaul &amp; Maintenance For Generators - NNG Energy<\/title>\r\n<meta name=\"description\" content=\"Generator reliability with NNG Energy&#039;s expert overhaul &amp; maintenance services. Certified technicians for diesel, gas &amp; renewable generators.\" \/>\r\n<meta name=\"robots\" content=\"index, follow, max-snippet:-1, max-image-preview:large, max-video-preview:-1\" \/>\r\n<link rel=\"canonical\" href=\"https:\/\/nngenergy.com\/fr\/solutions\/overhaul-maintenance-for-generators\/\" \/>\r\n<meta property=\"og:locale\" content=\"fr_FR\" \/>\r\n<meta property=\"og:type\" content=\"article\" \/>\r\n<meta property=\"og:title\" content=\"Overhaul &amp; Maintenance For Generators - NNG Energy\" \/>\r\n<meta property=\"og:description\" content=\"Generator reliability with NNG Energy&#039;s expert overhaul &amp; maintenance services. Certified technicians for diesel, gas &amp; renewable generators.\" \/>\r\n<meta property=\"og:url\" content=\"https:\/\/nngenergy.com\/fr\/solutions\/overhaul-maintenance-for-generators\/\" \/>\r\n<meta property=\"og:site_name\" content=\"NNG Energy\" \/>\r\n<meta property=\"article:publisher\" content=\"https:\/\/www.facebook.com\/profile.php?id=61560874295001\" \/>\r\n<meta property=\"article:modified_time\" content=\"2025-08-03T12:46:13+00:00\" \/>\r\n<meta property=\"og:image\" content=\"https:\/\/nngenergy.com\/wp-content\/uploads\/2024\/11\/DSC08181.jpg\" \/>\r\n<meta name=\"twitter:card\" content=\"summary_large_image\" \/>\r\n<meta name=\"twitter:label1\" content=\"Dur\u00e9e de lecture estim\u00e9e\" \/>\n\t<meta name=\"twitter:data1\" content=\"2 minutes\" \/>\r\n<script type=\"application\/ld+json\" class=\"yoast-schema-graph\">{\"@context\":\"https:\/\/schema.org\",\"@graph\":[{\"@type\":\"WebPage\",\"@id\":\"https:\/\/nngenergy.com\/solutions\/overhaul-maintenance-for-generators\/\",\"url\":\"https:\/\/nngenergy.com\/solutions\/overhaul-maintenance-for-generators\/\",\"name\":\"Overhaul & Maintenance For Generators - NNG Energy\",\"isPartOf\":{\"@id\":\"https:\/\/nngenergy.com\/#website\"},\"primaryImageOfPage\":{\"@id\":\"https:\/\/nngenergy.com\/solutions\/overhaul-maintenance-for-generators\/#primaryimage\"},\"image\":{\"@id\":\"https:\/\/nngenergy.com\/solutions\/overhaul-maintenance-for-generators\/#primaryimage\"},\"thumbnailUrl\":\"https:\/\/nngenergy.com\/wp-content\/uploads\/2024\/11\/DSC08181.jpg\",\"datePublished\":\"2024-11-20T06:18:10+00:00\",\"dateModified\":\"2025-08-03T12:46:13+00:00\",\"description\":\"Generator reliability with NNG Energy's expert overhaul & maintenance services. Certified technicians for diesel, gas & renewable generators.\",\"breadcrumb\":{\"@id\":\"https:\/\/nngenergy.com\/solutions\/overhaul-maintenance-for-generators\/#breadcrumb\"},\"inLanguage\":\"fr-FR\",\"potentialAction\":[{\"@type\":\"ReadAction\",\"target\":[\"https:\/\/nngenergy.com\/solutions\/overhaul-maintenance-for-generators\/\"]}]},{\"@type\":\"ImageObject\",\"inLanguage\":\"fr-FR\",\"@id\":\"https:\/\/nngenergy.com\/solutions\/overhaul-maintenance-for-generators\/#primaryimage\",\"url\":\"https:\/\/nngenergy.com\/wp-content\/uploads\/2024\/11\/DSC08181.jpg\",\"contentUrl\":\"https:\/\/nngenergy.com\/wp-content\/uploads\/2024\/11\/DSC08181.jpg\"},{\"@type\":\"BreadcrumbList\",\"@id\":\"https:\/\/nngenergy.com\/solutions\/overhaul-maintenance-for-generators\/#breadcrumb\",\"itemListElement\":[{\"@type\":\"ListItem\",\"position\":1,\"name\":\"Home\",\"item\":\"https:\/\/nngenergy.com\/\"},{\"@type\":\"ListItem\",\"position\":2,\"name\":\"Solutions\",\"item\":\"https:\/\/nngenergy.com\/solutions\/\"},{\"@type\":\"ListItem\",\"position\":3,\"name\":\"Overhaul &#038; Maintenance For Generators\"}]},{\"@type\":\"WebSite\",\"@id\":\"https:\/\/nngenergy.com\/#website\",\"url\":\"https:\/\/nngenergy.com\/\",\"name\":\"NNG Enerji\",\"description\":\"\",\"publisher\":{\"@id\":\"https:\/\/nngenergy.com\/#organization\"},\"potentialAction\":[{\"@type\":\"SearchAction\",\"target\":{\"@type\":\"EntryPoint\",\"urlTemplate\":\"https:\/\/nngenergy.com\/?s={search_term_string}\"},\"query-input\":{\"@type\":\"PropertyValueSpecification\",\"valueRequired\":true,\"valueName\":\"search_term_string\"}}],\"inLanguage\":\"fr-FR\"},{\"@type\":\"Organization\",\"@id\":\"https:\/\/nngenergy.com\/#organization\",\"name\":\"NNG Enerji\",\"url\":\"https:\/\/nngenergy.com\/\",\"logo\":{\"@type\":\"ImageObject\",\"inLanguage\":\"fr-FR\",\"@id\":\"https:\/\/nngenergy.com\/#\/schema\/logo\/image\/\",\"url\":\"https:\/\/nngenergy.com\/wp-content\/uploads\/2024\/09\/logo-disi.png\",\"contentUrl\":\"https:\/\/nngenergy.com\/wp-content\/uploads\/2024\/09\/logo-disi.png\",\"width\":566,\"height\":289,\"caption\":\"NNG Enerji\"},\"image\":{\"@id\":\"https:\/\/nngenergy.com\/#\/schema\/logo\/image\/\"},\"sameAs\":[\"https:\/\/www.facebook.com\/profile.php?id=61560874295001\",\"https:\/\/www.youtube.com\/@nng.energy\",\"https:\/\/www.linkedin.com\/company\/nng-enerji-teknoloji\/\",\"https:\/\/www.instagram.com\/nng.energy?igsh=c3FqZmVnbmhuaDRh\"]}]}<\/script>\r\n<!-- \/ Yoast SEO plugin. -->","yoast_head_json":{"title":"Overhaul & Maintenance For Generators - NNG Energy","description":"Generator reliability with NNG Energy's expert overhaul & maintenance services. Certified technicians for diesel, gas & renewable generators.","robots":{"index":"index","follow":"follow","max-snippet":"max-snippet:-1","max-image-preview":"max-image-preview:large","max-video-preview":"max-video-preview:-1"},"canonical":"https:\/\/nngenergy.com\/fr\/solutions\/overhaul-maintenance-for-generators\/","og_locale":"fr_FR","og_type":"article","og_title":"Overhaul & Maintenance For Generators - NNG Energy","og_description":"Generator reliability with NNG Energy's expert overhaul & maintenance services. Certified technicians for diesel, gas & renewable generators.","og_url":"https:\/\/nngenergy.com\/fr\/solutions\/overhaul-maintenance-for-generators\/","og_site_name":"NNG Energy","article_publisher":"https:\/\/www.facebook.com\/profile.php?id=61560874295001","article_modified_time":"2025-08-03T12:46:13+00:00","og_image":[{"url":"https:\/\/nngenergy.com\/wp-content\/uploads\/2024\/11\/DSC08181.jpg","type":"","width":"","height":""}],"twitter_card":"summary_large_image","twitter_misc":{"Dur\u00e9e de lecture estim\u00e9e":"2 minutes"},"schema":{"@context":"https:\/\/schema.org","@graph":[{"@type":"WebPage","@id":"https:\/\/nngenergy.com\/solutions\/overhaul-maintenance-for-generators\/","url":"https:\/\/nngenergy.com\/solutions\/overhaul-maintenance-for-generators\/","name":"Overhaul & Maintenance For Generators - NNG Energy","isPartOf":{"@id":"https:\/\/nngenergy.com\/#website"},"primaryImageOfPage":{"@id":"https:\/\/nngenergy.com\/solutions\/overhaul-maintenance-for-generators\/#primaryimage"},"image":{"@id":"https:\/\/nngenergy.com\/solutions\/overhaul-maintenance-for-generators\/#primaryimage"},"thumbnailUrl":"https:\/\/nngenergy.com\/wp-content\/uploads\/2024\/11\/DSC08181.jpg","datePublished":"2024-11-20T06:18:10+00:00","dateModified":"2025-08-03T12:46:13+00:00","description":"Generator reliability with NNG Energy's expert overhaul & maintenance services. Certified technicians for diesel, gas & renewable generators.","breadcrumb":{"@id":"https:\/\/nngenergy.com\/solutions\/overhaul-maintenance-for-generators\/#breadcrumb"},"inLanguage":"fr-FR","potentialAction":[{"@type":"ReadAction","target":["https:\/\/nngenergy.com\/solutions\/overhaul-maintenance-for-generators\/"]}]},{"@type":"ImageObject","inLanguage":"fr-FR","@id":"https:\/\/nngenergy.com\/solutions\/overhaul-maintenance-for-generators\/#primaryimage","url":"https:\/\/nngenergy.com\/wp-content\/uploads\/2024\/11\/DSC08181.jpg","contentUrl":"https:\/\/nngenergy.com\/wp-content\/uploads\/2024\/11\/DSC08181.jpg"},{"@type":"BreadcrumbList","@id":"https:\/\/nngenergy.com\/solutions\/overhaul-maintenance-for-generators\/#breadcrumb","itemListElement":[{"@type":"ListItem","position":1,"name":"Home","item":"https:\/\/nngenergy.com\/"},{"@type":"ListItem","position":2,"name":"Solutions","item":"https:\/\/nngenergy.com\/solutions\/"},{"@type":"ListItem","position":3,"name":"Overhaul &#038; Maintenance For Generators"}]},{"@type":"WebSite","@id":"https:\/\/nngenergy.com\/#website","url":"https:\/\/nngenergy.com\/","name":"NNG Enerji","description":"","publisher":{"@id":"https:\/\/nngenergy.com\/#organization"},"potentialAction":[{"@type":"SearchAction","target":{"@type":"EntryPoint","urlTemplate":"https:\/\/nngenergy.com\/?s={search_term_string}"},"query-input":{"@type":"PropertyValueSpecification","valueRequired":true,"valueName":"search_term_string"}}],"inLanguage":"fr-FR"},{"@type":"Organization","@id":"https:\/\/nngenergy.com\/#organization","name":"NNG Enerji","url":"https:\/\/nngenergy.com\/","logo":{"@type":"ImageObject","inLanguage":"fr-FR","@id":"https:\/\/nngenergy.com\/#\/schema\/logo\/image\/","url":"https:\/\/nngenergy.com\/wp-content\/uploads\/2024\/09\/logo-disi.png","contentUrl":"https:\/\/nngenergy.com\/wp-content\/uploads\/2024\/09\/logo-disi.png","width":566,"height":289,"caption":"NNG Enerji"},"image":{"@id":"https:\/\/nngenergy.com\/#\/schema\/logo\/image\/"},"sameAs":["https:\/\/www.facebook.com\/profile.php?id=61560874295001","https:\/\/www.youtube.com\/@nng.energy","https:\/\/www.linkedin.com\/company\/nng-enerji-teknoloji\/","https:\/\/www.instagram.com\/nng.energy?igsh=c3FqZmVnbmhuaDRh"]}]}},"_links":{"self":[{"href":"https:\/\/nngenergy.com\/fr\/wp-json\/wp\/v2\/pages\/538","targetHints":{"allow":["GET"]}}],"collection":[{"href":"https:\/\/nngenergy.com\/fr\/wp-json\/wp\/v2\/pages"}],"about":[{"href":"https:\/\/nngenergy.com\/fr\/wp-json\/wp\/v2\/types\/page"}],"author":[{"embeddable":true,"href":"https:\/\/nngenergy.com\/fr\/wp-json\/wp\/v2\/users\/1"}],"replies":[{"embeddable":true,"href":"https:\/\/nngenergy.com\/fr\/wp-json\/wp\/v2\/comments?post=538"}],"version-history":[{"count":20,"href":"https:\/\/nngenergy.com\/fr\/wp-json\/wp\/v2\/pages\/538\/revisions"}],"predecessor-version":[{"id":2099,"href":"https:\/\/nngenergy.com\/fr\/wp-json\/wp\/v2\/pages\/538\/revisions\/2099"}],"up":[{"embeddable":true,"href":"https:\/\/nngenergy.com\/fr\/wp-json\/wp\/v2\/pages\/1181"}],"wp:attachment":[{"href":"https:\/\/nngenergy.com\/fr\/wp-json\/wp\/v2\/media?parent=538"}],"curies":[{"name":"wp","href":"https:\/\/api.w.org\/{rel}","templated":true}]}}