{"id":409,"date":"2024-11-08T10:48:33","date_gmt":"2024-11-08T07:48:33","guid":{"rendered":"https:\/\/nngenergy.com\/?page_id=409"},"modified":"2025-08-16T10:11:33","modified_gmt":"2025-08-16T07:11:33","slug":"library","status":"publish","type":"page","link":"https:\/\/nngenergy.com\/fr\/library\/","title":{"rendered":"e-Biblioth\u00e8que"},"content":{"rendered":"<div data-elementor-type=\"wp-page\" data-elementor-id=\"409\" class=\"elementor elementor-409\" data-elementor-post-type=\"page\">\n\t\t\t\t<div class=\"elementor-element elementor-element-e7cd8ca e-flex e-con-boxed e-con e-parent\" data-id=\"e7cd8ca\" data-element_type=\"container\" data-e-type=\"container\" data-settings=\"{&quot;background_background&quot;:&quot;classic&quot;}\">\n\t\t\t\t\t<div class=\"e-con-inner\">\n\t\t\t\t<div class=\"elementor-element elementor-element-2eeca96 elementor-widget elementor-widget-heading\" data-id=\"2eeca96\" data-element_type=\"widget\" data-e-type=\"widget\" data-widget_type=\"heading.default\">\n\t\t\t\t<div class=\"elementor-widget-container\">\n\t\t\t\t\t<h1 class=\"elementor-heading-title elementor-size-default\">E-BIBLIOTH\u00c8QUE<\/h1>\t\t\t\t<\/div>\n\t\t\t\t<\/div>\n\t\t\t\t\t<\/div>\n\t\t\t\t<\/div>\n\t\t<div class=\"elementor-element elementor-element-5ca96e5 e-flex e-con-boxed e-con e-parent\" data-id=\"5ca96e5\" data-element_type=\"container\" data-e-type=\"container\">\n\t\t\t\t\t<div class=\"e-con-inner\">\n\t\t\t\t<div class=\"elementor-element elementor-element-5784427 elementor-widget elementor-widget-text-editor\" data-id=\"5784427\" data-element_type=\"widget\" data-e-type=\"widget\" data-widget_type=\"text-editor.default\">\n\t\t\t\t<div class=\"elementor-widget-container\">\n\t\t\t\t\t\t\t\t\t<p>Nous ravivons l'\u00e9nergie avec notre \u00e9quipe d'ing\u00e9nieurs experts et notre infrastructure technologique de pointe. En plus de notre installation existante \u00e0 Yalova, nous \u00e9largissons nos activit\u00e9s avec une nouvelle installation de 5.000 m\u00b2 dans la m\u00eame r\u00e9gion. Dans cette nouvelle installation, nous continuerons \u00e0 nous concentrer davantage sur la r\u00e9vision des turbines, des moteurs \u00e0 gaz et des g\u00e9n\u00e9rateurs, en effectuant rigoureusement les proc\u00e9dures de maintenance pour assurer une production d'\u00e9nergie ininterrompue.\u00a0<\/p>\t\t\t\t\t\t\t\t<\/div>\n\t\t\t\t<\/div>\n\t\t\t\t\t<\/div>\n\t\t\t\t<\/div>\n\t\t<div class=\"elementor-element elementor-element-9aec854 e-flex e-con-boxed e-con e-parent\" data-id=\"9aec854\" data-element_type=\"container\" data-e-type=\"container\">\n\t\t\t\t\t<div class=\"e-con-inner\">\n\t\t\t\t<div class=\"elementor-element elementor-element-70ca87d elementor-widget elementor-widget-button\" data-id=\"70ca87d\" data-element_type=\"widget\" data-e-type=\"widget\" data-widget_type=\"button.default\">\n\t\t\t\t<div class=\"elementor-widget-container\">\n\t\t\t\t\t\t\t\t\t<div class=\"elementor-button-wrapper\">\n\t\t\t\t\t<a class=\"elementor-button elementor-button-link elementor-size-sm\" href=\"https:\/\/nngenergy.com\/fr\/library\/video\/\">\n\t\t\t\t\t\t<span class=\"elementor-button-content-wrapper\">\n\t\t\t\t\t\t\t\t\t<span class=\"elementor-button-text\">Video<\/span>\n\t\t\t\t\t<\/span>\n\t\t\t\t\t<\/a>\n\t\t\t\t<\/div>\n\t\t\t\t\t\t\t\t<\/div>\n\t\t\t\t<\/div>\n\t\t\t\t<div class=\"elementor-element elementor-element-d742fd4 elementor-widget elementor-widget-button\" data-id=\"d742fd4\" data-element_type=\"widget\" data-e-type=\"widget\" data-widget_type=\"button.default\">\n\t\t\t\t<div class=\"elementor-widget-container\">\n\t\t\t\t\t\t\t\t\t<div class=\"elementor-button-wrapper\">\n\t\t\t\t\t<a class=\"elementor-button elementor-button-link elementor-size-sm\" href=\"https:\/\/nngenergy.com\/fr\/library\/brochures\/\">\n\t\t\t\t\t\t<span class=\"elementor-button-content-wrapper\">\n\t\t\t\t\t\t\t\t\t<span class=\"elementor-button-text\">Brochure<\/span>\n\t\t\t\t\t<\/span>\n\t\t\t\t\t<\/a>\n\t\t\t\t<\/div>\n\t\t\t\t\t\t\t\t<\/div>\n\t\t\t\t<\/div>\n\t\t\t\t<div class=\"elementor-element elementor-element-d466ce7 elementor-widget elementor-widget-button\" data-id=\"d466ce7\" data-element_type=\"widget\" data-e-type=\"widget\" data-widget_type=\"button.default\">\n\t\t\t\t<div class=\"elementor-widget-container\">\n\t\t\t\t\t\t\t\t\t<div class=\"elementor-button-wrapper\">\n\t\t\t\t\t<a class=\"elementor-button elementor-button-link elementor-size-sm\" href=\"https:\/\/nngenergy.com\/fr\/library\/certificates\/\">\n\t\t\t\t\t\t<span class=\"elementor-button-content-wrapper\">\n\t\t\t\t\t\t\t\t\t<span class=\"elementor-button-text\">Certificats<\/span>\n\t\t\t\t\t<\/span>\n\t\t\t\t\t<\/a>\n\t\t\t\t<\/div>\n\t\t\t\t\t\t\t\t<\/div>\n\t\t\t\t<\/div>\n\t\t\t\t\t<\/div>\n\t\t\t\t<\/div>\n\t\t<div class=\"elementor-element elementor-element-f053ff5 e-flex e-con-boxed e-con e-parent\" data-id=\"f053ff5\" data-element_type=\"container\" data-e-type=\"container\">\n\t\t\t\t\t<div class=\"e-con-inner\">\n\t\t<div class=\"elementor-element elementor-element-c00939c e-con-full e-flex e-con e-child\" data-id=\"c00939c\" data-element_type=\"container\" data-e-type=\"container\">\n\t\t\t\t<div class=\"elementor-element elementor-element-2003e3a elementor-widget elementor-widget-image\" data-id=\"2003e3a\" data-element_type=\"widget\" data-e-type=\"widget\" data-widget_type=\"image.default\">\n\t\t\t\t<div class=\"elementor-widget-container\">\n\t\t\t\t\t\t\t\t\t\t\t\t\t\t\t<img fetchpriority=\"high\" decoding=\"async\" width=\"244\" height=\"294\" src=\"https:\/\/nngenergy.com\/wp-content\/uploads\/2024\/11\/Rectangle-3464190.jpg\" class=\"attachment-large size-large wp-image-412\" alt=\"Turbine \u00e0 gaz \u00a0\" srcset=\"https:\/\/nngenergy.com\/wp-content\/uploads\/2024\/11\/Rectangle-3464190.jpg 244w, https:\/\/nngenergy.com\/wp-content\/uploads\/2024\/11\/Rectangle-3464190-200x241.jpg 200w\" sizes=\"(max-width: 244px) 100vw, 244px\" \/>\t\t\t\t\t\t\t\t\t\t\t\t\t\t\t<\/div>\n\t\t\t\t<\/div>\n\t\t\t\t<div class=\"elementor-element elementor-element-9f6f8a6 elementor-widget elementor-widget-heading\" data-id=\"9f6f8a6\" data-element_type=\"widget\" data-e-type=\"widget\" data-widget_type=\"heading.default\">\n\t\t\t\t<div class=\"elementor-widget-container\">\n\t\t\t\t\t<h2 class=\"elementor-heading-title elementor-size-default\">GAS TURBINES<\/h2>\t\t\t\t<\/div>\n\t\t\t\t<\/div>\n\t\t\t\t<\/div>\n\t\t<div class=\"elementor-element elementor-element-03e2966 e-con-full e-flex e-con e-child\" data-id=\"03e2966\" data-element_type=\"container\" data-e-type=\"container\">\n\t\t\t\t<div class=\"elementor-element elementor-element-c79ca3e elementor-widget elementor-widget-image\" data-id=\"c79ca3e\" data-element_type=\"widget\" data-e-type=\"widget\" data-widget_type=\"image.default\">\n\t\t\t\t<div class=\"elementor-widget-container\">\n\t\t\t\t\t\t\t\t\t\t\t\t\t\t\t<img decoding=\"async\" width=\"244\" height=\"294\" data-src=\"https:\/\/nngenergy.com\/wp-content\/uploads\/2024\/11\/Rectangle-3464191.jpg\" class=\"attachment-large size-large wp-image-413 lazyload\" alt=\"Ensemble de turbine \u00e0 gaz\/moteurs \u00e0 gaz et mise \u00e0 jour du syst\u00e8me de contr\u00f4le, centrales au gaz naturel \u00e0 cycle combin\u00e9.\u00a0\u00a0\" data-srcset=\"https:\/\/nngenergy.com\/wp-content\/uploads\/2024\/11\/Rectangle-3464191.jpg 244w, https:\/\/nngenergy.com\/wp-content\/uploads\/2024\/11\/Rectangle-3464191-200x241.jpg 200w\" data-sizes=\"(max-width: 244px) 100vw, 244px\" src=\"data:image\/svg+xml;base64,PHN2ZyB3aWR0aD0iMSIgaGVpZ2h0PSIxIiB4bWxucz0iaHR0cDovL3d3dy53My5vcmcvMjAwMC9zdmciPjwvc3ZnPg==\" style=\"--smush-placeholder-width: 244px; --smush-placeholder-aspect-ratio: 244\/294;\" \/>\t\t\t\t\t\t\t\t\t\t\t\t\t\t\t<\/div>\n\t\t\t\t<\/div>\n\t\t\t\t<div class=\"elementor-element elementor-element-2bc1194 elementor-widget elementor-widget-heading\" data-id=\"2bc1194\" data-element_type=\"widget\" data-e-type=\"widget\" data-widget_type=\"heading.default\">\n\t\t\t\t<div class=\"elementor-widget-container\">\n\t\t\t\t\t<h2 class=\"elementor-heading-title elementor-size-default\">MOBIL POWER UNITS<\/h2>\t\t\t\t<\/div>\n\t\t\t\t<\/div>\n\t\t\t\t<\/div>\n\t\t<div class=\"elementor-element elementor-element-ddc1d83 e-con-full e-flex e-con e-child\" data-id=\"ddc1d83\" data-element_type=\"container\" data-e-type=\"container\">\n\t\t\t\t<div class=\"elementor-element elementor-element-54800a5 elementor-widget elementor-widget-image\" data-id=\"54800a5\" data-element_type=\"widget\" data-e-type=\"widget\" data-widget_type=\"image.default\">\n\t\t\t\t<div class=\"elementor-widget-container\">\n\t\t\t\t\t\t\t\t\t\t\t\t\t\t\t<img decoding=\"async\" width=\"244\" height=\"294\" data-src=\"https:\/\/nngenergy.com\/wp-content\/uploads\/2024\/11\/Rectangle-3464192.jpg\" class=\"attachment-large size-large wp-image-414 lazyload\" alt=\"Rectangle1\" data-srcset=\"https:\/\/nngenergy.com\/wp-content\/uploads\/2024\/11\/Rectangle-3464192.jpg 244w, https:\/\/nngenergy.com\/wp-content\/uploads\/2024\/11\/Rectangle-3464192-200x241.jpg 200w\" data-sizes=\"(max-width: 244px) 100vw, 244px\" src=\"data:image\/svg+xml;base64,PHN2ZyB3aWR0aD0iMSIgaGVpZ2h0PSIxIiB4bWxucz0iaHR0cDovL3d3dy53My5vcmcvMjAwMC9zdmciPjwvc3ZnPg==\" style=\"--smush-placeholder-width: 244px; --smush-placeholder-aspect-ratio: 244\/294;\" \/>\t\t\t\t\t\t\t\t\t\t\t\t\t\t\t<\/div>\n\t\t\t\t<\/div>\n\t\t\t\t<div class=\"elementor-element elementor-element-81880d0 elementor-widget elementor-widget-heading\" data-id=\"81880d0\" data-element_type=\"widget\" data-e-type=\"widget\" data-widget_type=\"heading.default\">\n\t\t\t\t<div class=\"elementor-widget-container\">\n\t\t\t\t\t<h2 class=\"elementor-heading-title elementor-size-default\">GAS ENGINE POWER \nGENERATION SYSTEMS<\/h2>\t\t\t\t<\/div>\n\t\t\t\t<\/div>\n\t\t\t\t<\/div>\n\t\t<div class=\"elementor-element elementor-element-18c8db8 e-con-full e-flex e-con e-child\" data-id=\"18c8db8\" data-element_type=\"container\" data-e-type=\"container\">\n\t\t\t\t<div class=\"elementor-element elementor-element-361234b elementor-widget elementor-widget-image\" data-id=\"361234b\" data-element_type=\"widget\" data-e-type=\"widget\" data-widget_type=\"image.default\">\n\t\t\t\t<div class=\"elementor-widget-container\">\n\t\t\t\t\t\t\t\t\t\t\t\t\t\t\t<img decoding=\"async\" width=\"244\" height=\"294\" data-src=\"https:\/\/nngenergy.com\/wp-content\/uploads\/2024\/11\/Rectangle-3464193.jpg\" class=\"attachment-large size-large wp-image-415 lazyload\" alt=\"Rectangle2\" data-srcset=\"https:\/\/nngenergy.com\/wp-content\/uploads\/2024\/11\/Rectangle-3464193.jpg 244w, https:\/\/nngenergy.com\/wp-content\/uploads\/2024\/11\/Rectangle-3464193-200x241.jpg 200w\" data-sizes=\"(max-width: 244px) 100vw, 244px\" src=\"data:image\/svg+xml;base64,PHN2ZyB3aWR0aD0iMSIgaGVpZ2h0PSIxIiB4bWxucz0iaHR0cDovL3d3dy53My5vcmcvMjAwMC9zdmciPjwvc3ZnPg==\" style=\"--smush-placeholder-width: 244px; --smush-placeholder-aspect-ratio: 244\/294;\" \/>\t\t\t\t\t\t\t\t\t\t\t\t\t\t\t<\/div>\n\t\t\t\t<\/div>\n\t\t\t\t<div class=\"elementor-element elementor-element-f8251f9 elementor-widget elementor-widget-heading\" data-id=\"f8251f9\" data-element_type=\"widget\" data-e-type=\"widget\" data-widget_type=\"heading.default\">\n\t\t\t\t<div class=\"elementor-widget-container\">\n\t\t\t\t\t<h2 class=\"elementor-heading-title elementor-size-default\">INDUSTRY \nAPPLICATIONS<\/h2>\t\t\t\t<\/div>\n\t\t\t\t<\/div>\n\t\t\t\t<\/div>\n\t\t\t\t\t<\/div>\n\t\t\t\t<\/div>\n\t\t\t\t<\/div>","protected":false},"excerpt":{"rendered":"<p>LIBRARY With our expert engineering team and advanced technological infrastructure, we are revitalizing energy. In addition to our existing facility [&hellip;]<\/p>","protected":false},"author":1,"featured_media":0,"parent":0,"menu_order":14,"comment_status":"closed","ping_status":"closed","template":"","meta":{"site-sidebar-layout":"no-sidebar","site-content-layout":"","ast-site-content-layout":"full-width-container","site-content-style":"default","site-sidebar-style":"default","ast-global-header-display":"","ast-banner-title-visibility":"","ast-main-header-display":"","ast-hfb-above-header-display":"","ast-hfb-below-header-display":"","ast-hfb-mobile-header-display":"","site-post-title":"disabled","ast-breadcrumbs-content":"","ast-featured-img":"disabled","footer-sml-layout":"","ast-disable-related-posts":"","theme-transparent-header-meta":"default","adv-header-id-meta":"","stick-header-meta":"","header-above-stick-meta":"","header-main-stick-meta":"","header-below-stick-meta":"","astra-migrate-meta-layouts":"set","ast-page-background-enabled":"default","ast-page-background-meta":{"desktop":{"background-color":"var(--ast-global-color-4)","background-image":"","background-repeat":"repeat","background-position":"center center","background-size":"auto","background-attachment":"scroll","background-type":"","background-media":"","overlay-type":"","overlay-color":"","overlay-opacity":"","overlay-gradient":""},"tablet":{"background-color":"","background-image":"","background-repeat":"repeat","background-position":"center center","background-size":"auto","background-attachment":"scroll","background-type":"","background-media":"","overlay-type":"","overlay-color":"","overlay-opacity":"","overlay-gradient":""},"mobile":{"background-color":"","background-image":"","background-repeat":"repeat","background-position":"center center","background-size":"auto","background-attachment":"scroll","background-type":"","background-media":"","overlay-type":"","overlay-color":"","overlay-opacity":"","overlay-gradient":""}},"ast-content-background-meta":{"desktop":{"background-color":"var(--ast-global-color-5)","background-image":"","background-repeat":"repeat","background-position":"center center","background-size":"auto","background-attachment":"scroll","background-type":"","background-media":"","overlay-type":"","overlay-color":"","overlay-opacity":"","overlay-gradient":""},"tablet":{"background-color":"var(--ast-global-color-5)","background-image":"","background-repeat":"repeat","background-position":"center center","background-size":"auto","background-attachment":"scroll","background-type":"","background-media":"","overlay-type":"","overlay-color":"","overlay-opacity":"","overlay-gradient":""},"mobile":{"background-color":"var(--ast-global-color-5)","background-image":"","background-repeat":"repeat","background-position":"center center","background-size":"auto","background-attachment":"scroll","background-type":"","background-media":"","overlay-type":"","overlay-color":"","overlay-opacity":"","overlay-gradient":""}},"footnotes":""},"class_list":["post-409","page","type-page","status-publish","hentry"],"yoast_head":"<!-- This site is optimized with the Yoast SEO plugin v26.4 - https:\/\/yoast.com\/wordpress\/plugins\/seo\/ -->\r\n<title>Library - NNG Energy<\/title>\r\n<meta name=\"description\" content=\"Access NNG Energy\u2019s resource library featuring videos, certificates, and documents on power solutions and technical excellence\" \/>\r\n<meta name=\"robots\" content=\"index, follow, max-snippet:-1, max-image-preview:large, max-video-preview:-1\" \/>\r\n<link rel=\"canonical\" href=\"https:\/\/nngenergy.com\/fr\/library\/\" \/>\r\n<meta property=\"og:locale\" content=\"fr_FR\" \/>\r\n<meta property=\"og:type\" content=\"article\" \/>\r\n<meta property=\"og:title\" content=\"Library - NNG Energy\" \/>\r\n<meta property=\"og:description\" content=\"Access NNG Energy\u2019s resource library featuring videos, certificates, and documents on power solutions and technical excellence\" \/>\r\n<meta property=\"og:url\" content=\"https:\/\/nngenergy.com\/fr\/library\/\" \/>\r\n<meta property=\"og:site_name\" content=\"NNG Energy\" \/>\r\n<meta property=\"article:publisher\" content=\"https:\/\/www.facebook.com\/profile.php?id=61560874295001\" \/>\r\n<meta property=\"article:modified_time\" content=\"2025-08-16T07:11:33+00:00\" \/>\r\n<meta property=\"og:image\" content=\"https:\/\/nngenergy.com\/wp-content\/uploads\/2024\/11\/Rectangle-3464190.jpg\" \/>\r\n<meta name=\"twitter:card\" content=\"summary_large_image\" \/>\r\n<meta name=\"twitter:label1\" content=\"Dur\u00e9e de lecture estim\u00e9e\" \/>\n\t<meta name=\"twitter:data1\" content=\"2 minutes\" \/>\r\n<script type=\"application\/ld+json\" class=\"yoast-schema-graph\">{\"@context\":\"https:\/\/schema.org\",\"@graph\":[{\"@type\":\"WebPage\",\"@id\":\"https:\/\/nngenergy.com\/library\/\",\"url\":\"https:\/\/nngenergy.com\/library\/\",\"name\":\"Library - NNG Energy\",\"isPartOf\":{\"@id\":\"https:\/\/nngenergy.com\/#website\"},\"primaryImageOfPage\":{\"@id\":\"https:\/\/nngenergy.com\/library\/#primaryimage\"},\"image\":{\"@id\":\"https:\/\/nngenergy.com\/library\/#primaryimage\"},\"thumbnailUrl\":\"https:\/\/nngenergy.com\/wp-content\/uploads\/2024\/11\/Rectangle-3464190.jpg\",\"datePublished\":\"2024-11-08T07:48:33+00:00\",\"dateModified\":\"2025-08-16T07:11:33+00:00\",\"description\":\"Access NNG Energy\u2019s resource library featuring videos, certificates, and documents on power solutions and technical excellence\",\"breadcrumb\":{\"@id\":\"https:\/\/nngenergy.com\/library\/#breadcrumb\"},\"inLanguage\":\"fr-FR\",\"potentialAction\":[{\"@type\":\"ReadAction\",\"target\":[\"https:\/\/nngenergy.com\/library\/\"]}]},{\"@type\":\"ImageObject\",\"inLanguage\":\"fr-FR\",\"@id\":\"https:\/\/nngenergy.com\/library\/#primaryimage\",\"url\":\"https:\/\/nngenergy.com\/wp-content\/uploads\/2024\/11\/Rectangle-3464190.jpg\",\"contentUrl\":\"https:\/\/nngenergy.com\/wp-content\/uploads\/2024\/11\/Rectangle-3464190.jpg\"},{\"@type\":\"BreadcrumbList\",\"@id\":\"https:\/\/nngenergy.com\/library\/#breadcrumb\",\"itemListElement\":[{\"@type\":\"ListItem\",\"position\":1,\"name\":\"Home\",\"item\":\"https:\/\/nngenergy.com\/\"},{\"@type\":\"ListItem\",\"position\":2,\"name\":\"Library\"}]},{\"@type\":\"WebSite\",\"@id\":\"https:\/\/nngenergy.com\/#website\",\"url\":\"https:\/\/nngenergy.com\/\",\"name\":\"NNG Enerji\",\"description\":\"\",\"publisher\":{\"@id\":\"https:\/\/nngenergy.com\/#organization\"},\"potentialAction\":[{\"@type\":\"SearchAction\",\"target\":{\"@type\":\"EntryPoint\",\"urlTemplate\":\"https:\/\/nngenergy.com\/?s={search_term_string}\"},\"query-input\":{\"@type\":\"PropertyValueSpecification\",\"valueRequired\":true,\"valueName\":\"search_term_string\"}}],\"inLanguage\":\"fr-FR\"},{\"@type\":\"Organization\",\"@id\":\"https:\/\/nngenergy.com\/#organization\",\"name\":\"NNG Enerji\",\"url\":\"https:\/\/nngenergy.com\/\",\"logo\":{\"@type\":\"ImageObject\",\"inLanguage\":\"fr-FR\",\"@id\":\"https:\/\/nngenergy.com\/#\/schema\/logo\/image\/\",\"url\":\"https:\/\/nngenergy.com\/wp-content\/uploads\/2024\/09\/logo-disi.png\",\"contentUrl\":\"https:\/\/nngenergy.com\/wp-content\/uploads\/2024\/09\/logo-disi.png\",\"width\":566,\"height\":289,\"caption\":\"NNG Enerji\"},\"image\":{\"@id\":\"https:\/\/nngenergy.com\/#\/schema\/logo\/image\/\"},\"sameAs\":[\"https:\/\/www.facebook.com\/profile.php?id=61560874295001\",\"https:\/\/www.youtube.com\/@nng.energy\",\"https:\/\/www.linkedin.com\/company\/nng-enerji-teknoloji\/\",\"https:\/\/www.instagram.com\/nng.energy?igsh=c3FqZmVnbmhuaDRh\"]}]}<\/script>\r\n<!-- \/ Yoast SEO plugin. -->","yoast_head_json":{"title":"Library - NNG Energy","description":"Access NNG Energy\u2019s resource library featuring videos, certificates, and documents on power solutions and technical excellence","robots":{"index":"index","follow":"follow","max-snippet":"max-snippet:-1","max-image-preview":"max-image-preview:large","max-video-preview":"max-video-preview:-1"},"canonical":"https:\/\/nngenergy.com\/fr\/library\/","og_locale":"fr_FR","og_type":"article","og_title":"Library - NNG Energy","og_description":"Access NNG Energy\u2019s resource library featuring videos, certificates, and documents on power solutions and technical excellence","og_url":"https:\/\/nngenergy.com\/fr\/library\/","og_site_name":"NNG Energy","article_publisher":"https:\/\/www.facebook.com\/profile.php?id=61560874295001","article_modified_time":"2025-08-16T07:11:33+00:00","og_image":[{"url":"https:\/\/nngenergy.com\/wp-content\/uploads\/2024\/11\/Rectangle-3464190.jpg","type":"","width":"","height":""}],"twitter_card":"summary_large_image","twitter_misc":{"Dur\u00e9e de lecture estim\u00e9e":"2 minutes"},"schema":{"@context":"https:\/\/schema.org","@graph":[{"@type":"WebPage","@id":"https:\/\/nngenergy.com\/library\/","url":"https:\/\/nngenergy.com\/library\/","name":"Library - NNG Energy","isPartOf":{"@id":"https:\/\/nngenergy.com\/#website"},"primaryImageOfPage":{"@id":"https:\/\/nngenergy.com\/library\/#primaryimage"},"image":{"@id":"https:\/\/nngenergy.com\/library\/#primaryimage"},"thumbnailUrl":"https:\/\/nngenergy.com\/wp-content\/uploads\/2024\/11\/Rectangle-3464190.jpg","datePublished":"2024-11-08T07:48:33+00:00","dateModified":"2025-08-16T07:11:33+00:00","description":"Access NNG Energy\u2019s resource library featuring videos, certificates, and documents on power solutions and technical excellence","breadcrumb":{"@id":"https:\/\/nngenergy.com\/library\/#breadcrumb"},"inLanguage":"fr-FR","potentialAction":[{"@type":"ReadAction","target":["https:\/\/nngenergy.com\/library\/"]}]},{"@type":"ImageObject","inLanguage":"fr-FR","@id":"https:\/\/nngenergy.com\/library\/#primaryimage","url":"https:\/\/nngenergy.com\/wp-content\/uploads\/2024\/11\/Rectangle-3464190.jpg","contentUrl":"https:\/\/nngenergy.com\/wp-content\/uploads\/2024\/11\/Rectangle-3464190.jpg"},{"@type":"BreadcrumbList","@id":"https:\/\/nngenergy.com\/library\/#breadcrumb","itemListElement":[{"@type":"ListItem","position":1,"name":"Home","item":"https:\/\/nngenergy.com\/"},{"@type":"ListItem","position":2,"name":"Library"}]},{"@type":"WebSite","@id":"https:\/\/nngenergy.com\/#website","url":"https:\/\/nngenergy.com\/","name":"NNG Enerji","description":"","publisher":{"@id":"https:\/\/nngenergy.com\/#organization"},"potentialAction":[{"@type":"SearchAction","target":{"@type":"EntryPoint","urlTemplate":"https:\/\/nngenergy.com\/?s={search_term_string}"},"query-input":{"@type":"PropertyValueSpecification","valueRequired":true,"valueName":"search_term_string"}}],"inLanguage":"fr-FR"},{"@type":"Organization","@id":"https:\/\/nngenergy.com\/#organization","name":"NNG Enerji","url":"https:\/\/nngenergy.com\/","logo":{"@type":"ImageObject","inLanguage":"fr-FR","@id":"https:\/\/nngenergy.com\/#\/schema\/logo\/image\/","url":"https:\/\/nngenergy.com\/wp-content\/uploads\/2024\/09\/logo-disi.png","contentUrl":"https:\/\/nngenergy.com\/wp-content\/uploads\/2024\/09\/logo-disi.png","width":566,"height":289,"caption":"NNG Enerji"},"image":{"@id":"https:\/\/nngenergy.com\/#\/schema\/logo\/image\/"},"sameAs":["https:\/\/www.facebook.com\/profile.php?id=61560874295001","https:\/\/www.youtube.com\/@nng.energy","https:\/\/www.linkedin.com\/company\/nng-enerji-teknoloji\/","https:\/\/www.instagram.com\/nng.energy?igsh=c3FqZmVnbmhuaDRh"]}]}},"_links":{"self":[{"href":"https:\/\/nngenergy.com\/fr\/wp-json\/wp\/v2\/pages\/409","targetHints":{"allow":["GET"]}}],"collection":[{"href":"https:\/\/nngenergy.com\/fr\/wp-json\/wp\/v2\/pages"}],"about":[{"href":"https:\/\/nngenergy.com\/fr\/wp-json\/wp\/v2\/types\/page"}],"author":[{"embeddable":true,"href":"https:\/\/nngenergy.com\/fr\/wp-json\/wp\/v2\/users\/1"}],"replies":[{"embeddable":true,"href":"https:\/\/nngenergy.com\/fr\/wp-json\/wp\/v2\/comments?post=409"}],"version-history":[{"count":15,"href":"https:\/\/nngenergy.com\/fr\/wp-json\/wp\/v2\/pages\/409\/revisions"}],"predecessor-version":[{"id":2130,"href":"https:\/\/nngenergy.com\/fr\/wp-json\/wp\/v2\/pages\/409\/revisions\/2130"}],"wp:attachment":[{"href":"https:\/\/nngenergy.com\/fr\/wp-json\/wp\/v2\/media?parent=409"}],"curies":[{"name":"wp","href":"https:\/\/api.w.org\/{rel}","templated":true}]}}