{"id":934,"date":"2024-12-14T20:08:41","date_gmt":"2024-12-14T17:08:41","guid":{"rendered":"https:\/\/nngenergy.com\/?page_id=934"},"modified":"2025-08-14T19:46:39","modified_gmt":"2025-08-14T16:46:39","slug":"brochures","status":"publish","type":"page","link":"https:\/\/nngenergy.com\/es\/library\/brochures\/","title":{"rendered":"Brochures"},"content":{"rendered":"<div data-elementor-type=\"wp-page\" data-elementor-id=\"934\" class=\"elementor elementor-934\" data-elementor-post-type=\"page\">\n\t\t\t\t<div class=\"elementor-element elementor-element-da4484 e-flex e-con-boxed e-con e-parent\" data-id=\"da4484\" data-element_type=\"container\" data-settings=\"{&quot;background_background&quot;:&quot;classic&quot;}\">\n\t\t\t\t\t<div class=\"e-con-inner\">\n\t\t\t\t<div class=\"elementor-element elementor-element-19220874 elementor-widget elementor-widget-heading\" data-id=\"19220874\" data-element_type=\"widget\" data-widget_type=\"heading.default\">\n\t\t\t\t<div class=\"elementor-widget-container\">\n\t\t\t\t\t<h1 class=\"elementor-heading-title elementor-size-default\">LIBRARY<\/h1>\t\t\t\t<\/div>\n\t\t\t\t<\/div>\n\t\t\t\t<div class=\"elementor-element elementor-element-7a2c78a5 elementor-widget elementor-widget-heading\" data-id=\"7a2c78a5\" data-element_type=\"widget\" data-widget_type=\"heading.default\">\n\t\t\t\t<div class=\"elementor-widget-container\">\n\t\t\t\t\t<h2 class=\"elementor-heading-title elementor-size-default\"><\/h2>\t\t\t\t<\/div>\n\t\t\t\t<\/div>\n\t\t\t\t\t<\/div>\n\t\t\t\t<\/div>\n\t\t<div class=\"elementor-element elementor-element-4eb8863b e-flex e-con-boxed e-con e-parent\" data-id=\"4eb8863b\" data-element_type=\"container\">\n\t\t\t\t\t<div class=\"e-con-inner\">\n\t\t\t\t<div class=\"elementor-element elementor-element-61f42751 elementor-widget elementor-widget-hfe-breadcrumbs-widget\" data-id=\"61f42751\" data-element_type=\"widget\" data-widget_type=\"hfe-breadcrumbs-widget.default\">\n\t\t\t\t<div class=\"elementor-widget-container\">\n\t\t\t\t\t<nav aria-label=\"Breadcrumb\"><ul class=\"hfe-breadcrumbs hfe-breadcrumbs-show-home\"><li class=\"hfe-breadcrumbs-item hfe-breadcrumbs-first\"><span class=\"hfe-breadcrumbs-home-icon\"><\/span><a href=\"https:\/\/nngenergy.com\/es\"><span class=\"hfe-breadcrumbs-text\">Home<\/span><\/a><\/li><\/ul><\/nav>\t\t\t\t<\/div>\n\t\t\t\t<\/div>\n\t\t\t\t\t<\/div>\n\t\t\t\t<\/div>\n\t\t<div class=\"elementor-element elementor-element-5ca96e5 e-flex e-con-boxed e-con e-parent\" data-id=\"5ca96e5\" data-element_type=\"container\">\n\t\t\t\t\t<div class=\"e-con-inner\">\n\t\t\t\t<div class=\"elementor-element elementor-element-5784427 elementor-widget elementor-widget-text-editor\" data-id=\"5784427\" data-element_type=\"widget\" data-widget_type=\"text-editor.default\">\n\t\t\t\t<div class=\"elementor-widget-container\">\n\t\t\t\t\t\t\t\t\t<p>Estamos revitalizando el sector de energ\u00eda mediante nuestro equipo de ingenieros expertos y nuestra infraestructura tecnol\u00f3gica avanzada. Adem\u00e1s de nuestras instalaciones en Yalova, estamos ampliando nuestras operaciones con una nueva planta de 5.000 m\u00b2 en la misma regi\u00f3n. En estas nuevas instalaciones, noostros seguiremos centr\u00e1ndonos en la revisi\u00f3n de turbinas, motores de gas y generadores, e implementaremos meticulosamente los procedimientos de mantenimiento para garantizar la generaci\u00f3n de energ\u00eda ininterrumpida<\/p>\t\t\t\t\t\t\t\t<\/div>\n\t\t\t\t<\/div>\n\t\t\t\t\t<\/div>\n\t\t\t\t<\/div>\n\t\t<div class=\"elementor-element elementor-element-f49fcf4 e-flex e-con-boxed e-con e-parent\" data-id=\"f49fcf4\" data-element_type=\"container\">\n\t\t\t\t\t<div class=\"e-con-inner\">\n\t\t\t\t<div class=\"elementor-element elementor-element-e66792d elementor-widget elementor-widget-button\" data-id=\"e66792d\" data-element_type=\"widget\" data-widget_type=\"button.default\">\n\t\t\t\t<div class=\"elementor-widget-container\">\n\t\t\t\t\t\t\t\t\t<div class=\"elementor-button-wrapper\">\n\t\t\t\t\t<a class=\"elementor-button elementor-button-link elementor-size-sm\" href=\"https:\/\/nngenergy.com\/es\/library\/video\/\">\n\t\t\t\t\t\t<span class=\"elementor-button-content-wrapper\">\n\t\t\t\t\t\t\t\t\t<span class=\"elementor-button-text\">Video<\/span>\n\t\t\t\t\t<\/span>\n\t\t\t\t\t<\/a>\n\t\t\t\t<\/div>\n\t\t\t\t\t\t\t\t<\/div>\n\t\t\t\t<\/div>\n\t\t\t\t<div class=\"elementor-element elementor-element-21c8ae6 elementor-widget elementor-widget-button\" data-id=\"21c8ae6\" data-element_type=\"widget\" data-widget_type=\"button.default\">\n\t\t\t\t<div class=\"elementor-widget-container\">\n\t\t\t\t\t\t\t\t\t<div class=\"elementor-button-wrapper\">\n\t\t\t\t\t<a class=\"elementor-button elementor-button-link elementor-size-sm\" href=\"https:\/\/nngenergy.com\/es\/library\/brochures\/\">\n\t\t\t\t\t\t<span class=\"elementor-button-content-wrapper\">\n\t\t\t\t\t\t\t\t\t<span class=\"elementor-button-text\">Brochures <\/span>\n\t\t\t\t\t<\/span>\n\t\t\t\t\t<\/a>\n\t\t\t\t<\/div>\n\t\t\t\t\t\t\t\t<\/div>\n\t\t\t\t<\/div>\n\t\t\t\t<div class=\"elementor-element elementor-element-acc482d elementor-widget elementor-widget-button\" data-id=\"acc482d\" data-element_type=\"widget\" data-widget_type=\"button.default\">\n\t\t\t\t<div class=\"elementor-widget-container\">\n\t\t\t\t\t\t\t\t\t<div class=\"elementor-button-wrapper\">\n\t\t\t\t\t<a class=\"elementor-button elementor-button-link elementor-size-sm\" href=\"https:\/\/nngenergy.com\/es\/library\/certificates\/\">\n\t\t\t\t\t\t<span class=\"elementor-button-content-wrapper\">\n\t\t\t\t\t\t\t\t\t<span class=\"elementor-button-text\">Certificates<\/span>\n\t\t\t\t\t<\/span>\n\t\t\t\t\t<\/a>\n\t\t\t\t<\/div>\n\t\t\t\t\t\t\t\t<\/div>\n\t\t\t\t<\/div>\n\t\t\t\t\t<\/div>\n\t\t\t\t<\/div>\n\t\t<div class=\"elementor-element elementor-element-8eb3824 e-flex e-con-boxed e-con e-parent\" data-id=\"8eb3824\" data-element_type=\"container\">\n\t\t\t\t\t<div class=\"e-con-inner\">\n\t\t<div class=\"elementor-element elementor-element-e06f0a6 e-con-full e-flex e-con e-child\" data-id=\"e06f0a6\" data-element_type=\"container\">\n\t\t\t\t<div class=\"elementor-element elementor-element-7329241 elementor-widget elementor-widget-image\" data-id=\"7329241\" data-element_type=\"widget\" data-widget_type=\"image.default\">\n\t\t\t\t<div class=\"elementor-widget-container\">\n\t\t\t\t\t\t\t\t\t\t\t\t\t\t\t\t<a href=\"https:\/\/nngenergy.com\/wp-content\/uploads\/2025\/04\/NNGEnergy_Company.pdf\" target=\"_blank\">\n\t\t\t\t\t\t\t<img decoding=\"async\" data-src=\"https:\/\/nngenergy.com\/wp-content\/uploads\/elementor\/thumbs\/2025-04-16-10_50_55-Ac-r4fn31r7fu7x98gvqvs1dvlxjdnbmvtbyugw751cyu.jpg\" title=\"2025-04-16 10_50_55-A\u00e7\" alt=\"Industrial Energy Solutions Brochure\" src=\"data:image\/svg+xml;base64,PHN2ZyB3aWR0aD0iMSIgaGVpZ2h0PSIxIiB4bWxucz0iaHR0cDovL3d3dy53My5vcmcvMjAwMC9zdmciPjwvc3ZnPg==\" class=\"lazyload\" style=\"--smush-placeholder-width: 400px; --smush-placeholder-aspect-ratio: 400\/535;\" \/>\t\t\t\t\t\t\t\t<\/a>\n\t\t\t\t\t\t\t\t\t\t\t\t\t\t\t<\/div>\n\t\t\t\t<\/div>\n\t\t\t\t<div class=\"elementor-element elementor-element-02e327c elementor-widget elementor-widget-heading\" data-id=\"02e327c\" data-element_type=\"widget\" data-widget_type=\"heading.default\">\n\t\t\t\t<div class=\"elementor-widget-container\">\n\t\t\t\t\t<div class=\"elementor-heading-title elementor-size-default\">Company Profile<\/div>\t\t\t\t<\/div>\n\t\t\t\t<\/div>\n\t\t\t\t<\/div>\n\t\t<div class=\"elementor-element elementor-element-19836fe e-con-full e-flex e-con e-child\" data-id=\"19836fe\" data-element_type=\"container\">\n\t\t\t\t<div class=\"elementor-element elementor-element-e9be442 elementor-widget elementor-widget-image\" data-id=\"e9be442\" data-element_type=\"widget\" data-widget_type=\"image.default\">\n\t\t\t\t<div class=\"elementor-widget-container\">\n\t\t\t\t\t\t\t\t\t\t\t\t\t\t\t\t<a href=\"https:\/\/nngenergy.com\/wp-content\/uploads\/2025\/04\/kontrol-sistemi.pdf\" target=\"_blank\">\n\t\t\t\t\t\t\t<img decoding=\"async\" data-src=\"https:\/\/nngenergy.com\/wp-content\/uploads\/elementor\/thumbs\/2025-04-16-10_54_44-Ac-r4fn8vd7rw6v6a0eqwdubwpq0ay6bdxh3ny67ueknm.jpg\" title=\"2025-04-16 10_54_44-A\u00e7\" alt=\"Gas Turbine Control Systems Cover\" src=\"data:image\/svg+xml;base64,PHN2ZyB3aWR0aD0iMSIgaGVpZ2h0PSIxIiB4bWxucz0iaHR0cDovL3d3dy53My5vcmcvMjAwMC9zdmciPjwvc3ZnPg==\" class=\"lazyload\" style=\"--smush-placeholder-width: 400px; --smush-placeholder-aspect-ratio: 400\/565;\" \/>\t\t\t\t\t\t\t\t<\/a>\n\t\t\t\t\t\t\t\t\t\t\t\t\t\t\t<\/div>\n\t\t\t\t<\/div>\n\t\t\t\t<div class=\"elementor-element elementor-element-d7aa925 elementor-widget elementor-widget-heading\" data-id=\"d7aa925\" data-element_type=\"widget\" data-widget_type=\"heading.default\">\n\t\t\t\t<div class=\"elementor-widget-container\">\n\t\t\t\t\t<div class=\"elementor-heading-title elementor-size-default\">Control Systems<\/div>\t\t\t\t<\/div>\n\t\t\t\t<\/div>\n\t\t\t\t<\/div>\n\t\t\t\t\t<\/div>\n\t\t\t\t<\/div>\n\t\t\t\t<\/div>","protected":false},"excerpt":{"rendered":"<p>LIBRARY Home With our expert engineering team and advanced technological infrastructure, we are revitalizing energy. In addition to our existing [&hellip;]<\/p>","protected":false},"author":1,"featured_media":0,"parent":409,"menu_order":16,"comment_status":"closed","ping_status":"closed","template":"","meta":{"site-sidebar-layout":"no-sidebar","site-content-layout":"","ast-site-content-layout":"full-width-container","site-content-style":"default","site-sidebar-style":"default","ast-global-header-display":"","ast-banner-title-visibility":"","ast-main-header-display":"","ast-hfb-above-header-display":"","ast-hfb-below-header-display":"","ast-hfb-mobile-header-display":"","site-post-title":"disabled","ast-breadcrumbs-content":"","ast-featured-img":"disabled","footer-sml-layout":"","ast-disable-related-posts":"","theme-transparent-header-meta":"default","adv-header-id-meta":"","stick-header-meta":"","header-above-stick-meta":"","header-main-stick-meta":"","header-below-stick-meta":"","astra-migrate-meta-layouts":"set","ast-page-background-enabled":"default","ast-page-background-meta":{"desktop":{"background-color":"var(--ast-global-color-4)","background-image":"","background-repeat":"repeat","background-position":"center center","background-size":"auto","background-attachment":"scroll","background-type":"","background-media":"","overlay-type":"","overlay-color":"","overlay-opacity":"","overlay-gradient":""},"tablet":{"background-color":"","background-image":"","background-repeat":"repeat","background-position":"center center","background-size":"auto","background-attachment":"scroll","background-type":"","background-media":"","overlay-type":"","overlay-color":"","overlay-opacity":"","overlay-gradient":""},"mobile":{"background-color":"","background-image":"","background-repeat":"repeat","background-position":"center center","background-size":"auto","background-attachment":"scroll","background-type":"","background-media":"","overlay-type":"","overlay-color":"","overlay-opacity":"","overlay-gradient":""}},"ast-content-background-meta":{"desktop":{"background-color":"var(--ast-global-color-5)","background-image":"","background-repeat":"repeat","background-position":"center center","background-size":"auto","background-attachment":"scroll","background-type":"","background-media":"","overlay-type":"","overlay-color":"","overlay-opacity":"","overlay-gradient":""},"tablet":{"background-color":"var(--ast-global-color-5)","background-image":"","background-repeat":"repeat","background-position":"center center","background-size":"auto","background-attachment":"scroll","background-type":"","background-media":"","overlay-type":"","overlay-color":"","overlay-opacity":"","overlay-gradient":""},"mobile":{"background-color":"var(--ast-global-color-5)","background-image":"","background-repeat":"repeat","background-position":"center center","background-size":"auto","background-attachment":"scroll","background-type":"","background-media":"","overlay-type":"","overlay-color":"","overlay-opacity":"","overlay-gradient":""}},"footnotes":""},"class_list":["post-934","page","type-page","status-publish","hentry"],"yoast_head":"<!-- This site is optimized with the Yoast SEO plugin v26.4 - https:\/\/yoast.com\/wordpress\/plugins\/seo\/ -->\r\n<title>Brochures - NNG Energy<\/title>\r\n<meta name=\"description\" content=\"Download and browse well explained NNG Energy Company Profile and Control Systems Brochures\" \/>\r\n<meta name=\"robots\" content=\"index, follow, max-snippet:-1, max-image-preview:large, max-video-preview:-1\" \/>\r\n<link rel=\"canonical\" href=\"https:\/\/nngenergy.com\/es\/library\/brochures\/\" \/>\r\n<meta property=\"og:locale\" content=\"es_ES\" \/>\r\n<meta property=\"og:type\" content=\"article\" \/>\r\n<meta property=\"og:title\" content=\"Brochures - NNG Energy\" \/>\r\n<meta property=\"og:description\" content=\"Download and browse well explained NNG Energy Company Profile and Control Systems Brochures\" \/>\r\n<meta property=\"og:url\" content=\"https:\/\/nngenergy.com\/es\/library\/brochures\/\" \/>\r\n<meta property=\"og:site_name\" content=\"NNG Energy\" \/>\r\n<meta property=\"article:publisher\" content=\"https:\/\/www.facebook.com\/profile.php?id=61560874295001\" \/>\r\n<meta property=\"article:modified_time\" content=\"2025-08-14T16:46:39+00:00\" \/>\r\n<meta property=\"og:image\" content=\"https:\/\/nngenergy.com\/wp-content\/uploads\/elementor\/thumbs\/2025-04-16-10_50_55-Ac-r4fn31r7fu7x98gvqvs1dvlxjdnbmvtbyugw751cyu.jpg\" \/>\r\n<meta name=\"twitter:card\" content=\"summary_large_image\" \/>\r\n<meta name=\"twitter:label1\" content=\"Tiempo de lectura\" \/>\n\t<meta name=\"twitter:data1\" content=\"1 minuto\" \/>\r\n<script type=\"application\/ld+json\" class=\"yoast-schema-graph\">{\"@context\":\"https:\/\/schema.org\",\"@graph\":[{\"@type\":\"WebPage\",\"@id\":\"https:\/\/nngenergy.com\/fr\/library\/brochures\/\",\"url\":\"https:\/\/nngenergy.com\/fr\/library\/brochures\/\",\"name\":\"Brochures - NNG Energy\",\"isPartOf\":{\"@id\":\"https:\/\/nngenergy.com\/#website\"},\"primaryImageOfPage\":{\"@id\":\"https:\/\/nngenergy.com\/fr\/library\/brochures\/#primaryimage\"},\"image\":{\"@id\":\"https:\/\/nngenergy.com\/fr\/library\/brochures\/#primaryimage\"},\"thumbnailUrl\":\"https:\/\/nngenergy.com\/wp-content\/uploads\/elementor\/thumbs\/2025-04-16-10_50_55-Ac-r4fn31r7fu7x98gvqvs1dvlxjdnbmvtbyugw751cyu.jpg\",\"datePublished\":\"2024-12-14T17:08:41+00:00\",\"dateModified\":\"2025-08-14T16:46:39+00:00\",\"description\":\"Download and browse well explained NNG Energy Company Profile and Control Systems Brochures\",\"breadcrumb\":{\"@id\":\"https:\/\/nngenergy.com\/fr\/library\/brochures\/#breadcrumb\"},\"inLanguage\":\"es\",\"potentialAction\":[{\"@type\":\"ReadAction\",\"target\":[\"https:\/\/nngenergy.com\/fr\/library\/brochures\/\"]}]},{\"@type\":\"ImageObject\",\"inLanguage\":\"es\",\"@id\":\"https:\/\/nngenergy.com\/fr\/library\/brochures\/#primaryimage\",\"url\":\"https:\/\/nngenergy.com\/wp-content\/uploads\/elementor\/thumbs\/2025-04-16-10_50_55-Ac-r4fn31r7fu7x98gvqvs1dvlxjdnbmvtbyugw751cyu.jpg\",\"contentUrl\":\"https:\/\/nngenergy.com\/wp-content\/uploads\/elementor\/thumbs\/2025-04-16-10_50_55-Ac-r4fn31r7fu7x98gvqvs1dvlxjdnbmvtbyugw751cyu.jpg\"},{\"@type\":\"BreadcrumbList\",\"@id\":\"https:\/\/nngenergy.com\/fr\/library\/brochures\/#breadcrumb\",\"itemListElement\":[{\"@type\":\"ListItem\",\"position\":1,\"name\":\"Home\",\"item\":\"https:\/\/nngenergy.com\/\"},{\"@type\":\"ListItem\",\"position\":2,\"name\":\"Library\",\"item\":\"https:\/\/nngenergy.com\/library\/\"},{\"@type\":\"ListItem\",\"position\":3,\"name\":\"Brochures\"}]},{\"@type\":\"WebSite\",\"@id\":\"https:\/\/nngenergy.com\/#website\",\"url\":\"https:\/\/nngenergy.com\/\",\"name\":\"NNG Enerji\",\"description\":\"\",\"publisher\":{\"@id\":\"https:\/\/nngenergy.com\/#organization\"},\"potentialAction\":[{\"@type\":\"SearchAction\",\"target\":{\"@type\":\"EntryPoint\",\"urlTemplate\":\"https:\/\/nngenergy.com\/?s={search_term_string}\"},\"query-input\":{\"@type\":\"PropertyValueSpecification\",\"valueRequired\":true,\"valueName\":\"search_term_string\"}}],\"inLanguage\":\"es\"},{\"@type\":\"Organization\",\"@id\":\"https:\/\/nngenergy.com\/#organization\",\"name\":\"NNG Enerji\",\"url\":\"https:\/\/nngenergy.com\/\",\"logo\":{\"@type\":\"ImageObject\",\"inLanguage\":\"es\",\"@id\":\"https:\/\/nngenergy.com\/#\/schema\/logo\/image\/\",\"url\":\"https:\/\/nngenergy.com\/wp-content\/uploads\/2024\/09\/logo-disi.png\",\"contentUrl\":\"https:\/\/nngenergy.com\/wp-content\/uploads\/2024\/09\/logo-disi.png\",\"width\":566,\"height\":289,\"caption\":\"NNG Enerji\"},\"image\":{\"@id\":\"https:\/\/nngenergy.com\/#\/schema\/logo\/image\/\"},\"sameAs\":[\"https:\/\/www.facebook.com\/profile.php?id=61560874295001\",\"https:\/\/www.youtube.com\/@nng.energy\",\"https:\/\/www.linkedin.com\/company\/nng-enerji-teknoloji\/\",\"https:\/\/www.instagram.com\/nng.energy?igsh=c3FqZmVnbmhuaDRh\"]}]}<\/script>\r\n<!-- \/ Yoast SEO plugin. -->","yoast_head_json":{"title":"Brochures - NNG Energy","description":"Download and browse well explained NNG Energy Company Profile and Control Systems Brochures","robots":{"index":"index","follow":"follow","max-snippet":"max-snippet:-1","max-image-preview":"max-image-preview:large","max-video-preview":"max-video-preview:-1"},"canonical":"https:\/\/nngenergy.com\/es\/library\/brochures\/","og_locale":"es_ES","og_type":"article","og_title":"Brochures - NNG Energy","og_description":"Download and browse well explained NNG Energy Company Profile and Control Systems Brochures","og_url":"https:\/\/nngenergy.com\/es\/library\/brochures\/","og_site_name":"NNG Energy","article_publisher":"https:\/\/www.facebook.com\/profile.php?id=61560874295001","article_modified_time":"2025-08-14T16:46:39+00:00","og_image":[{"url":"https:\/\/nngenergy.com\/wp-content\/uploads\/elementor\/thumbs\/2025-04-16-10_50_55-Ac-r4fn31r7fu7x98gvqvs1dvlxjdnbmvtbyugw751cyu.jpg","type":"","width":"","height":""}],"twitter_card":"summary_large_image","twitter_misc":{"Tiempo de lectura":"1 minuto"},"schema":{"@context":"https:\/\/schema.org","@graph":[{"@type":"WebPage","@id":"https:\/\/nngenergy.com\/fr\/library\/brochures\/","url":"https:\/\/nngenergy.com\/fr\/library\/brochures\/","name":"Brochures - NNG Energy","isPartOf":{"@id":"https:\/\/nngenergy.com\/#website"},"primaryImageOfPage":{"@id":"https:\/\/nngenergy.com\/fr\/library\/brochures\/#primaryimage"},"image":{"@id":"https:\/\/nngenergy.com\/fr\/library\/brochures\/#primaryimage"},"thumbnailUrl":"https:\/\/nngenergy.com\/wp-content\/uploads\/elementor\/thumbs\/2025-04-16-10_50_55-Ac-r4fn31r7fu7x98gvqvs1dvlxjdnbmvtbyugw751cyu.jpg","datePublished":"2024-12-14T17:08:41+00:00","dateModified":"2025-08-14T16:46:39+00:00","description":"Download and browse well explained NNG Energy Company Profile and Control Systems Brochures","breadcrumb":{"@id":"https:\/\/nngenergy.com\/fr\/library\/brochures\/#breadcrumb"},"inLanguage":"es","potentialAction":[{"@type":"ReadAction","target":["https:\/\/nngenergy.com\/fr\/library\/brochures\/"]}]},{"@type":"ImageObject","inLanguage":"es","@id":"https:\/\/nngenergy.com\/fr\/library\/brochures\/#primaryimage","url":"https:\/\/nngenergy.com\/wp-content\/uploads\/elementor\/thumbs\/2025-04-16-10_50_55-Ac-r4fn31r7fu7x98gvqvs1dvlxjdnbmvtbyugw751cyu.jpg","contentUrl":"https:\/\/nngenergy.com\/wp-content\/uploads\/elementor\/thumbs\/2025-04-16-10_50_55-Ac-r4fn31r7fu7x98gvqvs1dvlxjdnbmvtbyugw751cyu.jpg"},{"@type":"BreadcrumbList","@id":"https:\/\/nngenergy.com\/fr\/library\/brochures\/#breadcrumb","itemListElement":[{"@type":"ListItem","position":1,"name":"Home","item":"https:\/\/nngenergy.com\/"},{"@type":"ListItem","position":2,"name":"Library","item":"https:\/\/nngenergy.com\/library\/"},{"@type":"ListItem","position":3,"name":"Brochures"}]},{"@type":"WebSite","@id":"https:\/\/nngenergy.com\/#website","url":"https:\/\/nngenergy.com\/","name":"NNG Enerji","description":"","publisher":{"@id":"https:\/\/nngenergy.com\/#organization"},"potentialAction":[{"@type":"SearchAction","target":{"@type":"EntryPoint","urlTemplate":"https:\/\/nngenergy.com\/?s={search_term_string}"},"query-input":{"@type":"PropertyValueSpecification","valueRequired":true,"valueName":"search_term_string"}}],"inLanguage":"es"},{"@type":"Organization","@id":"https:\/\/nngenergy.com\/#organization","name":"NNG Enerji","url":"https:\/\/nngenergy.com\/","logo":{"@type":"ImageObject","inLanguage":"es","@id":"https:\/\/nngenergy.com\/#\/schema\/logo\/image\/","url":"https:\/\/nngenergy.com\/wp-content\/uploads\/2024\/09\/logo-disi.png","contentUrl":"https:\/\/nngenergy.com\/wp-content\/uploads\/2024\/09\/logo-disi.png","width":566,"height":289,"caption":"NNG Enerji"},"image":{"@id":"https:\/\/nngenergy.com\/#\/schema\/logo\/image\/"},"sameAs":["https:\/\/www.facebook.com\/profile.php?id=61560874295001","https:\/\/www.youtube.com\/@nng.energy","https:\/\/www.linkedin.com\/company\/nng-enerji-teknoloji\/","https:\/\/www.instagram.com\/nng.energy?igsh=c3FqZmVnbmhuaDRh"]}]}},"_links":{"self":[{"href":"https:\/\/nngenergy.com\/es\/wp-json\/wp\/v2\/pages\/934","targetHints":{"allow":["GET"]}}],"collection":[{"href":"https:\/\/nngenergy.com\/es\/wp-json\/wp\/v2\/pages"}],"about":[{"href":"https:\/\/nngenergy.com\/es\/wp-json\/wp\/v2\/types\/page"}],"author":[{"embeddable":true,"href":"https:\/\/nngenergy.com\/es\/wp-json\/wp\/v2\/users\/1"}],"replies":[{"embeddable":true,"href":"https:\/\/nngenergy.com\/es\/wp-json\/wp\/v2\/comments?post=934"}],"version-history":[{"count":48,"href":"https:\/\/nngenergy.com\/es\/wp-json\/wp\/v2\/pages\/934\/revisions"}],"predecessor-version":[{"id":2226,"href":"https:\/\/nngenergy.com\/es\/wp-json\/wp\/v2\/pages\/934\/revisions\/2226"}],"up":[{"embeddable":true,"href":"https:\/\/nngenergy.com\/es\/wp-json\/wp\/v2\/pages\/409"}],"wp:attachment":[{"href":"https:\/\/nngenergy.com\/es\/wp-json\/wp\/v2\/media?parent=934"}],"curies":[{"name":"wp","href":"https:\/\/api.w.org\/{rel}","templated":true}]}}