{"id":858,"date":"2024-12-11T19:11:41","date_gmt":"2024-12-11T16:11:41","guid":{"rendered":"https:\/\/nngenergy.com\/?page_id=858"},"modified":"2025-08-04T16:09:23","modified_gmt":"2025-08-04T13:09:23","slug":"video","status":"publish","type":"page","link":"https:\/\/nngenergy.com\/es\/library\/video\/","title":{"rendered":"Video"},"content":{"rendered":"<div data-elementor-type=\"wp-page\" data-elementor-id=\"858\" class=\"elementor elementor-858\" data-elementor-post-type=\"page\">\n\t\t\t\t<div class=\"elementor-element elementor-element-b343319 e-flex e-con-boxed e-con e-parent\" data-id=\"b343319\" data-element_type=\"container\" data-settings=\"{&quot;background_background&quot;:&quot;classic&quot;}\">\n\t\t\t\t\t<div class=\"e-con-inner\">\n\t\t\t\t<div class=\"elementor-element elementor-element-9a64d75 elementor-widget elementor-widget-heading\" data-id=\"9a64d75\" data-element_type=\"widget\" data-widget_type=\"heading.default\">\n\t\t\t\t<div class=\"elementor-widget-container\">\n\t\t\t\t\t<h1 class=\"elementor-heading-title elementor-size-default\">LIBRARY<\/h1>\t\t\t\t<\/div>\n\t\t\t\t<\/div>\n\t\t\t\t<div class=\"elementor-element elementor-element-8feaf74 elementor-widget elementor-widget-heading\" data-id=\"8feaf74\" data-element_type=\"widget\" data-widget_type=\"heading.default\">\n\t\t\t\t<div class=\"elementor-widget-container\">\n\t\t\t\t\t<h2 class=\"elementor-heading-title elementor-size-default\"><\/h2>\t\t\t\t<\/div>\n\t\t\t\t<\/div>\n\t\t\t\t\t<\/div>\n\t\t\t\t<\/div>\n\t\t<div class=\"elementor-element elementor-element-71973782 e-flex e-con-boxed e-con e-parent\" data-id=\"71973782\" data-element_type=\"container\">\n\t\t\t\t\t<div class=\"e-con-inner\">\n\t\t\t\t<div class=\"elementor-element elementor-element-6dbc95d6 elementor-widget elementor-widget-hfe-breadcrumbs-widget\" data-id=\"6dbc95d6\" data-element_type=\"widget\" data-widget_type=\"hfe-breadcrumbs-widget.default\">\n\t\t\t\t<div class=\"elementor-widget-container\">\n\t\t\t\t\t<nav aria-label=\"Breadcrumb\"><ul class=\"hfe-breadcrumbs hfe-breadcrumbs-show-home\"><li class=\"hfe-breadcrumbs-item hfe-breadcrumbs-first\"><span class=\"hfe-breadcrumbs-home-icon\"><\/span><a href=\"https:\/\/nngenergy.com\/es\"><span class=\"hfe-breadcrumbs-text\">Home<\/span><\/a><\/li><\/ul><\/nav>\t\t\t\t<\/div>\n\t\t\t\t<\/div>\n\t\t\t\t\t<\/div>\n\t\t\t\t<\/div>\n\t\t<div class=\"elementor-element elementor-element-5ca96e5 e-flex e-con-boxed e-con e-parent\" data-id=\"5ca96e5\" data-element_type=\"container\">\n\t\t\t\t\t<div class=\"e-con-inner\">\n\t\t\t\t<div class=\"elementor-element elementor-element-5784427 elementor-widget elementor-widget-text-editor\" data-id=\"5784427\" data-element_type=\"widget\" data-widget_type=\"text-editor.default\">\n\t\t\t\t<div class=\"elementor-widget-container\">\n\t\t\t\t\t\t\t\t\t<p>Estamos revitalizando el sector de energ\u00eda mediante nuestro equipo de ingenieros expertos y nuestra infraestructura tecnol\u00f3gica avanzada. Adem\u00e1s de nuestras instalaciones en Yalova, estamos ampliando nuestras operaciones con una nueva planta de 5.000 m\u00b2 en la misma regi\u00f3n. En estas nuevas instalaciones, noostros seguiremos centr\u00e1ndonos en la revisi\u00f3n de turbinas, motores de gas y generadores, e implementaremos meticulosamente los procedimientos de mantenimiento para garantizar la generaci\u00f3n de energ\u00eda ininterrumpida<\/p>\t\t\t\t\t\t\t\t<\/div>\n\t\t\t\t<\/div>\n\t\t\t\t\t<\/div>\n\t\t\t\t<\/div>\n\t\t<div class=\"elementor-element elementor-element-8d1acde e-flex e-con-boxed e-con e-parent\" data-id=\"8d1acde\" data-element_type=\"container\">\n\t\t\t\t\t<div class=\"e-con-inner\">\n\t\t\t\t<div class=\"elementor-element elementor-element-6a6e8ce elementor-widget elementor-widget-button\" data-id=\"6a6e8ce\" data-element_type=\"widget\" data-widget_type=\"button.default\">\n\t\t\t\t<div class=\"elementor-widget-container\">\n\t\t\t\t\t\t\t\t\t<div class=\"elementor-button-wrapper\">\n\t\t\t\t\t<a class=\"elementor-button elementor-button-link elementor-size-sm\" href=\"https:\/\/nngenergy.com\/es\/library\/video\/\">\n\t\t\t\t\t\t<span class=\"elementor-button-content-wrapper\">\n\t\t\t\t\t\t\t\t\t<span class=\"elementor-button-text\">Video<\/span>\n\t\t\t\t\t<\/span>\n\t\t\t\t\t<\/a>\n\t\t\t\t<\/div>\n\t\t\t\t\t\t\t\t<\/div>\n\t\t\t\t<\/div>\n\t\t\t\t<div class=\"elementor-element elementor-element-39e4a3b elementor-widget elementor-widget-button\" data-id=\"39e4a3b\" data-element_type=\"widget\" data-widget_type=\"button.default\">\n\t\t\t\t<div class=\"elementor-widget-container\">\n\t\t\t\t\t\t\t\t\t<div class=\"elementor-button-wrapper\">\n\t\t\t\t\t<a class=\"elementor-button elementor-button-link elementor-size-sm\" href=\"https:\/\/nngenergy.com\/es\/library\/brochures\/\">\n\t\t\t\t\t\t<span class=\"elementor-button-content-wrapper\">\n\t\t\t\t\t\t\t\t\t<span class=\"elementor-button-text\">Brochures <\/span>\n\t\t\t\t\t<\/span>\n\t\t\t\t\t<\/a>\n\t\t\t\t<\/div>\n\t\t\t\t\t\t\t\t<\/div>\n\t\t\t\t<\/div>\n\t\t\t\t<div class=\"elementor-element elementor-element-c1494b2 elementor-widget elementor-widget-button\" data-id=\"c1494b2\" data-element_type=\"widget\" data-widget_type=\"button.default\">\n\t\t\t\t<div class=\"elementor-widget-container\">\n\t\t\t\t\t\t\t\t\t<div class=\"elementor-button-wrapper\">\n\t\t\t\t\t<a class=\"elementor-button elementor-button-link elementor-size-sm\" href=\"https:\/\/nngenergy.com\/es\/library\/certificates\/\">\n\t\t\t\t\t\t<span class=\"elementor-button-content-wrapper\">\n\t\t\t\t\t\t\t\t\t<span class=\"elementor-button-text\">Certificates<\/span>\n\t\t\t\t\t<\/span>\n\t\t\t\t\t<\/a>\n\t\t\t\t<\/div>\n\t\t\t\t\t\t\t\t<\/div>\n\t\t\t\t<\/div>\n\t\t\t\t\t<\/div>\n\t\t\t\t<\/div>\n\t\t<div class=\"elementor-element elementor-element-b88e0c7 e-grid e-con-boxed e-con e-parent\" data-id=\"b88e0c7\" data-element_type=\"container\">\n\t\t\t\t\t<div class=\"e-con-inner\">\n\t\t\t\t<div class=\"elementor-element elementor-element-e41e78e elementor-widget elementor-widget-video\" data-id=\"e41e78e\" data-element_type=\"widget\" data-settings=\"{&quot;youtube_url&quot;:&quot;https:\\\/\\\/youtu.be\\\/g4EDPoBo6t8?si=UxgfWIO2BsOB4khE&quot;,&quot;video_type&quot;:&quot;youtube&quot;,&quot;controls&quot;:&quot;yes&quot;}\" data-widget_type=\"video.default\">\n\t\t\t\t<div class=\"elementor-widget-container\">\n\t\t\t\t\t\t\t<div class=\"elementor-wrapper elementor-open-inline\">\n\t\t\t<div class=\"elementor-video\"><\/div>\t\t<\/div>\n\t\t\t\t\t\t<\/div>\n\t\t\t\t<\/div>\n\t\t\t\t<div class=\"elementor-element elementor-element-dd7cdcd elementor-widget elementor-widget-video\" data-id=\"dd7cdcd\" data-element_type=\"widget\" data-settings=\"{&quot;youtube_url&quot;:&quot;https:\\\/\\\/youtu.be\\\/x274qgQZJ00?si=lzuPHfROOHYtbgFq&quot;,&quot;video_type&quot;:&quot;youtube&quot;,&quot;controls&quot;:&quot;yes&quot;}\" data-widget_type=\"video.default\">\n\t\t\t\t<div class=\"elementor-widget-container\">\n\t\t\t\t\t\t\t<div class=\"elementor-wrapper elementor-open-inline\">\n\t\t\t<div class=\"elementor-video\"><\/div>\t\t<\/div>\n\t\t\t\t\t\t<\/div>\n\t\t\t\t<\/div>\n\t\t\t\t\t<\/div>\n\t\t\t\t<\/div>\n\t\t\t\t<\/div>","protected":false},"excerpt":{"rendered":"<p>LIBRARY Home With our expert engineering team and advanced technological infrastructure, we are revitalizing energy. In addition to our existing [&hellip;]<\/p>","protected":false},"author":1,"featured_media":0,"parent":409,"menu_order":17,"comment_status":"closed","ping_status":"closed","template":"","meta":{"site-sidebar-layout":"no-sidebar","site-content-layout":"","ast-site-content-layout":"full-width-container","site-content-style":"default","site-sidebar-style":"default","ast-global-header-display":"","ast-banner-title-visibility":"","ast-main-header-display":"","ast-hfb-above-header-display":"","ast-hfb-below-header-display":"","ast-hfb-mobile-header-display":"","site-post-title":"disabled","ast-breadcrumbs-content":"","ast-featured-img":"disabled","footer-sml-layout":"","ast-disable-related-posts":"","theme-transparent-header-meta":"default","adv-header-id-meta":"","stick-header-meta":"","header-above-stick-meta":"","header-main-stick-meta":"","header-below-stick-meta":"","astra-migrate-meta-layouts":"set","ast-page-background-enabled":"default","ast-page-background-meta":{"desktop":{"background-color":"var(--ast-global-color-4)","background-image":"","background-repeat":"repeat","background-position":"center center","background-size":"auto","background-attachment":"scroll","background-type":"","background-media":"","overlay-type":"","overlay-color":"","overlay-opacity":"","overlay-gradient":""},"tablet":{"background-color":"","background-image":"","background-repeat":"repeat","background-position":"center center","background-size":"auto","background-attachment":"scroll","background-type":"","background-media":"","overlay-type":"","overlay-color":"","overlay-opacity":"","overlay-gradient":""},"mobile":{"background-color":"","background-image":"","background-repeat":"repeat","background-position":"center center","background-size":"auto","background-attachment":"scroll","background-type":"","background-media":"","overlay-type":"","overlay-color":"","overlay-opacity":"","overlay-gradient":""}},"ast-content-background-meta":{"desktop":{"background-color":"var(--ast-global-color-5)","background-image":"","background-repeat":"repeat","background-position":"center center","background-size":"auto","background-attachment":"scroll","background-type":"","background-media":"","overlay-type":"","overlay-color":"","overlay-opacity":"","overlay-gradient":""},"tablet":{"background-color":"var(--ast-global-color-5)","background-image":"","background-repeat":"repeat","background-position":"center center","background-size":"auto","background-attachment":"scroll","background-type":"","background-media":"","overlay-type":"","overlay-color":"","overlay-opacity":"","overlay-gradient":""},"mobile":{"background-color":"var(--ast-global-color-5)","background-image":"","background-repeat":"repeat","background-position":"center center","background-size":"auto","background-attachment":"scroll","background-type":"","background-media":"","overlay-type":"","overlay-color":"","overlay-opacity":"","overlay-gradient":""}},"footnotes":""},"class_list":["post-858","page","type-page","status-publish","hentry"],"yoast_head":"<!-- This site is optimized with the Yoast SEO plugin v26.4 - https:\/\/yoast.com\/wordpress\/plugins\/seo\/ -->\r\n<title>Video - NNG Energy<\/title>\r\n<meta name=\"description\" content=\"Watch NNG Energy\u2019s video library featuring project highlights, product insights, and expert solutions in the energy sector.\" \/>\r\n<meta name=\"robots\" content=\"index, follow, max-snippet:-1, max-image-preview:large, max-video-preview:-1\" \/>\r\n<link rel=\"canonical\" href=\"https:\/\/nngenergy.com\/es\/library\/video\/\" \/>\r\n<meta property=\"og:locale\" content=\"es_ES\" \/>\r\n<meta property=\"og:type\" content=\"article\" \/>\r\n<meta property=\"og:title\" content=\"Video - NNG Energy\" \/>\r\n<meta property=\"og:description\" content=\"Watch NNG Energy\u2019s video library featuring project highlights, product insights, and expert solutions in the energy sector.\" \/>\r\n<meta property=\"og:url\" content=\"https:\/\/nngenergy.com\/es\/library\/video\/\" \/>\r\n<meta property=\"og:site_name\" content=\"NNG Energy\" \/>\r\n<meta property=\"article:publisher\" content=\"https:\/\/www.facebook.com\/profile.php?id=61560874295001\" \/>\r\n<meta property=\"article:modified_time\" content=\"2025-08-04T13:09:23+00:00\" \/>\r\n<meta name=\"twitter:card\" content=\"summary_large_image\" \/>\r\n<meta name=\"twitter:label1\" content=\"Tiempo de lectura\" \/>\n\t<meta name=\"twitter:data1\" content=\"1 minuto\" \/>\r\n<script type=\"application\/ld+json\" class=\"yoast-schema-graph\">{\"@context\":\"https:\/\/schema.org\",\"@graph\":[{\"@type\":\"WebPage\",\"@id\":\"https:\/\/nngenergy.com\/library\/video\/\",\"url\":\"https:\/\/nngenergy.com\/library\/video\/\",\"name\":\"Video - NNG Energy\",\"isPartOf\":{\"@id\":\"https:\/\/nngenergy.com\/#website\"},\"datePublished\":\"2024-12-11T16:11:41+00:00\",\"dateModified\":\"2025-08-04T13:09:23+00:00\",\"description\":\"Watch NNG Energy\u2019s video library featuring project highlights, product insights, and expert solutions in the energy sector.\",\"breadcrumb\":{\"@id\":\"https:\/\/nngenergy.com\/library\/video\/#breadcrumb\"},\"inLanguage\":\"es\",\"potentialAction\":[{\"@type\":\"ReadAction\",\"target\":[\"https:\/\/nngenergy.com\/library\/video\/\"]}]},{\"@type\":\"BreadcrumbList\",\"@id\":\"https:\/\/nngenergy.com\/library\/video\/#breadcrumb\",\"itemListElement\":[{\"@type\":\"ListItem\",\"position\":1,\"name\":\"Home\",\"item\":\"https:\/\/nngenergy.com\/\"},{\"@type\":\"ListItem\",\"position\":2,\"name\":\"Library\",\"item\":\"https:\/\/nngenergy.com\/library\/\"},{\"@type\":\"ListItem\",\"position\":3,\"name\":\"Video\"}]},{\"@type\":\"WebSite\",\"@id\":\"https:\/\/nngenergy.com\/#website\",\"url\":\"https:\/\/nngenergy.com\/\",\"name\":\"NNG Enerji\",\"description\":\"\",\"publisher\":{\"@id\":\"https:\/\/nngenergy.com\/#organization\"},\"potentialAction\":[{\"@type\":\"SearchAction\",\"target\":{\"@type\":\"EntryPoint\",\"urlTemplate\":\"https:\/\/nngenergy.com\/?s={search_term_string}\"},\"query-input\":{\"@type\":\"PropertyValueSpecification\",\"valueRequired\":true,\"valueName\":\"search_term_string\"}}],\"inLanguage\":\"es\"},{\"@type\":\"Organization\",\"@id\":\"https:\/\/nngenergy.com\/#organization\",\"name\":\"NNG Enerji\",\"url\":\"https:\/\/nngenergy.com\/\",\"logo\":{\"@type\":\"ImageObject\",\"inLanguage\":\"es\",\"@id\":\"https:\/\/nngenergy.com\/#\/schema\/logo\/image\/\",\"url\":\"https:\/\/nngenergy.com\/wp-content\/uploads\/2024\/09\/logo-disi.png\",\"contentUrl\":\"https:\/\/nngenergy.com\/wp-content\/uploads\/2024\/09\/logo-disi.png\",\"width\":566,\"height\":289,\"caption\":\"NNG Enerji\"},\"image\":{\"@id\":\"https:\/\/nngenergy.com\/#\/schema\/logo\/image\/\"},\"sameAs\":[\"https:\/\/www.facebook.com\/profile.php?id=61560874295001\",\"https:\/\/www.youtube.com\/@nng.energy\",\"https:\/\/www.linkedin.com\/company\/nng-enerji-teknoloji\/\",\"https:\/\/www.instagram.com\/nng.energy?igsh=c3FqZmVnbmhuaDRh\"]}]}<\/script>\r\n<!-- \/ Yoast SEO plugin. -->","yoast_head_json":{"title":"Video - NNG Energy","description":"Watch NNG Energy\u2019s video library featuring project highlights, product insights, and expert solutions in the energy sector.","robots":{"index":"index","follow":"follow","max-snippet":"max-snippet:-1","max-image-preview":"max-image-preview:large","max-video-preview":"max-video-preview:-1"},"canonical":"https:\/\/nngenergy.com\/es\/library\/video\/","og_locale":"es_ES","og_type":"article","og_title":"Video - NNG Energy","og_description":"Watch NNG Energy\u2019s video library featuring project highlights, product insights, and expert solutions in the energy sector.","og_url":"https:\/\/nngenergy.com\/es\/library\/video\/","og_site_name":"NNG Energy","article_publisher":"https:\/\/www.facebook.com\/profile.php?id=61560874295001","article_modified_time":"2025-08-04T13:09:23+00:00","twitter_card":"summary_large_image","twitter_misc":{"Tiempo de lectura":"1 minuto"},"schema":{"@context":"https:\/\/schema.org","@graph":[{"@type":"WebPage","@id":"https:\/\/nngenergy.com\/library\/video\/","url":"https:\/\/nngenergy.com\/library\/video\/","name":"Video - NNG Energy","isPartOf":{"@id":"https:\/\/nngenergy.com\/#website"},"datePublished":"2024-12-11T16:11:41+00:00","dateModified":"2025-08-04T13:09:23+00:00","description":"Watch NNG Energy\u2019s video library featuring project highlights, product insights, and expert solutions in the energy sector.","breadcrumb":{"@id":"https:\/\/nngenergy.com\/library\/video\/#breadcrumb"},"inLanguage":"es","potentialAction":[{"@type":"ReadAction","target":["https:\/\/nngenergy.com\/library\/video\/"]}]},{"@type":"BreadcrumbList","@id":"https:\/\/nngenergy.com\/library\/video\/#breadcrumb","itemListElement":[{"@type":"ListItem","position":1,"name":"Home","item":"https:\/\/nngenergy.com\/"},{"@type":"ListItem","position":2,"name":"Library","item":"https:\/\/nngenergy.com\/library\/"},{"@type":"ListItem","position":3,"name":"Video"}]},{"@type":"WebSite","@id":"https:\/\/nngenergy.com\/#website","url":"https:\/\/nngenergy.com\/","name":"NNG Enerji","description":"","publisher":{"@id":"https:\/\/nngenergy.com\/#organization"},"potentialAction":[{"@type":"SearchAction","target":{"@type":"EntryPoint","urlTemplate":"https:\/\/nngenergy.com\/?s={search_term_string}"},"query-input":{"@type":"PropertyValueSpecification","valueRequired":true,"valueName":"search_term_string"}}],"inLanguage":"es"},{"@type":"Organization","@id":"https:\/\/nngenergy.com\/#organization","name":"NNG Enerji","url":"https:\/\/nngenergy.com\/","logo":{"@type":"ImageObject","inLanguage":"es","@id":"https:\/\/nngenergy.com\/#\/schema\/logo\/image\/","url":"https:\/\/nngenergy.com\/wp-content\/uploads\/2024\/09\/logo-disi.png","contentUrl":"https:\/\/nngenergy.com\/wp-content\/uploads\/2024\/09\/logo-disi.png","width":566,"height":289,"caption":"NNG Enerji"},"image":{"@id":"https:\/\/nngenergy.com\/#\/schema\/logo\/image\/"},"sameAs":["https:\/\/www.facebook.com\/profile.php?id=61560874295001","https:\/\/www.youtube.com\/@nng.energy","https:\/\/www.linkedin.com\/company\/nng-enerji-teknoloji\/","https:\/\/www.instagram.com\/nng.energy?igsh=c3FqZmVnbmhuaDRh"]}]}},"_links":{"self":[{"href":"https:\/\/nngenergy.com\/es\/wp-json\/wp\/v2\/pages\/858","targetHints":{"allow":["GET"]}}],"collection":[{"href":"https:\/\/nngenergy.com\/es\/wp-json\/wp\/v2\/pages"}],"about":[{"href":"https:\/\/nngenergy.com\/es\/wp-json\/wp\/v2\/types\/page"}],"author":[{"embeddable":true,"href":"https:\/\/nngenergy.com\/es\/wp-json\/wp\/v2\/users\/1"}],"replies":[{"embeddable":true,"href":"https:\/\/nngenergy.com\/es\/wp-json\/wp\/v2\/comments?post=858"}],"version-history":[{"count":20,"href":"https:\/\/nngenergy.com\/es\/wp-json\/wp\/v2\/pages\/858\/revisions"}],"predecessor-version":[{"id":2128,"href":"https:\/\/nngenergy.com\/es\/wp-json\/wp\/v2\/pages\/858\/revisions\/2128"}],"up":[{"embeddable":true,"href":"https:\/\/nngenergy.com\/es\/wp-json\/wp\/v2\/pages\/409"}],"wp:attachment":[{"href":"https:\/\/nngenergy.com\/es\/wp-json\/wp\/v2\/media?parent=858"}],"curies":[{"name":"wp","href":"https:\/\/api.w.org\/{rel}","templated":true}]}}