{"id":734,"date":"2024-11-20T22:25:40","date_gmt":"2024-11-20T19:25:40","guid":{"rendered":"https:\/\/nngenergy.com\/?page_id=734"},"modified":"2025-11-03T09:30:33","modified_gmt":"2025-11-03T06:30:33","slug":"references","status":"publish","type":"page","link":"https:\/\/nngenergy.com\/es\/references\/","title":{"rendered":"References"},"content":{"rendered":"<div data-elementor-type=\"wp-page\" data-elementor-id=\"734\" class=\"elementor elementor-734\" data-elementor-post-type=\"page\">\n\t\t\t\t<div class=\"elementor-element elementor-element-6ce187b5 e-flex e-con-boxed e-con e-parent\" data-id=\"6ce187b5\" data-element_type=\"container\" data-settings=\"{&quot;background_background&quot;:&quot;classic&quot;}\">\n\t\t\t\t\t<div class=\"e-con-inner\">\n\t\t\t\t<div class=\"elementor-element elementor-element-61c0e320 elementor-widget elementor-widget-heading\" data-id=\"61c0e320\" data-element_type=\"widget\" data-widget_type=\"heading.default\">\n\t\t\t\t<div class=\"elementor-widget-container\">\n\t\t\t\t\t<h1 class=\"elementor-heading-title elementor-size-default\">REFERENCES<\/h1>\t\t\t\t<\/div>\n\t\t\t\t<\/div>\n\t\t\t\t\t<\/div>\n\t\t\t\t<\/div>\n\t\t<div class=\"elementor-element elementor-element-39102feb e-flex e-con-boxed e-con e-parent\" data-id=\"39102feb\" data-element_type=\"container\">\n\t\t\t\t\t<div class=\"e-con-inner\">\n\t\t\t\t<div class=\"elementor-element elementor-element-9c31eaf elementor-widget elementor-widget-hfe-breadcrumbs-widget\" data-id=\"9c31eaf\" data-element_type=\"widget\" data-widget_type=\"hfe-breadcrumbs-widget.default\">\n\t\t\t\t<div class=\"elementor-widget-container\">\n\t\t\t\t\t<nav aria-label=\"Breadcrumb\"><ul class=\"hfe-breadcrumbs hfe-breadcrumbs-show-home\"><li class=\"hfe-breadcrumbs-item hfe-breadcrumbs-first\"><span class=\"hfe-breadcrumbs-home-icon\"><\/span><a href=\"https:\/\/nngenergy.com\/es\"><span class=\"hfe-breadcrumbs-text\">Home<\/span><\/a><\/li><\/ul><\/nav>\t\t\t\t<\/div>\n\t\t\t\t<\/div>\n\t\t\t\t\t<\/div>\n\t\t\t\t<\/div>\n\t\t<div class=\"elementor-element elementor-element-d3c2512 e-flex e-con-boxed e-con e-parent\" data-id=\"d3c2512\" data-element_type=\"container\">\n\t\t\t\t\t<div class=\"e-con-inner\">\n\t\t<div class=\"elementor-element elementor-element-5cabb3e e-con-full e-flex e-con e-child\" data-id=\"5cabb3e\" data-element_type=\"container\">\n\t\t\t\t<div class=\"elementor-element elementor-element-b478a97 elementor-widget elementor-widget-heading\" data-id=\"b478a97\" data-element_type=\"widget\" data-widget_type=\"heading.default\">\n\t\t\t\t<div class=\"elementor-widget-container\">\n\t\t\t\t\t<h2 class=\"elementor-heading-title elementor-size-default\">Nuestras Ventajas<\/h2>\t\t\t\t<\/div>\n\t\t\t\t<\/div>\n\t\t\t\t<div class=\"elementor-element elementor-element-20c6e75 elementor-widget elementor-widget-text-editor\" data-id=\"20c6e75\" data-element_type=\"widget\" data-widget_type=\"text-editor.default\">\n\t\t\t\t<div class=\"elementor-widget-container\">\n\t\t\t\t\t\t\t\t\t<p>Como NNG Energy, nosotros ofrecemos importantes ventajas de coste a nuestros clientes mediante  nuestros sistemas \u201crenovados\u201d de energ\u00eda. Al permitir el reuso de los productos renovados, nosotros contribuimos a la sostenibilidad de nuestro planeta, tanto ecol\u00f3gica como econ\u00f3micamente.<\/p>\t\t\t\t\t\t\t\t<\/div>\n\t\t\t\t<\/div>\n\t\t\t\t<\/div>\n\t\t\t\t\t<\/div>\n\t\t\t\t<\/div>\n\t\t<div class=\"elementor-element elementor-element-9df35dd e-flex e-con-boxed e-con e-parent\" data-id=\"9df35dd\" data-element_type=\"container\">\n\t\t\t\t\t<div class=\"e-con-inner\">\n\t\t\t\t<div class=\"elementor-element elementor-element-b6441b9 elementor-widget elementor-widget-html\" data-id=\"b6441b9\" data-element_type=\"widget\" data-widget_type=\"html.default\">\n\t\t\t\t<div class=\"elementor-widget-container\">\n\t\t\t\t\t<style>\r\n    table {\r\n        width: 100%;\r\n        border-collapse: collapse;\r\n    }\r\n    th, td {\r\n        border: 1px solid #ddd;\r\n        padding: 8px;\r\n        text-align: center;\r\n    }\r\n    th {\r\n        background-color: #f4f4f4;\r\n    }\r\n    input {\r\n        width: 90%;\r\n        padding: 5px;\r\n    }\r\n    \r\n\r\n\r\n<\/style>\r\n\r\n<table id=\"filterTable\">\r\n    <!-- Table Header with Filter Inputs -->\r\n    <thead>\r\n    <tr>\r\n        <th><input type=\"text\" class=\"input-with-arrow\" placeholder=\"Project Name\"><\/th>\r\n        <th><input type=\"text\" class=\"input-with-arrow\" placeholder=\"Industry\"><\/th>\r\n        <th><input type=\"text\" class=\"input-with-arrow\" placeholder=\"Product\"><\/th>\r\n        <th><input type=\"text\" class=\"input-with-arrow\" placeholder=\"Country\"><\/th>\r\n        <th><input type=\"text\" class=\"input-with-arrow\" placeholder=\"Year\"><\/th>\r\n    <\/tr>\r\n        <tr>\r\n            <th>Project Name<\/th>\r\n            <th>Industry<\/th>\r\n            <th>Product<\/th>\r\n            <th>Country<\/th>\r\n            <th>Year<\/th>\r\n        <\/tr>\r\n    <\/thead>\r\n    <tbody>\r\n       <tr>\r\n<td width=\"53\">HALKALI KA\u011eIT<\/td>\r\n<td width=\"85\">PAPER FACTORY<\/td>\r\n<td width=\"39\">GAS TURBINE<\/td>\r\n<td width=\"39\">TURKEY<\/td>\r\n<td width=\"23\">On Going<\/td>\r\n<\/tr>\r\n<tr>\r\n<td width=\"53\">DNM TEXTILE<\/td>\r\n<td width=\"85\">TEXTILE FACTORY<\/td>\r\n<td width=\"39\">GAS TURBINE<\/td>\r\n<td width=\"39\">EGYPT<\/td>\r\n<td width=\"23\">On Going<\/td>\r\n<\/tr>\r\n<tr>\r\n<td width=\"53\">ALTINMARKA<\/td>\r\n<td width=\"85\">CHOCOLATE FACTORY<\/td>\r\n<td width=\"39\">GAS TURBINE<\/td>\r\n<td width=\"39\">TURKEY<\/td>\r\n<td width=\"23\">On Going<\/td>\r\n<\/tr>\r\n<tr>\r\n<td width=\"53\">KEAS<\/td>\r\n<td width=\"85\">WOOD FACTORY<\/td>\r\n<td width=\"39\">GAS TURBINE<\/td>\r\n<td width=\"39\">TURKEY<\/td>\r\n<td width=\"23\">2024<\/td>\r\n<\/tr>\r\n<tr>\r\n<td width=\"53\">\u00d6ZMERTLER<\/td>\r\n<td width=\"85\">STEEL PLANT<\/td>\r\n<td width=\"39\">GAS TURBINE<\/td>\r\n<td width=\"39\">ALGERIA<\/td>\r\n<td width=\"23\">2024<\/td>\r\n<\/tr>\r\n<tr>\r\n<td width=\"53\">YILDIZ ENTEGRE<\/td>\r\n<td width=\"85\">WOOD FACTORY<\/td>\r\n<td width=\"39\">GAS TURBINE<\/td>\r\n<td width=\"39\">TURKEY<\/td>\r\n<td width=\"23\">2024<\/td>\r\n<\/tr>\r\n<tr>\r\n<td width=\"53\">BUNYOTKOR TEXTILE<\/td>\r\n<td width=\"85\">TEXTILE FACTORY<\/td>\r\n<td width=\"39\">GAS ENGINE<\/td>\r\n<td width=\"39\">UZBEKISTAN<\/td>\r\n<td width=\"23\">2024<\/td>\r\n<\/tr>\r\n<tr>\r\n<td width=\"53\">EREN HOLD\u0130NG<\/td>\r\n<td width=\"85\">POWER PLANT<\/td>\r\n<td width=\"39\">GAS TURBINE<\/td>\r\n<td width=\"39\">TURKEY<\/td>\r\n<td width=\"23\">2023<\/td>\r\n<\/tr>\r\n<tr>\r\n<td width=\"53\">GENSER LTD<\/td>\r\n<td width=\"85\">MINING<\/td>\r\n<td width=\"39\">GAS ENGINE<\/td>\r\n<td width=\"39\">GHANA<\/td>\r\n<td width=\"23\">2023<\/td>\r\n<\/tr>\r\n<tr>\r\n<td width=\"53\">HAYAT K\u0130MYA<\/td>\r\n<td width=\"85\">HYGIENE PRODUCTS FACTORY<\/td>\r\n<td width=\"39\">GAS TURBINE<\/td>\r\n<td width=\"39\">EGYPT<\/td>\r\n<td width=\"23\">2022<\/td>\r\n<\/tr>\r\n<tr>\r\n<td width=\"53\">HAYAT K\u0130MYA<\/td>\r\n<td width=\"85\">HYGIENE PRODUCTS FACTORY<\/td>\r\n<td width=\"39\">GAS TURBINE<\/td>\r\n<td width=\"39\">EGYPT<\/td>\r\n<td width=\"23\">2022<\/td>\r\n<\/tr>\r\n<tr>\r\n<td width=\"53\">HAYAT K\u0130MYA<\/td>\r\n<td width=\"85\">TISSUE FACTORY<\/td>\r\n<td width=\"39\">GAS TURBINE<\/td>\r\n<td width=\"39\">TURKEY<\/td>\r\n<td width=\"23\">2021<\/td>\r\n<\/tr>\r\n<tr>\r\n<td width=\"53\">EGE SERAM\u0130C<\/td>\r\n<td width=\"85\">CERAMIC FACTORY<\/td>\r\n<td width=\"39\">CONTROL SYSTEM<\/td>\r\n<td width=\"39\">TURKEY<\/td>\r\n<td width=\"23\">2021<\/td>\r\n<\/tr>\r\n<tr>\r\n<td width=\"53\">HAYAT K\u0130MYA<\/td>\r\n<td width=\"85\">TISSUE FACTORY<\/td>\r\n<td width=\"39\">GAS TURBINE<\/td>\r\n<td width=\"39\">RUSSIA<\/td>\r\n<td width=\"23\">2021<\/td>\r\n<\/tr>\r\n<tr>\r\n<td width=\"53\">K\u00dcTAHYA LANDFILL<\/td>\r\n<td width=\"85\">LANDFILL<\/td>\r\n<td width=\"39\">GAS ENGINE<\/td>\r\n<td width=\"39\">TURKEY<\/td>\r\n<td width=\"23\">2021<\/td>\r\n<\/tr>\r\n<tr>\r\n<td width=\"53\">B\u0130LKENT ENERGY<\/td>\r\n<td width=\"85\">POWER PLANT<\/td>\r\n<td width=\"39\">GAS TURBINE<\/td>\r\n<td width=\"39\">TURKEY<\/td>\r\n<td width=\"23\">2020<\/td>\r\n<\/tr>\r\n<tr>\r\n<td width=\"53\">CONRAD<\/td>\r\n<td width=\"85\">IPP (Independent Power Producer)<\/td>\r\n<td width=\"39\">GAS ENGINE<\/td>\r\n<td width=\"39\">ENGLAND<\/td>\r\n<td width=\"23\">2020<\/td>\r\n<\/tr>\r\n<tr>\r\n<td width=\"53\">CONRAD<\/td>\r\n<td width=\"85\">IPP (Independent Power Producer)<\/td>\r\n<td width=\"39\">GAS ENGINE<\/td>\r\n<td width=\"39\">ENGLAND<\/td>\r\n<td width=\"23\">2020<\/td>\r\n<\/tr>\r\n<tr>\r\n<td width=\"53\">HAYAT K\u0130MYA<\/td>\r\n<td width=\"85\">CHEMICAL INDUSTRY<\/td>\r\n<td width=\"39\">GAS ENGINE<\/td>\r\n<td width=\"39\">PAKISTAN<\/td>\r\n<td width=\"23\">2020<\/td>\r\n<\/tr>\r\n<tr>\r\n<td width=\"53\">ZAMAN TEXTILE<\/td>\r\n<td width=\"85\">TEXTILE FACTORY<\/td>\r\n<td width=\"39\">GAS TURBINE<\/td>\r\n<td width=\"39\">PAKISTAN<\/td>\r\n<td width=\"23\">2019<\/td>\r\n<\/tr>\r\n<tr>\r\n<td width=\"53\">KASSIM TEXTILE<\/td>\r\n<td width=\"85\">TEXTILE FACTORY<\/td>\r\n<td width=\"39\">GAS TURBINE<\/td>\r\n<td width=\"39\">PAKISTAN<\/td>\r\n<td width=\"23\">2019<\/td>\r\n<\/tr>\r\n<tr>\r\n<td width=\"53\">KEAS ENTEGRE<\/td>\r\n<td width=\"85\">WOOD FACTORY<\/td>\r\n<td width=\"39\">CONTROL SYSTEM<\/td>\r\n<td width=\"39\">TURKEY<\/td>\r\n<td width=\"23\">2019<\/td>\r\n<\/tr>\r\n<tr>\r\n<td width=\"53\">AGT<\/td>\r\n<td width=\"85\">WOOD FACTORY<\/td>\r\n<td width=\"39\">GAS TURBINE<\/td>\r\n<td width=\"39\">TURKEY<\/td>\r\n<td width=\"23\">2019<\/td>\r\n<\/tr>\r\n<tr>\r\n<td width=\"53\">CONRAD<\/td>\r\n<td width=\"85\">IPP (Independent Power Producer)<\/td>\r\n<td width=\"39\">GAS ENGINE<\/td>\r\n<td width=\"39\">ENGLAND<\/td>\r\n<td width=\"23\">2019<\/td>\r\n<\/tr>\r\n<tr>\r\n<td width=\"53\">ISTANBUL OSB<\/td>\r\n<td width=\"85\">WASTE WATER TREATMENT PLANT<\/td>\r\n<td width=\"39\">GAS ENGINE<\/td>\r\n<td width=\"39\">TURKEY<\/td>\r\n<td width=\"23\">2019<\/td>\r\n<\/tr>\r\n<tr>\r\n<td width=\"53\">KEAS ENTEGRE<\/td>\r\n<td width=\"85\">WOOD\u00a0 FACTORY<\/td>\r\n<td width=\"39\">GAS TURBINE<\/td>\r\n<td width=\"39\">TURKEY<\/td>\r\n<td width=\"23\">2018<\/td>\r\n<\/tr>\r\n<tr>\r\n<td width=\"53\">DESA<\/td>\r\n<td width=\"85\">POWER PLANT<\/td>\r\n<td width=\"39\">CONTROL SYSTEM<\/td>\r\n<td width=\"39\">TURKEY<\/td>\r\n<td width=\"23\">2018<\/td>\r\n<\/tr>\r\n<tr>\r\n<td width=\"53\">V\u0130K\u0130NG\u00a0 KA\u011eIT<\/td>\r\n<td width=\"85\">PAPER FACTORY<\/td>\r\n<td width=\"39\">GAS TURBINE<\/td>\r\n<td width=\"39\">TURKEY<\/td>\r\n<td width=\"23\">2018<\/td>\r\n<\/tr>\r\n<tr>\r\n<td width=\"53\">KEAS ENTEGRE<\/td>\r\n<td width=\"85\">WOOD FACTORY<\/td>\r\n<td width=\"39\">GAS TURBINE<\/td>\r\n<td width=\"39\">TATARSTAN<\/td>\r\n<td width=\"23\">2018<\/td>\r\n<\/tr>\r\n<tr>\r\n<td width=\"53\">KER HOLDING<\/td>\r\n<td width=\"85\">HEAT AND POWER PLANT<\/td>\r\n<td width=\"39\">GAS TURBINE<\/td>\r\n<td width=\"39\">TATARSTAN<\/td>\r\n<td width=\"23\">2018<\/td>\r\n<\/tr>\r\n<tr>\r\n<td width=\"53\">\u00c7\u0130R\u0130K\u00c7\u0130O\u011eLU<\/td>\r\n<td width=\"85\">TEXTILE FACTORY<\/td>\r\n<td width=\"39\">GAS TURBINE<\/td>\r\n<td width=\"39\">TURKEY<\/td>\r\n<td width=\"23\">2018<\/td>\r\n<\/tr>\r\n<tr>\r\n<td width=\"53\">SORTI<\/td>\r\n<td width=\"85\">TEXTILE FACTORY<\/td>\r\n<td width=\"39\">CONTROL SYSTEM<\/td>\r\n<td width=\"39\">PAKISTAN<\/td>\r\n<td width=\"23\">2018<\/td>\r\n<\/tr>\r\n<tr>\r\n<td width=\"53\">HAYAT K\u0130MYA<\/td>\r\n<td width=\"85\">CHEMICAL INDUSTRY<\/td>\r\n<td width=\"39\">GAS ENGINE<\/td>\r\n<td width=\"39\">NIGERIA<\/td>\r\n<td width=\"23\">2018<\/td>\r\n<\/tr>\r\n<tr>\r\n<td width=\"53\">HAYAT K\u0130MYA<\/td>\r\n<td width=\"85\">TISSUE FACTORY<\/td>\r\n<td width=\"39\">GAS TURBINE<\/td>\r\n<td width=\"39\">TATARSTAN<\/td>\r\n<td width=\"23\">2017<\/td>\r\n<\/tr>\r\n<tr>\r\n<td width=\"53\">EGE SERAM\u0130C<\/td>\r\n<td width=\"85\">CERAMIC FACTORY<\/td>\r\n<td width=\"39\">CONTROL SYSTEM<\/td>\r\n<td width=\"39\">TURKEY<\/td>\r\n<td width=\"23\">2017<\/td>\r\n<\/tr>\r\n<tr>\r\n<td width=\"53\">HAYAT K\u0130MYA<\/td>\r\n<td width=\"85\">TISSUE FACTORY<\/td>\r\n<td width=\"39\">GAS ENGINE<\/td>\r\n<td width=\"39\">NIGERIA<\/td>\r\n<td width=\"23\">2016<\/td>\r\n<\/tr>\r\n<tr>\r\n<td width=\"53\">YILDIZ ENTEGRE<\/td>\r\n<td width=\"85\">WOOD\u00a0 FACTORY<\/td>\r\n<td width=\"39\">GAS TURBINE<\/td>\r\n<td width=\"39\">TURKEY<\/td>\r\n<td width=\"23\">2016<\/td>\r\n<\/tr>\r\n<tr>\r\n<td width=\"53\">HAYAT K\u0130MYA<\/td>\r\n<td width=\"85\">TISSUE FACTORY<\/td>\r\n<td width=\"39\">GAS TURBINE<\/td>\r\n<td width=\"39\">TURKEY<\/td>\r\n<td width=\"23\">2015<\/td>\r\n<\/tr>\r\n<tr>\r\n<td width=\"53\">HALKALI KA\u011eIT<\/td>\r\n<td width=\"85\">PAPER FACTORY<\/td>\r\n<td width=\"39\">CONTROL SYSTEM<\/td>\r\n<td width=\"39\">TURKEY<\/td>\r\n<td width=\"23\">2015<\/td>\r\n<\/tr>\r\n<tr>\r\n<td width=\"53\">DESA<\/td>\r\n<td width=\"85\">POWER PLANT<\/td>\r\n<td width=\"39\">GAS TURBINE<\/td>\r\n<td width=\"39\">TURKEY<\/td>\r\n<td width=\"23\">2015<\/td>\r\n<\/tr>\r\n<tr>\r\n<td width=\"53\">EUROTEX<\/td>\r\n<td width=\"85\">TEXTILE FACTORY<\/td>\r\n<td width=\"39\">GAS ENGINE<\/td>\r\n<td width=\"39\">TURKEY<\/td>\r\n<td width=\"23\">2015<\/td>\r\n<\/tr>\r\n<tr>\r\n<td width=\"53\">KEAS<\/td>\r\n<td width=\"85\">WOOD\u00a0 FACTORY<\/td>\r\n<td width=\"39\">GAS TURBINE<\/td>\r\n<td width=\"39\">TURKEY<\/td>\r\n<td width=\"23\">2014<\/td>\r\n<\/tr>\r\n<tr>\r\n<td width=\"53\">KMK\u00a0 KA\u011eIT<\/td>\r\n<td width=\"85\">PAPER FACTORY<\/td>\r\n<td width=\"39\">GAS ENGINE<\/td>\r\n<td width=\"39\">TURKEY<\/td>\r\n<td width=\"23\">2014<\/td>\r\n<\/tr>\r\n<tr>\r\n<td width=\"53\">ASTEK<\/td>\r\n<td width=\"85\">ALUMINUN FACTORY<\/td>\r\n<td width=\"39\">GAS TURBINE<\/td>\r\n<td width=\"39\">RUSSIA<\/td>\r\n<td width=\"23\">2014<\/td>\r\n<\/tr>\r\n<tr>\r\n<td width=\"53\">KMK KA\u011eIT<\/td>\r\n<td width=\"85\">PAPER FACTORY<\/td>\r\n<td width=\"39\">GAS ENGINE<\/td>\r\n<td width=\"39\">TURKEY<\/td>\r\n<td width=\"23\">2014<\/td>\r\n<\/tr>\r\n<tr>\r\n<td width=\"53\">KEAS<\/td>\r\n<td width=\"85\">WOOD FACTORY<\/td>\r\n<td width=\"39\">GAS TURBINE<\/td>\r\n<td width=\"39\">TURKEY<\/td>\r\n<td width=\"23\">2013<\/td>\r\n<\/tr>\r\n<tr>\r\n<td width=\"53\">KMK KA\u011eIT<\/td>\r\n<td width=\"85\">PAPER FACTORY<\/td>\r\n<td width=\"39\">GAS TURBINE<\/td>\r\n<td width=\"39\">TURKEY<\/td>\r\n<td width=\"23\">2013<\/td>\r\n<\/tr>\r\n<tr>\r\n<td width=\"53\">ALKIM KA\u011eIT<\/td>\r\n<td width=\"85\">PAPER FACTORY<\/td>\r\n<td width=\"39\">GAS TURBINE<\/td>\r\n<td width=\"39\">TURKEY<\/td>\r\n<td width=\"23\">2012<\/td>\r\n<\/tr>\r\n<tr>\r\n<td width=\"53\">HALKALI KA\u011eIT<\/td>\r\n<td width=\"85\">RECYCLING PAPER FACTORY<\/td>\r\n<td width=\"39\">GAS TURBINE<\/td>\r\n<td width=\"39\">TURKEY<\/td>\r\n<td width=\"23\">2011<\/td>\r\n<\/tr>\r\n    <\/tbody>\r\n<\/table>\r\n\t\t\t\t<\/div>\n\t\t\t\t<\/div>\n\t\t\t\t\t<\/div>\n\t\t\t\t<\/div>\n\t\t\t\t<\/div>","protected":false},"excerpt":{"rendered":"<p>REFERENCES Home Our Advantages As NNG Energy, we provide our customers with significant cost advantages through &#8216;renewed&#8217; energy systems. By [&hellip;]<\/p>","protected":false},"author":1,"featured_media":0,"parent":0,"menu_order":24,"comment_status":"closed","ping_status":"closed","template":"","meta":{"site-sidebar-layout":"no-sidebar","site-content-layout":"","ast-site-content-layout":"full-width-container","site-content-style":"default","site-sidebar-style":"default","ast-global-header-display":"","ast-banner-title-visibility":"","ast-main-header-display":"","ast-hfb-above-header-display":"","ast-hfb-below-header-display":"","ast-hfb-mobile-header-display":"","site-post-title":"disabled","ast-breadcrumbs-content":"","ast-featured-img":"disabled","footer-sml-layout":"","ast-disable-related-posts":"","theme-transparent-header-meta":"default","adv-header-id-meta":"","stick-header-meta":"","header-above-stick-meta":"","header-main-stick-meta":"","header-below-stick-meta":"","astra-migrate-meta-layouts":"set","ast-page-background-enabled":"default","ast-page-background-meta":{"desktop":{"background-color":"var(--ast-global-color-4)","background-image":"","background-repeat":"repeat","background-position":"center center","background-size":"auto","background-attachment":"scroll","background-type":"","background-media":"","overlay-type":"","overlay-color":"","overlay-opacity":"","overlay-gradient":""},"tablet":{"background-color":"","background-image":"","background-repeat":"repeat","background-position":"center center","background-size":"auto","background-attachment":"scroll","background-type":"","background-media":"","overlay-type":"","overlay-color":"","overlay-opacity":"","overlay-gradient":""},"mobile":{"background-color":"","background-image":"","background-repeat":"repeat","background-position":"center center","background-size":"auto","background-attachment":"scroll","background-type":"","background-media":"","overlay-type":"","overlay-color":"","overlay-opacity":"","overlay-gradient":""}},"ast-content-background-meta":{"desktop":{"background-color":"var(--ast-global-color-5)","background-image":"","background-repeat":"repeat","background-position":"center center","background-size":"auto","background-attachment":"scroll","background-type":"","background-media":"","overlay-type":"","overlay-color":"","overlay-opacity":"","overlay-gradient":""},"tablet":{"background-color":"var(--ast-global-color-5)","background-image":"","background-repeat":"repeat","background-position":"center center","background-size":"auto","background-attachment":"scroll","background-type":"","background-media":"","overlay-type":"","overlay-color":"","overlay-opacity":"","overlay-gradient":""},"mobile":{"background-color":"var(--ast-global-color-5)","background-image":"","background-repeat":"repeat","background-position":"center center","background-size":"auto","background-attachment":"scroll","background-type":"","background-media":"","overlay-type":"","overlay-color":"","overlay-opacity":"","overlay-gradient":""}},"footnotes":""},"class_list":["post-734","page","type-page","status-publish","hentry"],"yoast_head":"<!-- This site is optimized with the Yoast SEO plugin v26.4 - https:\/\/yoast.com\/wordpress\/plugins\/seo\/ -->\r\n<title>References - NNG Energy<\/title>\r\n<meta name=\"description\" content=\"Explore NNG Energy&#039;s project portfolio: proven references in renewables. Case studies showcasing operational excellence &amp; client success.\" \/>\r\n<meta name=\"robots\" content=\"index, follow, max-snippet:-1, max-image-preview:large, max-video-preview:-1\" \/>\r\n<link rel=\"canonical\" href=\"https:\/\/nngenergy.com\/es\/references\/\" \/>\r\n<meta property=\"og:locale\" content=\"es_ES\" \/>\r\n<meta property=\"og:type\" content=\"article\" \/>\r\n<meta property=\"og:title\" content=\"References - NNG Energy\" \/>\r\n<meta property=\"og:description\" content=\"Explore NNG Energy&#039;s project portfolio: proven references in renewables. Case studies showcasing operational excellence &amp; client success.\" \/>\r\n<meta property=\"og:url\" content=\"https:\/\/nngenergy.com\/es\/references\/\" \/>\r\n<meta property=\"og:site_name\" content=\"NNG Energy\" \/>\r\n<meta property=\"article:publisher\" content=\"https:\/\/www.facebook.com\/profile.php?id=61560874295001\" \/>\r\n<meta property=\"article:modified_time\" content=\"2025-11-03T06:30:33+00:00\" \/>\r\n<meta name=\"twitter:card\" content=\"summary_large_image\" \/>\r\n<meta name=\"twitter:label1\" content=\"Tiempo de lectura\" \/>\n\t<meta name=\"twitter:data1\" content=\"3 minutos\" \/>\r\n<script type=\"application\/ld+json\" class=\"yoast-schema-graph\">{\"@context\":\"https:\/\/schema.org\",\"@graph\":[{\"@type\":\"WebPage\",\"@id\":\"https:\/\/nngenergy.com\/fr\/references\/\",\"url\":\"https:\/\/nngenergy.com\/fr\/references\/\",\"name\":\"References - NNG Energy\",\"isPartOf\":{\"@id\":\"https:\/\/nngenergy.com\/#website\"},\"datePublished\":\"2024-11-20T19:25:40+00:00\",\"dateModified\":\"2025-11-03T06:30:33+00:00\",\"description\":\"Explore NNG Energy's project portfolio: proven references in renewables. Case studies showcasing operational excellence & client success.\",\"breadcrumb\":{\"@id\":\"https:\/\/nngenergy.com\/fr\/references\/#breadcrumb\"},\"inLanguage\":\"es\",\"potentialAction\":[{\"@type\":\"ReadAction\",\"target\":[\"https:\/\/nngenergy.com\/fr\/references\/\"]}]},{\"@type\":\"BreadcrumbList\",\"@id\":\"https:\/\/nngenergy.com\/fr\/references\/#breadcrumb\",\"itemListElement\":[{\"@type\":\"ListItem\",\"position\":1,\"name\":\"Home\",\"item\":\"https:\/\/nngenergy.com\/\"},{\"@type\":\"ListItem\",\"position\":2,\"name\":\"References\"}]},{\"@type\":\"WebSite\",\"@id\":\"https:\/\/nngenergy.com\/#website\",\"url\":\"https:\/\/nngenergy.com\/\",\"name\":\"NNG Enerji\",\"description\":\"\",\"publisher\":{\"@id\":\"https:\/\/nngenergy.com\/#organization\"},\"potentialAction\":[{\"@type\":\"SearchAction\",\"target\":{\"@type\":\"EntryPoint\",\"urlTemplate\":\"https:\/\/nngenergy.com\/?s={search_term_string}\"},\"query-input\":{\"@type\":\"PropertyValueSpecification\",\"valueRequired\":true,\"valueName\":\"search_term_string\"}}],\"inLanguage\":\"es\"},{\"@type\":\"Organization\",\"@id\":\"https:\/\/nngenergy.com\/#organization\",\"name\":\"NNG Enerji\",\"url\":\"https:\/\/nngenergy.com\/\",\"logo\":{\"@type\":\"ImageObject\",\"inLanguage\":\"es\",\"@id\":\"https:\/\/nngenergy.com\/#\/schema\/logo\/image\/\",\"url\":\"https:\/\/nngenergy.com\/wp-content\/uploads\/2024\/09\/logo-disi.png\",\"contentUrl\":\"https:\/\/nngenergy.com\/wp-content\/uploads\/2024\/09\/logo-disi.png\",\"width\":566,\"height\":289,\"caption\":\"NNG Enerji\"},\"image\":{\"@id\":\"https:\/\/nngenergy.com\/#\/schema\/logo\/image\/\"},\"sameAs\":[\"https:\/\/www.facebook.com\/profile.php?id=61560874295001\",\"https:\/\/www.youtube.com\/@nng.energy\",\"https:\/\/www.linkedin.com\/company\/nng-enerji-teknoloji\/\",\"https:\/\/www.instagram.com\/nng.energy?igsh=c3FqZmVnbmhuaDRh\"]}]}<\/script>\r\n<!-- \/ Yoast SEO plugin. -->","yoast_head_json":{"title":"References - NNG Energy","description":"Explore NNG Energy's project portfolio: proven references in renewables. Case studies showcasing operational excellence & client success.","robots":{"index":"index","follow":"follow","max-snippet":"max-snippet:-1","max-image-preview":"max-image-preview:large","max-video-preview":"max-video-preview:-1"},"canonical":"https:\/\/nngenergy.com\/es\/references\/","og_locale":"es_ES","og_type":"article","og_title":"References - NNG Energy","og_description":"Explore NNG Energy's project portfolio: proven references in renewables. Case studies showcasing operational excellence & client success.","og_url":"https:\/\/nngenergy.com\/es\/references\/","og_site_name":"NNG Energy","article_publisher":"https:\/\/www.facebook.com\/profile.php?id=61560874295001","article_modified_time":"2025-11-03T06:30:33+00:00","twitter_card":"summary_large_image","twitter_misc":{"Tiempo de lectura":"3 minutos"},"schema":{"@context":"https:\/\/schema.org","@graph":[{"@type":"WebPage","@id":"https:\/\/nngenergy.com\/fr\/references\/","url":"https:\/\/nngenergy.com\/fr\/references\/","name":"References - NNG Energy","isPartOf":{"@id":"https:\/\/nngenergy.com\/#website"},"datePublished":"2024-11-20T19:25:40+00:00","dateModified":"2025-11-03T06:30:33+00:00","description":"Explore NNG Energy's project portfolio: proven references in renewables. Case studies showcasing operational excellence & client success.","breadcrumb":{"@id":"https:\/\/nngenergy.com\/fr\/references\/#breadcrumb"},"inLanguage":"es","potentialAction":[{"@type":"ReadAction","target":["https:\/\/nngenergy.com\/fr\/references\/"]}]},{"@type":"BreadcrumbList","@id":"https:\/\/nngenergy.com\/fr\/references\/#breadcrumb","itemListElement":[{"@type":"ListItem","position":1,"name":"Home","item":"https:\/\/nngenergy.com\/"},{"@type":"ListItem","position":2,"name":"References"}]},{"@type":"WebSite","@id":"https:\/\/nngenergy.com\/#website","url":"https:\/\/nngenergy.com\/","name":"NNG Enerji","description":"","publisher":{"@id":"https:\/\/nngenergy.com\/#organization"},"potentialAction":[{"@type":"SearchAction","target":{"@type":"EntryPoint","urlTemplate":"https:\/\/nngenergy.com\/?s={search_term_string}"},"query-input":{"@type":"PropertyValueSpecification","valueRequired":true,"valueName":"search_term_string"}}],"inLanguage":"es"},{"@type":"Organization","@id":"https:\/\/nngenergy.com\/#organization","name":"NNG Enerji","url":"https:\/\/nngenergy.com\/","logo":{"@type":"ImageObject","inLanguage":"es","@id":"https:\/\/nngenergy.com\/#\/schema\/logo\/image\/","url":"https:\/\/nngenergy.com\/wp-content\/uploads\/2024\/09\/logo-disi.png","contentUrl":"https:\/\/nngenergy.com\/wp-content\/uploads\/2024\/09\/logo-disi.png","width":566,"height":289,"caption":"NNG Enerji"},"image":{"@id":"https:\/\/nngenergy.com\/#\/schema\/logo\/image\/"},"sameAs":["https:\/\/www.facebook.com\/profile.php?id=61560874295001","https:\/\/www.youtube.com\/@nng.energy","https:\/\/www.linkedin.com\/company\/nng-enerji-teknoloji\/","https:\/\/www.instagram.com\/nng.energy?igsh=c3FqZmVnbmhuaDRh"]}]}},"_links":{"self":[{"href":"https:\/\/nngenergy.com\/es\/wp-json\/wp\/v2\/pages\/734","targetHints":{"allow":["GET"]}}],"collection":[{"href":"https:\/\/nngenergy.com\/es\/wp-json\/wp\/v2\/pages"}],"about":[{"href":"https:\/\/nngenergy.com\/es\/wp-json\/wp\/v2\/types\/page"}],"author":[{"embeddable":true,"href":"https:\/\/nngenergy.com\/es\/wp-json\/wp\/v2\/users\/1"}],"replies":[{"embeddable":true,"href":"https:\/\/nngenergy.com\/es\/wp-json\/wp\/v2\/comments?post=734"}],"version-history":[{"count":54,"href":"https:\/\/nngenergy.com\/es\/wp-json\/wp\/v2\/pages\/734\/revisions"}],"predecessor-version":[{"id":2358,"href":"https:\/\/nngenergy.com\/es\/wp-json\/wp\/v2\/pages\/734\/revisions\/2358"}],"wp:attachment":[{"href":"https:\/\/nngenergy.com\/es\/wp-json\/wp\/v2\/media?parent=734"}],"curies":[{"name":"wp","href":"https:\/\/api.w.org\/{rel}","templated":true}]}}