{"id":549,"date":"2024-11-20T09:21:51","date_gmt":"2024-11-20T06:21:51","guid":{"rendered":"https:\/\/nngenergy.com\/?page_id=549"},"modified":"2025-07-30T18:00:16","modified_gmt":"2025-07-30T15:00:16","slug":"complementary-services","status":"publish","type":"page","link":"https:\/\/nngenergy.com\/es\/solutions\/complementary-services\/","title":{"rendered":"Servicios Complementarios"},"content":{"rendered":"<div data-elementor-type=\"wp-page\" data-elementor-id=\"549\" class=\"elementor elementor-549\" data-elementor-post-type=\"page\">\n\t\t\t\t<div class=\"elementor-element elementor-element-acf9829 e-flex e-con-boxed e-con e-parent\" data-id=\"acf9829\" data-element_type=\"container\" data-settings=\"{&quot;background_background&quot;:&quot;classic&quot;}\">\n\t\t\t\t\t<div class=\"e-con-inner\">\n\t\t\t\t<div class=\"elementor-element elementor-element-e15104a elementor-widget elementor-widget-heading\" data-id=\"e15104a\" data-element_type=\"widget\" data-widget_type=\"heading.default\">\n\t\t\t\t<div class=\"elementor-widget-container\">\n\t\t\t\t\t<h1 class=\"elementor-heading-title elementor-size-default\">SOLUTIONS<\/h1>\t\t\t\t<\/div>\n\t\t\t\t<\/div>\n\t\t\t\t<div class=\"elementor-element elementor-element-9c5285a elementor-widget elementor-widget-heading\" data-id=\"9c5285a\" data-element_type=\"widget\" data-widget_type=\"heading.default\">\n\t\t\t\t<div class=\"elementor-widget-container\">\n\t\t\t\t\t<h2 class=\"elementor-heading-title elementor-size-default\"><\/h2>\t\t\t\t<\/div>\n\t\t\t\t<\/div>\n\t\t\t\t\t<\/div>\n\t\t\t\t<\/div>\n\t\t<div class=\"elementor-element elementor-element-67b3b08 e-flex e-con-boxed e-con e-parent\" data-id=\"67b3b08\" data-element_type=\"container\">\n\t\t\t\t\t<div class=\"e-con-inner\">\n\t\t\t\t<div class=\"elementor-element elementor-element-9023baf elementor-widget elementor-widget-hfe-breadcrumbs-widget\" data-id=\"9023baf\" data-element_type=\"widget\" data-widget_type=\"hfe-breadcrumbs-widget.default\">\n\t\t\t\t<div class=\"elementor-widget-container\">\n\t\t\t\t\t<nav aria-label=\"Breadcrumb\"><ul class=\"hfe-breadcrumbs hfe-breadcrumbs-show-home\"><li class=\"hfe-breadcrumbs-item hfe-breadcrumbs-first\"><span class=\"hfe-breadcrumbs-home-icon\"><\/span><a href=\"https:\/\/nngenergy.com\/es\"><span class=\"hfe-breadcrumbs-text\">Home<\/span><\/a><\/li><\/ul><\/nav>\t\t\t\t<\/div>\n\t\t\t\t<\/div>\n\t\t\t\t\t<\/div>\n\t\t\t\t<\/div>\n\t\t<div class=\"elementor-element elementor-element-ab584b1 elementor-hidden-desktop e-flex e-con-boxed e-con e-parent\" data-id=\"ab584b1\" data-element_type=\"container\">\n\t\t\t\t\t<div class=\"e-con-inner\">\n\t\t\t\t<div class=\"elementor-element elementor-element-abbcbd7 elementor-widget elementor-widget-shortcode\" data-id=\"abbcbd7\" data-element_type=\"widget\" data-widget_type=\"shortcode.default\">\n\t\t\t\t<div class=\"elementor-widget-container\">\n\t\t\t\t\t\t\t<div class=\"elementor-shortcode\"><ul class=\"child-pages-list\"><li><a href=\"https:\/\/nngenergy.com\/es\/solutions\/combine-heat-power-co-generation-plants\/\">Instalaciones Combinadas de Calor y Energ\u00eda<\/a><\/li><li><a href=\"https:\/\/nngenergy.com\/es\/solutions\/package\/\">Actualizaciones de control y fortalecimiento, revisi\u00f3n, empaquetado<\/a><\/li><li><a href=\"https:\/\/nngenergy.com\/es\/solutions\/control-system-upgrade\/\">Servicio para el Sistema de Control<\/a><\/li><li><a href=\"https:\/\/nngenergy.com\/es\/solutions\/overhaul-maintenance-for-generators\/\">Mantenimiento y Revisi\u00f3n de Generadores<\/a><\/li><li><a href=\"https:\/\/nngenergy.com\/es\/solutions\/packaging-overhaul-retrofit-control-upgrades\/\">Actualizaciones de Control y Fortalecimiento, Revisi\u00f3n, Empaquetado<\/a><\/li><li><a href=\"https:\/\/nngenergy.com\/es\/solutions\/maintenance-services\/\">Servicios de Mantenimiento<\/a><\/li><li><a href=\"https:\/\/nngenergy.com\/es\/solutions\/24-7-service-worldwide\/\">Servicio 24\/7 en Todo el Mundo<\/a><\/li><li><a href=\"https:\/\/nngenergy.com\/es\/solutions\/complementary-services\/\">Servicios Complementarios<\/a><\/li><\/ul><\/div>\n\t\t\t\t\t\t<\/div>\n\t\t\t\t<\/div>\n\t\t\t\t\t<\/div>\n\t\t\t\t<\/div>\n\t\t<div class=\"elementor-element elementor-element-eeb2858 elementor-hidden-tablet elementor-hidden-mobile e-flex e-con-boxed e-con e-parent\" data-id=\"eeb2858\" data-element_type=\"container\">\n\t\t\t\t\t<div class=\"e-con-inner\">\n\t\t\t\t<div class=\"elementor-element elementor-element-fe2d1cb elementor-widget elementor-widget-shortcode\" data-id=\"fe2d1cb\" data-element_type=\"widget\" data-widget_type=\"shortcode.default\">\n\t\t\t\t<div class=\"elementor-widget-container\">\n\t\t\t\t\t\t\t<div class=\"elementor-shortcode\"><div class=\"child-pages-container\"><div class=\"child-page-item\"><a href=\"https:\/\/nngenergy.com\/es\/solutions\/combine-heat-power-co-generation-plants\/\"><span style=\"font-size:14px\">Instalaciones Combinadas de Calor y Energ\u00eda<\/span><\/a><\/div><div class=\"child-page-item\"><a href=\"https:\/\/nngenergy.com\/es\/solutions\/package\/\"><span style=\"font-size:14px\">Actualizaciones de control y fortalecimiento, revisi\u00f3n, empaquetado<\/span><\/a><\/div><div class=\"child-page-item\"><a href=\"https:\/\/nngenergy.com\/es\/solutions\/control-system-upgrade\/\"><span style=\"font-size:14px\">Servicio para el Sistema de Control<\/span><\/a><\/div><div class=\"child-page-item\"><a href=\"https:\/\/nngenergy.com\/es\/solutions\/overhaul-maintenance-for-generators\/\"><span style=\"font-size:14px\">Mantenimiento y Revisi\u00f3n de Generadores<\/span><\/a><\/div><div class=\"child-page-item\"><a href=\"https:\/\/nngenergy.com\/es\/solutions\/packaging-overhaul-retrofit-control-upgrades\/\"><span style=\"font-size:14px\">Actualizaciones de Control y Fortalecimiento, Revisi\u00f3n, Empaquetado<\/span><\/a><\/div><div class=\"child-page-item\"><a href=\"https:\/\/nngenergy.com\/es\/solutions\/maintenance-services\/\"><span style=\"font-size:14px\">Servicios de Mantenimiento<\/span><\/a><\/div><div class=\"child-page-item\"><a href=\"https:\/\/nngenergy.com\/es\/solutions\/24-7-service-worldwide\/\"><span style=\"font-size:14px\">Servicio 24\/7 en Todo el Mundo<\/span><\/a><\/div><div class=\"child-page-item current-page\"><a href=\"https:\/\/nngenergy.com\/es\/solutions\/complementary-services\/\"><span style=\"font-size:14px\">Servicios Complementarios<\/span><\/a><\/div><\/div><\/div>\n\t\t\t\t\t\t<\/div>\n\t\t\t\t<\/div>\n\t\t\t\t\t<\/div>\n\t\t\t\t<\/div>\n\t\t<div class=\"elementor-element elementor-element-30f0d7f e-flex e-con-boxed e-con e-parent\" data-id=\"30f0d7f\" data-element_type=\"container\">\n\t\t\t\t\t<div class=\"e-con-inner\">\n\t\t<div class=\"elementor-element elementor-element-ed3f019 e-con-full e-flex e-con e-child\" data-id=\"ed3f019\" data-element_type=\"container\">\n\t\t\t\t<div class=\"elementor-element elementor-element-bde11c5 elementor-widget elementor-widget-heading\" data-id=\"bde11c5\" data-element_type=\"widget\" data-widget_type=\"heading.default\">\n\t\t\t\t<div class=\"elementor-widget-container\">\n\t\t\t\t\t<h3 class=\"elementor-heading-title elementor-size-default\"><\/h3>\t\t\t\t<\/div>\n\t\t\t\t<\/div>\n\t\t\t\t<div class=\"elementor-element elementor-element-5e080a2 elementor-widget elementor-widget-text-editor\" data-id=\"5e080a2\" data-element_type=\"widget\" data-widget_type=\"text-editor.default\">\n\t\t\t\t<div class=\"elementor-widget-container\">\n\t\t\t\t\t\t\t\t\t<p class=\"translation-block\">Como NNG Energy, nosotros ofrecemos una amplia gama de servicios y productos para satisfacer diversas necesidades de energ\u00eda con confiabilidad y eficiencia. Nuestra disponibilidad de servicio 24\/7, nuestros tiempos de respuesta r\u00e1pida y nuestro equipo de expertos totalmente equipado garantizan las operaciones ininterrumpidas as\u00ed como garantizar una interrupci\u00f3n m\u00ednima en los procesos de trabajo de nuestros clientes. Los productos que ofrecemos incluyen las turbinas de vapor, calderas, repuestos especiales y unidades m\u00f3viles de energ\u00eda. Cada producto est\u00e1 dise\u00f1ado espec\u00edficamente para un rendimiento \u00f3ptimo. Adem\u00e1s, como el socio autorizado de Leroy Somer y el distribuidor de repuestos de PowerUP, Mikropor y Kawasaki; nosotros ofrecemos a nuestros clientes las soluciones de \u00faltima tecnolog\u00eda y las colaboraciones valiosas.<\/p>\t\t\t\t\t\t\t\t<\/div>\n\t\t\t\t<\/div>\n\t\t\t\t<\/div>\n\t\t\t\t\t<\/div>\n\t\t\t\t<\/div>\n\t\t<div class=\"elementor-element elementor-element-79a86d3 e-flex e-con-boxed e-con e-parent\" data-id=\"79a86d3\" data-element_type=\"container\">\n\t\t\t\t\t<div class=\"e-con-inner\">\n\t\t\t\t<div class=\"elementor-element elementor-element-ae96a83 elementor-widget elementor-widget-text-editor\" data-id=\"ae96a83\" data-element_type=\"widget\" data-widget_type=\"text-editor.default\">\n\t\t\t\t<div class=\"elementor-widget-container\">\n\t\t\t\t\t\t\t\t\t<p class=\"translation-block\">Descubra nuestra secci\u00f3n denominada \"Que Ofrecemos\" para descubrir nuestras soluciones integrales para satisfacer sus necesidades de energ\u00eda. Desde las turbinas de gas y los generadores de alto rendimiento hasta el mantenimiento y soporte global, nuestros servicios y productos est\u00e1n dise\u00f1ados para ofrecer una fiabilidad y eficiencia \u00fanica. Para obtener m\u00e1s informaci\u00f3n sobre los que ofrecemos y c\u00f3mo podemos mejorar su rendimiento operativo, seleccione una de las opciones siguentes.<\/p>\t\t\t\t\t\t\t\t<\/div>\n\t\t\t\t<\/div>\n\t\t\t\t<div class=\"elementor-element elementor-element-d02ffba elementor-widget elementor-widget-shortcode\" data-id=\"d02ffba\" data-element_type=\"widget\" data-widget_type=\"shortcode.default\">\n\t\t\t\t<div class=\"elementor-widget-container\">\n\t\t\t\t\t\t\t<div class=\"elementor-shortcode\"><ul class=\"child-pages-list\"><li><a href=\"https:\/\/nngenergy.com\/es\/what-we-offer\/gas-turbines\/\">Turbinas de Gas<\/a><\/li><li><a href=\"https:\/\/nngenergy.com\/es\/what-we-offer\/gas-turbine-gas-engines-package-control-system-upgrade\/\">Actualizaci\u00f3n del Sistemas de Control y Paquete de Motores de Gas\/Turbinas de Gas<\/a><\/li><li><a href=\"https:\/\/nngenergy.com\/es\/what-we-offer\/generators-maintenance-overhaul\/\">Mantenimiento y Revisi\u00f3n de Generadores<\/a><\/li><li><a href=\"https:\/\/nngenergy.com\/es\/what-we-offer\/gas-engines-package-components\/\">Paquetes y Componentes de Motores de Gasolina<\/a><\/li><li><a href=\"https:\/\/nngenergy.com\/es\/what-we-offer\/maintenance-troubleshooting-services\/\">Servicios de Mantenimiento y Soluci\u00f3n de Problemas<\/a><\/li><li><a href=\"https:\/\/nngenergy.com\/es\/what-we-offer\/worldwide-24-7-services\/\">Servicio Mundial 24\/7<\/a><\/li><li><a href=\"https:\/\/nngenergy.com\/es\/what-we-offer\/supported-services-products\/\">Productos y Servicios Soportados<\/a><\/li><\/ul><\/div>\n\t\t\t\t\t\t<\/div>\n\t\t\t\t<\/div>\n\t\t\t\t\t<\/div>\n\t\t\t\t<\/div>\n\t\t\t\t<\/div>","protected":false},"excerpt":{"rendered":"<p>SOLUTIONS Home At\u00a0NNG Energy, we deliver a wide array of supported services and products designed to address diverse energy requirements [&hellip;]<\/p>","protected":false},"author":1,"featured_media":0,"parent":1181,"menu_order":33,"comment_status":"closed","ping_status":"closed","template":"","meta":{"site-sidebar-layout":"no-sidebar","site-content-layout":"","ast-site-content-layout":"full-width-container","site-content-style":"default","site-sidebar-style":"default","ast-global-header-display":"","ast-banner-title-visibility":"","ast-main-header-display":"","ast-hfb-above-header-display":"","ast-hfb-below-header-display":"","ast-hfb-mobile-header-display":"","site-post-title":"disabled","ast-breadcrumbs-content":"","ast-featured-img":"disabled","footer-sml-layout":"","ast-disable-related-posts":"","theme-transparent-header-meta":"default","adv-header-id-meta":"","stick-header-meta":"","header-above-stick-meta":"","header-main-stick-meta":"","header-below-stick-meta":"","astra-migrate-meta-layouts":"set","ast-page-background-enabled":"default","ast-page-background-meta":{"desktop":{"background-color":"var(--ast-global-color-4)","background-image":"","background-repeat":"repeat","background-position":"center center","background-size":"auto","background-attachment":"scroll","background-type":"","background-media":"","overlay-type":"","overlay-color":"","overlay-opacity":"","overlay-gradient":""},"tablet":{"background-color":"","background-image":"","background-repeat":"repeat","background-position":"center center","background-size":"auto","background-attachment":"scroll","background-type":"","background-media":"","overlay-type":"","overlay-color":"","overlay-opacity":"","overlay-gradient":""},"mobile":{"background-color":"","background-image":"","background-repeat":"repeat","background-position":"center center","background-size":"auto","background-attachment":"scroll","background-type":"","background-media":"","overlay-type":"","overlay-color":"","overlay-opacity":"","overlay-gradient":""}},"ast-content-background-meta":{"desktop":{"background-color":"var(--ast-global-color-5)","background-image":"","background-repeat":"repeat","background-position":"center center","background-size":"auto","background-attachment":"scroll","background-type":"","background-media":"","overlay-type":"","overlay-color":"","overlay-opacity":"","overlay-gradient":""},"tablet":{"background-color":"var(--ast-global-color-5)","background-image":"","background-repeat":"repeat","background-position":"center center","background-size":"auto","background-attachment":"scroll","background-type":"","background-media":"","overlay-type":"","overlay-color":"","overlay-opacity":"","overlay-gradient":""},"mobile":{"background-color":"var(--ast-global-color-5)","background-image":"","background-repeat":"repeat","background-position":"center center","background-size":"auto","background-attachment":"scroll","background-type":"","background-media":"","overlay-type":"","overlay-color":"","overlay-opacity":"","overlay-gradient":""}},"footnotes":""},"class_list":["post-549","page","type-page","status-publish","hentry"],"yoast_head":"<!-- This site is optimized with the Yoast SEO plugin v26.4 - https:\/\/yoast.com\/wordpress\/plugins\/seo\/ -->\r\n<title>Complementary Services - NNG Energy<\/title>\r\n<meta name=\"description\" content=\"Enhance your energy projects with NNG Energy\u2019s complementary services, including feasibility studies, training, and engineering support.\" \/>\r\n<meta name=\"robots\" content=\"index, follow, max-snippet:-1, max-image-preview:large, max-video-preview:-1\" \/>\r\n<link rel=\"canonical\" href=\"https:\/\/nngenergy.com\/es\/solutions\/complementary-services\/\" \/>\r\n<meta property=\"og:locale\" content=\"es_ES\" \/>\r\n<meta property=\"og:type\" content=\"article\" \/>\r\n<meta property=\"og:title\" content=\"Complementary Services - NNG Energy\" \/>\r\n<meta property=\"og:description\" content=\"Enhance your energy projects with NNG Energy\u2019s complementary services, including feasibility studies, training, and engineering support.\" \/>\r\n<meta property=\"og:url\" content=\"https:\/\/nngenergy.com\/es\/solutions\/complementary-services\/\" \/>\r\n<meta property=\"og:site_name\" content=\"NNG Energy\" \/>\r\n<meta property=\"article:publisher\" content=\"https:\/\/www.facebook.com\/profile.php?id=61560874295001\" \/>\r\n<meta property=\"article:modified_time\" content=\"2025-07-30T15:00:16+00:00\" \/>\r\n<meta name=\"twitter:card\" content=\"summary_large_image\" \/>\r\n<meta name=\"twitter:label1\" content=\"Tiempo de lectura\" \/>\n\t<meta name=\"twitter:data1\" content=\"1 minuto\" \/>\r\n<script type=\"application\/ld+json\" class=\"yoast-schema-graph\">{\"@context\":\"https:\/\/schema.org\",\"@graph\":[{\"@type\":\"WebPage\",\"@id\":\"https:\/\/nngenergy.com\/fr\/solutions\/complementary-services\/\",\"url\":\"https:\/\/nngenergy.com\/fr\/solutions\/complementary-services\/\",\"name\":\"Complementary Services - NNG Energy\",\"isPartOf\":{\"@id\":\"https:\/\/nngenergy.com\/#website\"},\"datePublished\":\"2024-11-20T06:21:51+00:00\",\"dateModified\":\"2025-07-30T15:00:16+00:00\",\"description\":\"Enhance your energy projects with NNG Energy\u2019s complementary services, including feasibility studies, training, and engineering support.\",\"breadcrumb\":{\"@id\":\"https:\/\/nngenergy.com\/fr\/solutions\/complementary-services\/#breadcrumb\"},\"inLanguage\":\"es\",\"potentialAction\":[{\"@type\":\"ReadAction\",\"target\":[\"https:\/\/nngenergy.com\/fr\/solutions\/complementary-services\/\"]}]},{\"@type\":\"BreadcrumbList\",\"@id\":\"https:\/\/nngenergy.com\/fr\/solutions\/complementary-services\/#breadcrumb\",\"itemListElement\":[{\"@type\":\"ListItem\",\"position\":1,\"name\":\"Home\",\"item\":\"https:\/\/nngenergy.com\/\"},{\"@type\":\"ListItem\",\"position\":2,\"name\":\"Solutions\",\"item\":\"https:\/\/nngenergy.com\/solutions\/\"},{\"@type\":\"ListItem\",\"position\":3,\"name\":\"Complementary Services\"}]},{\"@type\":\"WebSite\",\"@id\":\"https:\/\/nngenergy.com\/#website\",\"url\":\"https:\/\/nngenergy.com\/\",\"name\":\"NNG Enerji\",\"description\":\"\",\"publisher\":{\"@id\":\"https:\/\/nngenergy.com\/#organization\"},\"potentialAction\":[{\"@type\":\"SearchAction\",\"target\":{\"@type\":\"EntryPoint\",\"urlTemplate\":\"https:\/\/nngenergy.com\/?s={search_term_string}\"},\"query-input\":{\"@type\":\"PropertyValueSpecification\",\"valueRequired\":true,\"valueName\":\"search_term_string\"}}],\"inLanguage\":\"es\"},{\"@type\":\"Organization\",\"@id\":\"https:\/\/nngenergy.com\/#organization\",\"name\":\"NNG Enerji\",\"url\":\"https:\/\/nngenergy.com\/\",\"logo\":{\"@type\":\"ImageObject\",\"inLanguage\":\"es\",\"@id\":\"https:\/\/nngenergy.com\/#\/schema\/logo\/image\/\",\"url\":\"https:\/\/nngenergy.com\/wp-content\/uploads\/2024\/09\/logo-disi.png\",\"contentUrl\":\"https:\/\/nngenergy.com\/wp-content\/uploads\/2024\/09\/logo-disi.png\",\"width\":566,\"height\":289,\"caption\":\"NNG Enerji\"},\"image\":{\"@id\":\"https:\/\/nngenergy.com\/#\/schema\/logo\/image\/\"},\"sameAs\":[\"https:\/\/www.facebook.com\/profile.php?id=61560874295001\",\"https:\/\/www.youtube.com\/@nng.energy\",\"https:\/\/www.linkedin.com\/company\/nng-enerji-teknoloji\/\",\"https:\/\/www.instagram.com\/nng.energy?igsh=c3FqZmVnbmhuaDRh\"]}]}<\/script>\r\n<!-- \/ Yoast SEO plugin. -->","yoast_head_json":{"title":"Complementary Services - NNG Energy","description":"Enhance your energy projects with NNG Energy\u2019s complementary services, including feasibility studies, training, and engineering support.","robots":{"index":"index","follow":"follow","max-snippet":"max-snippet:-1","max-image-preview":"max-image-preview:large","max-video-preview":"max-video-preview:-1"},"canonical":"https:\/\/nngenergy.com\/es\/solutions\/complementary-services\/","og_locale":"es_ES","og_type":"article","og_title":"Complementary Services - NNG Energy","og_description":"Enhance your energy projects with NNG Energy\u2019s complementary services, including feasibility studies, training, and engineering support.","og_url":"https:\/\/nngenergy.com\/es\/solutions\/complementary-services\/","og_site_name":"NNG Energy","article_publisher":"https:\/\/www.facebook.com\/profile.php?id=61560874295001","article_modified_time":"2025-07-30T15:00:16+00:00","twitter_card":"summary_large_image","twitter_misc":{"Tiempo de lectura":"1 minuto"},"schema":{"@context":"https:\/\/schema.org","@graph":[{"@type":"WebPage","@id":"https:\/\/nngenergy.com\/fr\/solutions\/complementary-services\/","url":"https:\/\/nngenergy.com\/fr\/solutions\/complementary-services\/","name":"Complementary Services - NNG Energy","isPartOf":{"@id":"https:\/\/nngenergy.com\/#website"},"datePublished":"2024-11-20T06:21:51+00:00","dateModified":"2025-07-30T15:00:16+00:00","description":"Enhance your energy projects with NNG Energy\u2019s complementary services, including feasibility studies, training, and engineering support.","breadcrumb":{"@id":"https:\/\/nngenergy.com\/fr\/solutions\/complementary-services\/#breadcrumb"},"inLanguage":"es","potentialAction":[{"@type":"ReadAction","target":["https:\/\/nngenergy.com\/fr\/solutions\/complementary-services\/"]}]},{"@type":"BreadcrumbList","@id":"https:\/\/nngenergy.com\/fr\/solutions\/complementary-services\/#breadcrumb","itemListElement":[{"@type":"ListItem","position":1,"name":"Home","item":"https:\/\/nngenergy.com\/"},{"@type":"ListItem","position":2,"name":"Solutions","item":"https:\/\/nngenergy.com\/solutions\/"},{"@type":"ListItem","position":3,"name":"Complementary Services"}]},{"@type":"WebSite","@id":"https:\/\/nngenergy.com\/#website","url":"https:\/\/nngenergy.com\/","name":"NNG Enerji","description":"","publisher":{"@id":"https:\/\/nngenergy.com\/#organization"},"potentialAction":[{"@type":"SearchAction","target":{"@type":"EntryPoint","urlTemplate":"https:\/\/nngenergy.com\/?s={search_term_string}"},"query-input":{"@type":"PropertyValueSpecification","valueRequired":true,"valueName":"search_term_string"}}],"inLanguage":"es"},{"@type":"Organization","@id":"https:\/\/nngenergy.com\/#organization","name":"NNG Enerji","url":"https:\/\/nngenergy.com\/","logo":{"@type":"ImageObject","inLanguage":"es","@id":"https:\/\/nngenergy.com\/#\/schema\/logo\/image\/","url":"https:\/\/nngenergy.com\/wp-content\/uploads\/2024\/09\/logo-disi.png","contentUrl":"https:\/\/nngenergy.com\/wp-content\/uploads\/2024\/09\/logo-disi.png","width":566,"height":289,"caption":"NNG Enerji"},"image":{"@id":"https:\/\/nngenergy.com\/#\/schema\/logo\/image\/"},"sameAs":["https:\/\/www.facebook.com\/profile.php?id=61560874295001","https:\/\/www.youtube.com\/@nng.energy","https:\/\/www.linkedin.com\/company\/nng-enerji-teknoloji\/","https:\/\/www.instagram.com\/nng.energy?igsh=c3FqZmVnbmhuaDRh"]}]}},"_links":{"self":[{"href":"https:\/\/nngenergy.com\/es\/wp-json\/wp\/v2\/pages\/549","targetHints":{"allow":["GET"]}}],"collection":[{"href":"https:\/\/nngenergy.com\/es\/wp-json\/wp\/v2\/pages"}],"about":[{"href":"https:\/\/nngenergy.com\/es\/wp-json\/wp\/v2\/types\/page"}],"author":[{"embeddable":true,"href":"https:\/\/nngenergy.com\/es\/wp-json\/wp\/v2\/users\/1"}],"replies":[{"embeddable":true,"href":"https:\/\/nngenergy.com\/es\/wp-json\/wp\/v2\/comments?post=549"}],"version-history":[{"count":32,"href":"https:\/\/nngenergy.com\/es\/wp-json\/wp\/v2\/pages\/549\/revisions"}],"predecessor-version":[{"id":2103,"href":"https:\/\/nngenergy.com\/es\/wp-json\/wp\/v2\/pages\/549\/revisions\/2103"}],"up":[{"embeddable":true,"href":"https:\/\/nngenergy.com\/es\/wp-json\/wp\/v2\/pages\/1181"}],"wp:attachment":[{"href":"https:\/\/nngenergy.com\/es\/wp-json\/wp\/v2\/media?parent=549"}],"curies":[{"name":"wp","href":"https:\/\/api.w.org\/{rel}","templated":true}]}}