{"id":545,"date":"2024-11-20T09:19:40","date_gmt":"2024-11-20T06:19:40","guid":{"rendered":"https:\/\/nngenergy.com\/?page_id=545"},"modified":"2025-07-30T17:57:39","modified_gmt":"2025-07-30T14:57:39","slug":"maintenance-services","status":"publish","type":"page","link":"https:\/\/nngenergy.com\/es\/solutions\/maintenance-services\/","title":{"rendered":"Servicios de Mantenimiento"},"content":{"rendered":"<div data-elementor-type=\"wp-page\" data-elementor-id=\"545\" class=\"elementor elementor-545\" data-elementor-post-type=\"page\">\n\t\t\t\t<div class=\"elementor-element elementor-element-bb6c53f e-flex e-con-boxed e-con e-parent\" data-id=\"bb6c53f\" data-element_type=\"container\" data-settings=\"{&quot;background_background&quot;:&quot;classic&quot;}\">\n\t\t\t\t\t<div class=\"e-con-inner\">\n\t\t\t\t<div class=\"elementor-element elementor-element-d29c95d elementor-widget elementor-widget-heading\" data-id=\"d29c95d\" data-element_type=\"widget\" data-widget_type=\"heading.default\">\n\t\t\t\t<div class=\"elementor-widget-container\">\n\t\t\t\t\t<h1 class=\"elementor-heading-title elementor-size-default\">SOLUTIONS<\/h1>\t\t\t\t<\/div>\n\t\t\t\t<\/div>\n\t\t\t\t<div class=\"elementor-element elementor-element-b4d87fb elementor-widget elementor-widget-heading\" data-id=\"b4d87fb\" data-element_type=\"widget\" data-widget_type=\"heading.default\">\n\t\t\t\t<div class=\"elementor-widget-container\">\n\t\t\t\t\t<h2 class=\"elementor-heading-title elementor-size-default\"><\/h2>\t\t\t\t<\/div>\n\t\t\t\t<\/div>\n\t\t\t\t\t<\/div>\n\t\t\t\t<\/div>\n\t\t<div class=\"elementor-element elementor-element-264a05d e-flex e-con-boxed e-con e-parent\" data-id=\"264a05d\" data-element_type=\"container\">\n\t\t\t\t\t<div class=\"e-con-inner\">\n\t\t\t\t<div class=\"elementor-element elementor-element-3f4100c elementor-widget elementor-widget-hfe-breadcrumbs-widget\" data-id=\"3f4100c\" data-element_type=\"widget\" data-widget_type=\"hfe-breadcrumbs-widget.default\">\n\t\t\t\t<div class=\"elementor-widget-container\">\n\t\t\t\t\t<nav aria-label=\"Breadcrumb\"><ul class=\"hfe-breadcrumbs hfe-breadcrumbs-show-home\"><li class=\"hfe-breadcrumbs-item hfe-breadcrumbs-first\"><span class=\"hfe-breadcrumbs-home-icon\"><\/span><a href=\"https:\/\/nngenergy.com\/es\"><span class=\"hfe-breadcrumbs-text\">Home<\/span><\/a><\/li><\/ul><\/nav>\t\t\t\t<\/div>\n\t\t\t\t<\/div>\n\t\t\t\t\t<\/div>\n\t\t\t\t<\/div>\n\t\t<div class=\"elementor-element elementor-element-382801d elementor-hidden-desktop e-flex e-con-boxed e-con e-parent\" data-id=\"382801d\" data-element_type=\"container\">\n\t\t\t\t\t<div class=\"e-con-inner\">\n\t\t\t\t<div class=\"elementor-element elementor-element-619c85c elementor-widget elementor-widget-shortcode\" data-id=\"619c85c\" data-element_type=\"widget\" data-widget_type=\"shortcode.default\">\n\t\t\t\t<div class=\"elementor-widget-container\">\n\t\t\t\t\t\t\t<div class=\"elementor-shortcode\"><ul class=\"child-pages-list\"><li><a href=\"https:\/\/nngenergy.com\/es\/solutions\/combine-heat-power-co-generation-plants\/\">Instalaciones Combinadas de Calor y Energ\u00eda<\/a><\/li><li><a href=\"https:\/\/nngenergy.com\/es\/solutions\/package\/\">Actualizaciones de control y fortalecimiento, revisi\u00f3n, empaquetado<\/a><\/li><li><a href=\"https:\/\/nngenergy.com\/es\/solutions\/control-system-upgrade\/\">Servicio para el Sistema de Control<\/a><\/li><li><a href=\"https:\/\/nngenergy.com\/es\/solutions\/overhaul-maintenance-for-generators\/\">Mantenimiento y Revisi\u00f3n de Generadores<\/a><\/li><li><a href=\"https:\/\/nngenergy.com\/es\/solutions\/packaging-overhaul-retrofit-control-upgrades\/\">Actualizaciones de Control y Fortalecimiento, Revisi\u00f3n, Empaquetado<\/a><\/li><li><a href=\"https:\/\/nngenergy.com\/es\/solutions\/maintenance-services\/\">Servicios de Mantenimiento<\/a><\/li><li><a href=\"https:\/\/nngenergy.com\/es\/solutions\/24-7-service-worldwide\/\">Servicio 24\/7 en Todo el Mundo<\/a><\/li><li><a href=\"https:\/\/nngenergy.com\/es\/solutions\/complementary-services\/\">Servicios Complementarios<\/a><\/li><\/ul><\/div>\n\t\t\t\t\t\t<\/div>\n\t\t\t\t<\/div>\n\t\t\t\t\t<\/div>\n\t\t\t\t<\/div>\n\t\t<div class=\"elementor-element elementor-element-063912d elementor-hidden-tablet elementor-hidden-mobile e-flex e-con-boxed e-con e-parent\" data-id=\"063912d\" data-element_type=\"container\">\n\t\t\t\t\t<div class=\"e-con-inner\">\n\t\t\t\t<div class=\"elementor-element elementor-element-add02b3 elementor-widget elementor-widget-shortcode\" data-id=\"add02b3\" data-element_type=\"widget\" data-widget_type=\"shortcode.default\">\n\t\t\t\t<div class=\"elementor-widget-container\">\n\t\t\t\t\t\t\t<div class=\"elementor-shortcode\"><div class=\"child-pages-container\"><div class=\"child-page-item\"><a href=\"https:\/\/nngenergy.com\/es\/solutions\/combine-heat-power-co-generation-plants\/\"><span style=\"font-size:14px\">Instalaciones Combinadas de Calor y Energ\u00eda<\/span><\/a><\/div><div class=\"child-page-item\"><a href=\"https:\/\/nngenergy.com\/es\/solutions\/package\/\"><span style=\"font-size:14px\">Actualizaciones de control y fortalecimiento, revisi\u00f3n, empaquetado<\/span><\/a><\/div><div class=\"child-page-item\"><a href=\"https:\/\/nngenergy.com\/es\/solutions\/control-system-upgrade\/\"><span style=\"font-size:14px\">Servicio para el Sistema de Control<\/span><\/a><\/div><div class=\"child-page-item\"><a href=\"https:\/\/nngenergy.com\/es\/solutions\/overhaul-maintenance-for-generators\/\"><span style=\"font-size:14px\">Mantenimiento y Revisi\u00f3n de Generadores<\/span><\/a><\/div><div class=\"child-page-item\"><a href=\"https:\/\/nngenergy.com\/es\/solutions\/packaging-overhaul-retrofit-control-upgrades\/\"><span style=\"font-size:14px\">Actualizaciones de Control y Fortalecimiento, Revisi\u00f3n, Empaquetado<\/span><\/a><\/div><div class=\"child-page-item\"><a href=\"https:\/\/nngenergy.com\/es\/solutions\/maintenance-services\/\"><span style=\"font-size:14px\">Servicios de Mantenimiento<\/span><\/a><\/div><div class=\"child-page-item\"><a href=\"https:\/\/nngenergy.com\/es\/solutions\/24-7-service-worldwide\/\"><span style=\"font-size:14px\">Servicio 24\/7 en Todo el Mundo<\/span><\/a><\/div><div class=\"child-page-item current-page\"><a href=\"https:\/\/nngenergy.com\/es\/solutions\/complementary-services\/\"><span style=\"font-size:14px\">Servicios Complementarios<\/span><\/a><\/div><\/div><\/div>\n\t\t\t\t\t\t<\/div>\n\t\t\t\t<\/div>\n\t\t\t\t\t<\/div>\n\t\t\t\t<\/div>\n\t\t<div class=\"elementor-element elementor-element-30f0d7f e-flex e-con-boxed e-con e-parent\" data-id=\"30f0d7f\" data-element_type=\"container\">\n\t\t\t\t\t<div class=\"e-con-inner\">\n\t\t<div class=\"elementor-element elementor-element-15a167a e-con-full e-flex e-con e-child\" data-id=\"15a167a\" data-element_type=\"container\">\n\t\t\t\t<div class=\"elementor-element elementor-element-7fe2db5 elementor-widget elementor-widget-image\" data-id=\"7fe2db5\" data-element_type=\"widget\" data-widget_type=\"image.default\">\n\t\t\t\t<div class=\"elementor-widget-container\">\n\t\t\t\t\t\t\t\t\t\t\t\t\t\t\t<img fetchpriority=\"high\" decoding=\"async\" width=\"849\" height=\"683\" src=\"https:\/\/nngenergy.com\/wp-content\/uploads\/2024\/10\/Rectangle-3464146.jpg\" class=\"attachment-large size-large wp-image-328\" alt=\"Instalaciones Combinadas de Calor y Energ\u00eda\" srcset=\"https:\/\/nngenergy.com\/wp-content\/uploads\/2024\/10\/Rectangle-3464146.jpg 849w, https:\/\/nngenergy.com\/wp-content\/uploads\/2024\/10\/Rectangle-3464146-300x241.jpg 300w, https:\/\/nngenergy.com\/wp-content\/uploads\/2024\/10\/Rectangle-3464146-768x618.jpg 768w, https:\/\/nngenergy.com\/wp-content\/uploads\/2024\/10\/Rectangle-3464146-15x12.jpg 15w, https:\/\/nngenergy.com\/wp-content\/uploads\/2024\/10\/Rectangle-3464146-200x161.jpg 200w\" sizes=\"(max-width: 849px) 100vw, 849px\" \/>\t\t\t\t\t\t\t\t\t\t\t\t\t\t\t<\/div>\n\t\t\t\t<\/div>\n\t\t\t\t<\/div>\n\t\t<div class=\"elementor-element elementor-element-ed3f019 e-con-full e-flex e-con e-child\" data-id=\"ed3f019\" data-element_type=\"container\">\n\t\t\t\t<div class=\"elementor-element elementor-element-bde11c5 elementor-widget elementor-widget-heading\" data-id=\"bde11c5\" data-element_type=\"widget\" data-widget_type=\"heading.default\">\n\t\t\t\t<div class=\"elementor-widget-container\">\n\t\t\t\t\t<h3 class=\"elementor-heading-title elementor-size-default\"><\/h3>\t\t\t\t<\/div>\n\t\t\t\t<\/div>\n\t\t\t\t<div class=\"elementor-element elementor-element-2610c73 elementor-widget elementor-widget-text-editor\" data-id=\"2610c73\" data-element_type=\"widget\" data-widget_type=\"text-editor.default\">\n\t\t\t\t<div class=\"elementor-widget-container\">\n\t\t\t\t\t\t\t\t\t<p>NNG Energy ofrece servicios integrales de mantenimiento con planes a corto y largo plazo y adaptados a las necesidades espec\u00edficas de cada cliente. Nuestro equipo cuenta con una amplia experiencia en el mantenimiento de turbinas de gas, motores de gas y generadores e Leroy-Somer; y brinda un soporte superior a los clientes en todo el mundo. Equipado con herramientas avanzadas de diagn\u00f3stico, nuestro equipo realiza evaluaciones cr\u00edticas tales como inspecciones con boroscopio, verificaci\u00f3n de alineaci\u00f3n, diagn\u00f3stico de vibraciones, an\u00e1lisis de descargas parciales y pruebas el\u00e9ctricas** para mantener la confiabilidad y eficiencia del sistema.<\/p>\t\t\t\t\t\t\t\t<\/div>\n\t\t\t\t<\/div>\n\t\t\t\t<\/div>\n\t\t\t\t\t<\/div>\n\t\t\t\t<\/div>\n\t\t<div class=\"elementor-element elementor-element-38cc8cb e-flex e-con-boxed e-con e-parent\" data-id=\"38cc8cb\" data-element_type=\"container\">\n\t\t\t\t\t<div class=\"e-con-inner\">\n\t\t<div class=\"elementor-element elementor-element-1fb309b e-con-full e-flex e-con e-child\" data-id=\"1fb309b\" data-element_type=\"container\">\n\t\t\t\t<div class=\"elementor-element elementor-element-a7e681e elementor-widget elementor-widget-text-editor\" data-id=\"a7e681e\" data-element_type=\"widget\" data-widget_type=\"text-editor.default\">\n\t\t\t\t<div class=\"elementor-widget-container\">\n\t\t\t\t\t\t\t\t\t<p>Reconociendo el impacto de las paradas inesperadas, nuestro equipo dedicado y totalmente equipado est\u00e1 disponible durante 24\/7, para brindar resoluci\u00f3n de problemas y reparaciones r\u00e1pidas y confiables. Ya sea en sitio o de forma remota, nuestros ingenieros y t\u00e9cnicos expertos brindan soluciones r\u00e1pidas para minimizar las interrupciones, garantizando operaciones sin interrupciones con una tecnolog\u00eda y un soporte de alta calidad.<\/p>\t\t\t\t\t\t\t\t<\/div>\n\t\t\t\t<\/div>\n\t\t\t\t<\/div>\n\t\t<div class=\"elementor-element elementor-element-996bf6c e-con-full e-flex e-con e-child\" data-id=\"996bf6c\" data-element_type=\"container\">\n\t\t\t\t<div class=\"elementor-element elementor-element-78a3687 elementor-widget elementor-widget-image\" data-id=\"78a3687\" data-element_type=\"widget\" data-widget_type=\"image.default\">\n\t\t\t\t<div class=\"elementor-widget-container\">\n\t\t\t\t\t\t\t\t\t\t\t\t\t\t\t<img decoding=\"async\" width=\"667\" height=\"1000\" data-src=\"https:\/\/nngenergy.com\/wp-content\/uploads\/2024\/11\/DSC08206.jpg\" class=\"attachment-large size-large wp-image-574 lazyload\" alt=\"Servicios de Mantenimiento\" data-srcset=\"https:\/\/nngenergy.com\/wp-content\/uploads\/2024\/11\/DSC08206.jpg 667w, https:\/\/nngenergy.com\/wp-content\/uploads\/2024\/11\/DSC08206-200x300.jpg 200w\" data-sizes=\"(max-width: 667px) 100vw, 667px\" src=\"data:image\/svg+xml;base64,PHN2ZyB3aWR0aD0iMSIgaGVpZ2h0PSIxIiB4bWxucz0iaHR0cDovL3d3dy53My5vcmcvMjAwMC9zdmciPjwvc3ZnPg==\" style=\"--smush-placeholder-width: 667px; --smush-placeholder-aspect-ratio: 667\/1000;\" \/>\t\t\t\t\t\t\t\t\t\t\t\t\t\t\t<\/div>\n\t\t\t\t<\/div>\n\t\t\t\t<\/div>\n\t\t\t\t\t<\/div>\n\t\t\t\t<\/div>\n\t\t<div class=\"elementor-element elementor-element-79a86d3 e-flex e-con-boxed e-con e-parent\" data-id=\"79a86d3\" data-element_type=\"container\">\n\t\t\t\t\t<div class=\"e-con-inner\">\n\t\t\t\t<div class=\"elementor-element elementor-element-ae96a83 elementor-widget elementor-widget-text-editor\" data-id=\"ae96a83\" data-element_type=\"widget\" data-widget_type=\"text-editor.default\">\n\t\t\t\t<div class=\"elementor-widget-container\">\n\t\t\t\t\t\t\t\t\t<p class=\"translation-block\">Descubra nuestra secci\u00f3n denominada \"Que Ofrecemos\" para descubrir nuestras soluciones integrales para satisfacer sus necesidades de energ\u00eda. Desde las turbinas de gas y los generadores de alto rendimiento hasta el mantenimiento y soporte global, nuestros servicios y productos est\u00e1n dise\u00f1ados para ofrecer una fiabilidad y eficiencia \u00fanica. Para obtener m\u00e1s informaci\u00f3n sobre los que ofrecemos y c\u00f3mo podemos mejorar su rendimiento operativo, seleccione una de las opciones siguentes.<\/p>\t\t\t\t\t\t\t\t<\/div>\n\t\t\t\t<\/div>\n\t\t\t\t<div class=\"elementor-element elementor-element-d02ffba elementor-widget elementor-widget-shortcode\" data-id=\"d02ffba\" data-element_type=\"widget\" data-widget_type=\"shortcode.default\">\n\t\t\t\t<div class=\"elementor-widget-container\">\n\t\t\t\t\t\t\t<div class=\"elementor-shortcode\"><ul class=\"child-pages-list\"><li><a href=\"https:\/\/nngenergy.com\/es\/what-we-offer\/gas-turbines\/\">Turbinas de Gas<\/a><\/li><li><a href=\"https:\/\/nngenergy.com\/es\/what-we-offer\/gas-turbine-gas-engines-package-control-system-upgrade\/\">Actualizaci\u00f3n del Sistemas de Control y Paquete de Motores de Gas\/Turbinas de Gas<\/a><\/li><li><a href=\"https:\/\/nngenergy.com\/es\/what-we-offer\/generators-maintenance-overhaul\/\">Mantenimiento y Revisi\u00f3n de Generadores<\/a><\/li><li><a href=\"https:\/\/nngenergy.com\/es\/what-we-offer\/gas-engines-package-components\/\">Paquetes y Componentes de Motores de Gasolina<\/a><\/li><li><a href=\"https:\/\/nngenergy.com\/es\/what-we-offer\/maintenance-troubleshooting-services\/\">Servicios de Mantenimiento y Soluci\u00f3n de Problemas<\/a><\/li><li><a href=\"https:\/\/nngenergy.com\/es\/what-we-offer\/worldwide-24-7-services\/\">Servicio Mundial 24\/7<\/a><\/li><li><a href=\"https:\/\/nngenergy.com\/es\/what-we-offer\/supported-services-products\/\">Productos y Servicios Soportados<\/a><\/li><\/ul><\/div>\n\t\t\t\t\t\t<\/div>\n\t\t\t\t<\/div>\n\t\t\t\t\t<\/div>\n\t\t\t\t<\/div>\n\t\t\t\t<\/div>","protected":false},"excerpt":{"rendered":"<p>SOLUTIONS Home NNG Energy provides a full suite of maintenance services, offering both short-term and long-term plans specifically designed to [&hellip;]<\/p>","protected":false},"author":1,"featured_media":0,"parent":1181,"menu_order":31,"comment_status":"closed","ping_status":"closed","template":"","meta":{"site-sidebar-layout":"no-sidebar","site-content-layout":"","ast-site-content-layout":"full-width-container","site-content-style":"default","site-sidebar-style":"default","ast-global-header-display":"","ast-banner-title-visibility":"","ast-main-header-display":"","ast-hfb-above-header-display":"","ast-hfb-below-header-display":"","ast-hfb-mobile-header-display":"","site-post-title":"disabled","ast-breadcrumbs-content":"","ast-featured-img":"disabled","footer-sml-layout":"","ast-disable-related-posts":"","theme-transparent-header-meta":"default","adv-header-id-meta":"","stick-header-meta":"","header-above-stick-meta":"","header-main-stick-meta":"","header-below-stick-meta":"","astra-migrate-meta-layouts":"set","ast-page-background-enabled":"default","ast-page-background-meta":{"desktop":{"background-color":"var(--ast-global-color-4)","background-image":"","background-repeat":"repeat","background-position":"center center","background-size":"auto","background-attachment":"scroll","background-type":"","background-media":"","overlay-type":"","overlay-color":"","overlay-opacity":"","overlay-gradient":""},"tablet":{"background-color":"","background-image":"","background-repeat":"repeat","background-position":"center center","background-size":"auto","background-attachment":"scroll","background-type":"","background-media":"","overlay-type":"","overlay-color":"","overlay-opacity":"","overlay-gradient":""},"mobile":{"background-color":"","background-image":"","background-repeat":"repeat","background-position":"center center","background-size":"auto","background-attachment":"scroll","background-type":"","background-media":"","overlay-type":"","overlay-color":"","overlay-opacity":"","overlay-gradient":""}},"ast-content-background-meta":{"desktop":{"background-color":"var(--ast-global-color-5)","background-image":"","background-repeat":"repeat","background-position":"center center","background-size":"auto","background-attachment":"scroll","background-type":"","background-media":"","overlay-type":"","overlay-color":"","overlay-opacity":"","overlay-gradient":""},"tablet":{"background-color":"var(--ast-global-color-5)","background-image":"","background-repeat":"repeat","background-position":"center center","background-size":"auto","background-attachment":"scroll","background-type":"","background-media":"","overlay-type":"","overlay-color":"","overlay-opacity":"","overlay-gradient":""},"mobile":{"background-color":"var(--ast-global-color-5)","background-image":"","background-repeat":"repeat","background-position":"center center","background-size":"auto","background-attachment":"scroll","background-type":"","background-media":"","overlay-type":"","overlay-color":"","overlay-opacity":"","overlay-gradient":""}},"footnotes":""},"class_list":["post-545","page","type-page","status-publish","hentry"],"yoast_head":"<!-- This site is optimized with the Yoast SEO plugin v26.4 - https:\/\/yoast.com\/wordpress\/plugins\/seo\/ -->\r\n<title>Maintenance Services - NNG Energy<\/title>\r\n<meta name=\"description\" content=\"Increase your system efficiency with NNG Energy&#039;s maintenance services. Our expert team is always at your service.\" \/>\r\n<meta name=\"robots\" content=\"index, follow, max-snippet:-1, max-image-preview:large, max-video-preview:-1\" \/>\r\n<link rel=\"canonical\" href=\"https:\/\/nngenergy.com\/es\/solutions\/maintenance-services\/\" \/>\r\n<meta property=\"og:locale\" content=\"es_ES\" \/>\r\n<meta property=\"og:type\" content=\"article\" \/>\r\n<meta property=\"og:title\" content=\"Maintenance Services - NNG Energy\" \/>\r\n<meta property=\"og:description\" content=\"Increase your system efficiency with NNG Energy&#039;s maintenance services. Our expert team is always at your service.\" \/>\r\n<meta property=\"og:url\" content=\"https:\/\/nngenergy.com\/es\/solutions\/maintenance-services\/\" \/>\r\n<meta property=\"og:site_name\" content=\"NNG Energy\" \/>\r\n<meta property=\"article:publisher\" content=\"https:\/\/www.facebook.com\/profile.php?id=61560874295001\" \/>\r\n<meta property=\"article:modified_time\" content=\"2025-07-30T14:57:39+00:00\" \/>\r\n<meta property=\"og:image\" content=\"https:\/\/nngenergy.com\/wp-content\/uploads\/2024\/10\/Rectangle-3464146.jpg\" \/>\r\n<meta name=\"twitter:card\" content=\"summary_large_image\" \/>\r\n<meta name=\"twitter:label1\" content=\"Tiempo de lectura\" \/>\n\t<meta name=\"twitter:data1\" content=\"2 minutos\" \/>\r\n<script type=\"application\/ld+json\" class=\"yoast-schema-graph\">{\"@context\":\"https:\/\/schema.org\",\"@graph\":[{\"@type\":\"WebPage\",\"@id\":\"https:\/\/nngenergy.com\/es\/solutions\/maintenance-services\/\",\"url\":\"https:\/\/nngenergy.com\/es\/solutions\/maintenance-services\/\",\"name\":\"Maintenance Services - NNG Energy\",\"isPartOf\":{\"@id\":\"https:\/\/nngenergy.com\/#website\"},\"primaryImageOfPage\":{\"@id\":\"https:\/\/nngenergy.com\/es\/solutions\/maintenance-services\/#primaryimage\"},\"image\":{\"@id\":\"https:\/\/nngenergy.com\/es\/solutions\/maintenance-services\/#primaryimage\"},\"thumbnailUrl\":\"https:\/\/nngenergy.com\/wp-content\/uploads\/2024\/10\/Rectangle-3464146.jpg\",\"datePublished\":\"2024-11-20T06:19:40+00:00\",\"dateModified\":\"2025-07-30T14:57:39+00:00\",\"description\":\"Increase your system efficiency with NNG Energy's maintenance services. Our expert team is always at your service.\",\"breadcrumb\":{\"@id\":\"https:\/\/nngenergy.com\/es\/solutions\/maintenance-services\/#breadcrumb\"},\"inLanguage\":\"es\",\"potentialAction\":[{\"@type\":\"ReadAction\",\"target\":[\"https:\/\/nngenergy.com\/es\/solutions\/maintenance-services\/\"]}]},{\"@type\":\"ImageObject\",\"inLanguage\":\"es\",\"@id\":\"https:\/\/nngenergy.com\/es\/solutions\/maintenance-services\/#primaryimage\",\"url\":\"https:\/\/nngenergy.com\/wp-content\/uploads\/2024\/10\/Rectangle-3464146.jpg\",\"contentUrl\":\"https:\/\/nngenergy.com\/wp-content\/uploads\/2024\/10\/Rectangle-3464146.jpg\"},{\"@type\":\"BreadcrumbList\",\"@id\":\"https:\/\/nngenergy.com\/es\/solutions\/maintenance-services\/#breadcrumb\",\"itemListElement\":[{\"@type\":\"ListItem\",\"position\":1,\"name\":\"Home\",\"item\":\"https:\/\/nngenergy.com\/\"},{\"@type\":\"ListItem\",\"position\":2,\"name\":\"Solutions\",\"item\":\"https:\/\/nngenergy.com\/solutions\/\"},{\"@type\":\"ListItem\",\"position\":3,\"name\":\"Maintenance Services\"}]},{\"@type\":\"WebSite\",\"@id\":\"https:\/\/nngenergy.com\/#website\",\"url\":\"https:\/\/nngenergy.com\/\",\"name\":\"NNG Enerji\",\"description\":\"\",\"publisher\":{\"@id\":\"https:\/\/nngenergy.com\/#organization\"},\"potentialAction\":[{\"@type\":\"SearchAction\",\"target\":{\"@type\":\"EntryPoint\",\"urlTemplate\":\"https:\/\/nngenergy.com\/?s={search_term_string}\"},\"query-input\":{\"@type\":\"PropertyValueSpecification\",\"valueRequired\":true,\"valueName\":\"search_term_string\"}}],\"inLanguage\":\"es\"},{\"@type\":\"Organization\",\"@id\":\"https:\/\/nngenergy.com\/#organization\",\"name\":\"NNG Enerji\",\"url\":\"https:\/\/nngenergy.com\/\",\"logo\":{\"@type\":\"ImageObject\",\"inLanguage\":\"es\",\"@id\":\"https:\/\/nngenergy.com\/#\/schema\/logo\/image\/\",\"url\":\"https:\/\/nngenergy.com\/wp-content\/uploads\/2024\/09\/logo-disi.png\",\"contentUrl\":\"https:\/\/nngenergy.com\/wp-content\/uploads\/2024\/09\/logo-disi.png\",\"width\":566,\"height\":289,\"caption\":\"NNG Enerji\"},\"image\":{\"@id\":\"https:\/\/nngenergy.com\/#\/schema\/logo\/image\/\"},\"sameAs\":[\"https:\/\/www.facebook.com\/profile.php?id=61560874295001\",\"https:\/\/www.youtube.com\/@nng.energy\",\"https:\/\/www.linkedin.com\/company\/nng-enerji-teknoloji\/\",\"https:\/\/www.instagram.com\/nng.energy?igsh=c3FqZmVnbmhuaDRh\"]}]}<\/script>\r\n<!-- \/ Yoast SEO plugin. -->","yoast_head_json":{"title":"Maintenance Services - NNG Energy","description":"Increase your system efficiency with NNG Energy's maintenance services. Our expert team is always at your service.","robots":{"index":"index","follow":"follow","max-snippet":"max-snippet:-1","max-image-preview":"max-image-preview:large","max-video-preview":"max-video-preview:-1"},"canonical":"https:\/\/nngenergy.com\/es\/solutions\/maintenance-services\/","og_locale":"es_ES","og_type":"article","og_title":"Maintenance Services - NNG Energy","og_description":"Increase your system efficiency with NNG Energy's maintenance services. Our expert team is always at your service.","og_url":"https:\/\/nngenergy.com\/es\/solutions\/maintenance-services\/","og_site_name":"NNG Energy","article_publisher":"https:\/\/www.facebook.com\/profile.php?id=61560874295001","article_modified_time":"2025-07-30T14:57:39+00:00","og_image":[{"url":"https:\/\/nngenergy.com\/wp-content\/uploads\/2024\/10\/Rectangle-3464146.jpg","type":"","width":"","height":""}],"twitter_card":"summary_large_image","twitter_misc":{"Tiempo de lectura":"2 minutos"},"schema":{"@context":"https:\/\/schema.org","@graph":[{"@type":"WebPage","@id":"https:\/\/nngenergy.com\/es\/solutions\/maintenance-services\/","url":"https:\/\/nngenergy.com\/es\/solutions\/maintenance-services\/","name":"Maintenance Services - NNG Energy","isPartOf":{"@id":"https:\/\/nngenergy.com\/#website"},"primaryImageOfPage":{"@id":"https:\/\/nngenergy.com\/es\/solutions\/maintenance-services\/#primaryimage"},"image":{"@id":"https:\/\/nngenergy.com\/es\/solutions\/maintenance-services\/#primaryimage"},"thumbnailUrl":"https:\/\/nngenergy.com\/wp-content\/uploads\/2024\/10\/Rectangle-3464146.jpg","datePublished":"2024-11-20T06:19:40+00:00","dateModified":"2025-07-30T14:57:39+00:00","description":"Increase your system efficiency with NNG Energy's maintenance services. Our expert team is always at your service.","breadcrumb":{"@id":"https:\/\/nngenergy.com\/es\/solutions\/maintenance-services\/#breadcrumb"},"inLanguage":"es","potentialAction":[{"@type":"ReadAction","target":["https:\/\/nngenergy.com\/es\/solutions\/maintenance-services\/"]}]},{"@type":"ImageObject","inLanguage":"es","@id":"https:\/\/nngenergy.com\/es\/solutions\/maintenance-services\/#primaryimage","url":"https:\/\/nngenergy.com\/wp-content\/uploads\/2024\/10\/Rectangle-3464146.jpg","contentUrl":"https:\/\/nngenergy.com\/wp-content\/uploads\/2024\/10\/Rectangle-3464146.jpg"},{"@type":"BreadcrumbList","@id":"https:\/\/nngenergy.com\/es\/solutions\/maintenance-services\/#breadcrumb","itemListElement":[{"@type":"ListItem","position":1,"name":"Home","item":"https:\/\/nngenergy.com\/"},{"@type":"ListItem","position":2,"name":"Solutions","item":"https:\/\/nngenergy.com\/solutions\/"},{"@type":"ListItem","position":3,"name":"Maintenance Services"}]},{"@type":"WebSite","@id":"https:\/\/nngenergy.com\/#website","url":"https:\/\/nngenergy.com\/","name":"NNG Enerji","description":"","publisher":{"@id":"https:\/\/nngenergy.com\/#organization"},"potentialAction":[{"@type":"SearchAction","target":{"@type":"EntryPoint","urlTemplate":"https:\/\/nngenergy.com\/?s={search_term_string}"},"query-input":{"@type":"PropertyValueSpecification","valueRequired":true,"valueName":"search_term_string"}}],"inLanguage":"es"},{"@type":"Organization","@id":"https:\/\/nngenergy.com\/#organization","name":"NNG Enerji","url":"https:\/\/nngenergy.com\/","logo":{"@type":"ImageObject","inLanguage":"es","@id":"https:\/\/nngenergy.com\/#\/schema\/logo\/image\/","url":"https:\/\/nngenergy.com\/wp-content\/uploads\/2024\/09\/logo-disi.png","contentUrl":"https:\/\/nngenergy.com\/wp-content\/uploads\/2024\/09\/logo-disi.png","width":566,"height":289,"caption":"NNG Enerji"},"image":{"@id":"https:\/\/nngenergy.com\/#\/schema\/logo\/image\/"},"sameAs":["https:\/\/www.facebook.com\/profile.php?id=61560874295001","https:\/\/www.youtube.com\/@nng.energy","https:\/\/www.linkedin.com\/company\/nng-enerji-teknoloji\/","https:\/\/www.instagram.com\/nng.energy?igsh=c3FqZmVnbmhuaDRh"]}]}},"_links":{"self":[{"href":"https:\/\/nngenergy.com\/es\/wp-json\/wp\/v2\/pages\/545","targetHints":{"allow":["GET"]}}],"collection":[{"href":"https:\/\/nngenergy.com\/es\/wp-json\/wp\/v2\/pages"}],"about":[{"href":"https:\/\/nngenergy.com\/es\/wp-json\/wp\/v2\/types\/page"}],"author":[{"embeddable":true,"href":"https:\/\/nngenergy.com\/es\/wp-json\/wp\/v2\/users\/1"}],"replies":[{"embeddable":true,"href":"https:\/\/nngenergy.com\/es\/wp-json\/wp\/v2\/comments?post=545"}],"version-history":[{"count":20,"href":"https:\/\/nngenergy.com\/es\/wp-json\/wp\/v2\/pages\/545\/revisions"}],"predecessor-version":[{"id":2101,"href":"https:\/\/nngenergy.com\/es\/wp-json\/wp\/v2\/pages\/545\/revisions\/2101"}],"up":[{"embeddable":true,"href":"https:\/\/nngenergy.com\/es\/wp-json\/wp\/v2\/pages\/1181"}],"wp:attachment":[{"href":"https:\/\/nngenergy.com\/es\/wp-json\/wp\/v2\/media?parent=545"}],"curies":[{"name":"wp","href":"https:\/\/api.w.org\/{rel}","templated":true}]}}