{"id":542,"date":"2024-11-20T09:18:56","date_gmt":"2024-11-20T06:18:56","guid":{"rendered":"https:\/\/nngenergy.com\/?page_id=542"},"modified":"2025-08-16T12:10:53","modified_gmt":"2025-08-16T09:10:53","slug":"packaging-overhaul-retrofit-control-upgrades","status":"publish","type":"page","link":"https:\/\/nngenergy.com\/es\/solutions\/packaging-overhaul-retrofit-control-upgrades\/","title":{"rendered":"Actualizaciones de Control y Fortalecimiento, Revisi\u00f3n, Empaquetado"},"content":{"rendered":"<div data-elementor-type=\"wp-page\" data-elementor-id=\"542\" class=\"elementor elementor-542\" data-elementor-post-type=\"page\">\n\t\t\t\t<div class=\"elementor-element elementor-element-1e25ebb e-flex e-con-boxed e-con e-parent\" data-id=\"1e25ebb\" data-element_type=\"container\" data-settings=\"{&quot;background_background&quot;:&quot;classic&quot;}\">\n\t\t\t\t\t<div class=\"e-con-inner\">\n\t\t\t\t<div class=\"elementor-element elementor-element-e721974 elementor-widget elementor-widget-heading\" data-id=\"e721974\" data-element_type=\"widget\" data-widget_type=\"heading.default\">\n\t\t\t\t<div class=\"elementor-widget-container\">\n\t\t\t\t\t<h1 class=\"elementor-heading-title elementor-size-default\">SOLUTIONS<\/h1>\t\t\t\t<\/div>\n\t\t\t\t<\/div>\n\t\t\t\t<div class=\"elementor-element elementor-element-3c0ff78 elementor-widget elementor-widget-heading\" data-id=\"3c0ff78\" data-element_type=\"widget\" data-widget_type=\"heading.default\">\n\t\t\t\t<div class=\"elementor-widget-container\">\n\t\t\t\t\t<h2 class=\"elementor-heading-title elementor-size-default\"><\/h2>\t\t\t\t<\/div>\n\t\t\t\t<\/div>\n\t\t\t\t\t<\/div>\n\t\t\t\t<\/div>\n\t\t<div class=\"elementor-element elementor-element-303ff715 e-flex e-con-boxed e-con e-parent\" data-id=\"303ff715\" data-element_type=\"container\">\n\t\t\t\t\t<div class=\"e-con-inner\">\n\t\t\t\t<div class=\"elementor-element elementor-element-3147c779 elementor-widget elementor-widget-hfe-breadcrumbs-widget\" data-id=\"3147c779\" data-element_type=\"widget\" data-widget_type=\"hfe-breadcrumbs-widget.default\">\n\t\t\t\t<div class=\"elementor-widget-container\">\n\t\t\t\t\t<nav aria-label=\"Breadcrumb\"><ul class=\"hfe-breadcrumbs hfe-breadcrumbs-show-home\"><li class=\"hfe-breadcrumbs-item hfe-breadcrumbs-first\"><span class=\"hfe-breadcrumbs-home-icon\"><\/span><a href=\"https:\/\/nngenergy.com\/es\"><span class=\"hfe-breadcrumbs-text\">Home<\/span><\/a><\/li><\/ul><\/nav>\t\t\t\t<\/div>\n\t\t\t\t<\/div>\n\t\t\t\t\t<\/div>\n\t\t\t\t<\/div>\n\t\t<div class=\"elementor-element elementor-element-6e33d191 elementor-hidden-desktop e-flex e-con-boxed e-con e-parent\" data-id=\"6e33d191\" data-element_type=\"container\">\n\t\t\t\t\t<div class=\"e-con-inner\">\n\t\t\t\t<div class=\"elementor-element elementor-element-390d7e2d elementor-widget elementor-widget-shortcode\" data-id=\"390d7e2d\" data-element_type=\"widget\" data-widget_type=\"shortcode.default\">\n\t\t\t\t<div class=\"elementor-widget-container\">\n\t\t\t\t\t\t\t<div class=\"elementor-shortcode\"><ul class=\"child-pages-list\"><li><a href=\"https:\/\/nngenergy.com\/es\/partners-distributorship\/kawasaki\/\">KAWASAKI<\/a><\/li><li><a href=\"https:\/\/nngenergy.com\/es\/partners-distributorship\/mfs\/\">MFS<\/a><\/li><li><a href=\"https:\/\/nngenergy.com\/es\/partners-distributorship\/mikropor\/\">MIKROPOR<\/a><\/li><li><a href=\"https:\/\/nngenergy.com\/es\/partners-distributorship\/nidec-power\/\">NIDEC POWER<\/a><\/li><li><a href=\"https:\/\/nngenergy.com\/es\/partners-distributorship\/powerup\/\">POWERUP<\/a><\/li><\/ul><\/div>\n\t\t\t\t\t\t<\/div>\n\t\t\t\t<\/div>\n\t\t\t\t\t<\/div>\n\t\t\t\t<\/div>\n\t\t<div class=\"elementor-element elementor-element-e7f75ad elementor-hidden-tablet elementor-hidden-mobile e-flex e-con-boxed e-con e-parent\" data-id=\"e7f75ad\" data-element_type=\"container\">\n\t\t\t\t\t<div class=\"e-con-inner\">\n\t\t\t\t<div class=\"elementor-element elementor-element-8198a68 elementor-widget elementor-widget-shortcode\" data-id=\"8198a68\" data-element_type=\"widget\" data-widget_type=\"shortcode.default\">\n\t\t\t\t<div class=\"elementor-widget-container\">\n\t\t\t\t\t\t\t<div class=\"elementor-shortcode\"><div class=\"child-pages-container\"><div class=\"child-page-item\"><a href=\"https:\/\/nngenergy.com\/es\/partners-distributorship\/kawasaki\/\"><span style=\"font-size:14px\">KAWASAKI<\/span><\/a><\/div><div class=\"child-page-item\"><a href=\"https:\/\/nngenergy.com\/es\/partners-distributorship\/mfs\/\"><span style=\"font-size:14px\">MFS<\/span><\/a><\/div><div class=\"child-page-item\"><a href=\"https:\/\/nngenergy.com\/es\/partners-distributorship\/mikropor\/\"><span style=\"font-size:14px\">MIKROPOR<\/span><\/a><\/div><div class=\"child-page-item\"><a href=\"https:\/\/nngenergy.com\/es\/partners-distributorship\/nidec-power\/\"><span style=\"font-size:14px\">NIDEC POWER<\/span><\/a><\/div><div class=\"child-page-item current-page\"><a href=\"https:\/\/nngenergy.com\/es\/partners-distributorship\/powerup\/\"><span style=\"font-size:14px\">POWERUP<\/span><\/a><\/div><\/div><\/div>\n\t\t\t\t\t\t<\/div>\n\t\t\t\t<\/div>\n\t\t\t\t\t<\/div>\n\t\t\t\t<\/div>\n\t\t<div class=\"elementor-element elementor-element-30f0d7f e-flex e-con-boxed e-con e-parent\" data-id=\"30f0d7f\" data-element_type=\"container\">\n\t\t\t\t\t<div class=\"e-con-inner\">\n\t\t<div class=\"elementor-element elementor-element-15a167a e-con-full e-flex e-con e-child\" data-id=\"15a167a\" data-element_type=\"container\">\n\t\t\t\t<div class=\"elementor-element elementor-element-7fe2db5 elementor-widget elementor-widget-image\" data-id=\"7fe2db5\" data-element_type=\"widget\" data-widget_type=\"image.default\">\n\t\t\t\t<div class=\"elementor-widget-container\">\n\t\t\t\t\t\t\t\t\t\t\t\t\t\t\t<img fetchpriority=\"high\" decoding=\"async\" width=\"1000\" height=\"667\" src=\"https:\/\/nngenergy.com\/wp-content\/uploads\/2024\/11\/NNG-PACKAGE-1.jpg\" class=\"attachment-large size-large wp-image-504\" alt=\"Package\" srcset=\"https:\/\/nngenergy.com\/wp-content\/uploads\/2024\/11\/NNG-PACKAGE-1.jpg 1000w, https:\/\/nngenergy.com\/wp-content\/uploads\/2024\/11\/NNG-PACKAGE-1-300x200.jpg 300w, https:\/\/nngenergy.com\/wp-content\/uploads\/2024\/11\/NNG-PACKAGE-1-768x512.jpg 768w, https:\/\/nngenergy.com\/wp-content\/uploads\/2024\/11\/NNG-PACKAGE-1-200x133.jpg 200w\" sizes=\"(max-width: 1000px) 100vw, 1000px\" \/>\t\t\t\t\t\t\t\t\t\t\t\t\t\t\t<\/div>\n\t\t\t\t<\/div>\n\t\t\t\t<\/div>\n\t\t<div class=\"elementor-element elementor-element-ed3f019 e-con-full e-flex e-con e-child\" data-id=\"ed3f019\" data-element_type=\"container\">\n\t\t\t\t<div class=\"elementor-element elementor-element-bde11c5 elementor-widget elementor-widget-heading\" data-id=\"bde11c5\" data-element_type=\"widget\" data-widget_type=\"heading.default\">\n\t\t\t\t<div class=\"elementor-widget-container\">\n\t\t\t\t\t<h3 class=\"elementor-heading-title elementor-size-default\"><\/h3>\t\t\t\t<\/div>\n\t\t\t\t<\/div>\n\t\t\t\t<div class=\"elementor-element elementor-element-3e5b09b elementor-widget elementor-widget-text-editor\" data-id=\"3e5b09b\" data-element_type=\"widget\" data-widget_type=\"text-editor.default\">\n\t\t\t\t<div class=\"elementor-widget-container\">\n\t\t\t\t\t\t\t\t\t<p class=\"translation-block\">NNG Energy ofrece servicios integrales de empaquetado, revisi\u00f3n, renovaci\u00f3n y actualizaci\u00f3n de control para optimizar el rendimiento y la vida \u00fatil de los equipos. Nuestros servicios incluyen reparaciones detalladas como pintura, soldadura y otras mejoras importantes para garantizar que cada componente cumpla con altos est\u00e1ndares de calidad y durabilidad. Adem\u00e1s, nosotros ayudamos a nuestros clientes para modernizar sus equipos con nuestras actualizaciones de sistemas de control, lo que les permite lograr una mayor eficiencia y confiabilidad. La pericia de NNG Energy garantiza que cada unidad no solo se restaure, sino que tambi\u00e9n se mejore para ofrecer un rendimiento excepcional.<\/p>\t\t\t\t\t\t\t\t<\/div>\n\t\t\t\t<\/div>\n\t\t\t\t<\/div>\n\t\t\t\t\t<\/div>\n\t\t\t\t<\/div>\n\t\t<div class=\"elementor-element elementor-element-79a86d3 e-flex e-con-boxed e-con e-parent\" data-id=\"79a86d3\" data-element_type=\"container\">\n\t\t\t\t\t<div class=\"e-con-inner\">\n\t\t\t\t<div class=\"elementor-element elementor-element-ae96a83 elementor-widget elementor-widget-text-editor\" data-id=\"ae96a83\" data-element_type=\"widget\" data-widget_type=\"text-editor.default\">\n\t\t\t\t<div class=\"elementor-widget-container\">\n\t\t\t\t\t\t\t\t\t<p class=\"translation-block\">Descubra nuestra secci\u00f3n denominada \"Que Ofrecemos\" para descubrir nuestras soluciones integrales para satisfacer sus necesidades de energ\u00eda. Desde las turbinas de gas y los generadores de alto rendimiento hasta el mantenimiento y soporte global, nuestros servicios y productos est\u00e1n dise\u00f1ados para ofrecer una fiabilidad y eficiencia \u00fanica. Para obtener m\u00e1s informaci\u00f3n sobre los que ofrecemos y c\u00f3mo podemos mejorar su rendimiento operativo, seleccione una de las opciones siguentes.<\/p>\t\t\t\t\t\t\t\t<\/div>\n\t\t\t\t<\/div>\n\t\t\t\t<div class=\"elementor-element elementor-element-d02ffba elementor-widget elementor-widget-shortcode\" data-id=\"d02ffba\" data-element_type=\"widget\" data-widget_type=\"shortcode.default\">\n\t\t\t\t<div class=\"elementor-widget-container\">\n\t\t\t\t\t\t\t<div class=\"elementor-shortcode\"><ul class=\"child-pages-list\"><li><a href=\"https:\/\/nngenergy.com\/es\/what-we-offer\/gas-turbines\/\">Turbinas de Gas<\/a><\/li><li><a href=\"https:\/\/nngenergy.com\/es\/what-we-offer\/gas-turbine-gas-engines-package-control-system-upgrade\/\">Actualizaci\u00f3n del Sistemas de Control y Paquete de Motores de Gas\/Turbinas de Gas<\/a><\/li><li><a href=\"https:\/\/nngenergy.com\/es\/what-we-offer\/generators-maintenance-overhaul\/\">Mantenimiento y Revisi\u00f3n de Generadores<\/a><\/li><li><a href=\"https:\/\/nngenergy.com\/es\/what-we-offer\/gas-engines-package-components\/\">Paquetes y Componentes de Motores de Gasolina<\/a><\/li><li><a href=\"https:\/\/nngenergy.com\/es\/what-we-offer\/maintenance-troubleshooting-services\/\">Servicios de Mantenimiento y Soluci\u00f3n de Problemas<\/a><\/li><li><a href=\"https:\/\/nngenergy.com\/es\/what-we-offer\/worldwide-24-7-services\/\">Servicio Mundial 24\/7<\/a><\/li><li><a href=\"https:\/\/nngenergy.com\/es\/what-we-offer\/supported-services-products\/\">Productos y Servicios Soportados<\/a><\/li><\/ul><\/div>\n\t\t\t\t\t\t<\/div>\n\t\t\t\t<\/div>\n\t\t\t\t\t<\/div>\n\t\t\t\t<\/div>\n\t\t\t\t<\/div>","protected":false},"excerpt":{"rendered":"<p>SOLUTIONS Home NNG Energy provides comprehensive\u00a0packaging, overhaul, retrofit, and control upgrade services\u00a0to optimize equipment performance and longevity. Our offerings include [&hellip;]<\/p>","protected":false},"author":1,"featured_media":0,"parent":1181,"menu_order":30,"comment_status":"closed","ping_status":"closed","template":"","meta":{"site-sidebar-layout":"no-sidebar","site-content-layout":"","ast-site-content-layout":"full-width-container","site-content-style":"default","site-sidebar-style":"default","ast-global-header-display":"","ast-banner-title-visibility":"","ast-main-header-display":"","ast-hfb-above-header-display":"","ast-hfb-below-header-display":"","ast-hfb-mobile-header-display":"","site-post-title":"disabled","ast-breadcrumbs-content":"","ast-featured-img":"disabled","footer-sml-layout":"","ast-disable-related-posts":"","theme-transparent-header-meta":"default","adv-header-id-meta":"","stick-header-meta":"","header-above-stick-meta":"","header-main-stick-meta":"","header-below-stick-meta":"","astra-migrate-meta-layouts":"set","ast-page-background-enabled":"default","ast-page-background-meta":{"desktop":{"background-color":"var(--ast-global-color-4)","background-image":"","background-repeat":"repeat","background-position":"center center","background-size":"auto","background-attachment":"scroll","background-type":"","background-media":"","overlay-type":"","overlay-color":"","overlay-opacity":"","overlay-gradient":""},"tablet":{"background-color":"","background-image":"","background-repeat":"repeat","background-position":"center center","background-size":"auto","background-attachment":"scroll","background-type":"","background-media":"","overlay-type":"","overlay-color":"","overlay-opacity":"","overlay-gradient":""},"mobile":{"background-color":"","background-image":"","background-repeat":"repeat","background-position":"center center","background-size":"auto","background-attachment":"scroll","background-type":"","background-media":"","overlay-type":"","overlay-color":"","overlay-opacity":"","overlay-gradient":""}},"ast-content-background-meta":{"desktop":{"background-color":"var(--ast-global-color-5)","background-image":"","background-repeat":"repeat","background-position":"center center","background-size":"auto","background-attachment":"scroll","background-type":"","background-media":"","overlay-type":"","overlay-color":"","overlay-opacity":"","overlay-gradient":""},"tablet":{"background-color":"var(--ast-global-color-5)","background-image":"","background-repeat":"repeat","background-position":"center center","background-size":"auto","background-attachment":"scroll","background-type":"","background-media":"","overlay-type":"","overlay-color":"","overlay-opacity":"","overlay-gradient":""},"mobile":{"background-color":"var(--ast-global-color-5)","background-image":"","background-repeat":"repeat","background-position":"center center","background-size":"auto","background-attachment":"scroll","background-type":"","background-media":"","overlay-type":"","overlay-color":"","overlay-opacity":"","overlay-gradient":""}},"footnotes":""},"class_list":["post-542","page","type-page","status-publish","hentry"],"yoast_head":"<!-- This site is optimized with the Yoast SEO plugin v26.4 - https:\/\/yoast.com\/wordpress\/plugins\/seo\/ -->\r\n<title>Packaging, Overhaul, Retrofit &amp; Control Upgrade - NNG Energy<\/title>\r\n<meta name=\"description\" content=\"Modernize your energy systems with NNG Energy\u2019s packaging, overhaul, and retrofit control upgrade services. Enhance efficiency.\" \/>\r\n<meta name=\"robots\" content=\"index, follow, max-snippet:-1, max-image-preview:large, max-video-preview:-1\" \/>\r\n<link rel=\"canonical\" href=\"https:\/\/nngenergy.com\/es\/solutions\/packaging-overhaul-retrofit-control-upgrades\/\" \/>\r\n<meta property=\"og:locale\" content=\"es_ES\" \/>\r\n<meta property=\"og:type\" content=\"article\" \/>\r\n<meta property=\"og:title\" content=\"Packaging, Overhaul, Retrofit &amp; Control Upgrade - NNG Energy\" \/>\r\n<meta property=\"og:description\" content=\"Modernize your energy systems with NNG Energy\u2019s packaging, overhaul, and retrofit control upgrade services. Enhance efficiency.\" \/>\r\n<meta property=\"og:url\" content=\"https:\/\/nngenergy.com\/es\/solutions\/packaging-overhaul-retrofit-control-upgrades\/\" \/>\r\n<meta property=\"og:site_name\" content=\"NNG Energy\" \/>\r\n<meta property=\"article:publisher\" content=\"https:\/\/www.facebook.com\/profile.php?id=61560874295001\" \/>\r\n<meta property=\"article:modified_time\" content=\"2025-08-16T09:10:53+00:00\" \/>\r\n<meta property=\"og:image\" content=\"https:\/\/nngenergy.com\/wp-content\/uploads\/2024\/11\/NNG-PACKAGE-1.jpg\" \/>\r\n<meta name=\"twitter:card\" content=\"summary_large_image\" \/>\r\n<meta name=\"twitter:label1\" content=\"Tiempo de lectura\" \/>\n\t<meta name=\"twitter:data1\" content=\"2 minutos\" \/>\r\n<script type=\"application\/ld+json\" class=\"yoast-schema-graph\">{\"@context\":\"https:\/\/schema.org\",\"@graph\":[{\"@type\":\"WebPage\",\"@id\":\"https:\/\/nngenergy.com\/solutions\/packaging-overhaul-retrofit-control-upgrades\/\",\"url\":\"https:\/\/nngenergy.com\/solutions\/packaging-overhaul-retrofit-control-upgrades\/\",\"name\":\"Packaging, Overhaul, Retrofit & Control Upgrade - NNG Energy\",\"isPartOf\":{\"@id\":\"https:\/\/nngenergy.com\/#website\"},\"primaryImageOfPage\":{\"@id\":\"https:\/\/nngenergy.com\/solutions\/packaging-overhaul-retrofit-control-upgrades\/#primaryimage\"},\"image\":{\"@id\":\"https:\/\/nngenergy.com\/solutions\/packaging-overhaul-retrofit-control-upgrades\/#primaryimage\"},\"thumbnailUrl\":\"https:\/\/nngenergy.com\/wp-content\/uploads\/2024\/11\/NNG-PACKAGE-1.jpg\",\"datePublished\":\"2024-11-20T06:18:56+00:00\",\"dateModified\":\"2025-08-16T09:10:53+00:00\",\"description\":\"Modernize your energy systems with NNG Energy\u2019s packaging, overhaul, and retrofit control upgrade services. Enhance efficiency.\",\"breadcrumb\":{\"@id\":\"https:\/\/nngenergy.com\/solutions\/packaging-overhaul-retrofit-control-upgrades\/#breadcrumb\"},\"inLanguage\":\"es\",\"potentialAction\":[{\"@type\":\"ReadAction\",\"target\":[\"https:\/\/nngenergy.com\/solutions\/packaging-overhaul-retrofit-control-upgrades\/\"]}]},{\"@type\":\"ImageObject\",\"inLanguage\":\"es\",\"@id\":\"https:\/\/nngenergy.com\/solutions\/packaging-overhaul-retrofit-control-upgrades\/#primaryimage\",\"url\":\"https:\/\/nngenergy.com\/wp-content\/uploads\/2024\/11\/NNG-PACKAGE-1.jpg\",\"contentUrl\":\"https:\/\/nngenergy.com\/wp-content\/uploads\/2024\/11\/NNG-PACKAGE-1.jpg\"},{\"@type\":\"BreadcrumbList\",\"@id\":\"https:\/\/nngenergy.com\/solutions\/packaging-overhaul-retrofit-control-upgrades\/#breadcrumb\",\"itemListElement\":[{\"@type\":\"ListItem\",\"position\":1,\"name\":\"Home\",\"item\":\"https:\/\/nngenergy.com\/\"},{\"@type\":\"ListItem\",\"position\":2,\"name\":\"Solutions\",\"item\":\"https:\/\/nngenergy.com\/solutions\/\"},{\"@type\":\"ListItem\",\"position\":3,\"name\":\"Packaging, Overhaul, Retrofit &#038; Control Upgrade\"}]},{\"@type\":\"WebSite\",\"@id\":\"https:\/\/nngenergy.com\/#website\",\"url\":\"https:\/\/nngenergy.com\/\",\"name\":\"NNG Enerji\",\"description\":\"\",\"publisher\":{\"@id\":\"https:\/\/nngenergy.com\/#organization\"},\"potentialAction\":[{\"@type\":\"SearchAction\",\"target\":{\"@type\":\"EntryPoint\",\"urlTemplate\":\"https:\/\/nngenergy.com\/?s={search_term_string}\"},\"query-input\":{\"@type\":\"PropertyValueSpecification\",\"valueRequired\":true,\"valueName\":\"search_term_string\"}}],\"inLanguage\":\"es\"},{\"@type\":\"Organization\",\"@id\":\"https:\/\/nngenergy.com\/#organization\",\"name\":\"NNG Enerji\",\"url\":\"https:\/\/nngenergy.com\/\",\"logo\":{\"@type\":\"ImageObject\",\"inLanguage\":\"es\",\"@id\":\"https:\/\/nngenergy.com\/#\/schema\/logo\/image\/\",\"url\":\"https:\/\/nngenergy.com\/wp-content\/uploads\/2024\/09\/logo-disi.png\",\"contentUrl\":\"https:\/\/nngenergy.com\/wp-content\/uploads\/2024\/09\/logo-disi.png\",\"width\":566,\"height\":289,\"caption\":\"NNG Enerji\"},\"image\":{\"@id\":\"https:\/\/nngenergy.com\/#\/schema\/logo\/image\/\"},\"sameAs\":[\"https:\/\/www.facebook.com\/profile.php?id=61560874295001\",\"https:\/\/www.youtube.com\/@nng.energy\",\"https:\/\/www.linkedin.com\/company\/nng-enerji-teknoloji\/\",\"https:\/\/www.instagram.com\/nng.energy?igsh=c3FqZmVnbmhuaDRh\"]}]}<\/script>\r\n<!-- \/ Yoast SEO plugin. -->","yoast_head_json":{"title":"Packaging, Overhaul, Retrofit & Control Upgrade - NNG Energy","description":"Modernize your energy systems with NNG Energy\u2019s packaging, overhaul, and retrofit control upgrade services. Enhance efficiency.","robots":{"index":"index","follow":"follow","max-snippet":"max-snippet:-1","max-image-preview":"max-image-preview:large","max-video-preview":"max-video-preview:-1"},"canonical":"https:\/\/nngenergy.com\/es\/solutions\/packaging-overhaul-retrofit-control-upgrades\/","og_locale":"es_ES","og_type":"article","og_title":"Packaging, Overhaul, Retrofit & Control Upgrade - NNG Energy","og_description":"Modernize your energy systems with NNG Energy\u2019s packaging, overhaul, and retrofit control upgrade services. Enhance efficiency.","og_url":"https:\/\/nngenergy.com\/es\/solutions\/packaging-overhaul-retrofit-control-upgrades\/","og_site_name":"NNG Energy","article_publisher":"https:\/\/www.facebook.com\/profile.php?id=61560874295001","article_modified_time":"2025-08-16T09:10:53+00:00","og_image":[{"url":"https:\/\/nngenergy.com\/wp-content\/uploads\/2024\/11\/NNG-PACKAGE-1.jpg","type":"","width":"","height":""}],"twitter_card":"summary_large_image","twitter_misc":{"Tiempo de lectura":"2 minutos"},"schema":{"@context":"https:\/\/schema.org","@graph":[{"@type":"WebPage","@id":"https:\/\/nngenergy.com\/solutions\/packaging-overhaul-retrofit-control-upgrades\/","url":"https:\/\/nngenergy.com\/solutions\/packaging-overhaul-retrofit-control-upgrades\/","name":"Packaging, Overhaul, Retrofit & Control Upgrade - NNG Energy","isPartOf":{"@id":"https:\/\/nngenergy.com\/#website"},"primaryImageOfPage":{"@id":"https:\/\/nngenergy.com\/solutions\/packaging-overhaul-retrofit-control-upgrades\/#primaryimage"},"image":{"@id":"https:\/\/nngenergy.com\/solutions\/packaging-overhaul-retrofit-control-upgrades\/#primaryimage"},"thumbnailUrl":"https:\/\/nngenergy.com\/wp-content\/uploads\/2024\/11\/NNG-PACKAGE-1.jpg","datePublished":"2024-11-20T06:18:56+00:00","dateModified":"2025-08-16T09:10:53+00:00","description":"Modernize your energy systems with NNG Energy\u2019s packaging, overhaul, and retrofit control upgrade services. Enhance efficiency.","breadcrumb":{"@id":"https:\/\/nngenergy.com\/solutions\/packaging-overhaul-retrofit-control-upgrades\/#breadcrumb"},"inLanguage":"es","potentialAction":[{"@type":"ReadAction","target":["https:\/\/nngenergy.com\/solutions\/packaging-overhaul-retrofit-control-upgrades\/"]}]},{"@type":"ImageObject","inLanguage":"es","@id":"https:\/\/nngenergy.com\/solutions\/packaging-overhaul-retrofit-control-upgrades\/#primaryimage","url":"https:\/\/nngenergy.com\/wp-content\/uploads\/2024\/11\/NNG-PACKAGE-1.jpg","contentUrl":"https:\/\/nngenergy.com\/wp-content\/uploads\/2024\/11\/NNG-PACKAGE-1.jpg"},{"@type":"BreadcrumbList","@id":"https:\/\/nngenergy.com\/solutions\/packaging-overhaul-retrofit-control-upgrades\/#breadcrumb","itemListElement":[{"@type":"ListItem","position":1,"name":"Home","item":"https:\/\/nngenergy.com\/"},{"@type":"ListItem","position":2,"name":"Solutions","item":"https:\/\/nngenergy.com\/solutions\/"},{"@type":"ListItem","position":3,"name":"Packaging, Overhaul, Retrofit &#038; Control Upgrade"}]},{"@type":"WebSite","@id":"https:\/\/nngenergy.com\/#website","url":"https:\/\/nngenergy.com\/","name":"NNG Enerji","description":"","publisher":{"@id":"https:\/\/nngenergy.com\/#organization"},"potentialAction":[{"@type":"SearchAction","target":{"@type":"EntryPoint","urlTemplate":"https:\/\/nngenergy.com\/?s={search_term_string}"},"query-input":{"@type":"PropertyValueSpecification","valueRequired":true,"valueName":"search_term_string"}}],"inLanguage":"es"},{"@type":"Organization","@id":"https:\/\/nngenergy.com\/#organization","name":"NNG Enerji","url":"https:\/\/nngenergy.com\/","logo":{"@type":"ImageObject","inLanguage":"es","@id":"https:\/\/nngenergy.com\/#\/schema\/logo\/image\/","url":"https:\/\/nngenergy.com\/wp-content\/uploads\/2024\/09\/logo-disi.png","contentUrl":"https:\/\/nngenergy.com\/wp-content\/uploads\/2024\/09\/logo-disi.png","width":566,"height":289,"caption":"NNG Enerji"},"image":{"@id":"https:\/\/nngenergy.com\/#\/schema\/logo\/image\/"},"sameAs":["https:\/\/www.facebook.com\/profile.php?id=61560874295001","https:\/\/www.youtube.com\/@nng.energy","https:\/\/www.linkedin.com\/company\/nng-enerji-teknoloji\/","https:\/\/www.instagram.com\/nng.energy?igsh=c3FqZmVnbmhuaDRh"]}]}},"_links":{"self":[{"href":"https:\/\/nngenergy.com\/es\/wp-json\/wp\/v2\/pages\/542","targetHints":{"allow":["GET"]}}],"collection":[{"href":"https:\/\/nngenergy.com\/es\/wp-json\/wp\/v2\/pages"}],"about":[{"href":"https:\/\/nngenergy.com\/es\/wp-json\/wp\/v2\/types\/page"}],"author":[{"embeddable":true,"href":"https:\/\/nngenergy.com\/es\/wp-json\/wp\/v2\/users\/1"}],"replies":[{"embeddable":true,"href":"https:\/\/nngenergy.com\/es\/wp-json\/wp\/v2\/comments?post=542"}],"version-history":[{"count":25,"href":"https:\/\/nngenergy.com\/es\/wp-json\/wp\/v2\/pages\/542\/revisions"}],"predecessor-version":[{"id":2281,"href":"https:\/\/nngenergy.com\/es\/wp-json\/wp\/v2\/pages\/542\/revisions\/2281"}],"up":[{"embeddable":true,"href":"https:\/\/nngenergy.com\/es\/wp-json\/wp\/v2\/pages\/1181"}],"wp:attachment":[{"href":"https:\/\/nngenergy.com\/es\/wp-json\/wp\/v2\/media?parent=542"}],"curies":[{"name":"wp","href":"https:\/\/api.w.org\/{rel}","templated":true}]}}