{"id":519,"date":"2024-11-19T21:56:17","date_gmt":"2024-11-19T18:56:17","guid":{"rendered":"https:\/\/nngenergy.com\/?page_id=519"},"modified":"2025-08-16T09:48:46","modified_gmt":"2025-08-16T06:48:46","slug":"control-system-upgrade","status":"publish","type":"page","link":"https:\/\/nngenergy.com\/es\/solutions\/control-system-upgrade\/","title":{"rendered":"Servicio para el Sistema de Control"},"content":{"rendered":"<div data-elementor-type=\"wp-page\" data-elementor-id=\"519\" class=\"elementor elementor-519\" data-elementor-post-type=\"page\">\n\t\t\t\t<div class=\"elementor-element elementor-element-ff06044 e-flex e-con-boxed e-con e-parent\" data-id=\"ff06044\" data-element_type=\"container\" data-settings=\"{&quot;background_background&quot;:&quot;classic&quot;}\">\n\t\t\t\t\t<div class=\"e-con-inner\">\n\t\t\t\t<div class=\"elementor-element elementor-element-b25713b elementor-widget elementor-widget-heading\" data-id=\"b25713b\" data-element_type=\"widget\" data-widget_type=\"heading.default\">\n\t\t\t\t<div class=\"elementor-widget-container\">\n\t\t\t\t\t<h1 class=\"elementor-heading-title elementor-size-default\">SOLUTIONS<\/h1>\t\t\t\t<\/div>\n\t\t\t\t<\/div>\n\t\t\t\t<div class=\"elementor-element elementor-element-d270dd3 elementor-widget elementor-widget-heading\" data-id=\"d270dd3\" data-element_type=\"widget\" data-widget_type=\"heading.default\">\n\t\t\t\t<div class=\"elementor-widget-container\">\n\t\t\t\t\t<h2 class=\"elementor-heading-title elementor-size-default\"><\/h2>\t\t\t\t<\/div>\n\t\t\t\t<\/div>\n\t\t\t\t\t<\/div>\n\t\t\t\t<\/div>\n\t\t<div class=\"elementor-element elementor-element-516d3e6 e-flex e-con-boxed e-con e-parent\" data-id=\"516d3e6\" data-element_type=\"container\">\n\t\t\t\t\t<div class=\"e-con-inner\">\n\t\t\t\t<div class=\"elementor-element elementor-element-a3db072 elementor-widget elementor-widget-hfe-breadcrumbs-widget\" data-id=\"a3db072\" data-element_type=\"widget\" data-widget_type=\"hfe-breadcrumbs-widget.default\">\n\t\t\t\t<div class=\"elementor-widget-container\">\n\t\t\t\t\t<nav aria-label=\"Breadcrumb\"><ul class=\"hfe-breadcrumbs hfe-breadcrumbs-show-home\"><li class=\"hfe-breadcrumbs-item hfe-breadcrumbs-first\"><span class=\"hfe-breadcrumbs-home-icon\"><\/span><a href=\"https:\/\/nngenergy.com\/es\"><span class=\"hfe-breadcrumbs-text\">Home<\/span><\/a><\/li><\/ul><\/nav>\t\t\t\t<\/div>\n\t\t\t\t<\/div>\n\t\t\t\t\t<\/div>\n\t\t\t\t<\/div>\n\t\t<div class=\"elementor-element elementor-element-ad9a0bd elementor-hidden-tablet elementor-hidden-mobile e-flex e-con-boxed e-con e-parent\" data-id=\"ad9a0bd\" data-element_type=\"container\">\n\t\t\t\t\t<div class=\"e-con-inner\">\n\t\t\t\t<div class=\"elementor-element elementor-element-7b0c692 elementor-widget elementor-widget-shortcode\" data-id=\"7b0c692\" data-element_type=\"widget\" data-widget_type=\"shortcode.default\">\n\t\t\t\t<div class=\"elementor-widget-container\">\n\t\t\t\t\t\t\t<div class=\"elementor-shortcode\"><div class=\"child-pages-container\"><div class=\"child-page-item\"><a href=\"https:\/\/nngenergy.com\/es\/solutions\/combine-heat-power-co-generation-plants\/\"><span style=\"font-size:14px\">Instalaciones Combinadas de Calor y Energ\u00eda<\/span><\/a><\/div><div class=\"child-page-item\"><a href=\"https:\/\/nngenergy.com\/es\/solutions\/package\/\"><span style=\"font-size:14px\">Actualizaciones de control y fortalecimiento, revisi\u00f3n, empaquetado<\/span><\/a><\/div><div class=\"child-page-item current-page\"><a href=\"https:\/\/nngenergy.com\/es\/solutions\/control-system-upgrade\/\"><span style=\"font-size:14px\">Servicio para el Sistema de Control<\/span><\/a><\/div><div class=\"child-page-item\"><a href=\"https:\/\/nngenergy.com\/es\/solutions\/overhaul-maintenance-for-generators\/\"><span style=\"font-size:14px\">Mantenimiento y Revisi\u00f3n de Generadores<\/span><\/a><\/div><div class=\"child-page-item\"><a href=\"https:\/\/nngenergy.com\/es\/solutions\/packaging-overhaul-retrofit-control-upgrades\/\"><span style=\"font-size:14px\">Actualizaciones de Control y Fortalecimiento, Revisi\u00f3n, Empaquetado<\/span><\/a><\/div><div class=\"child-page-item\"><a href=\"https:\/\/nngenergy.com\/es\/solutions\/maintenance-services\/\"><span style=\"font-size:14px\">Servicios de Mantenimiento<\/span><\/a><\/div><div class=\"child-page-item\"><a href=\"https:\/\/nngenergy.com\/es\/solutions\/24-7-service-worldwide\/\"><span style=\"font-size:14px\">Servicio 24\/7 en Todo el Mundo<\/span><\/a><\/div><div class=\"child-page-item\"><a href=\"https:\/\/nngenergy.com\/es\/solutions\/complementary-services\/\"><span style=\"font-size:14px\">Servicios Complementarios<\/span><\/a><\/div><\/div><\/div>\n\t\t\t\t\t\t<\/div>\n\t\t\t\t<\/div>\n\t\t\t\t\t<\/div>\n\t\t\t\t<\/div>\n\t\t<div class=\"elementor-element elementor-element-c92284c e-flex e-con-boxed e-con e-parent\" data-id=\"c92284c\" data-element_type=\"container\">\n\t\t\t\t\t<div class=\"e-con-inner\">\n\t\t<div class=\"elementor-element elementor-element-d532ab3 e-con-full e-flex e-con e-child\" data-id=\"d532ab3\" data-element_type=\"container\">\n\t\t\t\t<div class=\"elementor-element elementor-element-7fba24c elementor-widget elementor-widget-image\" data-id=\"7fba24c\" data-element_type=\"widget\" data-widget_type=\"image.default\">\n\t\t\t\t<div class=\"elementor-widget-container\">\n\t\t\t\t\t\t\t\t\t\t\t\t\t\t\t<img fetchpriority=\"high\" decoding=\"async\" width=\"1000\" height=\"667\" src=\"https:\/\/nngenergy.com\/wp-content\/uploads\/2025\/08\/dsc07759.webp\" class=\"attachment-large size-large wp-image-2256\" alt=\"Servicio para el Sistema de Control\" srcset=\"https:\/\/nngenergy.com\/wp-content\/uploads\/2025\/08\/dsc07759.webp 1000w, https:\/\/nngenergy.com\/wp-content\/uploads\/2025\/08\/dsc07759-300x200.webp 300w, https:\/\/nngenergy.com\/wp-content\/uploads\/2025\/08\/dsc07759-768x512.webp 768w, https:\/\/nngenergy.com\/wp-content\/uploads\/2025\/08\/dsc07759-18x12.webp 18w, https:\/\/nngenergy.com\/wp-content\/uploads\/2025\/08\/dsc07759-200x133.webp 200w\" sizes=\"(max-width: 1000px) 100vw, 1000px\" \/>\t\t\t\t\t\t\t\t\t\t\t\t\t\t\t<\/div>\n\t\t\t\t<\/div>\n\t\t\t\t<\/div>\n\t\t<div class=\"elementor-element elementor-element-d57c30f e-con-full e-flex e-con e-child\" data-id=\"d57c30f\" data-element_type=\"container\">\n\t\t\t\t<div class=\"elementor-element elementor-element-0fb551f elementor-widget elementor-widget-heading\" data-id=\"0fb551f\" data-element_type=\"widget\" data-widget_type=\"heading.default\">\n\t\t\t\t<div class=\"elementor-widget-container\">\n\t\t\t\t\t<h3 class=\"elementor-heading-title elementor-size-default\"><\/h3>\t\t\t\t<\/div>\n\t\t\t\t<\/div>\n\t\t\t\t<div class=\"elementor-element elementor-element-75456f8 elementor-widget elementor-widget-text-editor\" data-id=\"75456f8\" data-element_type=\"widget\" data-widget_type=\"text-editor.default\">\n\t\t\t\t<div class=\"elementor-widget-container\">\n\t\t\t\t\t\t\t\t\t<p>NNG Energy est\u00e1 especializa en el desarrollo y la fabricaci\u00f3n de sus propios sistemas de control para paquetes de turbinas de gas, incluyendo los paneles de control personalizados y adaptados a las necesidades espec\u00edficas de cada proyecto. Nuestras soluciones est\u00e1n dise\u00f1adas con flexibilidad, garantizando la compatibilidad con una amplia gama de necesidades operativas y manteniendo la rentabilidad. Adem\u00e1s, nosotros ofrecemos actualizaciones y revisiones de los sistemas existentes de control, optimizando el rendimiento y garantizando una integraci\u00f3n perfecta con su instalaci\u00f3n.<\/p>\t\t\t\t\t\t\t\t<\/div>\n\t\t\t\t<\/div>\n\t\t\t\t<\/div>\n\t\t\t\t\t<\/div>\n\t\t\t\t<\/div>\n\t\t<div class=\"elementor-element elementor-element-95e3ecd e-flex e-con-boxed e-con e-parent\" data-id=\"95e3ecd\" data-element_type=\"container\">\n\t\t\t\t\t<div class=\"e-con-inner\">\n\t\t\t\t<div class=\"elementor-element elementor-element-ce0a8c4 elementor-widget elementor-widget-text-editor\" data-id=\"ce0a8c4\" data-element_type=\"widget\" data-widget_type=\"text-editor.default\">\n\t\t\t\t<div class=\"elementor-widget-container\">\n\t\t\t\t\t\t\t\t\t<p class=\"translation-block\">Descubra nuestra secci\u00f3n denominada \"Que Ofrecemos\" para descubrir nuestras soluciones integrales para satisfacer sus necesidades de energ\u00eda. Desde las turbinas de gas y los generadores de alto rendimiento hasta el mantenimiento y soporte global, nuestros servicios y productos est\u00e1n dise\u00f1ados para ofrecer una fiabilidad y eficiencia \u00fanica. Para obtener m\u00e1s informaci\u00f3n sobre los que ofrecemos y c\u00f3mo podemos mejorar su rendimiento operativo, seleccione una de las opciones siguentes.<\/p>\t\t\t\t\t\t\t\t<\/div>\n\t\t\t\t<\/div>\n\t\t\t\t<div class=\"elementor-element elementor-element-81b13bb elementor-widget elementor-widget-shortcode\" data-id=\"81b13bb\" data-element_type=\"widget\" data-widget_type=\"shortcode.default\">\n\t\t\t\t<div class=\"elementor-widget-container\">\n\t\t\t\t\t\t\t<div class=\"elementor-shortcode\"><ul class=\"child-pages-list\"><li><a href=\"https:\/\/nngenergy.com\/es\/what-we-offer\/gas-turbines\/\">Turbinas de Gas<\/a><\/li><li><a href=\"https:\/\/nngenergy.com\/es\/what-we-offer\/gas-turbine-gas-engines-package-control-system-upgrade\/\">Actualizaci\u00f3n del Sistemas de Control y Paquete de Motores de Gas\/Turbinas de Gas<\/a><\/li><li><a href=\"https:\/\/nngenergy.com\/es\/what-we-offer\/generators-maintenance-overhaul\/\">Mantenimiento y Revisi\u00f3n de Generadores<\/a><\/li><li><a href=\"https:\/\/nngenergy.com\/es\/what-we-offer\/gas-engines-package-components\/\">Paquetes y Componentes de Motores de Gasolina<\/a><\/li><li><a href=\"https:\/\/nngenergy.com\/es\/what-we-offer\/maintenance-troubleshooting-services\/\">Servicios de Mantenimiento y Soluci\u00f3n de Problemas<\/a><\/li><li><a href=\"https:\/\/nngenergy.com\/es\/what-we-offer\/worldwide-24-7-services\/\">Servicio Mundial 24\/7<\/a><\/li><li><a href=\"https:\/\/nngenergy.com\/es\/what-we-offer\/supported-services-products\/\">Productos y Servicios Soportados<\/a><\/li><\/ul><\/div>\n\t\t\t\t\t\t<\/div>\n\t\t\t\t<\/div>\n\t\t\t\t\t<\/div>\n\t\t\t\t<\/div>\n\t\t\t\t<\/div>","protected":false},"excerpt":{"rendered":"<p>SOLUTIONS Home NNG Energy specializes in developing and manufacturing its own control systems for gas turbine packages, including custom-built control [&hellip;]<\/p>","protected":false},"author":1,"featured_media":0,"parent":1181,"menu_order":28,"comment_status":"closed","ping_status":"closed","template":"","meta":{"site-sidebar-layout":"no-sidebar","site-content-layout":"","ast-site-content-layout":"full-width-container","site-content-style":"default","site-sidebar-style":"default","ast-global-header-display":"","ast-banner-title-visibility":"","ast-main-header-display":"","ast-hfb-above-header-display":"","ast-hfb-below-header-display":"","ast-hfb-mobile-header-display":"","site-post-title":"disabled","ast-breadcrumbs-content":"","ast-featured-img":"disabled","footer-sml-layout":"","ast-disable-related-posts":"","theme-transparent-header-meta":"default","adv-header-id-meta":"","stick-header-meta":"","header-above-stick-meta":"","header-main-stick-meta":"","header-below-stick-meta":"","astra-migrate-meta-layouts":"set","ast-page-background-enabled":"default","ast-page-background-meta":{"desktop":{"background-color":"var(--ast-global-color-4)","background-image":"","background-repeat":"repeat","background-position":"center center","background-size":"auto","background-attachment":"scroll","background-type":"","background-media":"","overlay-type":"","overlay-color":"","overlay-opacity":"","overlay-gradient":""},"tablet":{"background-color":"","background-image":"","background-repeat":"repeat","background-position":"center center","background-size":"auto","background-attachment":"scroll","background-type":"","background-media":"","overlay-type":"","overlay-color":"","overlay-opacity":"","overlay-gradient":""},"mobile":{"background-color":"","background-image":"","background-repeat":"repeat","background-position":"center center","background-size":"auto","background-attachment":"scroll","background-type":"","background-media":"","overlay-type":"","overlay-color":"","overlay-opacity":"","overlay-gradient":""}},"ast-content-background-meta":{"desktop":{"background-color":"var(--ast-global-color-5)","background-image":"","background-repeat":"repeat","background-position":"center center","background-size":"auto","background-attachment":"scroll","background-type":"","background-media":"","overlay-type":"","overlay-color":"","overlay-opacity":"","overlay-gradient":""},"tablet":{"background-color":"var(--ast-global-color-5)","background-image":"","background-repeat":"repeat","background-position":"center center","background-size":"auto","background-attachment":"scroll","background-type":"","background-media":"","overlay-type":"","overlay-color":"","overlay-opacity":"","overlay-gradient":""},"mobile":{"background-color":"var(--ast-global-color-5)","background-image":"","background-repeat":"repeat","background-position":"center center","background-size":"auto","background-attachment":"scroll","background-type":"","background-media":"","overlay-type":"","overlay-color":"","overlay-opacity":"","overlay-gradient":""}},"footnotes":""},"class_list":["post-519","page","type-page","status-publish","hentry"],"yoast_head":"<!-- This site is optimized with the Yoast SEO plugin v26.4 - https:\/\/yoast.com\/wordpress\/plugins\/seo\/ -->\r\n<title>Control System Upgrade - NNG Energy<\/title>\r\n<meta name=\"description\" content=\"Upgrade your industrial control systems with NNG Energy to boost efficiency, reliability, and safety. Modern automation for seamless plant performance.\" \/>\r\n<meta name=\"robots\" content=\"index, follow, max-snippet:-1, max-image-preview:large, max-video-preview:-1\" \/>\r\n<link rel=\"canonical\" href=\"https:\/\/nngenergy.com\/es\/solutions\/control-system-upgrade\/\" \/>\r\n<meta property=\"og:locale\" content=\"es_ES\" \/>\r\n<meta property=\"og:type\" content=\"article\" \/>\r\n<meta property=\"og:title\" content=\"Control System Upgrade - NNG Energy\" \/>\r\n<meta property=\"og:description\" content=\"Upgrade your industrial control systems with NNG Energy to boost efficiency, reliability, and safety. Modern automation for seamless plant performance.\" \/>\r\n<meta property=\"og:url\" content=\"https:\/\/nngenergy.com\/es\/solutions\/control-system-upgrade\/\" \/>\r\n<meta property=\"og:site_name\" content=\"NNG Energy\" \/>\r\n<meta property=\"article:publisher\" content=\"https:\/\/www.facebook.com\/profile.php?id=61560874295001\" \/>\r\n<meta property=\"article:modified_time\" content=\"2025-08-16T06:48:46+00:00\" \/>\r\n<meta property=\"og:image\" content=\"https:\/\/nngenergy.com\/wp-content\/uploads\/2025\/08\/dsc07759.webp\" \/>\r\n<meta name=\"twitter:card\" content=\"summary_large_image\" \/>\r\n<meta name=\"twitter:label1\" content=\"Tiempo de lectura\" \/>\n\t<meta name=\"twitter:data1\" content=\"1 minuto\" \/>\r\n<script type=\"application\/ld+json\" class=\"yoast-schema-graph\">{\"@context\":\"https:\/\/schema.org\",\"@graph\":[{\"@type\":\"WebPage\",\"@id\":\"https:\/\/nngenergy.com\/solutions\/control-system-upgrade\/\",\"url\":\"https:\/\/nngenergy.com\/solutions\/control-system-upgrade\/\",\"name\":\"Control System Upgrade - NNG Energy\",\"isPartOf\":{\"@id\":\"https:\/\/nngenergy.com\/#website\"},\"primaryImageOfPage\":{\"@id\":\"https:\/\/nngenergy.com\/solutions\/control-system-upgrade\/#primaryimage\"},\"image\":{\"@id\":\"https:\/\/nngenergy.com\/solutions\/control-system-upgrade\/#primaryimage\"},\"thumbnailUrl\":\"https:\/\/nngenergy.com\/wp-content\/uploads\/2025\/08\/dsc07759.webp\",\"datePublished\":\"2024-11-19T18:56:17+00:00\",\"dateModified\":\"2025-08-16T06:48:46+00:00\",\"description\":\"Upgrade your industrial control systems with NNG Energy to boost efficiency, reliability, and safety. Modern automation for seamless plant performance.\",\"breadcrumb\":{\"@id\":\"https:\/\/nngenergy.com\/solutions\/control-system-upgrade\/#breadcrumb\"},\"inLanguage\":\"es\",\"potentialAction\":[{\"@type\":\"ReadAction\",\"target\":[\"https:\/\/nngenergy.com\/solutions\/control-system-upgrade\/\"]}]},{\"@type\":\"ImageObject\",\"inLanguage\":\"es\",\"@id\":\"https:\/\/nngenergy.com\/solutions\/control-system-upgrade\/#primaryimage\",\"url\":\"https:\/\/nngenergy.com\/wp-content\/uploads\/2025\/08\/dsc07759.webp\",\"contentUrl\":\"https:\/\/nngenergy.com\/wp-content\/uploads\/2025\/08\/dsc07759.webp\"},{\"@type\":\"BreadcrumbList\",\"@id\":\"https:\/\/nngenergy.com\/solutions\/control-system-upgrade\/#breadcrumb\",\"itemListElement\":[{\"@type\":\"ListItem\",\"position\":1,\"name\":\"Home\",\"item\":\"https:\/\/nngenergy.com\/\"},{\"@type\":\"ListItem\",\"position\":2,\"name\":\"Solutions\",\"item\":\"https:\/\/nngenergy.com\/solutions\/\"},{\"@type\":\"ListItem\",\"position\":3,\"name\":\"Control System Upgrade\"}]},{\"@type\":\"WebSite\",\"@id\":\"https:\/\/nngenergy.com\/#website\",\"url\":\"https:\/\/nngenergy.com\/\",\"name\":\"NNG Enerji\",\"description\":\"\",\"publisher\":{\"@id\":\"https:\/\/nngenergy.com\/#organization\"},\"potentialAction\":[{\"@type\":\"SearchAction\",\"target\":{\"@type\":\"EntryPoint\",\"urlTemplate\":\"https:\/\/nngenergy.com\/?s={search_term_string}\"},\"query-input\":{\"@type\":\"PropertyValueSpecification\",\"valueRequired\":true,\"valueName\":\"search_term_string\"}}],\"inLanguage\":\"es\"},{\"@type\":\"Organization\",\"@id\":\"https:\/\/nngenergy.com\/#organization\",\"name\":\"NNG Enerji\",\"url\":\"https:\/\/nngenergy.com\/\",\"logo\":{\"@type\":\"ImageObject\",\"inLanguage\":\"es\",\"@id\":\"https:\/\/nngenergy.com\/#\/schema\/logo\/image\/\",\"url\":\"https:\/\/nngenergy.com\/wp-content\/uploads\/2024\/09\/logo-disi.png\",\"contentUrl\":\"https:\/\/nngenergy.com\/wp-content\/uploads\/2024\/09\/logo-disi.png\",\"width\":566,\"height\":289,\"caption\":\"NNG Enerji\"},\"image\":{\"@id\":\"https:\/\/nngenergy.com\/#\/schema\/logo\/image\/\"},\"sameAs\":[\"https:\/\/www.facebook.com\/profile.php?id=61560874295001\",\"https:\/\/www.youtube.com\/@nng.energy\",\"https:\/\/www.linkedin.com\/company\/nng-enerji-teknoloji\/\",\"https:\/\/www.instagram.com\/nng.energy?igsh=c3FqZmVnbmhuaDRh\"]}]}<\/script>\r\n<!-- \/ Yoast SEO plugin. -->","yoast_head_json":{"title":"Control System Upgrade - NNG Energy","description":"Upgrade your industrial control systems with NNG Energy to boost efficiency, reliability, and safety. Modern automation for seamless plant performance.","robots":{"index":"index","follow":"follow","max-snippet":"max-snippet:-1","max-image-preview":"max-image-preview:large","max-video-preview":"max-video-preview:-1"},"canonical":"https:\/\/nngenergy.com\/es\/solutions\/control-system-upgrade\/","og_locale":"es_ES","og_type":"article","og_title":"Control System Upgrade - NNG Energy","og_description":"Upgrade your industrial control systems with NNG Energy to boost efficiency, reliability, and safety. Modern automation for seamless plant performance.","og_url":"https:\/\/nngenergy.com\/es\/solutions\/control-system-upgrade\/","og_site_name":"NNG Energy","article_publisher":"https:\/\/www.facebook.com\/profile.php?id=61560874295001","article_modified_time":"2025-08-16T06:48:46+00:00","og_image":[{"url":"https:\/\/nngenergy.com\/wp-content\/uploads\/2025\/08\/dsc07759.webp","type":"","width":"","height":""}],"twitter_card":"summary_large_image","twitter_misc":{"Tiempo de lectura":"1 minuto"},"schema":{"@context":"https:\/\/schema.org","@graph":[{"@type":"WebPage","@id":"https:\/\/nngenergy.com\/solutions\/control-system-upgrade\/","url":"https:\/\/nngenergy.com\/solutions\/control-system-upgrade\/","name":"Control System Upgrade - NNG Energy","isPartOf":{"@id":"https:\/\/nngenergy.com\/#website"},"primaryImageOfPage":{"@id":"https:\/\/nngenergy.com\/solutions\/control-system-upgrade\/#primaryimage"},"image":{"@id":"https:\/\/nngenergy.com\/solutions\/control-system-upgrade\/#primaryimage"},"thumbnailUrl":"https:\/\/nngenergy.com\/wp-content\/uploads\/2025\/08\/dsc07759.webp","datePublished":"2024-11-19T18:56:17+00:00","dateModified":"2025-08-16T06:48:46+00:00","description":"Upgrade your industrial control systems with NNG Energy to boost efficiency, reliability, and safety. Modern automation for seamless plant performance.","breadcrumb":{"@id":"https:\/\/nngenergy.com\/solutions\/control-system-upgrade\/#breadcrumb"},"inLanguage":"es","potentialAction":[{"@type":"ReadAction","target":["https:\/\/nngenergy.com\/solutions\/control-system-upgrade\/"]}]},{"@type":"ImageObject","inLanguage":"es","@id":"https:\/\/nngenergy.com\/solutions\/control-system-upgrade\/#primaryimage","url":"https:\/\/nngenergy.com\/wp-content\/uploads\/2025\/08\/dsc07759.webp","contentUrl":"https:\/\/nngenergy.com\/wp-content\/uploads\/2025\/08\/dsc07759.webp"},{"@type":"BreadcrumbList","@id":"https:\/\/nngenergy.com\/solutions\/control-system-upgrade\/#breadcrumb","itemListElement":[{"@type":"ListItem","position":1,"name":"Home","item":"https:\/\/nngenergy.com\/"},{"@type":"ListItem","position":2,"name":"Solutions","item":"https:\/\/nngenergy.com\/solutions\/"},{"@type":"ListItem","position":3,"name":"Control System Upgrade"}]},{"@type":"WebSite","@id":"https:\/\/nngenergy.com\/#website","url":"https:\/\/nngenergy.com\/","name":"NNG Enerji","description":"","publisher":{"@id":"https:\/\/nngenergy.com\/#organization"},"potentialAction":[{"@type":"SearchAction","target":{"@type":"EntryPoint","urlTemplate":"https:\/\/nngenergy.com\/?s={search_term_string}"},"query-input":{"@type":"PropertyValueSpecification","valueRequired":true,"valueName":"search_term_string"}}],"inLanguage":"es"},{"@type":"Organization","@id":"https:\/\/nngenergy.com\/#organization","name":"NNG Enerji","url":"https:\/\/nngenergy.com\/","logo":{"@type":"ImageObject","inLanguage":"es","@id":"https:\/\/nngenergy.com\/#\/schema\/logo\/image\/","url":"https:\/\/nngenergy.com\/wp-content\/uploads\/2024\/09\/logo-disi.png","contentUrl":"https:\/\/nngenergy.com\/wp-content\/uploads\/2024\/09\/logo-disi.png","width":566,"height":289,"caption":"NNG Enerji"},"image":{"@id":"https:\/\/nngenergy.com\/#\/schema\/logo\/image\/"},"sameAs":["https:\/\/www.facebook.com\/profile.php?id=61560874295001","https:\/\/www.youtube.com\/@nng.energy","https:\/\/www.linkedin.com\/company\/nng-enerji-teknoloji\/","https:\/\/www.instagram.com\/nng.energy?igsh=c3FqZmVnbmhuaDRh"]}]}},"_links":{"self":[{"href":"https:\/\/nngenergy.com\/es\/wp-json\/wp\/v2\/pages\/519","targetHints":{"allow":["GET"]}}],"collection":[{"href":"https:\/\/nngenergy.com\/es\/wp-json\/wp\/v2\/pages"}],"about":[{"href":"https:\/\/nngenergy.com\/es\/wp-json\/wp\/v2\/types\/page"}],"author":[{"embeddable":true,"href":"https:\/\/nngenergy.com\/es\/wp-json\/wp\/v2\/users\/1"}],"replies":[{"embeddable":true,"href":"https:\/\/nngenergy.com\/es\/wp-json\/wp\/v2\/comments?post=519"}],"version-history":[{"count":32,"href":"https:\/\/nngenergy.com\/es\/wp-json\/wp\/v2\/pages\/519\/revisions"}],"predecessor-version":[{"id":2259,"href":"https:\/\/nngenergy.com\/es\/wp-json\/wp\/v2\/pages\/519\/revisions\/2259"}],"up":[{"embeddable":true,"href":"https:\/\/nngenergy.com\/es\/wp-json\/wp\/v2\/pages\/1181"}],"wp:attachment":[{"href":"https:\/\/nngenergy.com\/es\/wp-json\/wp\/v2\/media?parent=519"}],"curies":[{"name":"wp","href":"https:\/\/api.w.org\/{rel}","templated":true}]}}