{"id":1129,"date":"2024-12-15T16:05:23","date_gmt":"2024-12-15T13:05:23","guid":{"rendered":"https:\/\/nngenergy.com\/?page_id=1129"},"modified":"2025-08-16T09:52:36","modified_gmt":"2025-08-16T06:52:36","slug":"generators-maintenance-overhaul","status":"publish","type":"page","link":"https:\/\/nngenergy.com\/es\/what-we-offer\/generators-maintenance-overhaul\/","title":{"rendered":"Mantenimiento y Revisi\u00f3n de Generadores"},"content":{"rendered":"<div data-elementor-type=\"wp-page\" data-elementor-id=\"1129\" class=\"elementor elementor-1129\" data-elementor-post-type=\"page\">\n\t\t\t\t<div class=\"elementor-element elementor-element-178fbd9 e-flex e-con-boxed e-con e-parent\" data-id=\"178fbd9\" data-element_type=\"container\" data-settings=\"{&quot;background_background&quot;:&quot;classic&quot;}\">\n\t\t\t\t\t<div class=\"e-con-inner\">\n\t\t\t\t<div class=\"elementor-element elementor-element-0d1ef04 elementor-widget elementor-widget-heading\" data-id=\"0d1ef04\" data-element_type=\"widget\" data-widget_type=\"heading.default\">\n\t\t\t\t<div class=\"elementor-widget-container\">\n\t\t\t\t\t<h1 class=\"elementor-heading-title elementor-size-default\">QUE OFRECEMOS<\/h1>\t\t\t\t<\/div>\n\t\t\t\t<\/div>\n\t\t\t\t<div class=\"elementor-element elementor-element-b6d8d95 elementor-widget elementor-widget-heading\" data-id=\"b6d8d95\" data-element_type=\"widget\" data-widget_type=\"heading.default\">\n\t\t\t\t<div class=\"elementor-widget-container\">\n\t\t\t\t\t<h2 class=\"elementor-heading-title elementor-size-default\"><\/h2>\t\t\t\t<\/div>\n\t\t\t\t<\/div>\n\t\t\t\t\t<\/div>\n\t\t\t\t<\/div>\n\t\t<div class=\"elementor-element elementor-element-400310f2 e-flex e-con-boxed e-con e-parent\" data-id=\"400310f2\" data-element_type=\"container\">\n\t\t\t\t\t<div class=\"e-con-inner\">\n\t\t\t\t<div class=\"elementor-element elementor-element-1753a47 elementor-widget elementor-widget-global elementor-global-1177 elementor-widget-hfe-breadcrumbs-widget\" data-id=\"1753a47\" data-element_type=\"widget\" data-widget_type=\"hfe-breadcrumbs-widget.default\">\n\t\t\t\t<div class=\"elementor-widget-container\">\n\t\t\t\t\t<nav aria-label=\"Breadcrumb\"><ul class=\"hfe-breadcrumbs hfe-breadcrumbs-show-home\"><li class=\"hfe-breadcrumbs-item hfe-breadcrumbs-first\"><span class=\"hfe-breadcrumbs-home-icon\"><\/span><a href=\"https:\/\/nngenergy.com\/es\"><span class=\"hfe-breadcrumbs-text\">Home<\/span><\/a><\/li><\/ul><\/nav>\t\t\t\t<\/div>\n\t\t\t\t<\/div>\n\t\t\t\t\t<\/div>\n\t\t\t\t<\/div>\n\t\t<div class=\"elementor-element elementor-element-558f1bc elementor-hidden-tablet elementor-hidden-mobile e-flex e-con-boxed e-con e-parent\" data-id=\"558f1bc\" data-element_type=\"container\">\n\t\t\t\t\t<div class=\"e-con-inner\">\n\t\t\t\t<div class=\"elementor-element elementor-element-b026efc elementor-widget elementor-widget-html\" data-id=\"b026efc\" data-element_type=\"widget\" data-widget_type=\"html.default\">\n\t\t\t\t<div class=\"elementor-widget-container\">\n\t\t\t\t\t<style>\n    .child-pages-container a {\n        font-size: 18px;\n    }\n<\/style>\t\t\t\t<\/div>\n\t\t\t\t<\/div>\n\t\t\t\t<div class=\"elementor-element elementor-element-b2e1d2a elementor-widget elementor-widget-shortcode\" data-id=\"b2e1d2a\" data-element_type=\"widget\" data-widget_type=\"shortcode.default\">\n\t\t\t\t<div class=\"elementor-widget-container\">\n\t\t\t\t\t\t\t<div class=\"elementor-shortcode\"><div class=\"child-pages-container\"><div class=\"child-page-item\"><a href=\"https:\/\/nngenergy.com\/es\/what-we-offer\/gas-turbines\/\"><span style=\"font-size:14px\">Turbinas de Gas<\/span><\/a><\/div><div class=\"child-page-item\"><a href=\"https:\/\/nngenergy.com\/es\/what-we-offer\/gas-turbine-gas-engines-package-control-system-upgrade\/\"><span style=\"font-size:14px\">Actualizaci\u00f3n del Sistemas de Control y Paquete de Motores de Gas\/Turbinas de Gas<\/span><\/a><\/div><div class=\"child-page-item current-page\"><a href=\"https:\/\/nngenergy.com\/es\/what-we-offer\/generators-maintenance-overhaul\/\"><span style=\"font-size:14px\">Mantenimiento y Revisi\u00f3n de Generadores<\/span><\/a><\/div><div class=\"child-page-item\"><a href=\"https:\/\/nngenergy.com\/es\/what-we-offer\/gas-engines-package-components\/\"><span style=\"font-size:14px\">Paquetes y Componentes de Motores de Gasolina<\/span><\/a><\/div><div class=\"child-page-item\"><a href=\"https:\/\/nngenergy.com\/es\/what-we-offer\/maintenance-troubleshooting-services\/\"><span style=\"font-size:14px\">Servicios de Mantenimiento y Soluci\u00f3n de Problemas<\/span><\/a><\/div><div class=\"child-page-item\"><a href=\"https:\/\/nngenergy.com\/es\/what-we-offer\/worldwide-24-7-services\/\"><span style=\"font-size:14px\">Servicio Mundial 24\/7<\/span><\/a><\/div><div class=\"child-page-item\"><a href=\"https:\/\/nngenergy.com\/es\/what-we-offer\/supported-services-products\/\"><span style=\"font-size:14px\">Productos y Servicios Soportados<\/span><\/a><\/div><\/div><\/div>\n\t\t\t\t\t\t<\/div>\n\t\t\t\t<\/div>\n\t\t\t\t\t<\/div>\n\t\t\t\t<\/div>\n\t\t<div class=\"elementor-element elementor-element-928c265 e-flex e-con-boxed e-con e-parent\" data-id=\"928c265\" data-element_type=\"container\">\n\t\t\t\t\t<div class=\"e-con-inner\">\n\t\t<div class=\"elementor-element elementor-element-8d9fd74 e-con-full e-flex e-con e-child\" data-id=\"8d9fd74\" data-element_type=\"container\">\n\t\t\t\t<div class=\"elementor-element elementor-element-586a87e elementor-widget elementor-widget-image\" data-id=\"586a87e\" data-element_type=\"widget\" data-widget_type=\"image.default\">\n\t\t\t\t<div class=\"elementor-widget-container\">\n\t\t\t\t\t\t\t\t\t\t\t\t\t\t\t<img fetchpriority=\"high\" decoding=\"async\" width=\"1024\" height=\"682\" src=\"https:\/\/nngenergy.com\/wp-content\/uploads\/2025\/08\/generators-maintenance-overhaul-1024x682.webp\" class=\"attachment-large size-large wp-image-2261\" alt=\"Mantenimiento y Revisi\u00f3n de Generadores\" srcset=\"https:\/\/nngenergy.com\/wp-content\/uploads\/2025\/08\/generators-maintenance-overhaul-1024x682.webp 1024w, https:\/\/nngenergy.com\/wp-content\/uploads\/2025\/08\/generators-maintenance-overhaul-300x200.webp 300w, https:\/\/nngenergy.com\/wp-content\/uploads\/2025\/08\/generators-maintenance-overhaul-768x512.webp 768w, https:\/\/nngenergy.com\/wp-content\/uploads\/2025\/08\/generators-maintenance-overhaul-18x12.webp 18w, https:\/\/nngenergy.com\/wp-content\/uploads\/2025\/08\/generators-maintenance-overhaul-200x133.webp 200w, https:\/\/nngenergy.com\/wp-content\/uploads\/2025\/08\/generators-maintenance-overhaul.webp 1100w\" sizes=\"(max-width: 1024px) 100vw, 1024px\" \/>\t\t\t\t\t\t\t\t\t\t\t\t\t\t\t<\/div>\n\t\t\t\t<\/div>\n\t\t\t\t<\/div>\n\t\t<div class=\"elementor-element elementor-element-9f2f690 e-con-full e-flex e-con e-child\" data-id=\"9f2f690\" data-element_type=\"container\">\n\t\t\t\t<div class=\"elementor-element elementor-element-5e080a2 elementor-widget elementor-widget-text-editor\" data-id=\"5e080a2\" data-element_type=\"widget\" data-widget_type=\"text-editor.default\">\n\t\t\t\t<div class=\"elementor-widget-container\">\n\t\t\t\t\t\t\t\t\t<p>NNG Energy se complace en presentar nuestra l\u00ednea de generadores de alto rendimiento, que incluye las series de LSA, LSAM y TAL. Estos generadores est\u00e1n dise\u00f1ados para ofrecer una fiabilidad y eficiencia excepcional, lo que los hace ideales para diversas aplicaciones de generaci\u00f3n de energ\u00eda. Cada serie cuenta con cat\u00e1logos detallados que incluyen especificaciones y datos de rendimiento y esto les permite a los clientes a seleccionar la unidad mejor para sus necesidades espec\u00edficas. Gracias a su compromiso con la calidad y la innovaci\u00f3n, NNG Energy le garantiza las mejores soluciones para satisfacer sus necesidades de energ\u00eda.<\/p>\t\t\t\t\t\t\t\t<\/div>\n\t\t\t\t<\/div>\n\t\t\t\t<\/div>\n\t\t\t\t\t<\/div>\n\t\t\t\t<\/div>\n\t\t\t\t<\/div>","protected":false},"excerpt":{"rendered":"<p>WHAT WE OFFER Home NNG Energy is pleased to introduce our range of high-performance generators, featuring the LSA, LSAM, and [&hellip;]<\/p>","protected":false},"author":1,"featured_media":0,"parent":452,"menu_order":37,"comment_status":"closed","ping_status":"closed","template":"","meta":{"site-sidebar-layout":"no-sidebar","site-content-layout":"","ast-site-content-layout":"full-width-container","site-content-style":"default","site-sidebar-style":"default","ast-global-header-display":"","ast-banner-title-visibility":"","ast-main-header-display":"","ast-hfb-above-header-display":"","ast-hfb-below-header-display":"","ast-hfb-mobile-header-display":"","site-post-title":"disabled","ast-breadcrumbs-content":"","ast-featured-img":"disabled","footer-sml-layout":"","ast-disable-related-posts":"","theme-transparent-header-meta":"default","adv-header-id-meta":"","stick-header-meta":"","header-above-stick-meta":"","header-main-stick-meta":"","header-below-stick-meta":"","astra-migrate-meta-layouts":"set","ast-page-background-enabled":"default","ast-page-background-meta":{"desktop":{"background-color":"var(--ast-global-color-4)","background-image":"","background-repeat":"repeat","background-position":"center center","background-size":"auto","background-attachment":"scroll","background-type":"","background-media":"","overlay-type":"","overlay-color":"","overlay-opacity":"","overlay-gradient":""},"tablet":{"background-color":"","background-image":"","background-repeat":"repeat","background-position":"center center","background-size":"auto","background-attachment":"scroll","background-type":"","background-media":"","overlay-type":"","overlay-color":"","overlay-opacity":"","overlay-gradient":""},"mobile":{"background-color":"","background-image":"","background-repeat":"repeat","background-position":"center center","background-size":"auto","background-attachment":"scroll","background-type":"","background-media":"","overlay-type":"","overlay-color":"","overlay-opacity":"","overlay-gradient":""}},"ast-content-background-meta":{"desktop":{"background-color":"var(--ast-global-color-5)","background-image":"","background-repeat":"repeat","background-position":"center center","background-size":"auto","background-attachment":"scroll","background-type":"","background-media":"","overlay-type":"","overlay-color":"","overlay-opacity":"","overlay-gradient":""},"tablet":{"background-color":"var(--ast-global-color-5)","background-image":"","background-repeat":"repeat","background-position":"center center","background-size":"auto","background-attachment":"scroll","background-type":"","background-media":"","overlay-type":"","overlay-color":"","overlay-opacity":"","overlay-gradient":""},"mobile":{"background-color":"var(--ast-global-color-5)","background-image":"","background-repeat":"repeat","background-position":"center center","background-size":"auto","background-attachment":"scroll","background-type":"","background-media":"","overlay-type":"","overlay-color":"","overlay-opacity":"","overlay-gradient":""}},"footnotes":""},"class_list":["post-1129","page","type-page","status-publish","hentry"],"yoast_head":"<!-- This site is optimized with the Yoast SEO plugin v26.4 - https:\/\/yoast.com\/wordpress\/plugins\/seo\/ -->\r\n<title>Generators Maintenance &amp; Overhaul - NNG Energy<\/title>\r\n<meta name=\"description\" content=\"NNG Energy provides expert generator maintenance and overhaul services to ensure reliable operation, extended lifespan, minimized downtime.\" \/>\r\n<meta name=\"robots\" content=\"index, follow, max-snippet:-1, max-image-preview:large, max-video-preview:-1\" \/>\r\n<link rel=\"canonical\" href=\"https:\/\/nngenergy.com\/es\/what-we-offer\/generators-maintenance-overhaul\/\" \/>\r\n<meta property=\"og:locale\" content=\"es_ES\" \/>\r\n<meta property=\"og:type\" content=\"article\" \/>\r\n<meta property=\"og:title\" content=\"Generators Maintenance &amp; Overhaul - NNG Energy\" \/>\r\n<meta property=\"og:description\" content=\"NNG Energy provides expert generator maintenance and overhaul services to ensure reliable operation, extended lifespan, minimized downtime.\" \/>\r\n<meta property=\"og:url\" content=\"https:\/\/nngenergy.com\/es\/what-we-offer\/generators-maintenance-overhaul\/\" \/>\r\n<meta property=\"og:site_name\" content=\"NNG Energy\" \/>\r\n<meta property=\"article:publisher\" content=\"https:\/\/www.facebook.com\/profile.php?id=61560874295001\" \/>\r\n<meta property=\"article:modified_time\" content=\"2025-08-16T06:52:36+00:00\" \/>\r\n<meta property=\"og:image\" content=\"https:\/\/nngenergy.com\/wp-content\/uploads\/2025\/08\/generators-maintenance-overhaul-1024x682.webp\" \/>\r\n<meta name=\"twitter:card\" content=\"summary_large_image\" \/>\r\n<meta name=\"twitter:label1\" content=\"Tiempo de lectura\" \/>\n\t<meta name=\"twitter:data1\" content=\"1 minuto\" \/>\r\n<script type=\"application\/ld+json\" class=\"yoast-schema-graph\">{\"@context\":\"https:\/\/schema.org\",\"@graph\":[{\"@type\":\"WebPage\",\"@id\":\"https:\/\/nngenergy.com\/tr\/neler-sunuyoruz\/jeneratorler-bakim-revizyon\/\",\"url\":\"https:\/\/nngenergy.com\/tr\/neler-sunuyoruz\/jeneratorler-bakim-revizyon\/\",\"name\":\"Generators Maintenance & Overhaul - NNG Energy\",\"isPartOf\":{\"@id\":\"https:\/\/nngenergy.com\/#website\"},\"primaryImageOfPage\":{\"@id\":\"https:\/\/nngenergy.com\/tr\/neler-sunuyoruz\/jeneratorler-bakim-revizyon\/#primaryimage\"},\"image\":{\"@id\":\"https:\/\/nngenergy.com\/tr\/neler-sunuyoruz\/jeneratorler-bakim-revizyon\/#primaryimage\"},\"thumbnailUrl\":\"https:\/\/nngenergy.com\/wp-content\/uploads\/2025\/08\/generators-maintenance-overhaul-1024x682.webp\",\"datePublished\":\"2024-12-15T13:05:23+00:00\",\"dateModified\":\"2025-08-16T06:52:36+00:00\",\"description\":\"NNG Energy provides expert generator maintenance and overhaul services to ensure reliable operation, extended lifespan, minimized downtime.\",\"breadcrumb\":{\"@id\":\"https:\/\/nngenergy.com\/tr\/neler-sunuyoruz\/jeneratorler-bakim-revizyon\/#breadcrumb\"},\"inLanguage\":\"es\",\"potentialAction\":[{\"@type\":\"ReadAction\",\"target\":[\"https:\/\/nngenergy.com\/tr\/neler-sunuyoruz\/jeneratorler-bakim-revizyon\/\"]}]},{\"@type\":\"ImageObject\",\"inLanguage\":\"es\",\"@id\":\"https:\/\/nngenergy.com\/tr\/neler-sunuyoruz\/jeneratorler-bakim-revizyon\/#primaryimage\",\"url\":\"https:\/\/nngenergy.com\/wp-content\/uploads\/2025\/08\/generators-maintenance-overhaul-1024x682.webp\",\"contentUrl\":\"https:\/\/nngenergy.com\/wp-content\/uploads\/2025\/08\/generators-maintenance-overhaul-1024x682.webp\"},{\"@type\":\"BreadcrumbList\",\"@id\":\"https:\/\/nngenergy.com\/tr\/neler-sunuyoruz\/jeneratorler-bakim-revizyon\/#breadcrumb\",\"itemListElement\":[{\"@type\":\"ListItem\",\"position\":1,\"name\":\"Home\",\"item\":\"https:\/\/nngenergy.com\/\"},{\"@type\":\"ListItem\",\"position\":2,\"name\":\"What we offer\",\"item\":\"https:\/\/nngenergy.com\/what-we-offer\/\"},{\"@type\":\"ListItem\",\"position\":3,\"name\":\"Generators Maintenance &#038; Overhaul\"}]},{\"@type\":\"WebSite\",\"@id\":\"https:\/\/nngenergy.com\/#website\",\"url\":\"https:\/\/nngenergy.com\/\",\"name\":\"NNG Enerji\",\"description\":\"\",\"publisher\":{\"@id\":\"https:\/\/nngenergy.com\/#organization\"},\"potentialAction\":[{\"@type\":\"SearchAction\",\"target\":{\"@type\":\"EntryPoint\",\"urlTemplate\":\"https:\/\/nngenergy.com\/?s={search_term_string}\"},\"query-input\":{\"@type\":\"PropertyValueSpecification\",\"valueRequired\":true,\"valueName\":\"search_term_string\"}}],\"inLanguage\":\"es\"},{\"@type\":\"Organization\",\"@id\":\"https:\/\/nngenergy.com\/#organization\",\"name\":\"NNG Enerji\",\"url\":\"https:\/\/nngenergy.com\/\",\"logo\":{\"@type\":\"ImageObject\",\"inLanguage\":\"es\",\"@id\":\"https:\/\/nngenergy.com\/#\/schema\/logo\/image\/\",\"url\":\"https:\/\/nngenergy.com\/wp-content\/uploads\/2024\/09\/logo-disi.png\",\"contentUrl\":\"https:\/\/nngenergy.com\/wp-content\/uploads\/2024\/09\/logo-disi.png\",\"width\":566,\"height\":289,\"caption\":\"NNG Enerji\"},\"image\":{\"@id\":\"https:\/\/nngenergy.com\/#\/schema\/logo\/image\/\"},\"sameAs\":[\"https:\/\/www.facebook.com\/profile.php?id=61560874295001\",\"https:\/\/www.youtube.com\/@nng.energy\",\"https:\/\/www.linkedin.com\/company\/nng-enerji-teknoloji\/\",\"https:\/\/www.instagram.com\/nng.energy?igsh=c3FqZmVnbmhuaDRh\"]}]}<\/script>\r\n<!-- \/ Yoast SEO plugin. -->","yoast_head_json":{"title":"Generators Maintenance & Overhaul - NNG Energy","description":"NNG Energy provides expert generator maintenance and overhaul services to ensure reliable operation, extended lifespan, minimized downtime.","robots":{"index":"index","follow":"follow","max-snippet":"max-snippet:-1","max-image-preview":"max-image-preview:large","max-video-preview":"max-video-preview:-1"},"canonical":"https:\/\/nngenergy.com\/es\/what-we-offer\/generators-maintenance-overhaul\/","og_locale":"es_ES","og_type":"article","og_title":"Generators Maintenance & Overhaul - NNG Energy","og_description":"NNG Energy provides expert generator maintenance and overhaul services to ensure reliable operation, extended lifespan, minimized downtime.","og_url":"https:\/\/nngenergy.com\/es\/what-we-offer\/generators-maintenance-overhaul\/","og_site_name":"NNG Energy","article_publisher":"https:\/\/www.facebook.com\/profile.php?id=61560874295001","article_modified_time":"2025-08-16T06:52:36+00:00","og_image":[{"url":"https:\/\/nngenergy.com\/wp-content\/uploads\/2025\/08\/generators-maintenance-overhaul-1024x682.webp","type":"","width":"","height":""}],"twitter_card":"summary_large_image","twitter_misc":{"Tiempo de lectura":"1 minuto"},"schema":{"@context":"https:\/\/schema.org","@graph":[{"@type":"WebPage","@id":"https:\/\/nngenergy.com\/tr\/neler-sunuyoruz\/jeneratorler-bakim-revizyon\/","url":"https:\/\/nngenergy.com\/tr\/neler-sunuyoruz\/jeneratorler-bakim-revizyon\/","name":"Generators Maintenance & Overhaul - NNG Energy","isPartOf":{"@id":"https:\/\/nngenergy.com\/#website"},"primaryImageOfPage":{"@id":"https:\/\/nngenergy.com\/tr\/neler-sunuyoruz\/jeneratorler-bakim-revizyon\/#primaryimage"},"image":{"@id":"https:\/\/nngenergy.com\/tr\/neler-sunuyoruz\/jeneratorler-bakim-revizyon\/#primaryimage"},"thumbnailUrl":"https:\/\/nngenergy.com\/wp-content\/uploads\/2025\/08\/generators-maintenance-overhaul-1024x682.webp","datePublished":"2024-12-15T13:05:23+00:00","dateModified":"2025-08-16T06:52:36+00:00","description":"NNG Energy provides expert generator maintenance and overhaul services to ensure reliable operation, extended lifespan, minimized downtime.","breadcrumb":{"@id":"https:\/\/nngenergy.com\/tr\/neler-sunuyoruz\/jeneratorler-bakim-revizyon\/#breadcrumb"},"inLanguage":"es","potentialAction":[{"@type":"ReadAction","target":["https:\/\/nngenergy.com\/tr\/neler-sunuyoruz\/jeneratorler-bakim-revizyon\/"]}]},{"@type":"ImageObject","inLanguage":"es","@id":"https:\/\/nngenergy.com\/tr\/neler-sunuyoruz\/jeneratorler-bakim-revizyon\/#primaryimage","url":"https:\/\/nngenergy.com\/wp-content\/uploads\/2025\/08\/generators-maintenance-overhaul-1024x682.webp","contentUrl":"https:\/\/nngenergy.com\/wp-content\/uploads\/2025\/08\/generators-maintenance-overhaul-1024x682.webp"},{"@type":"BreadcrumbList","@id":"https:\/\/nngenergy.com\/tr\/neler-sunuyoruz\/jeneratorler-bakim-revizyon\/#breadcrumb","itemListElement":[{"@type":"ListItem","position":1,"name":"Home","item":"https:\/\/nngenergy.com\/"},{"@type":"ListItem","position":2,"name":"What we offer","item":"https:\/\/nngenergy.com\/what-we-offer\/"},{"@type":"ListItem","position":3,"name":"Generators Maintenance &#038; Overhaul"}]},{"@type":"WebSite","@id":"https:\/\/nngenergy.com\/#website","url":"https:\/\/nngenergy.com\/","name":"NNG Enerji","description":"","publisher":{"@id":"https:\/\/nngenergy.com\/#organization"},"potentialAction":[{"@type":"SearchAction","target":{"@type":"EntryPoint","urlTemplate":"https:\/\/nngenergy.com\/?s={search_term_string}"},"query-input":{"@type":"PropertyValueSpecification","valueRequired":true,"valueName":"search_term_string"}}],"inLanguage":"es"},{"@type":"Organization","@id":"https:\/\/nngenergy.com\/#organization","name":"NNG Enerji","url":"https:\/\/nngenergy.com\/","logo":{"@type":"ImageObject","inLanguage":"es","@id":"https:\/\/nngenergy.com\/#\/schema\/logo\/image\/","url":"https:\/\/nngenergy.com\/wp-content\/uploads\/2024\/09\/logo-disi.png","contentUrl":"https:\/\/nngenergy.com\/wp-content\/uploads\/2024\/09\/logo-disi.png","width":566,"height":289,"caption":"NNG Enerji"},"image":{"@id":"https:\/\/nngenergy.com\/#\/schema\/logo\/image\/"},"sameAs":["https:\/\/www.facebook.com\/profile.php?id=61560874295001","https:\/\/www.youtube.com\/@nng.energy","https:\/\/www.linkedin.com\/company\/nng-enerji-teknoloji\/","https:\/\/www.instagram.com\/nng.energy?igsh=c3FqZmVnbmhuaDRh"]}]}},"_links":{"self":[{"href":"https:\/\/nngenergy.com\/es\/wp-json\/wp\/v2\/pages\/1129","targetHints":{"allow":["GET"]}}],"collection":[{"href":"https:\/\/nngenergy.com\/es\/wp-json\/wp\/v2\/pages"}],"about":[{"href":"https:\/\/nngenergy.com\/es\/wp-json\/wp\/v2\/types\/page"}],"author":[{"embeddable":true,"href":"https:\/\/nngenergy.com\/es\/wp-json\/wp\/v2\/users\/1"}],"replies":[{"embeddable":true,"href":"https:\/\/nngenergy.com\/es\/wp-json\/wp\/v2\/comments?post=1129"}],"version-history":[{"count":26,"href":"https:\/\/nngenergy.com\/es\/wp-json\/wp\/v2\/pages\/1129\/revisions"}],"predecessor-version":[{"id":2264,"href":"https:\/\/nngenergy.com\/es\/wp-json\/wp\/v2\/pages\/1129\/revisions\/2264"}],"up":[{"embeddable":true,"href":"https:\/\/nngenergy.com\/es\/wp-json\/wp\/v2\/pages\/452"}],"wp:attachment":[{"href":"https:\/\/nngenergy.com\/es\/wp-json\/wp\/v2\/media?parent=1129"}],"curies":[{"name":"wp","href":"https:\/\/api.w.org\/{rel}","templated":true}]}}