{"id":1121,"date":"2024-12-15T15:52:52","date_gmt":"2024-12-15T12:52:52","guid":{"rendered":"https:\/\/nngenergy.com\/?page_id=1121"},"modified":"2025-07-31T16:58:55","modified_gmt":"2025-07-31T13:58:55","slug":"supported-services-products","status":"publish","type":"page","link":"https:\/\/nngenergy.com\/es\/what-we-offer\/supported-services-products\/","title":{"rendered":"Productos y Servicios Soportados"},"content":{"rendered":"<div data-elementor-type=\"wp-page\" data-elementor-id=\"1121\" class=\"elementor elementor-1121\" data-elementor-post-type=\"page\">\n\t\t\t\t<div class=\"elementor-element elementor-element-5721897 e-flex e-con-boxed e-con e-parent\" data-id=\"5721897\" data-element_type=\"container\" data-settings=\"{&quot;background_background&quot;:&quot;classic&quot;}\">\n\t\t\t\t\t<div class=\"e-con-inner\">\n\t\t\t\t<div class=\"elementor-element elementor-element-4fa624d elementor-widget elementor-widget-heading\" data-id=\"4fa624d\" data-element_type=\"widget\" data-widget_type=\"heading.default\">\n\t\t\t\t<div class=\"elementor-widget-container\">\n\t\t\t\t\t<h1 class=\"elementor-heading-title elementor-size-default\">QUE OFRECEMOS<\/h1>\t\t\t\t<\/div>\n\t\t\t\t<\/div>\n\t\t\t\t<div class=\"elementor-element elementor-element-06d4063 elementor-widget elementor-widget-heading\" data-id=\"06d4063\" data-element_type=\"widget\" data-widget_type=\"heading.default\">\n\t\t\t\t<div class=\"elementor-widget-container\">\n\t\t\t\t\t<h2 class=\"elementor-heading-title elementor-size-default\"><\/h2>\t\t\t\t<\/div>\n\t\t\t\t<\/div>\n\t\t\t\t\t<\/div>\n\t\t\t\t<\/div>\n\t\t<div class=\"elementor-element elementor-element-c992df1 e-flex e-con-boxed e-con e-parent\" data-id=\"c992df1\" data-element_type=\"container\">\n\t\t\t\t\t<div class=\"e-con-inner\">\n\t\t\t\t<div class=\"elementor-element elementor-element-bc72b66 elementor-widget elementor-widget-global elementor-global-1177 elementor-widget-hfe-breadcrumbs-widget\" data-id=\"bc72b66\" data-element_type=\"widget\" data-widget_type=\"hfe-breadcrumbs-widget.default\">\n\t\t\t\t<div class=\"elementor-widget-container\">\n\t\t\t\t\t<nav aria-label=\"Breadcrumb\"><ul class=\"hfe-breadcrumbs hfe-breadcrumbs-show-home\"><li class=\"hfe-breadcrumbs-item hfe-breadcrumbs-first\"><span class=\"hfe-breadcrumbs-home-icon\"><\/span><a href=\"https:\/\/nngenergy.com\/es\"><span class=\"hfe-breadcrumbs-text\">Home<\/span><\/a><\/li><\/ul><\/nav>\t\t\t\t<\/div>\n\t\t\t\t<\/div>\n\t\t\t\t\t<\/div>\n\t\t\t\t<\/div>\n\t\t<div class=\"elementor-element elementor-element-de00b40 elementor-hidden-desktop e-flex e-con-boxed e-con e-parent\" data-id=\"de00b40\" data-element_type=\"container\">\n\t\t\t\t\t<div class=\"e-con-inner\">\n\t\t\t\t<div class=\"elementor-element elementor-element-02e15b7 elementor-widget elementor-widget-html\" data-id=\"02e15b7\" data-element_type=\"widget\" data-widget_type=\"html.default\">\n\t\t\t\t<div class=\"elementor-widget-container\">\n\t\t\t\t\t<style>\n    .child-pages-container a {\n        font-size: 18px;\n    }\n<\/style>\t\t\t\t<\/div>\n\t\t\t\t<\/div>\n\t\t\t\t<div class=\"elementor-element elementor-element-4626f53 elementor-widget elementor-widget-shortcode\" data-id=\"4626f53\" data-element_type=\"widget\" data-widget_type=\"shortcode.default\">\n\t\t\t\t<div class=\"elementor-widget-container\">\n\t\t\t\t\t\t\t<div class=\"elementor-shortcode\"><ul class=\"child-pages-list\"><li><a href=\"https:\/\/nngenergy.com\/es\/what-we-offer\/gas-turbines\/\">Turbinas de Gas<\/a><\/li><li><a href=\"https:\/\/nngenergy.com\/es\/what-we-offer\/gas-turbine-gas-engines-package-control-system-upgrade\/\">Actualizaci\u00f3n del Sistemas de Control y Paquete de Motores de Gas\/Turbinas de Gas<\/a><\/li><li><a href=\"https:\/\/nngenergy.com\/es\/what-we-offer\/generators-maintenance-overhaul\/\">Mantenimiento y Revisi\u00f3n de Generadores<\/a><\/li><li><a href=\"https:\/\/nngenergy.com\/es\/what-we-offer\/gas-engines-package-components\/\">Paquetes y Componentes de Motores de Gasolina<\/a><\/li><li><a href=\"https:\/\/nngenergy.com\/es\/what-we-offer\/maintenance-troubleshooting-services\/\">Servicios de Mantenimiento y Soluci\u00f3n de Problemas<\/a><\/li><li><a href=\"https:\/\/nngenergy.com\/es\/what-we-offer\/worldwide-24-7-services\/\">Servicio Mundial 24\/7<\/a><\/li><li><a href=\"https:\/\/nngenergy.com\/es\/what-we-offer\/supported-services-products\/\">Productos y Servicios Soportados<\/a><\/li><\/ul><\/div>\n\t\t\t\t\t\t<\/div>\n\t\t\t\t<\/div>\n\t\t\t\t\t<\/div>\n\t\t\t\t<\/div>\n\t\t<div class=\"elementor-element elementor-element-da05d8f elementor-hidden-tablet elementor-hidden-mobile e-flex e-con-boxed e-con e-parent\" data-id=\"da05d8f\" data-element_type=\"container\">\n\t\t\t\t\t<div class=\"e-con-inner\">\n\t\t\t\t<div class=\"elementor-element elementor-element-855acb7 elementor-widget elementor-widget-html\" data-id=\"855acb7\" data-element_type=\"widget\" data-widget_type=\"html.default\">\n\t\t\t\t<div class=\"elementor-widget-container\">\n\t\t\t\t\t<style>\n    .child-pages-container a {\n        font-size: 18px;\n    }\n<\/style>\t\t\t\t<\/div>\n\t\t\t\t<\/div>\n\t\t\t\t<div class=\"elementor-element elementor-element-c49c973 elementor-widget elementor-widget-shortcode\" data-id=\"c49c973\" data-element_type=\"widget\" data-widget_type=\"shortcode.default\">\n\t\t\t\t<div class=\"elementor-widget-container\">\n\t\t\t\t\t\t\t<div class=\"elementor-shortcode\"><div class=\"child-pages-container\"><div class=\"child-page-item\"><a href=\"https:\/\/nngenergy.com\/es\/what-we-offer\/gas-turbines\/\"><span style=\"font-size:14px\">Turbinas de Gas<\/span><\/a><\/div><div class=\"child-page-item\"><a href=\"https:\/\/nngenergy.com\/es\/what-we-offer\/gas-turbine-gas-engines-package-control-system-upgrade\/\"><span style=\"font-size:14px\">Actualizaci\u00f3n del Sistemas de Control y Paquete de Motores de Gas\/Turbinas de Gas<\/span><\/a><\/div><div class=\"child-page-item\"><a href=\"https:\/\/nngenergy.com\/es\/what-we-offer\/generators-maintenance-overhaul\/\"><span style=\"font-size:14px\">Mantenimiento y Revisi\u00f3n de Generadores<\/span><\/a><\/div><div class=\"child-page-item\"><a href=\"https:\/\/nngenergy.com\/es\/what-we-offer\/gas-engines-package-components\/\"><span style=\"font-size:14px\">Paquetes y Componentes de Motores de Gasolina<\/span><\/a><\/div><div class=\"child-page-item\"><a href=\"https:\/\/nngenergy.com\/es\/what-we-offer\/maintenance-troubleshooting-services\/\"><span style=\"font-size:14px\">Servicios de Mantenimiento y Soluci\u00f3n de Problemas<\/span><\/a><\/div><div class=\"child-page-item\"><a href=\"https:\/\/nngenergy.com\/es\/what-we-offer\/worldwide-24-7-services\/\"><span style=\"font-size:14px\">Servicio Mundial 24\/7<\/span><\/a><\/div><div class=\"child-page-item current-page\"><a href=\"https:\/\/nngenergy.com\/es\/what-we-offer\/supported-services-products\/\"><span style=\"font-size:14px\">Productos y Servicios Soportados<\/span><\/a><\/div><\/div><\/div>\n\t\t\t\t\t\t<\/div>\n\t\t\t\t<\/div>\n\t\t\t\t\t<\/div>\n\t\t\t\t<\/div>\n\t\t<div class=\"elementor-element elementor-element-fe9a0fe e-flex e-con-boxed e-con e-parent\" data-id=\"fe9a0fe\" data-element_type=\"container\">\n\t\t\t\t\t<div class=\"e-con-inner\">\n\t\t<div class=\"elementor-element elementor-element-984fd88 e-con-full e-flex e-con e-child\" data-id=\"984fd88\" data-element_type=\"container\">\n\t\t\t\t<div class=\"elementor-element elementor-element-07431ee elementor-widget elementor-widget-image\" data-id=\"07431ee\" data-element_type=\"widget\" data-widget_type=\"image.default\">\n\t\t\t\t<div class=\"elementor-widget-container\">\n\t\t\t\t\t\t\t\t\t\t\t\t\t\t\t<img fetchpriority=\"high\" decoding=\"async\" width=\"1000\" height=\"666\" src=\"https:\/\/nngenergy.com\/wp-content\/uploads\/2024\/12\/Supported-Services-Products.jpg?t=1776516445\" class=\"attachment-large size-large wp-image-1124\" alt=\"We provide a comprehensive range of supported services\" srcset=\"https:\/\/nngenergy.com\/wp-content\/uploads\/2024\/12\/Supported-Services-Products.jpg?t=1776516445 1000w, https:\/\/nngenergy.com\/wp-content\/uploads\/2024\/12\/Supported-Services-Products-300x200.jpg?t=1776516445 300w, https:\/\/nngenergy.com\/wp-content\/uploads\/2024\/12\/Supported-Services-Products-768x511.jpg?t=1776516445 768w, https:\/\/nngenergy.com\/wp-content\/uploads\/2024\/12\/Supported-Services-Products-18x12.jpg?t=1776516445 18w, https:\/\/nngenergy.com\/wp-content\/uploads\/2024\/12\/Supported-Services-Products-200x133.jpg?t=1776516445 200w\" sizes=\"(max-width: 1000px) 100vw, 1000px\" \/>\t\t\t\t\t\t\t\t\t\t\t\t\t\t\t<\/div>\n\t\t\t\t<\/div>\n\t\t\t\t<div class=\"elementor-element elementor-element-8dead12 elementor-widget elementor-widget-image\" data-id=\"8dead12\" data-element_type=\"widget\" data-widget_type=\"image.default\">\n\t\t\t\t<div class=\"elementor-widget-container\">\n\t\t\t\t\t\t\t\t\t\t\t\t\t\t\t<img decoding=\"async\" width=\"1024\" height=\"682\" data-src=\"https:\/\/nngenergy.com\/wp-content\/uploads\/2024\/12\/Supported-Services-Products-2-1024x682.jpg\" class=\"attachment-large size-large wp-image-1123 lazyload\" alt=\"We offer advanced solutions to you.\" data-srcset=\"https:\/\/nngenergy.com\/wp-content\/uploads\/2024\/12\/Supported-Services-Products-2-1024x682.jpg 1024w, https:\/\/nngenergy.com\/wp-content\/uploads\/2024\/12\/Supported-Services-Products-2-300x200.jpg 300w, https:\/\/nngenergy.com\/wp-content\/uploads\/2024\/12\/Supported-Services-Products-2-768x512.jpg 768w, https:\/\/nngenergy.com\/wp-content\/uploads\/2024\/12\/Supported-Services-Products-2-200x133.jpg 200w, https:\/\/nngenergy.com\/wp-content\/uploads\/2024\/12\/Supported-Services-Products-2.jpg 1100w\" data-sizes=\"(max-width: 1024px) 100vw, 1024px\" src=\"data:image\/svg+xml;base64,PHN2ZyB3aWR0aD0iMSIgaGVpZ2h0PSIxIiB4bWxucz0iaHR0cDovL3d3dy53My5vcmcvMjAwMC9zdmciPjwvc3ZnPg==\" style=\"--smush-placeholder-width: 1024px; --smush-placeholder-aspect-ratio: 1024\/682;\" \/>\t\t\t\t\t\t\t\t\t\t\t\t\t\t\t<\/div>\n\t\t\t\t<\/div>\n\t\t\t\t<\/div>\n\t\t<div class=\"elementor-element elementor-element-f77bf12 e-con-full e-flex e-con e-child\" data-id=\"f77bf12\" data-element_type=\"container\">\n\t\t\t\t<div class=\"elementor-element elementor-element-5e080a2 elementor-widget elementor-widget-text-editor\" data-id=\"5e080a2\" data-element_type=\"widget\" data-widget_type=\"text-editor.default\">\n\t\t\t\t<div class=\"elementor-widget-container\">\n\t\t\t\t\t\t\t\t\t<p>Como NNG Energy, nosotros ofrecemos una amplia gama de servicios y productos con soporte para satisfacer diversas necesidades de energ\u00eda con eficiencia y confiabilidad. Nuestra disponibilidad durante 24\/7, nuestros tiempos de respuesta r\u00e1pida y nuestro equipo de expertos totalmente equipado garantizan interrupciones m\u00ednimas y un funcionamiento ininterrumpido para nuestros clientes. Desde turbinas de vapor y calderas hasta repuestos especiales y unidades m\u00f3viles de energ\u00eda, nuestras ofertas est\u00e1 dise\u00f1adas para garantizar un rendimiento \u00f3ptimo. Como el socio autorizado de Leroy Somer y el distribuidor de repuestos de PowerUP, Mikropor y Kawasaki, le ofrecemos soluciones avanzadas y colaboraciones fiables.<\/p><ul><li><strong>Turbinas de Vapor<\/strong><\/li><li><strong>Calderas de Vapor<\/strong><\/li><li><strong>Repuestos<\/strong><ul><li>Repuestos para Turbinas Solares<\/li><li>Distribuci\u00f3n: Repuestos de PowerUP<\/li><li>Distribuci\u00f3n: Repuestos de Mikropor<\/li><li>Distributorship: Kawasaki Spare Parts<\/li><\/ul><\/li><li><strong>Unidades m\u00f3viles de energ\u00eda<\/strong><\/li><li><strong>Sistemas de funcionamiento hidr\u00e1ulico<\/strong><\/li><li><strong>Sistemas de Aceite<\/strong><\/li><li><strong>Socio Principal de Servicio<\/strong><ul><li>Leroy Somer<\/li><\/ul><\/li><\/ul>\t\t\t\t\t\t\t\t<\/div>\n\t\t\t\t<\/div>\n\t\t\t\t<\/div>\n\t\t\t\t\t<\/div>\n\t\t\t\t<\/div>\n\t\t<div class=\"elementor-element elementor-element-4b274ec e-flex e-con-boxed e-con e-parent\" data-id=\"4b274ec\" data-element_type=\"container\">\n\t\t\t\t\t<div class=\"e-con-inner\">\n\t\t\t\t\t<\/div>\n\t\t\t\t<\/div>\n\t\t\t\t<\/div>","protected":false},"excerpt":{"rendered":"<p>WHAT WE OFFER Home At NNG Energy, we provide a comprehensive range of supported services and products to meet diverse [&hellip;]<\/p>","protected":false},"author":1,"featured_media":0,"parent":452,"menu_order":41,"comment_status":"closed","ping_status":"closed","template":"","meta":{"site-sidebar-layout":"no-sidebar","site-content-layout":"","ast-site-content-layout":"full-width-container","site-content-style":"default","site-sidebar-style":"default","ast-global-header-display":"","ast-banner-title-visibility":"","ast-main-header-display":"","ast-hfb-above-header-display":"","ast-hfb-below-header-display":"","ast-hfb-mobile-header-display":"","site-post-title":"disabled","ast-breadcrumbs-content":"","ast-featured-img":"disabled","footer-sml-layout":"","ast-disable-related-posts":"","theme-transparent-header-meta":"default","adv-header-id-meta":"","stick-header-meta":"","header-above-stick-meta":"","header-main-stick-meta":"","header-below-stick-meta":"","astra-migrate-meta-layouts":"set","ast-page-background-enabled":"default","ast-page-background-meta":{"desktop":{"background-color":"var(--ast-global-color-4)","background-image":"","background-repeat":"repeat","background-position":"center center","background-size":"auto","background-attachment":"scroll","background-type":"","background-media":"","overlay-type":"","overlay-color":"","overlay-opacity":"","overlay-gradient":""},"tablet":{"background-color":"","background-image":"","background-repeat":"repeat","background-position":"center center","background-size":"auto","background-attachment":"scroll","background-type":"","background-media":"","overlay-type":"","overlay-color":"","overlay-opacity":"","overlay-gradient":""},"mobile":{"background-color":"","background-image":"","background-repeat":"repeat","background-position":"center center","background-size":"auto","background-attachment":"scroll","background-type":"","background-media":"","overlay-type":"","overlay-color":"","overlay-opacity":"","overlay-gradient":""}},"ast-content-background-meta":{"desktop":{"background-color":"var(--ast-global-color-5)","background-image":"","background-repeat":"repeat","background-position":"center center","background-size":"auto","background-attachment":"scroll","background-type":"","background-media":"","overlay-type":"","overlay-color":"","overlay-opacity":"","overlay-gradient":""},"tablet":{"background-color":"var(--ast-global-color-5)","background-image":"","background-repeat":"repeat","background-position":"center center","background-size":"auto","background-attachment":"scroll","background-type":"","background-media":"","overlay-type":"","overlay-color":"","overlay-opacity":"","overlay-gradient":""},"mobile":{"background-color":"var(--ast-global-color-5)","background-image":"","background-repeat":"repeat","background-position":"center center","background-size":"auto","background-attachment":"scroll","background-type":"","background-media":"","overlay-type":"","overlay-color":"","overlay-opacity":"","overlay-gradient":""}},"footnotes":""},"class_list":["post-1121","page","type-page","status-publish","hentry"],"yoast_head":"<!-- This site is optimized with the Yoast SEO plugin v26.4 - https:\/\/yoast.com\/wordpress\/plugins\/seo\/ -->\r\n<title>Supported Services &amp; Products - NNG Energy<\/title>\r\n<meta name=\"description\" content=\"We support a wide range of energy systems, offering expert services &amp; quality products for gas turbines, generators, control systems.\" \/>\r\n<meta name=\"robots\" content=\"index, follow, max-snippet:-1, max-image-preview:large, max-video-preview:-1\" \/>\r\n<link rel=\"canonical\" href=\"https:\/\/nngenergy.com\/es\/what-we-offer\/supported-services-products\/\" \/>\r\n<meta property=\"og:locale\" content=\"es_ES\" \/>\r\n<meta property=\"og:type\" content=\"article\" \/>\r\n<meta property=\"og:title\" content=\"Supported Services &amp; Products - NNG Energy\" \/>\r\n<meta property=\"og:description\" content=\"We support a wide range of energy systems, offering expert services &amp; quality products for gas turbines, generators, control systems.\" \/>\r\n<meta property=\"og:url\" content=\"https:\/\/nngenergy.com\/es\/what-we-offer\/supported-services-products\/\" \/>\r\n<meta property=\"og:site_name\" content=\"NNG Energy\" \/>\r\n<meta property=\"article:publisher\" content=\"https:\/\/www.facebook.com\/profile.php?id=61560874295001\" \/>\r\n<meta property=\"article:modified_time\" content=\"2025-07-31T13:58:55+00:00\" \/>\r\n<meta property=\"og:image\" content=\"https:\/\/nngenergy.com\/wp-content\/uploads\/2024\/12\/Supported-Services-Products-1024x682.jpg\" \/>\r\n<meta name=\"twitter:card\" content=\"summary_large_image\" \/>\r\n<meta name=\"twitter:label1\" content=\"Tiempo de lectura\" \/>\n\t<meta name=\"twitter:data1\" content=\"2 minutos\" \/>\r\n<script type=\"application\/ld+json\" class=\"yoast-schema-graph\">{\"@context\":\"https:\/\/schema.org\",\"@graph\":[{\"@type\":\"WebPage\",\"@id\":\"https:\/\/nngenergy.com\/ru\/what-we-offer\/supported-services-products\/\",\"url\":\"https:\/\/nngenergy.com\/ru\/what-we-offer\/supported-services-products\/\",\"name\":\"Supported Services & Products - NNG Energy\",\"isPartOf\":{\"@id\":\"https:\/\/nngenergy.com\/#website\"},\"primaryImageOfPage\":{\"@id\":\"https:\/\/nngenergy.com\/ru\/what-we-offer\/supported-services-products\/#primaryimage\"},\"image\":{\"@id\":\"https:\/\/nngenergy.com\/ru\/what-we-offer\/supported-services-products\/#primaryimage\"},\"thumbnailUrl\":\"https:\/\/nngenergy.com\/wp-content\/uploads\/2024\/12\/Supported-Services-Products-1024x682.jpg\",\"datePublished\":\"2024-12-15T12:52:52+00:00\",\"dateModified\":\"2025-07-31T13:58:55+00:00\",\"description\":\"We support a wide range of energy systems, offering expert services & quality products for gas turbines, generators, control systems.\",\"breadcrumb\":{\"@id\":\"https:\/\/nngenergy.com\/ru\/what-we-offer\/supported-services-products\/#breadcrumb\"},\"inLanguage\":\"es\",\"potentialAction\":[{\"@type\":\"ReadAction\",\"target\":[\"https:\/\/nngenergy.com\/ru\/what-we-offer\/supported-services-products\/\"]}]},{\"@type\":\"ImageObject\",\"inLanguage\":\"es\",\"@id\":\"https:\/\/nngenergy.com\/ru\/what-we-offer\/supported-services-products\/#primaryimage\",\"url\":\"https:\/\/nngenergy.com\/wp-content\/uploads\/2024\/12\/Supported-Services-Products-1024x682.jpg\",\"contentUrl\":\"https:\/\/nngenergy.com\/wp-content\/uploads\/2024\/12\/Supported-Services-Products-1024x682.jpg\"},{\"@type\":\"BreadcrumbList\",\"@id\":\"https:\/\/nngenergy.com\/ru\/what-we-offer\/supported-services-products\/#breadcrumb\",\"itemListElement\":[{\"@type\":\"ListItem\",\"position\":1,\"name\":\"Home\",\"item\":\"https:\/\/nngenergy.com\/\"},{\"@type\":\"ListItem\",\"position\":2,\"name\":\"What we offer\",\"item\":\"https:\/\/nngenergy.com\/what-we-offer\/\"},{\"@type\":\"ListItem\",\"position\":3,\"name\":\"Supported Services &#038; Products\"}]},{\"@type\":\"WebSite\",\"@id\":\"https:\/\/nngenergy.com\/#website\",\"url\":\"https:\/\/nngenergy.com\/\",\"name\":\"NNG Enerji\",\"description\":\"\",\"publisher\":{\"@id\":\"https:\/\/nngenergy.com\/#organization\"},\"potentialAction\":[{\"@type\":\"SearchAction\",\"target\":{\"@type\":\"EntryPoint\",\"urlTemplate\":\"https:\/\/nngenergy.com\/?s={search_term_string}\"},\"query-input\":{\"@type\":\"PropertyValueSpecification\",\"valueRequired\":true,\"valueName\":\"search_term_string\"}}],\"inLanguage\":\"es\"},{\"@type\":\"Organization\",\"@id\":\"https:\/\/nngenergy.com\/#organization\",\"name\":\"NNG Enerji\",\"url\":\"https:\/\/nngenergy.com\/\",\"logo\":{\"@type\":\"ImageObject\",\"inLanguage\":\"es\",\"@id\":\"https:\/\/nngenergy.com\/#\/schema\/logo\/image\/\",\"url\":\"https:\/\/nngenergy.com\/wp-content\/uploads\/2024\/09\/logo-disi.png\",\"contentUrl\":\"https:\/\/nngenergy.com\/wp-content\/uploads\/2024\/09\/logo-disi.png\",\"width\":566,\"height\":289,\"caption\":\"NNG Enerji\"},\"image\":{\"@id\":\"https:\/\/nngenergy.com\/#\/schema\/logo\/image\/\"},\"sameAs\":[\"https:\/\/www.facebook.com\/profile.php?id=61560874295001\",\"https:\/\/www.youtube.com\/@nng.energy\",\"https:\/\/www.linkedin.com\/company\/nng-enerji-teknoloji\/\",\"https:\/\/www.instagram.com\/nng.energy?igsh=c3FqZmVnbmhuaDRh\"]}]}<\/script>\r\n<!-- \/ Yoast SEO plugin. -->","yoast_head_json":{"title":"Supported Services & Products - NNG Energy","description":"We support a wide range of energy systems, offering expert services & quality products for gas turbines, generators, control systems.","robots":{"index":"index","follow":"follow","max-snippet":"max-snippet:-1","max-image-preview":"max-image-preview:large","max-video-preview":"max-video-preview:-1"},"canonical":"https:\/\/nngenergy.com\/es\/what-we-offer\/supported-services-products\/","og_locale":"es_ES","og_type":"article","og_title":"Supported Services & Products - NNG Energy","og_description":"We support a wide range of energy systems, offering expert services & quality products for gas turbines, generators, control systems.","og_url":"https:\/\/nngenergy.com\/es\/what-we-offer\/supported-services-products\/","og_site_name":"NNG Energy","article_publisher":"https:\/\/www.facebook.com\/profile.php?id=61560874295001","article_modified_time":"2025-07-31T13:58:55+00:00","og_image":[{"url":"https:\/\/nngenergy.com\/wp-content\/uploads\/2024\/12\/Supported-Services-Products-1024x682.jpg","type":"","width":"","height":""}],"twitter_card":"summary_large_image","twitter_misc":{"Tiempo de lectura":"2 minutos"},"schema":{"@context":"https:\/\/schema.org","@graph":[{"@type":"WebPage","@id":"https:\/\/nngenergy.com\/ru\/what-we-offer\/supported-services-products\/","url":"https:\/\/nngenergy.com\/ru\/what-we-offer\/supported-services-products\/","name":"Supported Services & Products - NNG Energy","isPartOf":{"@id":"https:\/\/nngenergy.com\/#website"},"primaryImageOfPage":{"@id":"https:\/\/nngenergy.com\/ru\/what-we-offer\/supported-services-products\/#primaryimage"},"image":{"@id":"https:\/\/nngenergy.com\/ru\/what-we-offer\/supported-services-products\/#primaryimage"},"thumbnailUrl":"https:\/\/nngenergy.com\/wp-content\/uploads\/2024\/12\/Supported-Services-Products-1024x682.jpg","datePublished":"2024-12-15T12:52:52+00:00","dateModified":"2025-07-31T13:58:55+00:00","description":"We support a wide range of energy systems, offering expert services & quality products for gas turbines, generators, control systems.","breadcrumb":{"@id":"https:\/\/nngenergy.com\/ru\/what-we-offer\/supported-services-products\/#breadcrumb"},"inLanguage":"es","potentialAction":[{"@type":"ReadAction","target":["https:\/\/nngenergy.com\/ru\/what-we-offer\/supported-services-products\/"]}]},{"@type":"ImageObject","inLanguage":"es","@id":"https:\/\/nngenergy.com\/ru\/what-we-offer\/supported-services-products\/#primaryimage","url":"https:\/\/nngenergy.com\/wp-content\/uploads\/2024\/12\/Supported-Services-Products-1024x682.jpg","contentUrl":"https:\/\/nngenergy.com\/wp-content\/uploads\/2024\/12\/Supported-Services-Products-1024x682.jpg"},{"@type":"BreadcrumbList","@id":"https:\/\/nngenergy.com\/ru\/what-we-offer\/supported-services-products\/#breadcrumb","itemListElement":[{"@type":"ListItem","position":1,"name":"Home","item":"https:\/\/nngenergy.com\/"},{"@type":"ListItem","position":2,"name":"What we offer","item":"https:\/\/nngenergy.com\/what-we-offer\/"},{"@type":"ListItem","position":3,"name":"Supported Services &#038; Products"}]},{"@type":"WebSite","@id":"https:\/\/nngenergy.com\/#website","url":"https:\/\/nngenergy.com\/","name":"NNG Enerji","description":"","publisher":{"@id":"https:\/\/nngenergy.com\/#organization"},"potentialAction":[{"@type":"SearchAction","target":{"@type":"EntryPoint","urlTemplate":"https:\/\/nngenergy.com\/?s={search_term_string}"},"query-input":{"@type":"PropertyValueSpecification","valueRequired":true,"valueName":"search_term_string"}}],"inLanguage":"es"},{"@type":"Organization","@id":"https:\/\/nngenergy.com\/#organization","name":"NNG Enerji","url":"https:\/\/nngenergy.com\/","logo":{"@type":"ImageObject","inLanguage":"es","@id":"https:\/\/nngenergy.com\/#\/schema\/logo\/image\/","url":"https:\/\/nngenergy.com\/wp-content\/uploads\/2024\/09\/logo-disi.png","contentUrl":"https:\/\/nngenergy.com\/wp-content\/uploads\/2024\/09\/logo-disi.png","width":566,"height":289,"caption":"NNG Enerji"},"image":{"@id":"https:\/\/nngenergy.com\/#\/schema\/logo\/image\/"},"sameAs":["https:\/\/www.facebook.com\/profile.php?id=61560874295001","https:\/\/www.youtube.com\/@nng.energy","https:\/\/www.linkedin.com\/company\/nng-enerji-teknoloji\/","https:\/\/www.instagram.com\/nng.energy?igsh=c3FqZmVnbmhuaDRh"]}]}},"_links":{"self":[{"href":"https:\/\/nngenergy.com\/es\/wp-json\/wp\/v2\/pages\/1121","targetHints":{"allow":["GET"]}}],"collection":[{"href":"https:\/\/nngenergy.com\/es\/wp-json\/wp\/v2\/pages"}],"about":[{"href":"https:\/\/nngenergy.com\/es\/wp-json\/wp\/v2\/types\/page"}],"author":[{"embeddable":true,"href":"https:\/\/nngenergy.com\/es\/wp-json\/wp\/v2\/users\/1"}],"replies":[{"embeddable":true,"href":"https:\/\/nngenergy.com\/es\/wp-json\/wp\/v2\/comments?post=1121"}],"version-history":[{"count":17,"href":"https:\/\/nngenergy.com\/es\/wp-json\/wp\/v2\/pages\/1121\/revisions"}],"predecessor-version":[{"id":2111,"href":"https:\/\/nngenergy.com\/es\/wp-json\/wp\/v2\/pages\/1121\/revisions\/2111"}],"up":[{"embeddable":true,"href":"https:\/\/nngenergy.com\/es\/wp-json\/wp\/v2\/pages\/452"}],"wp:attachment":[{"href":"https:\/\/nngenergy.com\/es\/wp-json\/wp\/v2\/media?parent=1121"}],"curies":[{"name":"wp","href":"https:\/\/api.w.org\/{rel}","templated":true}]}}